{"id":5355,"date":"2021-01-06T17:54:11","date_gmt":"2021-11-25T17:58:36","guid":{"rendered":"https:\/\/fagas.ba\/product\/metallschraenke\/"},"modified":"2021-11-25T17:58:36","modified_gmt":"2021-11-25T17:58:36","slug":"metallschranke","status":"publish","type":"product","link":"https:\/\/fagas.ba\/en\/proizvod\/metallschranke\/","title":{"rendered":"Metallschr\u00e4nke"},"content":{"rendered":"","protected":false},"excerpt":{"rendered":"<p>Neben PVC-Schr\u00e4nken bieten wir auf Kundenwunsch auch Metallschr\u00e4nke zur Aufnahme von Mess- und Regelger\u00e4ten an. Laden Sie die technische Dokumentation im pdf-Format herunter.<\/p>\n","protected":false},"featured_media":4318,"comment_status":"open","ping_status":"closed","template":"","meta":{"_et_pb_use_builder":"on","_et_pb_old_content":"Neben PVC-Schr\u00e4nken bieten wir auf Kundenwunsch auch Metallschr\u00e4nke zur Aufnahme von Mess- und Regelger\u00e4ten an. Laden Sie die technische Dokumentation im pdf-Format herunter.","_et_gb_content_width":""},"product_cat":[381,379],"product_tag":[227,235,237,253],"yoast_head":"<!-- This site is optimized with the Yoast SEO plugin v20.12 - https:\/\/yoast.com\/wordpress\/plugins\/seo\/ -->\n<title>Metallschr\u00e4nke - FAGAS<\/title>\n<meta name=\"robots\" content=\"index, follow, max-snippet:-1, max-image-preview:large, max-video-preview:-1\" \/>\n<link rel=\"canonical\" href=\"https:\/\/fagas.ba\/proizvod\/metallschranke\/\" \/>\n<meta property=\"og:locale\" content=\"en_US\" \/>\n<meta property=\"og:type\" content=\"article\" \/>\n<meta property=\"og:title\" content=\"Metallschr\u00e4nke - FAGAS\" \/>\n<meta property=\"og:description\" content=\"Neben PVC-Schr\u00e4nken bieten wir auf Kundenwunsch auch Metallschr\u00e4nke zur Aufnahme von Mess- und Regelger\u00e4ten an. Laden Sie die technische Dokumentation im pdf-Format herunter.\" \/>\n<meta property=\"og:url\" content=\"https:\/\/fagas.ba\/proizvod\/metallschranke\/\" \/>\n<meta property=\"og:site_name\" content=\"FAGAS\" \/>\n<meta property=\"og:image\" content=\"https:\/\/fagas.ba\/fgs\/wp-content\/uploads\/2021\/01\/metalni-ormaric-11.jpg\" \/>\n\t<meta property=\"og:image:width\" content=\"640\" \/>\n\t<meta property=\"og:image:height\" content=\"399\" \/>\n\t<meta property=\"og:image:type\" content=\"image\/jpeg\" \/>\n<meta name=\"twitter:card\" content=\"summary_large_image\" \/>\n<script type=\"application\/ld+json\" class=\"yoast-schema-graph\">{\"@context\":\"https:\/\/schema.org\",\"@graph\":[{\"@type\":\"WebPage\",\"@id\":\"https:\/\/fagas.ba\/proizvod\/metallschranke\/\",\"url\":\"https:\/\/fagas.ba\/proizvod\/metallschranke\/\",\"name\":\"Metallschr\u00e4nke - FAGAS\",\"isPartOf\":{\"@id\":\"https:\/\/fagas.ba\/en\/#website\"},\"datePublished\":\"2021-11-25T17:58:36+00:00\",\"dateModified\":\"2021-11-25T17:58:36+00:00\",\"breadcrumb\":{\"@id\":\"https:\/\/fagas.ba\/proizvod\/metallschranke\/#breadcrumb\"},\"inLanguage\":\"en-US\",\"potentialAction\":[{\"@type\":\"ReadAction\",\"target\":[\"https:\/\/fagas.ba\/proizvod\/metallschranke\/\"]}]},{\"@type\":\"BreadcrumbList\",\"@id\":\"https:\/\/fagas.ba\/proizvod\/metallschranke\/#breadcrumb\",\"itemListElement\":[{\"@type\":\"ListItem\",\"position\":1,\"name\":\"Home\",\"item\":\"https:\/\/fagas.ba\/\"},{\"@type\":\"ListItem\",\"position\":2,\"name\":\"Products\",\"item\":\"https:\/\/fagas.ba\/en\/shop\/\"},{\"@type\":\"ListItem\",\"position\":3,\"name\":\"Metallschr\u00e4nke\"}]},{\"@type\":\"WebSite\",\"@id\":\"https:\/\/fagas.ba\/en\/#website\",\"url\":\"https:\/\/fagas.ba\/en\/\",\"name\":\"FAGAS\",\"description\":\"Projektovanje i proizvodnja gasne opreme\",\"potentialAction\":[{\"@type\":\"SearchAction\",\"target\":{\"@type\":\"EntryPoint\",\"urlTemplate\":\"https:\/\/fagas.ba\/en\/?s={search_term_string}\"},\"query-input\":\"required name=search_term_string\"}],\"inLanguage\":\"en-US\"}]}<\/script>\n<!-- \/ Yoast SEO plugin. -->","yoast_head_json":{"title":"Metallschr\u00e4nke - FAGAS","robots":{"index":"index","follow":"follow","max-snippet":"max-snippet:-1","max-image-preview":"max-image-preview:large","max-video-preview":"max-video-preview:-1"},"canonical":"https:\/\/fagas.ba\/proizvod\/metallschranke\/","og_locale":"en_US","og_type":"article","og_title":"Metallschr\u00e4nke - FAGAS","og_description":"Neben PVC-Schr\u00e4nken bieten wir auf Kundenwunsch auch Metallschr\u00e4nke zur Aufnahme von Mess- und Regelger\u00e4ten an. Laden Sie die technische Dokumentation im pdf-Format herunter.","og_url":"https:\/\/fagas.ba\/proizvod\/metallschranke\/","og_site_name":"FAGAS","og_image":[{"width":640,"height":399,"url":"https:\/\/fagas.ba\/fgs\/wp-content\/uploads\/2021\/01\/metalni-ormaric-11.jpg","type":"image\/jpeg"}],"twitter_card":"summary_large_image","schema":{"@context":"https:\/\/schema.org","@graph":[{"@type":"WebPage","@id":"https:\/\/fagas.ba\/proizvod\/metallschranke\/","url":"https:\/\/fagas.ba\/proizvod\/metallschranke\/","name":"Metallschr\u00e4nke - FAGAS","isPartOf":{"@id":"https:\/\/fagas.ba\/en\/#website"},"datePublished":"2021-11-25T17:58:36+00:00","dateModified":"2021-11-25T17:58:36+00:00","breadcrumb":{"@id":"https:\/\/fagas.ba\/proizvod\/metallschranke\/#breadcrumb"},"inLanguage":"en-US","potentialAction":[{"@type":"ReadAction","target":["https:\/\/fagas.ba\/proizvod\/metallschranke\/"]}]},{"@type":"BreadcrumbList","@id":"https:\/\/fagas.ba\/proizvod\/metallschranke\/#breadcrumb","itemListElement":[{"@type":"ListItem","position":1,"name":"Home","item":"https:\/\/fagas.ba\/"},{"@type":"ListItem","position":2,"name":"Products","item":"https:\/\/fagas.ba\/en\/shop\/"},{"@type":"ListItem","position":3,"name":"Metallschr\u00e4nke"}]},{"@type":"WebSite","@id":"https:\/\/fagas.ba\/en\/#website","url":"https:\/\/fagas.ba\/en\/","name":"FAGAS","description":"Projektovanje i proizvodnja gasne opreme","potentialAction":[{"@type":"SearchAction","target":{"@type":"EntryPoint","urlTemplate":"https:\/\/fagas.ba\/en\/?s={search_term_string}"},"query-input":"required name=search_term_string"}],"inLanguage":"en-US"}]}},"_links":{"self":[{"href":"https:\/\/fagas.ba\/en\/wp-json\/wp\/v2\/product\/5355"}],"collection":[{"href":"https:\/\/fagas.ba\/en\/wp-json\/wp\/v2\/product"}],"about":[{"href":"https:\/\/fagas.ba\/en\/wp-json\/wp\/v2\/types\/product"}],"replies":[{"embeddable":true,"href":"https:\/\/fagas.ba\/en\/wp-json\/wp\/v2\/comments?post=5355"}],"wp:featuredmedia":[{"embeddable":true,"href":"https:\/\/fagas.ba\/en\/wp-json\/wp\/v2\/media\/4318"}],"wp:attachment":[{"href":"https:\/\/fagas.ba\/en\/wp-json\/wp\/v2\/media?parent=5355"}],"wp:term":[{"taxonomy":"product_cat","embeddable":true,"href":"https:\/\/fagas.ba\/en\/wp-json\/wp\/v2\/product_cat?post=5355"},{"taxonomy":"product_tag","embeddable":true,"href":"https:\/\/fagas.ba\/en\/wp-json\/wp\/v2\/product_tag?post=5355"}],"curies":[{"name":"wp","href":"https:\/\/api.w.org\/{rel}","templated":true}]}}