{"id":5253,"date":"2021-01-12T15:37:48","date_gmt":"2021-11-24T19:49:05","guid":{"rendered":"https:\/\/fagas.ba\/product\/turbinenradzaehler-trz2\/"},"modified":"2021-11-24T19:49:05","modified_gmt":"2021-11-24T19:49:05","slug":"turbinenzahler-trz2","status":"publish","type":"product","link":"https:\/\/fagas.ba\/en\/proizvod\/turbinenzahler-trz2\/","title":{"rendered":"Turbinenradz\u00e4hler TRZ2"},"content":{"rendered":"","protected":false},"excerpt":{"rendered":"<p>TRZ2 ist standardm\u00e4\u00dfig mit Lagern mit Dauerschmierung sowie mechanischem Index S1 ausgestattet. Ab der ANSI-Klasse 300 sind alle Z\u00e4hler serienm\u00e4\u00dfig mit einer manuellen \u00d6lpumpe ausgestattet.<\/p>\n","protected":false},"featured_media":4214,"comment_status":"open","ping_status":"closed","template":"","meta":{"_et_pb_use_builder":"on","_et_pb_old_content":"TRZ2 ist standardm\u00e4\u00dfig mit Lagern mit Dauerschmierung sowie mechanischem Index S1 ausgestattet. Ab der ANSI-Klasse 300 sind alle Z\u00e4hler serienm\u00e4\u00dfig mit einer manuellen \u00d6lpumpe ausgestattet.","_et_gb_content_width":""},"product_cat":[321,341,349],"product_tag":[213,233,301],"yoast_head":"<!-- This site is optimized with the Yoast SEO plugin v20.12 - https:\/\/yoast.com\/wordpress\/plugins\/seo\/ -->\n<title>Turbinenradz\u00e4hler TRZ2 - FAGAS<\/title>\n<meta name=\"robots\" content=\"index, follow, max-snippet:-1, max-image-preview:large, max-video-preview:-1\" \/>\n<link rel=\"canonical\" href=\"https:\/\/fagas.ba\/proizvod\/turbinenzahler-trz2\/\" \/>\n<meta property=\"og:locale\" content=\"en_US\" \/>\n<meta property=\"og:type\" content=\"article\" \/>\n<meta property=\"og:title\" content=\"Turbinenradz\u00e4hler TRZ2 - FAGAS\" \/>\n<meta property=\"og:description\" content=\"TRZ2 ist standardm\u00e4\u00dfig mit Lagern mit Dauerschmierung sowie mechanischem Index S1 ausgestattet. Ab der ANSI-Klasse 300 sind alle Z\u00e4hler serienm\u00e4\u00dfig mit einer manuellen \u00d6lpumpe ausgestattet.\" \/>\n<meta property=\"og:url\" content=\"https:\/\/fagas.ba\/proizvod\/turbinenzahler-trz2\/\" \/>\n<meta property=\"og:site_name\" content=\"FAGAS\" \/>\n<meta property=\"og:image\" content=\"https:\/\/fagas.ba\/fgs\/wp-content\/uploads\/2021\/01\/1_TRZ2.jpg\" \/>\n\t<meta property=\"og:image:width\" content=\"640\" \/>\n\t<meta property=\"og:image:height\" content=\"399\" \/>\n\t<meta property=\"og:image:type\" content=\"image\/jpeg\" \/>\n<meta name=\"twitter:card\" content=\"summary_large_image\" \/>\n<script type=\"application\/ld+json\" class=\"yoast-schema-graph\">{\"@context\":\"https:\/\/schema.org\",\"@graph\":[{\"@type\":\"WebPage\",\"@id\":\"https:\/\/fagas.ba\/proizvod\/turbinenzahler-trz2\/\",\"url\":\"https:\/\/fagas.ba\/proizvod\/turbinenzahler-trz2\/\",\"name\":\"Turbinenradz\u00e4hler TRZ2 - FAGAS\",\"isPartOf\":{\"@id\":\"https:\/\/fagas.ba\/en\/#website\"},\"datePublished\":\"2021-11-24T19:49:05+00:00\",\"dateModified\":\"2021-11-24T19:49:05+00:00\",\"breadcrumb\":{\"@id\":\"https:\/\/fagas.ba\/proizvod\/turbinenzahler-trz2\/#breadcrumb\"},\"inLanguage\":\"en-US\",\"potentialAction\":[{\"@type\":\"ReadAction\",\"target\":[\"https:\/\/fagas.ba\/proizvod\/turbinenzahler-trz2\/\"]}]},{\"@type\":\"BreadcrumbList\",\"@id\":\"https:\/\/fagas.ba\/proizvod\/turbinenzahler-trz2\/#breadcrumb\",\"itemListElement\":[{\"@type\":\"ListItem\",\"position\":1,\"name\":\"Home\",\"item\":\"https:\/\/fagas.ba\/\"},{\"@type\":\"ListItem\",\"position\":2,\"name\":\"Products\",\"item\":\"https:\/\/fagas.ba\/en\/shop\/\"},{\"@type\":\"ListItem\",\"position\":3,\"name\":\"Turbinenradz\u00e4hler TRZ2\"}]},{\"@type\":\"WebSite\",\"@id\":\"https:\/\/fagas.ba\/en\/#website\",\"url\":\"https:\/\/fagas.ba\/en\/\",\"name\":\"FAGAS\",\"description\":\"Projektovanje i proizvodnja gasne opreme\",\"potentialAction\":[{\"@type\":\"SearchAction\",\"target\":{\"@type\":\"EntryPoint\",\"urlTemplate\":\"https:\/\/fagas.ba\/en\/?s={search_term_string}\"},\"query-input\":\"required name=search_term_string\"}],\"inLanguage\":\"en-US\"}]}<\/script>\n<!-- \/ Yoast SEO plugin. -->","yoast_head_json":{"title":"Turbinenradz\u00e4hler TRZ2 - FAGAS","robots":{"index":"index","follow":"follow","max-snippet":"max-snippet:-1","max-image-preview":"max-image-preview:large","max-video-preview":"max-video-preview:-1"},"canonical":"https:\/\/fagas.ba\/proizvod\/turbinenzahler-trz2\/","og_locale":"en_US","og_type":"article","og_title":"Turbinenradz\u00e4hler TRZ2 - FAGAS","og_description":"TRZ2 ist standardm\u00e4\u00dfig mit Lagern mit Dauerschmierung sowie mechanischem Index S1 ausgestattet. Ab der ANSI-Klasse 300 sind alle Z\u00e4hler serienm\u00e4\u00dfig mit einer manuellen \u00d6lpumpe ausgestattet.","og_url":"https:\/\/fagas.ba\/proizvod\/turbinenzahler-trz2\/","og_site_name":"FAGAS","og_image":[{"width":640,"height":399,"url":"https:\/\/fagas.ba\/fgs\/wp-content\/uploads\/2021\/01\/1_TRZ2.jpg","type":"image\/jpeg"}],"twitter_card":"summary_large_image","schema":{"@context":"https:\/\/schema.org","@graph":[{"@type":"WebPage","@id":"https:\/\/fagas.ba\/proizvod\/turbinenzahler-trz2\/","url":"https:\/\/fagas.ba\/proizvod\/turbinenzahler-trz2\/","name":"Turbinenradz\u00e4hler TRZ2 - FAGAS","isPartOf":{"@id":"https:\/\/fagas.ba\/en\/#website"},"datePublished":"2021-11-24T19:49:05+00:00","dateModified":"2021-11-24T19:49:05+00:00","breadcrumb":{"@id":"https:\/\/fagas.ba\/proizvod\/turbinenzahler-trz2\/#breadcrumb"},"inLanguage":"en-US","potentialAction":[{"@type":"ReadAction","target":["https:\/\/fagas.ba\/proizvod\/turbinenzahler-trz2\/"]}]},{"@type":"BreadcrumbList","@id":"https:\/\/fagas.ba\/proizvod\/turbinenzahler-trz2\/#breadcrumb","itemListElement":[{"@type":"ListItem","position":1,"name":"Home","item":"https:\/\/fagas.ba\/"},{"@type":"ListItem","position":2,"name":"Products","item":"https:\/\/fagas.ba\/en\/shop\/"},{"@type":"ListItem","position":3,"name":"Turbinenradz\u00e4hler TRZ2"}]},{"@type":"WebSite","@id":"https:\/\/fagas.ba\/en\/#website","url":"https:\/\/fagas.ba\/en\/","name":"FAGAS","description":"Projektovanje i proizvodnja gasne opreme","potentialAction":[{"@type":"SearchAction","target":{"@type":"EntryPoint","urlTemplate":"https:\/\/fagas.ba\/en\/?s={search_term_string}"},"query-input":"required name=search_term_string"}],"inLanguage":"en-US"}]}},"_links":{"self":[{"href":"https:\/\/fagas.ba\/en\/wp-json\/wp\/v2\/product\/5253"}],"collection":[{"href":"https:\/\/fagas.ba\/en\/wp-json\/wp\/v2\/product"}],"about":[{"href":"https:\/\/fagas.ba\/en\/wp-json\/wp\/v2\/types\/product"}],"replies":[{"embeddable":true,"href":"https:\/\/fagas.ba\/en\/wp-json\/wp\/v2\/comments?post=5253"}],"wp:featuredmedia":[{"embeddable":true,"href":"https:\/\/fagas.ba\/en\/wp-json\/wp\/v2\/media\/4214"}],"wp:attachment":[{"href":"https:\/\/fagas.ba\/en\/wp-json\/wp\/v2\/media?parent=5253"}],"wp:term":[{"taxonomy":"product_cat","embeddable":true,"href":"https:\/\/fagas.ba\/en\/wp-json\/wp\/v2\/product_cat?post=5253"},{"taxonomy":"product_tag","embeddable":true,"href":"https:\/\/fagas.ba\/en\/wp-json\/wp\/v2\/product_tag?post=5253"}],"curies":[{"name":"wp","href":"https:\/\/api.w.org\/{rel}","templated":true}]}}