{"id":5373,"date":"2021-11-25T18:37:25","date_gmt":"2021-11-25T18:37:25","guid":{"rendered":"https:\/\/fagas.ba\/product\/reglerserie-f-bh-4\/"},"modified":"2021-11-25T18:37:30","modified_gmt":"2021-11-25T18:37:30","slug":"reglerserie-f-bh-4","status":"publish","type":"product","link":"https:\/\/fagas.ba\/de\/produkt\/reglerserie-f-bh-4\/","title":{"rendered":"Reglerserie F-BH-4"},"content":{"rendered":"<p>[et_pb_section fb_built=&#8220;1&#8243; _builder_version=&#8220;3.22&#8243; custom_padding=&#8220;0px||||false|false&#8220;][et_pb_row _builder_version=&#8220;3.25&#8243; background_size=&#8220;initial&#8220; background_position=&#8220;top_left&#8220; background_repeat=&#8220;repeat&#8220; width=&#8220;100%&#8220; custom_padding=&#8220;0px||0px||false|false&#8220;][et_pb_column type=&#8220;4_4&#8243; _builder_version=&#8220;3.25&#8243; custom_padding=&#8220;|||&#8220; custom_padding__hover=&#8220;|||&#8220;][et_pb_wc_breadcrumb _builder_version=&#8220;3.0.47&#8243;][\/et_pb_wc_breadcrumb][\/et_pb_column][\/et_pb_row][et_pb_row column_structure=&#8220;1_2,1_2&#8243; _builder_version=&#8220;3.25&#8243; background_size=&#8220;initial&#8220; background_position=&#8220;top_left&#8220; background_repeat=&#8220;repeat&#8220; width=&#8220;100%&#8220; custom_padding=&#8220;0px||||false|false&#8220;][et_pb_column type=&#8220;1_2&#8243; _builder_version=&#8220;3.25&#8243; custom_padding=&#8220;|||&#8220; custom_padding__hover=&#8220;|||&#8220;][et_pb_wc_images _builder_version=&#8220;3.0.47&#8243;][\/et_pb_wc_images][\/et_pb_column][et_pb_column type=&#8220;1_2&#8243; _builder_version=&#8220;3.25&#8243; custom_padding=&#8220;|||&#8220; custom_padding__hover=&#8220;|||&#8220;][et_pb_wc_title _builder_version=&#8220;3.0.47&#8243;][\/et_pb_wc_title][et_pb_wc_description _builder_version=&#8220;3.0.47&#8243;][\/et_pb_wc_description][et_pb_wc_meta _builder_version=&#8220;3.0.47&#8243;][\/et_pb_wc_meta][\/et_pb_column][\/et_pb_row][et_pb_row _builder_version=&#8220;3.25&#8243; background_size=&#8220;initial&#8220; background_position=&#8220;top_left&#8220; background_repeat=&#8220;repeat&#8220; width=&#8220;100%&#8220;][et_pb_column type=&#8220;4_4&#8243; _builder_version=&#8220;3.25&#8243; custom_padding=&#8220;|||&#8220; custom_padding__hover=&#8220;|||&#8220;][et_pb_divider color=&#8220;#D8D8D8&#8243; divider_position=&#8220;center&#8220; _builder_version=&#8220;4.7.4&#8243; _module_preset=&#8220;default&#8220;][\/et_pb_divider][et_pb_tabs module_class=&#8220;vertical-tabs2&#8243; _builder_version=&#8220;4.7.4&#8243; _module_preset=&#8220;default&#8220;][et_pb_tab title=&#8220;Beschreibung&#8220; _builder_version=&#8220;4.7.4&#8243; _module_preset=&#8220;default&#8220;]<\/p>\n<p>Der Druckminderer Typ F-BH4 ist f\u00fcr h\u00f6chste Leistung ausgelegt. Es ist in erster Linie f\u00fcr den Einsatz von Hauptbrennern gedacht, dh f\u00fcr die pr\u00e4zise Regelung von Vollstrom bis hin zu kleinen Pilotstr\u00f6men. Die Regler k\u00f6nnen in allen Positionen mit sehr kleinen \u00c4nderungen des Einstelldrucks installiert werden. Der Regler verf\u00fcgt \u00fcber einen Steueranschluss zur Druckregelung und kann als Anschluss f\u00fcr jede Entl\u00fcftung verwendet werden. Dieses Modell wird mit einer festen \u00d6ffnung hergestellt, die den Gasaustritt im Falle einer Membrandurchdringung begrenzt. Die Materialien aller Komponenten sind sorgf\u00e4ltig ausgew\u00e4hlt und best\u00e4ndig gegen Korrosion und alle brennbaren Gase. Die Membran besteht aus Acrylkautschuk, was eine Garantie gegen Entz\u00fcndungen ist. Der Reifen wurde f\u00fcr den Betrieb in einem Temperaturbereich von -40 \u00b0C bis 96 \u00b0C ausgew\u00e4hlt.<\/p>\n<p>[\/et_pb_tab][et_pb_tab title=&#8220;Technische Daten&#8220; _builder_version=&#8220;4.7.4&#8243; _module_preset=&#8220;default&#8220;]<\/p>\n<table class=\"tech-table\">\n<tbody>\n<tr>\n<td>Gase<\/td>\n<td>Stadtgas<\/td>\n<td>Erdgas<\/td>\n<td>LPG<\/td>\n<\/tr>\n<tr>\n<td>Eingangsdruck<\/td>\n<td>10 mbar -52 mbar<\/td>\n<td>23 mbar-52 mbar<\/td>\n<td>32 mbar-52 mbar<\/td>\n<\/tr>\n<tr>\n<td>Ausgangsdruck<\/td>\n<td>8 mbar<\/td>\n<td>20 mbar<\/td>\n<td>29 mbar<\/td>\n<\/tr>\n<tr>\n<td>Betriebstemperatur<\/td>\n<td colspan=\"3\">-40 \u00baC bis 96 \u00baC<\/td>\n<\/tr>\n<tr>\n<td>Anschl\u00fcsse<\/td>\n<td colspan=\"3\">Rp1\/2\u201d, (1\/2\u201d-14 NPT), Rp 3\/8\u201d, 3\/8\u201d-18 NPT<\/td>\n<\/tr>\n<tr>\n<td>Masse<\/td>\n<td colspan=\"3\">0.175 kg<\/td>\n<\/tr>\n<\/tbody>\n<\/table>\n<p>[\/et_pb_tab][et_pb_tab title=&#8220;Technische Dokumentation&#8220; _builder_version=&#8220;4.7.4&#8243; _module_preset=&#8220;default&#8220;]<\/p>\n<ul class=\"documents-list\">\n<li><a href=\"http:\/\/fagas.ba\/fgs\/wp-content\/uploads\/2021\/01\/HR-Catalogue-CAD-Data-Sheet-F-BH-4.pdf\" target=\"_blank\" rel=\"noopener noreferrer\">Katalog<\/a><\/li>\n<li><a href=\"http:\/\/fagas.ba\/fgs\/wp-content\/uploads\/2021\/01\/EN-Catalogue-CAD-Data-Sheet-F-BH-4.pdff\" target=\"_blank\" rel=\"noopener noreferrer\">Katalog (EN)<\/a><\/li>\n<li><a href=\"http:\/\/fagas.ba\/fgs\/wp-content\/uploads\/2021\/01\/CAD-F-BH-4.pdf\" target=\"_blank\" rel=\"noopener noreferrer\">CAD-Zeichnungen<\/a><\/li>\n<li><a href=\"http:\/\/fagas.ba\/fgs\/wp-content\/uploads\/2021\/01\/CE-Certificate.pdf\" target=\"_blank\" rel=\"noopener noreferrer\">CE-Zertifikat<\/a><\/li>\n<\/ul>\n<p>[\/et_pb_tab][\/et_pb_tabs][et_pb_divider color=&#8220;#D8D8D8&#8243; divider_position=&#8220;center&#8220; _builder_version=&#8220;4.7.4&#8243; _module_preset=&#8220;default&#8220;][\/et_pb_divider][et_pb_wc_related_products posts_number=&#8220;4&#8243; columns_number=&#8220;4&#8243; admin_label=&#8220;Sli\u010dni proizvodi&#8220; _builder_version=&#8220;4.7.4&#8243;][\/et_pb_wc_related_products][\/et_pb_column][\/et_pb_row][\/et_pb_section]<\/p>\n","protected":false},"excerpt":{"rendered":"<p>Produkt mit kleinen Abmessungen, anpassbar an alle Gasarten, zuverl\u00e4ssige Qualit\u00e4t, erkennbares Design, seit 2010 auf dem europ\u00e4ischen Markt erh\u00e4ltlich. Jahr und ist besonders interessant f\u00fcr Hersteller von \u00d6fen, die nach den neuen EU-Richtlinien produzieren. Laden Sie die technische Dokumentation im pdf-Format herunter.<\/p>\n","protected":false},"featured_media":4362,"comment_status":"open","ping_status":"closed","template":"","meta":{"_et_pb_use_builder":"on","_et_pb_old_content":"Das Entwicklerteam von Unis Fagas unter der Leitung von Herrn Senadin Mulabegovi\u0107, B.Sc. pr\u00e4sentiert stolz das neue Produkt Druckminderer Typ F-BH4. Der Vorteil dieses Produktes ist der kontinuierliche Druck auf die Verbraucher, dh sehr geringe Abweichungen des Ausgangsdrucks. Das Produkt mit kleinen Abmessungen, anpassbar an alle Gasarten, zuverl\u00e4ssiger Qualit\u00e4t, erkennbarem Design, wird bereits Anfang 2010 auf dem europ\u00e4ischen Markt erh\u00e4ltlich sein. Jahr und ist besonders interessant f\u00fcr Hersteller von \u00d6fen, die nach den neuen EU-Richtlinien produzieren.","_et_gb_content_width":""},"product_cat":[389,396],"product_tag":[271],"yoast_head":"<!-- This site is optimized with the Yoast SEO plugin v20.12 - https:\/\/yoast.com\/wordpress\/plugins\/seo\/ -->\n<title>Reglerserie F-BH-4 - FAGAS<\/title>\n<meta name=\"robots\" content=\"index, follow, max-snippet:-1, max-image-preview:large, max-video-preview:-1\" \/>\n<link rel=\"canonical\" href=\"https:\/\/fagas.ba\/produkt\/regulator-serije-f-bh-4\/\" \/>\n<meta property=\"og:locale\" content=\"de_DE\" \/>\n<meta property=\"og:type\" content=\"article\" \/>\n<meta property=\"og:title\" content=\"Reglerserie F-BH-4 - FAGAS\" \/>\n<meta property=\"og:description\" content=\"Produkt mit kleinen Abmessungen, anpassbar an alle Gasarten, zuverl\u00e4ssige Qualit\u00e4t, erkennbares Design, seit 2010 auf dem europ\u00e4ischen Markt erh\u00e4ltlich. Jahr und ist besonders interessant f\u00fcr Hersteller von \u00d6fen, die nach den neuen EU-Richtlinien produzieren. Laden Sie die technische Dokumentation im pdf-Format herunter.\" \/>\n<meta property=\"og:url\" content=\"https:\/\/fagas.ba\/produkt\/regulator-serije-f-bh-4\/\" \/>\n<meta property=\"og:site_name\" content=\"FAGAS\" \/>\n<meta property=\"article:modified_time\" content=\"2021-11-25T18:37:30+00:00\" \/>\n<meta property=\"og:image\" content=\"https:\/\/fagas.ba\/fgs\/wp-content\/uploads\/2021\/01\/fb-4.jpg\" \/>\n\t<meta property=\"og:image:width\" content=\"640\" \/>\n\t<meta property=\"og:image:height\" content=\"399\" \/>\n\t<meta property=\"og:image:type\" content=\"image\/jpeg\" \/>\n<meta name=\"twitter:card\" content=\"summary_large_image\" \/>\n<meta name=\"twitter:label1\" content=\"Gesch\u00e4tzte Lesezeit\" \/>\n\t<meta name=\"twitter:data1\" content=\"2\u00a0Minuten\" \/>\n<script type=\"application\/ld+json\" class=\"yoast-schema-graph\">{\"@context\":\"https:\/\/schema.org\",\"@graph\":[{\"@type\":\"WebPage\",\"@id\":\"https:\/\/fagas.ba\/produkt\/regulator-serije-f-bh-4\/\",\"url\":\"https:\/\/fagas.ba\/produkt\/regulator-serije-f-bh-4\/\",\"name\":\"Reglerserie F-BH-4 - FAGAS\",\"isPartOf\":{\"@id\":\"https:\/\/fagas.ba\/en\/#website\"},\"datePublished\":\"2021-11-25T18:37:25+00:00\",\"dateModified\":\"2021-11-25T18:37:30+00:00\",\"breadcrumb\":{\"@id\":\"https:\/\/fagas.ba\/produkt\/regulator-serije-f-bh-4\/#breadcrumb\"},\"inLanguage\":\"de\",\"potentialAction\":[{\"@type\":\"ReadAction\",\"target\":[\"https:\/\/fagas.ba\/produkt\/regulator-serije-f-bh-4\/\"]}]},{\"@type\":\"BreadcrumbList\",\"@id\":\"https:\/\/fagas.ba\/produkt\/regulator-serije-f-bh-4\/#breadcrumb\",\"itemListElement\":[{\"@type\":\"ListItem\",\"position\":1,\"name\":\"Home\",\"item\":\"https:\/\/fagas.ba\/\"},{\"@type\":\"ListItem\",\"position\":2,\"name\":\"Products\",\"item\":\"https:\/\/fagas.ba\/en\/shop\/\"},{\"@type\":\"ListItem\",\"position\":3,\"name\":\"Reglerserie F-BH-4\"}]},{\"@type\":\"WebSite\",\"@id\":\"https:\/\/fagas.ba\/en\/#website\",\"url\":\"https:\/\/fagas.ba\/en\/\",\"name\":\"FAGAS\",\"description\":\"Projektovanje i proizvodnja gasne opreme\",\"potentialAction\":[{\"@type\":\"SearchAction\",\"target\":{\"@type\":\"EntryPoint\",\"urlTemplate\":\"https:\/\/fagas.ba\/en\/?s={search_term_string}\"},\"query-input\":\"required name=search_term_string\"}],\"inLanguage\":\"de\"}]}<\/script>\n<!-- \/ Yoast SEO plugin. -->","yoast_head_json":{"title":"Reglerserie F-BH-4 - FAGAS","robots":{"index":"index","follow":"follow","max-snippet":"max-snippet:-1","max-image-preview":"max-image-preview:large","max-video-preview":"max-video-preview:-1"},"canonical":"https:\/\/fagas.ba\/produkt\/regulator-serije-f-bh-4\/","og_locale":"de_DE","og_type":"article","og_title":"Reglerserie F-BH-4 - FAGAS","og_description":"Produkt mit kleinen Abmessungen, anpassbar an alle Gasarten, zuverl\u00e4ssige Qualit\u00e4t, erkennbares Design, seit 2010 auf dem europ\u00e4ischen Markt erh\u00e4ltlich. Jahr und ist besonders interessant f\u00fcr Hersteller von \u00d6fen, die nach den neuen EU-Richtlinien produzieren. Laden Sie die technische Dokumentation im pdf-Format herunter.","og_url":"https:\/\/fagas.ba\/produkt\/regulator-serije-f-bh-4\/","og_site_name":"FAGAS","article_modified_time":"2021-11-25T18:37:30+00:00","og_image":[{"width":640,"height":399,"url":"https:\/\/fagas.ba\/fgs\/wp-content\/uploads\/2021\/01\/fb-4.jpg","type":"image\/jpeg"}],"twitter_card":"summary_large_image","twitter_misc":{"Gesch\u00e4tzte Lesezeit":"2\u00a0Minuten"},"schema":{"@context":"https:\/\/schema.org","@graph":[{"@type":"WebPage","@id":"https:\/\/fagas.ba\/produkt\/regulator-serije-f-bh-4\/","url":"https:\/\/fagas.ba\/produkt\/regulator-serije-f-bh-4\/","name":"Reglerserie F-BH-4 - FAGAS","isPartOf":{"@id":"https:\/\/fagas.ba\/en\/#website"},"datePublished":"2021-11-25T18:37:25+00:00","dateModified":"2021-11-25T18:37:30+00:00","breadcrumb":{"@id":"https:\/\/fagas.ba\/produkt\/regulator-serije-f-bh-4\/#breadcrumb"},"inLanguage":"de","potentialAction":[{"@type":"ReadAction","target":["https:\/\/fagas.ba\/produkt\/regulator-serije-f-bh-4\/"]}]},{"@type":"BreadcrumbList","@id":"https:\/\/fagas.ba\/produkt\/regulator-serije-f-bh-4\/#breadcrumb","itemListElement":[{"@type":"ListItem","position":1,"name":"Home","item":"https:\/\/fagas.ba\/"},{"@type":"ListItem","position":2,"name":"Products","item":"https:\/\/fagas.ba\/en\/shop\/"},{"@type":"ListItem","position":3,"name":"Reglerserie F-BH-4"}]},{"@type":"WebSite","@id":"https:\/\/fagas.ba\/en\/#website","url":"https:\/\/fagas.ba\/en\/","name":"FAGAS","description":"Projektovanje i proizvodnja gasne opreme","potentialAction":[{"@type":"SearchAction","target":{"@type":"EntryPoint","urlTemplate":"https:\/\/fagas.ba\/en\/?s={search_term_string}"},"query-input":"required name=search_term_string"}],"inLanguage":"de"}]}},"_links":{"self":[{"href":"https:\/\/fagas.ba\/de\/wp-json\/wp\/v2\/product\/5373"}],"collection":[{"href":"https:\/\/fagas.ba\/de\/wp-json\/wp\/v2\/product"}],"about":[{"href":"https:\/\/fagas.ba\/de\/wp-json\/wp\/v2\/types\/product"}],"replies":[{"embeddable":true,"href":"https:\/\/fagas.ba\/de\/wp-json\/wp\/v2\/comments?post=5373"}],"wp:featuredmedia":[{"embeddable":true,"href":"https:\/\/fagas.ba\/de\/wp-json\/wp\/v2\/media\/4362"}],"wp:attachment":[{"href":"https:\/\/fagas.ba\/de\/wp-json\/wp\/v2\/media?parent=5373"}],"wp:term":[{"taxonomy":"product_cat","embeddable":true,"href":"https:\/\/fagas.ba\/de\/wp-json\/wp\/v2\/product_cat?post=5373"},{"taxonomy":"product_tag","embeddable":true,"href":"https:\/\/fagas.ba\/de\/wp-json\/wp\/v2\/product_tag?post=5373"}],"curies":[{"name":"wp","href":"https:\/\/api.w.org\/{rel}","templated":true}]}}