{"id":5361,"date":"2021-11-25T18:09:52","date_gmt":"2021-11-25T18:09:52","guid":{"rendered":"https:\/\/fagas.ba\/product\/waermetauscher\/"},"modified":"2021-11-25T18:09:54","modified_gmt":"2021-11-25T18:09:54","slug":"warmetauscher","status":"publish","type":"product","link":"https:\/\/fagas.ba\/de\/produkt\/warmetauscher\/","title":{"rendered":"W\u00e4rmetauscher"},"content":{"rendered":"<p>[et_pb_section fb_built=&#8220;1&#8243; _builder_version=&#8220;3.22&#8243; custom_padding=&#8220;0px||||false|false&#8220;][et_pb_row _builder_version=&#8220;3.25&#8243; background_size=&#8220;initial&#8220; background_position=&#8220;top_left&#8220; background_repeat=&#8220;repeat&#8220; width=&#8220;100%&#8220; custom_padding=&#8220;0px||0px||false|false&#8220;][et_pb_column type=&#8220;4_4&#8243; _builder_version=&#8220;3.25&#8243; custom_padding=&#8220;|||&#8220; custom_padding__hover=&#8220;|||&#8220;][et_pb_wc_breadcrumb admin_label=&#8220;Woo Breadcrumb&#8220; _builder_version=&#8220;3.0.47&#8243;][\/et_pb_wc_breadcrumb][\/et_pb_column][\/et_pb_row][et_pb_row column_structure=&#8220;1_2,1_2&#8243; _builder_version=&#8220;3.25&#8243; background_size=&#8220;initial&#8220; background_position=&#8220;top_left&#8220; background_repeat=&#8220;repeat&#8220; width=&#8220;100%&#8220; custom_padding=&#8220;0px||||false|false&#8220;][et_pb_column type=&#8220;1_2&#8243; _builder_version=&#8220;3.25&#8243; custom_padding=&#8220;|||&#8220; custom_padding__hover=&#8220;|||&#8220;][et_pb_slider _builder_version=&#8220;4.7.4&#8243; _module_preset=&#8220;default&#8220;][et_pb_slide image=&#8220;https:\/\/fagas.ba\/fgs\/wp-content\/uploads\/2021\/01\/izmjenjivac-toplote.jpg&#8220; _builder_version=&#8220;4.7.4&#8243; _module_preset=&#8220;default&#8220; background_enable_color=&#8220;off&#8220; background_enable_image=&#8220;off&#8220; sticky_transition=&#8220;on&#8220;][\/et_pb_slide][et_pb_slide video_url=&#8220;http:\/\/fagas.ba\/fgs\/wp-content\/uploads\/2021\/01\/262839680.mp4&#8243; _builder_version=&#8220;4.7.4&#8243; _module_preset=&#8220;default&#8220; background_enable_color=&#8220;off&#8220; background_enable_image=&#8220;off&#8220; sticky_transition=&#8220;on&#8220;][\/et_pb_slide][\/et_pb_slider][\/et_pb_column][et_pb_column type=&#8220;1_2&#8243; _builder_version=&#8220;3.25&#8243; custom_padding=&#8220;|||&#8220; custom_padding__hover=&#8220;|||&#8220;][et_pb_wc_title _builder_version=&#8220;3.0.47&#8243;][\/et_pb_wc_title][et_pb_wc_description _builder_version=&#8220;3.0.47&#8243;][\/et_pb_wc_description][et_pb_wc_meta _builder_version=&#8220;3.0.47&#8243;][\/et_pb_wc_meta][\/et_pb_column][\/et_pb_row][et_pb_row _builder_version=&#8220;3.25&#8243; background_size=&#8220;initial&#8220; background_position=&#8220;top_left&#8220; background_repeat=&#8220;repeat&#8220; width=&#8220;100%&#8220;][et_pb_column type=&#8220;4_4&#8243; _builder_version=&#8220;3.25&#8243; custom_padding=&#8220;|||&#8220; custom_padding__hover=&#8220;|||&#8220;][et_pb_divider color=&#8220;#D8D8D8&#8243; divider_position=&#8220;center&#8220; _builder_version=&#8220;4.7.4&#8243; _module_preset=&#8220;default&#8220;][\/et_pb_divider][et_pb_tabs module_class=&#8220;vertical-tabs2&#8243; _builder_version=&#8220;4.7.4&#8243; _module_preset=&#8220;default&#8220; hover_enabled=&#8220;0&#8243; sticky_enabled=&#8220;0&#8243;][et_pb_tab title=&#8220;Technische Dokumentation&#8220; _builder_version=&#8220;4.7.4&#8243; _module_preset=&#8220;default&#8220; hover_enabled=&#8220;0&#8243; sticky_enabled=&#8220;0&#8243;]<\/p>\n<ul class=\"documents-list\">\n<li><a href=\"http:\/\/fagas.ba\/fgs\/wp-content\/uploads\/2021\/01\/Heat-Exchanger-17.12.2014.pdf\" target=\"_blank\" rel=\"noopener noreferrer\">Technisches Dokument<\/a><\/li>\n<\/ul>\n<p>[\/et_pb_tab][\/et_pb_tabs][et_pb_divider color=&#8220;#D8D8D8&#8243; divider_position=&#8220;center&#8220; _builder_version=&#8220;4.7.4&#8243; _module_preset=&#8220;default&#8220;][\/et_pb_divider][et_pb_wc_related_products posts_number=&#8220;4&#8243; columns_number=&#8220;4&#8243; admin_label=&#8220;Sli\u010dni proizvodi&#8220; _builder_version=&#8220;4.7.4&#8243;][\/et_pb_wc_related_products][\/et_pb_column][\/et_pb_row][\/et_pb_section]<\/p>\n","protected":false},"excerpt":{"rendered":"<p>Ein Gaserhitzer \/ W\u00e4rmetauscher ist ein Ger\u00e4t, in dem W\u00e4rme von einem Medium auf ein anderes \u00fcbertragen (\u00fcbertragen) wird. Sie k\u00f6nnen durch Ber\u00fchren und Trennen der Medien mit einer Trennwand, einer Rohrwand usw. hergestellt werden. Die ihren direkten Kontakt verhindern.<br \/>\nDie Oberfl\u00e4che des W\u00e4rmetauschers besteht aus Rohren, daher werden diese W\u00e4rmetauscher als R\u00f6hrenw\u00e4rmetauscher bezeichnet.<br \/>\nJe nachdem, welches Verfahren prim\u00e4r ist, dh. Ob das Hauptmedium erw\u00e4rmt oder gek\u00fchlt werden soll, wir unterteilen W\u00e4rmetauscher in Erhitzer und K\u00fchler.<br \/>\nDie zur Herstellung des W\u00e4rmetauschers verwendeten Materialien sind in der Regel Stahl. Sie k\u00f6nnen unlegierter, niedriglegierter, hochlegierter Stahl und Stahlguss sein. Rohre zur Herstellung von W\u00e4rmetauschern werden aus Aluminium und seinen Legierungen, Kupfer und seinen Legierungen sowie Kohlenstoff-, niedrig- und hochlegierten St\u00e4hlen hergestellt. Der Gasheizer\/W\u00e4rmetauscher ist gem\u00e4\u00df Korrosionsschutzverfahren gegen Korrosion der Oberfl\u00e4che gegen Korrosion, aggressive atmosph\u00e4rische Einfl\u00fcsse, Kondensation usw. gesch\u00fctzt.<\/p>\n","protected":false},"featured_media":4346,"comment_status":"open","ping_status":"closed","template":"","meta":{"_et_pb_use_builder":"on","_et_pb_old_content":"Ein Gaserhitzer \/ W\u00e4rmetauscher ist ein Ger\u00e4t, in dem W\u00e4rme von einem Medium auf ein anderes \u00fcbertragen (\u00fcbertragen) wird. Sie k\u00f6nnen durch Ber\u00fchren und Trennen der Medien mit einer Trennwand, einer Rohrwand usw. hergestellt werden. Die ihren direkten Kontakt verhindern.\nDie Oberfl\u00e4che des W\u00e4rmetauschers besteht aus Rohren, daher werden diese W\u00e4rmetauscher als R\u00f6hrenw\u00e4rmetauscher bezeichnet.\nJe nachdem, welches Verfahren prim\u00e4r ist, dh. Ob das Hauptmedium erw\u00e4rmt oder gek\u00fchlt werden soll, wir unterteilen W\u00e4rmetauscher in Erhitzer und K\u00fchler.\nDie zur Herstellung des W\u00e4rmetauschers verwendeten Materialien sind in der Regel Stahl. Sie k\u00f6nnen unlegierter, niedriglegierter, hochlegierter Stahl und Stahlguss sein. Rohre zur Herstellung von W\u00e4rmetauschern werden aus Aluminium und seinen Legierungen, Kupfer und seinen Legierungen sowie Kohlenstoff-, niedrig- und hochlegierten St\u00e4hlen hergestellt. Der Gasheizer\/W\u00e4rmetauscher ist gem\u00e4\u00df Korrosionsschutzverfahren gegen Korrosion der Oberfl\u00e4che gegen Korrosion, aggressive atmosph\u00e4rische Einfl\u00fcsse, Kondensation usw. gesch\u00fctzt.","_et_gb_content_width":""},"product_cat":[375],"product_tag":[219],"yoast_head":"<!-- This site is optimized with the Yoast SEO plugin v20.12 - https:\/\/yoast.com\/wordpress\/plugins\/seo\/ -->\n<title>W\u00e4rmetauscher - FAGAS<\/title>\n<meta name=\"robots\" content=\"index, follow, max-snippet:-1, max-image-preview:large, max-video-preview:-1\" \/>\n<link rel=\"canonical\" href=\"https:\/\/fagas.ba\/produkt\/izmjenjivaci-toplote\/\" \/>\n<meta property=\"og:locale\" content=\"de_DE\" \/>\n<meta property=\"og:type\" content=\"article\" \/>\n<meta property=\"og:title\" content=\"W\u00e4rmetauscher - FAGAS\" \/>\n<meta property=\"og:description\" content=\"Ein Gaserhitzer \/ W\u00e4rmetauscher ist ein Ger\u00e4t, in dem W\u00e4rme von einem Medium auf ein anderes \u00fcbertragen (\u00fcbertragen) wird. Sie k\u00f6nnen durch Ber\u00fchren und Trennen der Medien mit einer Trennwand, einer Rohrwand usw. hergestellt werden. Die ihren direkten Kontakt verhindern. Die Oberfl\u00e4che des W\u00e4rmetauschers besteht aus Rohren, daher werden diese W\u00e4rmetauscher als R\u00f6hrenw\u00e4rmetauscher bezeichnet. Je nachdem, welches Verfahren prim\u00e4r ist, dh. Ob das Hauptmedium erw\u00e4rmt oder gek\u00fchlt werden soll, wir unterteilen W\u00e4rmetauscher in Erhitzer und K\u00fchler. Die zur Herstellung des W\u00e4rmetauschers verwendeten Materialien sind in der Regel Stahl. Sie k\u00f6nnen unlegierter, niedriglegierter, hochlegierter Stahl und Stahlguss sein. Rohre zur Herstellung von W\u00e4rmetauschern werden aus Aluminium und seinen Legierungen, Kupfer und seinen Legierungen sowie Kohlenstoff-, niedrig- und hochlegierten St\u00e4hlen hergestellt. Der Gasheizer\/W\u00e4rmetauscher ist gem\u00e4\u00df Korrosionsschutzverfahren gegen Korrosion der Oberfl\u00e4che gegen Korrosion, aggressive atmosph\u00e4rische Einfl\u00fcsse, Kondensation usw. gesch\u00fctzt.\" \/>\n<meta property=\"og:url\" content=\"https:\/\/fagas.ba\/produkt\/izmjenjivaci-toplote\/\" \/>\n<meta property=\"og:site_name\" content=\"FAGAS\" \/>\n<meta property=\"article:modified_time\" content=\"2021-11-25T18:09:54+00:00\" \/>\n<meta property=\"og:image\" content=\"https:\/\/fagas.ba\/fgs\/wp-content\/uploads\/2021\/01\/izmjenjivac-toplote.jpg\" \/>\n\t<meta property=\"og:image:width\" content=\"640\" \/>\n\t<meta property=\"og:image:height\" content=\"399\" \/>\n\t<meta property=\"og:image:type\" content=\"image\/jpeg\" \/>\n<meta name=\"twitter:card\" content=\"summary_large_image\" \/>\n<meta name=\"twitter:label1\" content=\"Gesch\u00e4tzte Lesezeit\" \/>\n\t<meta name=\"twitter:data1\" content=\"2\u00a0Minuten\" \/>\n<script type=\"application\/ld+json\" class=\"yoast-schema-graph\">{\"@context\":\"https:\/\/schema.org\",\"@graph\":[{\"@type\":\"WebPage\",\"@id\":\"https:\/\/fagas.ba\/produkt\/izmjenjivaci-toplote\/\",\"url\":\"https:\/\/fagas.ba\/produkt\/izmjenjivaci-toplote\/\",\"name\":\"W\u00e4rmetauscher - FAGAS\",\"isPartOf\":{\"@id\":\"https:\/\/fagas.ba\/en\/#website\"},\"datePublished\":\"2021-11-25T18:09:52+00:00\",\"dateModified\":\"2021-11-25T18:09:54+00:00\",\"breadcrumb\":{\"@id\":\"https:\/\/fagas.ba\/produkt\/izmjenjivaci-toplote\/#breadcrumb\"},\"inLanguage\":\"de\",\"potentialAction\":[{\"@type\":\"ReadAction\",\"target\":[\"https:\/\/fagas.ba\/produkt\/izmjenjivaci-toplote\/\"]}]},{\"@type\":\"BreadcrumbList\",\"@id\":\"https:\/\/fagas.ba\/produkt\/izmjenjivaci-toplote\/#breadcrumb\",\"itemListElement\":[{\"@type\":\"ListItem\",\"position\":1,\"name\":\"Home\",\"item\":\"https:\/\/fagas.ba\/\"},{\"@type\":\"ListItem\",\"position\":2,\"name\":\"Products\",\"item\":\"https:\/\/fagas.ba\/en\/shop\/\"},{\"@type\":\"ListItem\",\"position\":3,\"name\":\"W\u00e4rmetauscher\"}]},{\"@type\":\"WebSite\",\"@id\":\"https:\/\/fagas.ba\/en\/#website\",\"url\":\"https:\/\/fagas.ba\/en\/\",\"name\":\"FAGAS\",\"description\":\"Projektovanje i proizvodnja gasne opreme\",\"potentialAction\":[{\"@type\":\"SearchAction\",\"target\":{\"@type\":\"EntryPoint\",\"urlTemplate\":\"https:\/\/fagas.ba\/en\/?s={search_term_string}\"},\"query-input\":\"required name=search_term_string\"}],\"inLanguage\":\"de\"}]}<\/script>\n<!-- \/ Yoast SEO plugin. -->","yoast_head_json":{"title":"W\u00e4rmetauscher - FAGAS","robots":{"index":"index","follow":"follow","max-snippet":"max-snippet:-1","max-image-preview":"max-image-preview:large","max-video-preview":"max-video-preview:-1"},"canonical":"https:\/\/fagas.ba\/produkt\/izmjenjivaci-toplote\/","og_locale":"de_DE","og_type":"article","og_title":"W\u00e4rmetauscher - FAGAS","og_description":"Ein Gaserhitzer \/ W\u00e4rmetauscher ist ein Ger\u00e4t, in dem W\u00e4rme von einem Medium auf ein anderes \u00fcbertragen (\u00fcbertragen) wird. Sie k\u00f6nnen durch Ber\u00fchren und Trennen der Medien mit einer Trennwand, einer Rohrwand usw. hergestellt werden. Die ihren direkten Kontakt verhindern. Die Oberfl\u00e4che des W\u00e4rmetauschers besteht aus Rohren, daher werden diese W\u00e4rmetauscher als R\u00f6hrenw\u00e4rmetauscher bezeichnet. Je nachdem, welches Verfahren prim\u00e4r ist, dh. Ob das Hauptmedium erw\u00e4rmt oder gek\u00fchlt werden soll, wir unterteilen W\u00e4rmetauscher in Erhitzer und K\u00fchler. Die zur Herstellung des W\u00e4rmetauschers verwendeten Materialien sind in der Regel Stahl. Sie k\u00f6nnen unlegierter, niedriglegierter, hochlegierter Stahl und Stahlguss sein. Rohre zur Herstellung von W\u00e4rmetauschern werden aus Aluminium und seinen Legierungen, Kupfer und seinen Legierungen sowie Kohlenstoff-, niedrig- und hochlegierten St\u00e4hlen hergestellt. Der Gasheizer\/W\u00e4rmetauscher ist gem\u00e4\u00df Korrosionsschutzverfahren gegen Korrosion der Oberfl\u00e4che gegen Korrosion, aggressive atmosph\u00e4rische Einfl\u00fcsse, Kondensation usw. gesch\u00fctzt.","og_url":"https:\/\/fagas.ba\/produkt\/izmjenjivaci-toplote\/","og_site_name":"FAGAS","article_modified_time":"2021-11-25T18:09:54+00:00","og_image":[{"width":640,"height":399,"url":"https:\/\/fagas.ba\/fgs\/wp-content\/uploads\/2021\/01\/izmjenjivac-toplote.jpg","type":"image\/jpeg"}],"twitter_card":"summary_large_image","twitter_misc":{"Gesch\u00e4tzte Lesezeit":"2\u00a0Minuten"},"schema":{"@context":"https:\/\/schema.org","@graph":[{"@type":"WebPage","@id":"https:\/\/fagas.ba\/produkt\/izmjenjivaci-toplote\/","url":"https:\/\/fagas.ba\/produkt\/izmjenjivaci-toplote\/","name":"W\u00e4rmetauscher - FAGAS","isPartOf":{"@id":"https:\/\/fagas.ba\/en\/#website"},"datePublished":"2021-11-25T18:09:52+00:00","dateModified":"2021-11-25T18:09:54+00:00","breadcrumb":{"@id":"https:\/\/fagas.ba\/produkt\/izmjenjivaci-toplote\/#breadcrumb"},"inLanguage":"de","potentialAction":[{"@type":"ReadAction","target":["https:\/\/fagas.ba\/produkt\/izmjenjivaci-toplote\/"]}]},{"@type":"BreadcrumbList","@id":"https:\/\/fagas.ba\/produkt\/izmjenjivaci-toplote\/#breadcrumb","itemListElement":[{"@type":"ListItem","position":1,"name":"Home","item":"https:\/\/fagas.ba\/"},{"@type":"ListItem","position":2,"name":"Products","item":"https:\/\/fagas.ba\/en\/shop\/"},{"@type":"ListItem","position":3,"name":"W\u00e4rmetauscher"}]},{"@type":"WebSite","@id":"https:\/\/fagas.ba\/en\/#website","url":"https:\/\/fagas.ba\/en\/","name":"FAGAS","description":"Projektovanje i proizvodnja gasne opreme","potentialAction":[{"@type":"SearchAction","target":{"@type":"EntryPoint","urlTemplate":"https:\/\/fagas.ba\/en\/?s={search_term_string}"},"query-input":"required name=search_term_string"}],"inLanguage":"de"}]}},"_links":{"self":[{"href":"https:\/\/fagas.ba\/de\/wp-json\/wp\/v2\/product\/5361"}],"collection":[{"href":"https:\/\/fagas.ba\/de\/wp-json\/wp\/v2\/product"}],"about":[{"href":"https:\/\/fagas.ba\/de\/wp-json\/wp\/v2\/types\/product"}],"replies":[{"embeddable":true,"href":"https:\/\/fagas.ba\/de\/wp-json\/wp\/v2\/comments?post=5361"}],"wp:featuredmedia":[{"embeddable":true,"href":"https:\/\/fagas.ba\/de\/wp-json\/wp\/v2\/media\/4346"}],"wp:attachment":[{"href":"https:\/\/fagas.ba\/de\/wp-json\/wp\/v2\/media?parent=5361"}],"wp:term":[{"taxonomy":"product_cat","embeddable":true,"href":"https:\/\/fagas.ba\/de\/wp-json\/wp\/v2\/product_cat?post=5361"},{"taxonomy":"product_tag","embeddable":true,"href":"https:\/\/fagas.ba\/de\/wp-json\/wp\/v2\/product_tag?post=5361"}],"curies":[{"name":"wp","href":"https:\/\/api.w.org\/{rel}","templated":true}]}}