{"id":5352,"date":"2021-11-25T17:54:04","date_gmt":"2021-11-25T17:54:04","guid":{"rendered":"https:\/\/fagas.ba\/product\/gasverbrauchszaehler\/"},"modified":"2021-11-25T17:54:05","modified_gmt":"2021-11-25T17:54:05","slug":"gasverbrauchszaehler","status":"publish","type":"product","link":"https:\/\/fagas.ba\/de\/produkt\/gasverbrauchszaehler\/","title":{"rendered":"Gasverbrauchsz\u00e4hler"},"content":{"rendered":"<p>[et_pb_section fb_built=&#8220;1&#8243; _builder_version=&#8220;3.22&#8243; custom_padding=&#8220;0px||||false|false&#8220;][et_pb_row _builder_version=&#8220;3.25&#8243; background_size=&#8220;initial&#8220; background_position=&#8220;top_left&#8220; background_repeat=&#8220;repeat&#8220; width=&#8220;100%&#8220; custom_padding=&#8220;0px||0px||false|false&#8220;][et_pb_column type=&#8220;4_4&#8243; _builder_version=&#8220;3.25&#8243; custom_padding=&#8220;|||&#8220; custom_padding__hover=&#8220;|||&#8220;][et_pb_wc_breadcrumb admin_label=&#8220;Woo Breadcrumb&#8220; _builder_version=&#8220;3.0.47&#8243;][\/et_pb_wc_breadcrumb][\/et_pb_column][\/et_pb_row][et_pb_row column_structure=&#8220;1_2,1_2&#8243; _builder_version=&#8220;3.25&#8243; background_size=&#8220;initial&#8220; background_position=&#8220;top_left&#8220; background_repeat=&#8220;repeat&#8220; width=&#8220;100%&#8220; custom_padding=&#8220;0px||||false|false&#8220;][et_pb_column type=&#8220;1_2&#8243; _builder_version=&#8220;3.25&#8243; custom_padding=&#8220;|||&#8220; custom_padding__hover=&#8220;|||&#8220;][et_pb_wc_images _builder_version=&#8220;4.7.4&#8243; _module_preset=&#8220;default&#8220;][\/et_pb_wc_images][\/et_pb_column][et_pb_column type=&#8220;1_2&#8243; _builder_version=&#8220;3.25&#8243; custom_padding=&#8220;|||&#8220; custom_padding__hover=&#8220;|||&#8220;][et_pb_wc_title _builder_version=&#8220;3.0.47&#8243;][\/et_pb_wc_title][et_pb_wc_description _builder_version=&#8220;3.0.47&#8243;][\/et_pb_wc_description][et_pb_wc_meta _builder_version=&#8220;3.0.47&#8243;][\/et_pb_wc_meta][\/et_pb_column][\/et_pb_row][et_pb_row _builder_version=&#8220;3.25&#8243; background_size=&#8220;initial&#8220; background_position=&#8220;top_left&#8220; background_repeat=&#8220;repeat&#8220; width=&#8220;100%&#8220;][et_pb_column type=&#8220;4_4&#8243; _builder_version=&#8220;3.25&#8243; custom_padding=&#8220;|||&#8220; custom_padding__hover=&#8220;|||&#8220;][et_pb_divider color=&#8220;#D8D8D8&#8243; divider_position=&#8220;center&#8220; _builder_version=&#8220;4.7.4&#8243; _module_preset=&#8220;default&#8220;][\/et_pb_divider][et_pb_tabs module_class=&#8220;vertical-tabs2&#8243; _builder_version=&#8220;4.7.4&#8243; _module_preset=&#8220;default&#8220;][et_pb_tab title=&#8220;Beschreibung&#8220; _builder_version=&#8220;4.7.4&#8243; _module_preset=&#8220;default&#8220;]Haushaltsgasz\u00e4hler BK4, BK4T und BK2,5-4.PPM sind moderne Z\u00e4hler f\u00fcr Haushalte mit hoher Messgenauigkeit und Sicherheit im Betrieb und ohne Wartung. Sie sind f\u00fcr die Verbrauchsmessung von Erdgas, Stadtgas, Propan und Butan sowie f\u00fcr andere nicht aggressive Gase bestimmt.[\/et_pb_tab][et_pb_tab title=&#8220;Ausf\u00fchrung&#8220; _builder_version=&#8220;4.7.4&#8243; _module_preset=&#8220;default&#8220;]Gasverbrauchsz\u00e4hler arbeiten nach dem Prinzip der freien Schwingung, haben also geringe Reibungskr\u00e4fte und einen ger\u00e4uschlosen Betrieb. Dank dieses Prinzips und der Membran aus Kunststoff ist es m\u00f6glich, bei Gasverbrauchsz\u00e4hlern in der T-Version ein mechanisches Ausgleichselement zu verwenden. Durch die Anwendung des K-Systems (patentierte Schieberegler) sowie durch die Verwendung hochwertiger Materialien wird ein hohes Qualit\u00e4tsniveau sichergestellt.[\/et_pb_tab][et_pb_tab title=&#8220;Feuer Best\u00e4ndigkeit&#8220; _builder_version=&#8220;4.7.4&#8243; _module_preset=&#8220;default&#8220;]Gasverbrauchsz\u00e4hler erf\u00fcllen auch bei erh\u00f6hten Temperaturen die Bedingungen der \u00e4u\u00dferen Dichtheit. Die Pr\u00fcfung zu dieser Anforderung erfolgt nach DIN 3374. Dazu wird der Gasverbrauchsz\u00e4hler 15 Minuten lang auf 650 \u00b0C erhitzt und anschlie\u00dfend 30 Minuten lang auf dieser Temperatur gehalten \u2013 die Dichtheit muss sich in genau definierten Grenzen bewegen.[\/et_pb_tab][et_pb_tab title=&#8220;Lekt\u00fcre&#8220; _builder_version=&#8220;4.7.4&#8243; _module_preset=&#8220;default&#8220;]Die Gasanzeige besteht aus acht Trommeln mit Rand am Rand. Die drei F\u00e4sser im roten Feld dienen zum Ablesen in Litern, die anderen f\u00fcnf im schwarzen Feld zum Ablesen in Kubikmetern. Die Magnetkupplungswelle \u00fcbertr\u00e4gt die Drehung \u00fcber ein Paar variabler Zahnr\u00e4der auf das Zifferblatt. Bei der Kalibrierung wird so ein Gangpaar gew\u00e4hlt, dass das Zifferblatt den tats\u00e4chlichen Verbrauch anzeigt.<\/p>\n<p>Zur Fernauslesung ist der Einbau eines Pulssensors Typ INZ31 erforderlich. Der Impulsgeber wird ohne Besch\u00e4digung der Dichtung nachger\u00fcstet.[\/et_pb_tab][et_pb_tab title=&#8220;Technische Dokumentation&#8220; _builder_version=&#8220;4.7.4&#8243; _module_preset=&#8220;default&#8220;]<\/p>\n<ul class=\"documents-list\">\n<li><a href=\"http:\/\/fagas.ba\/fgs\/wp-content\/uploads\/2021\/01\/Meters.pdf\" target=\"_blank\" rel=\"noopener noreferrer\">Katalog<\/a><\/li>\n<\/ul>\n<p>[\/et_pb_tab][\/et_pb_tabs][et_pb_divider color=&#8220;#D8D8D8&#8243; divider_position=&#8220;center&#8220; _builder_version=&#8220;4.7.4&#8243; _module_preset=&#8220;default&#8220;][\/et_pb_divider][et_pb_wc_related_products posts_number=&#8220;4&#8243; columns_number=&#8220;4&#8243; admin_label=&#8220;Sli\u010dni proizvodi&#8220; _builder_version=&#8220;4.7.4&#8243;][\/et_pb_wc_related_products][\/et_pb_column][\/et_pb_row][\/et_pb_section]<\/p>\n","protected":false},"excerpt":{"rendered":"<p>Moderne Z\u00e4hler f\u00fcr Haushalte mit hoher Messgenauigkeit und Arbeitssicherheit und ohne Wartung. Laden Sie die technische Dokumentation im pdf-Format herunter.<\/p>\n","protected":false},"featured_media":4320,"comment_status":"open","ping_status":"closed","template":"","meta":{"_et_pb_use_builder":"on","_et_pb_old_content":"Moderne Z\u00e4hler f\u00fcr Haushalte mit hoher Messgenauigkeit und Arbeitssicherheit und ohne Wartung. Laden Sie die technische Dokumentation im pdf-Format herunter.","_et_gb_content_width":""},"product_cat":[407,403],"product_tag":[247,287],"yoast_head":"<!-- This site is optimized with the Yoast SEO plugin v20.12 - https:\/\/yoast.com\/wordpress\/plugins\/seo\/ -->\n<title>Gasverbrauchsz\u00e4hler - FAGAS<\/title>\n<meta name=\"robots\" content=\"index, follow, max-snippet:-1, max-image-preview:large, max-video-preview:-1\" \/>\n<link rel=\"canonical\" href=\"https:\/\/fagas.ba\/produkt\/mjerilo-potrosnje-gasa\/\" \/>\n<meta property=\"og:locale\" content=\"de_DE\" \/>\n<meta property=\"og:type\" content=\"article\" \/>\n<meta property=\"og:title\" content=\"Gasverbrauchsz\u00e4hler - FAGAS\" \/>\n<meta property=\"og:description\" content=\"Moderne Z\u00e4hler f\u00fcr Haushalte mit hoher Messgenauigkeit und Arbeitssicherheit und ohne Wartung. Laden Sie die technische Dokumentation im pdf-Format herunter.\" \/>\n<meta property=\"og:url\" content=\"https:\/\/fagas.ba\/produkt\/mjerilo-potrosnje-gasa\/\" \/>\n<meta property=\"og:site_name\" content=\"FAGAS\" \/>\n<meta property=\"article:modified_time\" content=\"2021-11-25T17:54:05+00:00\" \/>\n<meta property=\"og:image\" content=\"https:\/\/fagas.ba\/fgs\/wp-content\/uploads\/2021\/01\/mjerilo-potrosnje-gasa.jpg\" \/>\n\t<meta property=\"og:image:width\" content=\"640\" \/>\n\t<meta property=\"og:image:height\" content=\"399\" \/>\n\t<meta property=\"og:image:type\" content=\"image\/jpeg\" \/>\n<meta name=\"twitter:card\" content=\"summary_large_image\" \/>\n<meta name=\"twitter:label1\" content=\"Gesch\u00e4tzte Lesezeit\" \/>\n\t<meta name=\"twitter:data1\" content=\"3\u00a0Minuten\" \/>\n<script type=\"application\/ld+json\" class=\"yoast-schema-graph\">{\"@context\":\"https:\/\/schema.org\",\"@graph\":[{\"@type\":\"WebPage\",\"@id\":\"https:\/\/fagas.ba\/produkt\/mjerilo-potrosnje-gasa\/\",\"url\":\"https:\/\/fagas.ba\/produkt\/mjerilo-potrosnje-gasa\/\",\"name\":\"Gasverbrauchsz\u00e4hler - FAGAS\",\"isPartOf\":{\"@id\":\"https:\/\/fagas.ba\/en\/#website\"},\"datePublished\":\"2021-11-25T17:54:04+00:00\",\"dateModified\":\"2021-11-25T17:54:05+00:00\",\"breadcrumb\":{\"@id\":\"https:\/\/fagas.ba\/produkt\/mjerilo-potrosnje-gasa\/#breadcrumb\"},\"inLanguage\":\"de\",\"potentialAction\":[{\"@type\":\"ReadAction\",\"target\":[\"https:\/\/fagas.ba\/produkt\/mjerilo-potrosnje-gasa\/\"]}]},{\"@type\":\"BreadcrumbList\",\"@id\":\"https:\/\/fagas.ba\/produkt\/mjerilo-potrosnje-gasa\/#breadcrumb\",\"itemListElement\":[{\"@type\":\"ListItem\",\"position\":1,\"name\":\"Home\",\"item\":\"https:\/\/fagas.ba\/\"},{\"@type\":\"ListItem\",\"position\":2,\"name\":\"Products\",\"item\":\"https:\/\/fagas.ba\/en\/shop\/\"},{\"@type\":\"ListItem\",\"position\":3,\"name\":\"Gasverbrauchsz\u00e4hler\"}]},{\"@type\":\"WebSite\",\"@id\":\"https:\/\/fagas.ba\/en\/#website\",\"url\":\"https:\/\/fagas.ba\/en\/\",\"name\":\"FAGAS\",\"description\":\"Projektovanje i proizvodnja gasne opreme\",\"potentialAction\":[{\"@type\":\"SearchAction\",\"target\":{\"@type\":\"EntryPoint\",\"urlTemplate\":\"https:\/\/fagas.ba\/en\/?s={search_term_string}\"},\"query-input\":\"required name=search_term_string\"}],\"inLanguage\":\"de\"}]}<\/script>\n<!-- \/ Yoast SEO plugin. -->","yoast_head_json":{"title":"Gasverbrauchsz\u00e4hler - FAGAS","robots":{"index":"index","follow":"follow","max-snippet":"max-snippet:-1","max-image-preview":"max-image-preview:large","max-video-preview":"max-video-preview:-1"},"canonical":"https:\/\/fagas.ba\/produkt\/mjerilo-potrosnje-gasa\/","og_locale":"de_DE","og_type":"article","og_title":"Gasverbrauchsz\u00e4hler - FAGAS","og_description":"Moderne Z\u00e4hler f\u00fcr Haushalte mit hoher Messgenauigkeit und Arbeitssicherheit und ohne Wartung. Laden Sie die technische Dokumentation im pdf-Format herunter.","og_url":"https:\/\/fagas.ba\/produkt\/mjerilo-potrosnje-gasa\/","og_site_name":"FAGAS","article_modified_time":"2021-11-25T17:54:05+00:00","og_image":[{"width":640,"height":399,"url":"https:\/\/fagas.ba\/fgs\/wp-content\/uploads\/2021\/01\/mjerilo-potrosnje-gasa.jpg","type":"image\/jpeg"}],"twitter_card":"summary_large_image","twitter_misc":{"Gesch\u00e4tzte Lesezeit":"3\u00a0Minuten"},"schema":{"@context":"https:\/\/schema.org","@graph":[{"@type":"WebPage","@id":"https:\/\/fagas.ba\/produkt\/mjerilo-potrosnje-gasa\/","url":"https:\/\/fagas.ba\/produkt\/mjerilo-potrosnje-gasa\/","name":"Gasverbrauchsz\u00e4hler - FAGAS","isPartOf":{"@id":"https:\/\/fagas.ba\/en\/#website"},"datePublished":"2021-11-25T17:54:04+00:00","dateModified":"2021-11-25T17:54:05+00:00","breadcrumb":{"@id":"https:\/\/fagas.ba\/produkt\/mjerilo-potrosnje-gasa\/#breadcrumb"},"inLanguage":"de","potentialAction":[{"@type":"ReadAction","target":["https:\/\/fagas.ba\/produkt\/mjerilo-potrosnje-gasa\/"]}]},{"@type":"BreadcrumbList","@id":"https:\/\/fagas.ba\/produkt\/mjerilo-potrosnje-gasa\/#breadcrumb","itemListElement":[{"@type":"ListItem","position":1,"name":"Home","item":"https:\/\/fagas.ba\/"},{"@type":"ListItem","position":2,"name":"Products","item":"https:\/\/fagas.ba\/en\/shop\/"},{"@type":"ListItem","position":3,"name":"Gasverbrauchsz\u00e4hler"}]},{"@type":"WebSite","@id":"https:\/\/fagas.ba\/en\/#website","url":"https:\/\/fagas.ba\/en\/","name":"FAGAS","description":"Projektovanje i proizvodnja gasne opreme","potentialAction":[{"@type":"SearchAction","target":{"@type":"EntryPoint","urlTemplate":"https:\/\/fagas.ba\/en\/?s={search_term_string}"},"query-input":"required name=search_term_string"}],"inLanguage":"de"}]}},"_links":{"self":[{"href":"https:\/\/fagas.ba\/de\/wp-json\/wp\/v2\/product\/5352"}],"collection":[{"href":"https:\/\/fagas.ba\/de\/wp-json\/wp\/v2\/product"}],"about":[{"href":"https:\/\/fagas.ba\/de\/wp-json\/wp\/v2\/types\/product"}],"replies":[{"embeddable":true,"href":"https:\/\/fagas.ba\/de\/wp-json\/wp\/v2\/comments?post=5352"}],"wp:featuredmedia":[{"embeddable":true,"href":"https:\/\/fagas.ba\/de\/wp-json\/wp\/v2\/media\/4320"}],"wp:attachment":[{"href":"https:\/\/fagas.ba\/de\/wp-json\/wp\/v2\/media?parent=5352"}],"wp:term":[{"taxonomy":"product_cat","embeddable":true,"href":"https:\/\/fagas.ba\/de\/wp-json\/wp\/v2\/product_cat?post=5352"},{"taxonomy":"product_tag","embeddable":true,"href":"https:\/\/fagas.ba\/de\/wp-json\/wp\/v2\/product_tag?post=5352"}],"curies":[{"name":"wp","href":"https:\/\/api.w.org\/{rel}","templated":true}]}}