{"id":5350,"date":"2021-11-25T11:32:55","date_gmt":"2021-11-25T11:32:55","guid":{"rendered":"https:\/\/fagas.ba\/product\/regulatorische-messsets-mrs\/"},"modified":"2021-11-25T11:33:01","modified_gmt":"2021-11-25T11:33:01","slug":"regulatorische-messsets-mrs","status":"publish","type":"product","link":"https:\/\/fagas.ba\/de\/produkt\/regulatorische-messsets-mrs\/","title":{"rendered":"Regulatorische Messsets MRS"},"content":{"rendered":"<p>[et_pb_section fb_built=&#8220;1&#8243; _builder_version=&#8220;3.22&#8243; custom_padding=&#8220;0px||||false|false&#8220;][et_pb_row _builder_version=&#8220;3.25&#8243; background_size=&#8220;initial&#8220; background_position=&#8220;top_left&#8220; background_repeat=&#8220;repeat&#8220; width=&#8220;100%&#8220; custom_padding=&#8220;0px||0px||false|false&#8220;][et_pb_column type=&#8220;4_4&#8243; _builder_version=&#8220;3.25&#8243; custom_padding=&#8220;|||&#8220; custom_padding__hover=&#8220;|||&#8220;][et_pb_wc_breadcrumb admin_label=&#8220;Woo Breadcrumb&#8220; _builder_version=&#8220;3.0.47&#8243;][\/et_pb_wc_breadcrumb][\/et_pb_column][\/et_pb_row][et_pb_row column_structure=&#8220;1_2,1_2&#8243; _builder_version=&#8220;3.25&#8243; background_size=&#8220;initial&#8220; background_position=&#8220;top_left&#8220; background_repeat=&#8220;repeat&#8220; width=&#8220;100%&#8220; custom_padding=&#8220;0px||||false|false&#8220;][et_pb_column type=&#8220;1_2&#8243; _builder_version=&#8220;3.25&#8243; custom_padding=&#8220;|||&#8220; custom_padding__hover=&#8220;|||&#8220;][et_pb_wc_images _builder_version=&#8220;4.7.4&#8243; _module_preset=&#8220;default&#8220;][\/et_pb_wc_images][\/et_pb_column][et_pb_column type=&#8220;1_2&#8243; _builder_version=&#8220;3.25&#8243; custom_padding=&#8220;|||&#8220; custom_padding__hover=&#8220;|||&#8220;][et_pb_wc_title _builder_version=&#8220;3.0.47&#8243;][\/et_pb_wc_title][et_pb_wc_description _builder_version=&#8220;3.0.47&#8243;][\/et_pb_wc_description][et_pb_wc_meta _builder_version=&#8220;3.0.47&#8243;][\/et_pb_wc_meta][\/et_pb_column][\/et_pb_row][et_pb_row _builder_version=&#8220;3.25&#8243; background_size=&#8220;initial&#8220; background_position=&#8220;top_left&#8220; background_repeat=&#8220;repeat&#8220; width=&#8220;100%&#8220;][et_pb_column type=&#8220;4_4&#8243; _builder_version=&#8220;3.25&#8243; custom_padding=&#8220;|||&#8220; custom_padding__hover=&#8220;|||&#8220;][et_pb_divider color=&#8220;#D8D8D8&#8243; divider_position=&#8220;center&#8220; _builder_version=&#8220;4.7.4&#8243; _module_preset=&#8220;default&#8220;][\/et_pb_divider][et_pb_tabs module_class=&#8220;vertical-tabs2&#8243; _builder_version=&#8220;4.7.4&#8243; _module_preset=&#8220;default&#8220;][et_pb_tab title=&#8220;Beschreibung&#8220; _builder_version=&#8220;4.7.4&#8243; _module_preset=&#8220;default&#8220;]Mess- und Regulierungss\u00e4tze werden in verschiedenen Gr\u00f6\u00dfen hergestellt, und die Grundausstattung ist IAS K G-4. MRS K ist werkseitig mit Messingfittings best\u00fcckt, werkseitig auf Dichtheit gepr\u00fcft und einbaufertig.<\/p>\n<p>MRS K wird komplett mit D\u00fcbeln und Schrauben zur Wandmontage und einem elektrostatisch gesch\u00fctzten Schrank geliefert.<\/p>\n<p>Durchflussmesser sind mit einem Temperaturkompensator ausgestattet, um den Messfehler, der durch eine \u00c4nderung der Gastemperatur entsteht, zu eliminieren. Der Betriebsbereich des Temperaturkompensators reicht von -5 \u00b0C bis + 35 \u00b0C, in diesem Bereich werden die Temperaturen auf die Messtemperatur von + 15 \u00b0C reduziert.<\/p>\n<p>MRS K kann mit einem Durchflussmesser mit Magnetkarte geliefert werden, d.h. Mit Abonnement (IAS K PPM).[\/et_pb_tab][et_pb_tab title=&#8220;Montage und Installation&#8220; _builder_version=&#8220;4.7.4&#8243; _module_preset=&#8220;default&#8220;]Die Hauptelemente des Sets sind durch eine l\u00f6sbare Schraubverbindung verbunden, die eine einfache Demontage und Montage einzelner Elemente f\u00fcr regelm\u00e4\u00dfige Service- und Kontrollinspektionen erm\u00f6glicht.<\/p>\n<p>Das Set wird an der Innen- oder Au\u00dfenwand des Geb\u00e4udes montiert, die an einer Halterung befestigt wird, die an der Wand befestigt wird und durch einen Blechschrank gesch\u00fctzt wird, der ebenfalls an der Halterung befestigt ist. An den Schrankt\u00fcren befinden sich Bel\u00fcftungs\u00f6ffnungen. Der Schrank wird mit einem Schloss mit dreieckigem Schl\u00fcsselloch verschlossen.[\/et_pb_tab][et_pb_tab title=&#8220;Bestelldetails&#8220; _builder_version=&#8220;4.7.4&#8243; _module_preset=&#8220;default&#8220;]<\/p>\n<table>\n<tbody>\n<tr>\n<td>MRS K-Typ *<\/td>\n<td>G-2,5; G-4; G-6; G-10<\/td>\n<\/tr>\n<tr>\n<td>Ein- und Ausgangsport<\/td>\n<td>3\/4\u201d-3\/4\u201d; 3\/4\u201d-1\u201d; 1\u201d-1\u201d<\/td>\n<\/tr>\n<tr>\n<td>Eingangsdruck<\/td>\n<td>0,040 &#8211; 8,5 bar<\/td>\n<\/tr>\n<tr>\n<td>Ausgangsdruck<\/td>\n<td>9 &#8211; 140 mbar<\/td>\n<\/tr>\n<\/tbody>\n<\/table>\n<p class=\"p1\">* MRS K, Messger\u00e4t ohne Magnetkarte<br \/>* MRS K PPM, Magnetkartenz\u00e4hler<\/p>\n<p>[\/et_pb_tab][et_pb_tab title=&#8220;Technische Dokumentation&#8220; _builder_version=&#8220;4.7.4&#8243; _module_preset=&#8220;default&#8220;]<\/p>\n<ul class=\"documents-list\">\n<li><a href=\"http:\/\/fagas.ba\/fgs\/wp-content\/uploads\/2021\/01\/Catalogue-MRS-K.pdf\" target=\"_blank\" rel=\"noopener noreferrer\">Katalog<\/a><\/li>\n<\/ul>\n<p>[\/et_pb_tab][\/et_pb_tabs][et_pb_divider color=&#8220;#D8D8D8&#8243; divider_position=&#8220;center&#8220; _builder_version=&#8220;4.7.4&#8243; _module_preset=&#8220;default&#8220;][\/et_pb_divider][et_pb_wc_related_products posts_number=&#8220;4&#8243; columns_number=&#8220;4&#8243; admin_label=&#8220;Sli\u010dni proizvodi&#8220; _builder_version=&#8220;4.7.4&#8243;][\/et_pb_wc_related_products][\/et_pb_column][\/et_pb_row][\/et_pb_section]<\/p>\n","protected":false},"excerpt":{"rendered":"<p>Das Mess- und Regelset ist in erster Linie f\u00fcr Gas-Hausinstallationen bestimmt und dient der Verbrauchsmessung und Regulierung des Gasdrucks, der Absicherung der Verbraucherinstallation gegen das Auftreten von zu hohem oder zu niedrigem Druck, dh Gasverlust, Filterung und dielektrische Abschaltung der Hausinstallation aus der Verteilerleitung.<\/p>\n","protected":false},"featured_media":4378,"comment_status":"open","ping_status":"closed","template":"","meta":{"_et_pb_use_builder":"on","_et_pb_old_content":"Das Mess- und Regelset ist in erster Linie f\u00fcr Gas-Hausinstallationen bestimmt und dient der Verbrauchsmessung und Regulierung des Gasdrucks, der Absicherung der Verbraucherinstallation gegen das Auftreten von zu hohem oder zu niedrigem Druck, dh Gasverlust, Filterung und dielektrische Abschaltung der Hausinstallation aus der Verteilerleitung.","_et_gb_content_width":""},"product_cat":[404,403],"product_tag":[263,287],"yoast_head":"<!-- This site is optimized with the Yoast SEO plugin v20.12 - https:\/\/yoast.com\/wordpress\/plugins\/seo\/ -->\n<title>Regulatorische Messsets MRS - FAGAS<\/title>\n<meta name=\"robots\" content=\"index, follow, max-snippet:-1, max-image-preview:large, max-video-preview:-1\" \/>\n<link rel=\"canonical\" href=\"https:\/\/fagas.ba\/produkt\/regulaciono-mjerni-setovi-mrs\/\" \/>\n<meta property=\"og:locale\" content=\"de_DE\" \/>\n<meta property=\"og:type\" content=\"article\" \/>\n<meta property=\"og:title\" content=\"Regulatorische Messsets MRS - FAGAS\" \/>\n<meta property=\"og:description\" content=\"Das Mess- und Regelset ist in erster Linie f\u00fcr Gas-Hausinstallationen bestimmt und dient der Verbrauchsmessung und Regulierung des Gasdrucks, der Absicherung der Verbraucherinstallation gegen das Auftreten von zu hohem oder zu niedrigem Druck, dh Gasverlust, Filterung und dielektrische Abschaltung der Hausinstallation aus der Verteilerleitung.\" \/>\n<meta property=\"og:url\" content=\"https:\/\/fagas.ba\/produkt\/regulaciono-mjerni-setovi-mrs\/\" \/>\n<meta property=\"og:site_name\" content=\"FAGAS\" \/>\n<meta property=\"article:modified_time\" content=\"2021-11-25T11:33:01+00:00\" \/>\n<meta property=\"og:image\" content=\"https:\/\/fagas.ba\/fgs\/wp-content\/uploads\/2021\/01\/rms-2.jpg\" \/>\n\t<meta property=\"og:image:width\" content=\"640\" \/>\n\t<meta property=\"og:image:height\" content=\"399\" \/>\n\t<meta property=\"og:image:type\" content=\"image\/jpeg\" \/>\n<meta name=\"twitter:card\" content=\"summary_large_image\" \/>\n<meta name=\"twitter:label1\" content=\"Gesch\u00e4tzte Lesezeit\" \/>\n\t<meta name=\"twitter:data1\" content=\"3\u00a0Minuten\" \/>\n<script type=\"application\/ld+json\" class=\"yoast-schema-graph\">{\"@context\":\"https:\/\/schema.org\",\"@graph\":[{\"@type\":\"WebPage\",\"@id\":\"https:\/\/fagas.ba\/produkt\/regulaciono-mjerni-setovi-mrs\/\",\"url\":\"https:\/\/fagas.ba\/produkt\/regulaciono-mjerni-setovi-mrs\/\",\"name\":\"Regulatorische Messsets MRS - FAGAS\",\"isPartOf\":{\"@id\":\"https:\/\/fagas.ba\/en\/#website\"},\"datePublished\":\"2021-11-25T11:32:55+00:00\",\"dateModified\":\"2021-11-25T11:33:01+00:00\",\"breadcrumb\":{\"@id\":\"https:\/\/fagas.ba\/produkt\/regulaciono-mjerni-setovi-mrs\/#breadcrumb\"},\"inLanguage\":\"de\",\"potentialAction\":[{\"@type\":\"ReadAction\",\"target\":[\"https:\/\/fagas.ba\/produkt\/regulaciono-mjerni-setovi-mrs\/\"]}]},{\"@type\":\"BreadcrumbList\",\"@id\":\"https:\/\/fagas.ba\/produkt\/regulaciono-mjerni-setovi-mrs\/#breadcrumb\",\"itemListElement\":[{\"@type\":\"ListItem\",\"position\":1,\"name\":\"Home\",\"item\":\"https:\/\/fagas.ba\/\"},{\"@type\":\"ListItem\",\"position\":2,\"name\":\"Products\",\"item\":\"https:\/\/fagas.ba\/en\/shop\/\"},{\"@type\":\"ListItem\",\"position\":3,\"name\":\"Regulatorische Messsets MRS\"}]},{\"@type\":\"WebSite\",\"@id\":\"https:\/\/fagas.ba\/en\/#website\",\"url\":\"https:\/\/fagas.ba\/en\/\",\"name\":\"FAGAS\",\"description\":\"Projektovanje i proizvodnja gasne opreme\",\"potentialAction\":[{\"@type\":\"SearchAction\",\"target\":{\"@type\":\"EntryPoint\",\"urlTemplate\":\"https:\/\/fagas.ba\/en\/?s={search_term_string}\"},\"query-input\":\"required name=search_term_string\"}],\"inLanguage\":\"de\"}]}<\/script>\n<!-- \/ Yoast SEO plugin. -->","yoast_head_json":{"title":"Regulatorische Messsets MRS - FAGAS","robots":{"index":"index","follow":"follow","max-snippet":"max-snippet:-1","max-image-preview":"max-image-preview:large","max-video-preview":"max-video-preview:-1"},"canonical":"https:\/\/fagas.ba\/produkt\/regulaciono-mjerni-setovi-mrs\/","og_locale":"de_DE","og_type":"article","og_title":"Regulatorische Messsets MRS - FAGAS","og_description":"Das Mess- und Regelset ist in erster Linie f\u00fcr Gas-Hausinstallationen bestimmt und dient der Verbrauchsmessung und Regulierung des Gasdrucks, der Absicherung der Verbraucherinstallation gegen das Auftreten von zu hohem oder zu niedrigem Druck, dh Gasverlust, Filterung und dielektrische Abschaltung der Hausinstallation aus der Verteilerleitung.","og_url":"https:\/\/fagas.ba\/produkt\/regulaciono-mjerni-setovi-mrs\/","og_site_name":"FAGAS","article_modified_time":"2021-11-25T11:33:01+00:00","og_image":[{"width":640,"height":399,"url":"https:\/\/fagas.ba\/fgs\/wp-content\/uploads\/2021\/01\/rms-2.jpg","type":"image\/jpeg"}],"twitter_card":"summary_large_image","twitter_misc":{"Gesch\u00e4tzte Lesezeit":"3\u00a0Minuten"},"schema":{"@context":"https:\/\/schema.org","@graph":[{"@type":"WebPage","@id":"https:\/\/fagas.ba\/produkt\/regulaciono-mjerni-setovi-mrs\/","url":"https:\/\/fagas.ba\/produkt\/regulaciono-mjerni-setovi-mrs\/","name":"Regulatorische Messsets MRS - FAGAS","isPartOf":{"@id":"https:\/\/fagas.ba\/en\/#website"},"datePublished":"2021-11-25T11:32:55+00:00","dateModified":"2021-11-25T11:33:01+00:00","breadcrumb":{"@id":"https:\/\/fagas.ba\/produkt\/regulaciono-mjerni-setovi-mrs\/#breadcrumb"},"inLanguage":"de","potentialAction":[{"@type":"ReadAction","target":["https:\/\/fagas.ba\/produkt\/regulaciono-mjerni-setovi-mrs\/"]}]},{"@type":"BreadcrumbList","@id":"https:\/\/fagas.ba\/produkt\/regulaciono-mjerni-setovi-mrs\/#breadcrumb","itemListElement":[{"@type":"ListItem","position":1,"name":"Home","item":"https:\/\/fagas.ba\/"},{"@type":"ListItem","position":2,"name":"Products","item":"https:\/\/fagas.ba\/en\/shop\/"},{"@type":"ListItem","position":3,"name":"Regulatorische Messsets MRS"}]},{"@type":"WebSite","@id":"https:\/\/fagas.ba\/en\/#website","url":"https:\/\/fagas.ba\/en\/","name":"FAGAS","description":"Projektovanje i proizvodnja gasne opreme","potentialAction":[{"@type":"SearchAction","target":{"@type":"EntryPoint","urlTemplate":"https:\/\/fagas.ba\/en\/?s={search_term_string}"},"query-input":"required name=search_term_string"}],"inLanguage":"de"}]}},"_links":{"self":[{"href":"https:\/\/fagas.ba\/de\/wp-json\/wp\/v2\/product\/5350"}],"collection":[{"href":"https:\/\/fagas.ba\/de\/wp-json\/wp\/v2\/product"}],"about":[{"href":"https:\/\/fagas.ba\/de\/wp-json\/wp\/v2\/types\/product"}],"replies":[{"embeddable":true,"href":"https:\/\/fagas.ba\/de\/wp-json\/wp\/v2\/comments?post=5350"}],"wp:featuredmedia":[{"embeddable":true,"href":"https:\/\/fagas.ba\/de\/wp-json\/wp\/v2\/media\/4378"}],"wp:attachment":[{"href":"https:\/\/fagas.ba\/de\/wp-json\/wp\/v2\/media?parent=5350"}],"wp:term":[{"taxonomy":"product_cat","embeddable":true,"href":"https:\/\/fagas.ba\/de\/wp-json\/wp\/v2\/product_cat?post=5350"},{"taxonomy":"product_tag","embeddable":true,"href":"https:\/\/fagas.ba\/de\/wp-json\/wp\/v2\/product_tag?post=5350"}],"curies":[{"name":"wp","href":"https:\/\/api.w.org\/{rel}","templated":true}]}}