{"id":5348,"date":"2021-11-25T11:25:51","date_gmt":"2021-11-25T11:25:51","guid":{"rendered":"https:\/\/fagas.ba\/product\/grms\/"},"modified":"2021-11-25T11:25:55","modified_gmt":"2021-11-25T11:25:55","slug":"grms","status":"publish","type":"product","link":"https:\/\/fagas.ba\/de\/produkt\/grms\/","title":{"rendered":"GRMS"},"content":{"rendered":"<p>[et_pb_section fb_built=&#8220;1&#8243; _builder_version=&#8220;3.22&#8243; custom_padding=&#8220;0px||||false|false&#8220; da_disable_devices=&#8220;off|off|off&#8220; da_is_popup=&#8220;off&#8220; da_exit_intent=&#8220;off&#8220; da_has_close=&#8220;on&#8220; da_alt_close=&#8220;off&#8220; da_dark_close=&#8220;off&#8220; da_not_modal=&#8220;on&#8220; da_is_singular=&#8220;off&#8220; da_with_loader=&#8220;off&#8220; da_has_shadow=&#8220;on&#8220;][et_pb_row _builder_version=&#8220;3.25&#8243; background_size=&#8220;initial&#8220; background_position=&#8220;top_left&#8220; background_repeat=&#8220;repeat&#8220; width=&#8220;100%&#8220; custom_padding=&#8220;0px||0px||false|false&#8220;][et_pb_column type=&#8220;4_4&#8243; _builder_version=&#8220;3.25&#8243; custom_padding=&#8220;|||&#8220; custom_padding__hover=&#8220;|||&#8220;][et_pb_wc_breadcrumb admin_label=&#8220;Woo Breadcrumb&#8220; _builder_version=&#8220;3.0.47&#8243;][\/et_pb_wc_breadcrumb][\/et_pb_column][\/et_pb_row][et_pb_row column_structure=&#8220;1_2,1_2&#8243; _builder_version=&#8220;3.25&#8243; background_size=&#8220;initial&#8220; background_position=&#8220;top_left&#8220; background_repeat=&#8220;repeat&#8220; width=&#8220;100%&#8220; custom_padding=&#8220;0px||||false|false&#8220;][et_pb_column type=&#8220;1_2&#8243; _builder_version=&#8220;3.25&#8243; custom_padding=&#8220;|||&#8220; custom_padding__hover=&#8220;|||&#8220;][et_pb_wc_images _builder_version=&#8220;4.7.4&#8243; _module_preset=&#8220;default&#8220;][\/et_pb_wc_images][\/et_pb_column][et_pb_column type=&#8220;1_2&#8243; _builder_version=&#8220;3.25&#8243; custom_padding=&#8220;|||&#8220; custom_padding__hover=&#8220;|||&#8220;][et_pb_wc_title _builder_version=&#8220;3.0.47&#8243;][\/et_pb_wc_title][et_pb_wc_description _builder_version=&#8220;3.0.47&#8243;][\/et_pb_wc_description][et_pb_wc_meta _builder_version=&#8220;3.0.47&#8243;][\/et_pb_wc_meta][\/et_pb_column][\/et_pb_row][et_pb_row _builder_version=&#8220;3.25&#8243; background_size=&#8220;initial&#8220; background_position=&#8220;top_left&#8220; background_repeat=&#8220;repeat&#8220; width=&#8220;100%&#8220;][et_pb_column type=&#8220;4_4&#8243; _builder_version=&#8220;3.25&#8243; custom_padding=&#8220;|||&#8220; custom_padding__hover=&#8220;|||&#8220;][et_pb_divider color=&#8220;#D8D8D8&#8243; divider_position=&#8220;center&#8220; _builder_version=&#8220;4.7.4&#8243; _module_preset=&#8220;default&#8220;][\/et_pb_divider][et_pb_tabs module_class=&#8220;vertical-tabs2&#8243; _builder_version=&#8220;4.7.4&#8243; _module_preset=&#8220;default&#8220; hover_enabled=&#8220;0&#8243; sticky_enabled=&#8220;0&#8243;][et_pb_tab title=&#8220;Beschreibung&#8220; _builder_version=&#8220;4.7.4&#8243; _module_preset=&#8220;default&#8220;]<\/p>\n<p>Wir installieren Tankstellen in gemauerten Geb\u00e4uden, freistehend oder mit einem gegen Witterungseinfl\u00fcsse resistenten Schutzhaus.<\/p>\n<p>Alle Tankstellen, unabh\u00e4ngig von Kapazit\u00e4t und Druck, sind nahezu ger\u00e4uschlos. Dies ist besonders wichtig, da es m\u00f6glich ist, Hochleistungstankstellen, in denen ein AFV-Regler installiert ist, in der N\u00e4he von besiedelten Gebieten oder in der N\u00e4he von Industrieanlagen zu installieren.<\/p>\n<p>Tankstellen bestehen normalerweise aus folgenden Teilen:<\/p>\n<\/p>\n<ul class=\"stup-list\">\n<li>Gasfilter<\/li>\n<li>Gasdruckregler<\/li>\n<li>Gasmengenmesser<\/li>\n<\/ul>\n<p>[\/et_pb_tab][et_pb_tab title=&#8220;Installation und Inbetriebnahme&#8220; _builder_version=&#8220;4.7.4&#8243; _module_preset=&#8220;default&#8220;]<\/p>\n<p class=\"p1\">Tankstellen werden komplett in unserer Werkstatt gefertigt und im Rahmen des Transports zum Montageort transportiert. Nach der Installation am vorgesehenen Ort werden die Anschl\u00fcsse f\u00fcr die Bestrahlung und die erneute Dichtheitspr\u00fcfung hergestellt, um festzustellen, dass beim Transport keine Sch\u00e4den oder Undichtigkeiten aufgetreten sind.<\/p>\n<p class=\"p1\">Der Anschluss an die Versorgungs- und Abgasleitung erfolgt nach Abschluss aller Arbeiten an der Station.<\/p>\n<p>[\/et_pb_tab][et_pb_tab title=&#8220;Sonstiges Tankstellenzubeh\u00f6r&#8220; _builder_version=&#8220;4.7.4&#8243; _module_preset=&#8220;default&#8220;]<\/p>\n<ul>\n<li>Blechschutzbox<\/li>\n<li>Drucktransmitter<\/li>\n<li>Temperatur-Transmitter<\/li>\n<li>Odoriermittel<\/li>\n<li>Beleuchtung<\/li>\n<\/ul>\n<p>[\/et_pb_tab][\/et_pb_tabs][et_pb_divider color=&#8220;#D8D8D8&#8243; divider_position=&#8220;center&#8220; _builder_version=&#8220;4.7.4&#8243; _module_preset=&#8220;default&#8220;][\/et_pb_divider][et_pb_wc_related_products posts_number=&#8220;4&#8243; columns_number=&#8220;4&#8243; admin_label=&#8220;Sli\u010dni proizvodi&#8220; _builder_version=&#8220;4.7.4&#8243;][\/et_pb_wc_related_products][\/et_pb_column][\/et_pb_row][\/et_pb_section]<\/p>\n","protected":false},"excerpt":{"rendered":"<p>UNIS FAGAS Anlage, fertig, zum Verkauf installiert und nicht im Betrieb verf\u00fcgbar: f\u00fcr alle gasgef\u00fcllten Fl\u00fcssigkeiten, f\u00fcr alle Dr\u00fccke, f\u00fcr alle Str\u00f6mungen. Laden Sie die technische Dokumentation im pdf-Format herunter.<\/p>\n","protected":false},"featured_media":4382,"comment_status":"open","ping_status":"closed","template":"","meta":{"_et_pb_use_builder":"on","_et_pb_old_content":"UNIS FAGAS plant, fertigt, installiert vor Ort und nimmt Tankstellen in Betrieb: f\u00fcr alle gasf\u00f6rmigen Fl\u00fcssigkeiten, f\u00fcr alle Dr\u00fccke, f\u00fcr alle Str\u00f6mungen. Laden Sie die technische Dokumentation im pdf-Format herunter.","_et_gb_content_width":""},"product_cat":[315,313],"product_tag":[208,211],"yoast_head":"<!-- This site is optimized with the Yoast SEO plugin v20.12 - https:\/\/yoast.com\/wordpress\/plugins\/seo\/ -->\n<title>GRMS - FAGAS<\/title>\n<meta name=\"robots\" content=\"index, follow, max-snippet:-1, max-image-preview:large, max-video-preview:-1\" \/>\n<link rel=\"canonical\" href=\"https:\/\/fagas.ba\/produkt\/grms\/\" \/>\n<meta property=\"og:locale\" content=\"de_DE\" \/>\n<meta property=\"og:type\" content=\"article\" \/>\n<meta property=\"og:title\" content=\"GRMS - FAGAS\" \/>\n<meta property=\"og:description\" content=\"UNIS FAGAS Anlage, fertig, zum Verkauf installiert und nicht im Betrieb verf\u00fcgbar: f\u00fcr alle gasgef\u00fcllten Fl\u00fcssigkeiten, f\u00fcr alle Dr\u00fccke, f\u00fcr alle Str\u00f6mungen. Laden Sie die technische Dokumentation im pdf-Format herunter.\" \/>\n<meta property=\"og:url\" content=\"https:\/\/fagas.ba\/produkt\/grms\/\" \/>\n<meta property=\"og:site_name\" content=\"FAGAS\" \/>\n<meta property=\"article:modified_time\" content=\"2021-11-25T11:25:55+00:00\" \/>\n<meta property=\"og:image\" content=\"https:\/\/fagas.ba\/fgs\/wp-content\/uploads\/2021\/01\/grms-1.jpg\" \/>\n\t<meta property=\"og:image:width\" content=\"640\" \/>\n\t<meta property=\"og:image:height\" content=\"399\" \/>\n\t<meta property=\"og:image:type\" content=\"image\/jpeg\" \/>\n<meta name=\"twitter:card\" content=\"summary_large_image\" \/>\n<meta name=\"twitter:label1\" content=\"Gesch\u00e4tzte Lesezeit\" \/>\n\t<meta name=\"twitter:data1\" content=\"2\u00a0Minuten\" \/>\n<script type=\"application\/ld+json\" class=\"yoast-schema-graph\">{\"@context\":\"https:\/\/schema.org\",\"@graph\":[{\"@type\":\"WebPage\",\"@id\":\"https:\/\/fagas.ba\/produkt\/grms\/\",\"url\":\"https:\/\/fagas.ba\/produkt\/grms\/\",\"name\":\"GRMS - FAGAS\",\"isPartOf\":{\"@id\":\"https:\/\/fagas.ba\/en\/#website\"},\"datePublished\":\"2021-11-25T11:25:51+00:00\",\"dateModified\":\"2021-11-25T11:25:55+00:00\",\"breadcrumb\":{\"@id\":\"https:\/\/fagas.ba\/produkt\/grms\/#breadcrumb\"},\"inLanguage\":\"de\",\"potentialAction\":[{\"@type\":\"ReadAction\",\"target\":[\"https:\/\/fagas.ba\/produkt\/grms\/\"]}]},{\"@type\":\"BreadcrumbList\",\"@id\":\"https:\/\/fagas.ba\/produkt\/grms\/#breadcrumb\",\"itemListElement\":[{\"@type\":\"ListItem\",\"position\":1,\"name\":\"Home\",\"item\":\"https:\/\/fagas.ba\/\"},{\"@type\":\"ListItem\",\"position\":2,\"name\":\"Products\",\"item\":\"https:\/\/fagas.ba\/en\/shop\/\"},{\"@type\":\"ListItem\",\"position\":3,\"name\":\"GRMS\"}]},{\"@type\":\"WebSite\",\"@id\":\"https:\/\/fagas.ba\/en\/#website\",\"url\":\"https:\/\/fagas.ba\/en\/\",\"name\":\"FAGAS\",\"description\":\"Projektovanje i proizvodnja gasne opreme\",\"potentialAction\":[{\"@type\":\"SearchAction\",\"target\":{\"@type\":\"EntryPoint\",\"urlTemplate\":\"https:\/\/fagas.ba\/en\/?s={search_term_string}\"},\"query-input\":\"required name=search_term_string\"}],\"inLanguage\":\"de\"}]}<\/script>\n<!-- \/ Yoast SEO plugin. -->","yoast_head_json":{"title":"GRMS - FAGAS","robots":{"index":"index","follow":"follow","max-snippet":"max-snippet:-1","max-image-preview":"max-image-preview:large","max-video-preview":"max-video-preview:-1"},"canonical":"https:\/\/fagas.ba\/produkt\/grms\/","og_locale":"de_DE","og_type":"article","og_title":"GRMS - FAGAS","og_description":"UNIS FAGAS Anlage, fertig, zum Verkauf installiert und nicht im Betrieb verf\u00fcgbar: f\u00fcr alle gasgef\u00fcllten Fl\u00fcssigkeiten, f\u00fcr alle Dr\u00fccke, f\u00fcr alle Str\u00f6mungen. Laden Sie die technische Dokumentation im pdf-Format herunter.","og_url":"https:\/\/fagas.ba\/produkt\/grms\/","og_site_name":"FAGAS","article_modified_time":"2021-11-25T11:25:55+00:00","og_image":[{"width":640,"height":399,"url":"https:\/\/fagas.ba\/fgs\/wp-content\/uploads\/2021\/01\/grms-1.jpg","type":"image\/jpeg"}],"twitter_card":"summary_large_image","twitter_misc":{"Gesch\u00e4tzte Lesezeit":"2\u00a0Minuten"},"schema":{"@context":"https:\/\/schema.org","@graph":[{"@type":"WebPage","@id":"https:\/\/fagas.ba\/produkt\/grms\/","url":"https:\/\/fagas.ba\/produkt\/grms\/","name":"GRMS - FAGAS","isPartOf":{"@id":"https:\/\/fagas.ba\/en\/#website"},"datePublished":"2021-11-25T11:25:51+00:00","dateModified":"2021-11-25T11:25:55+00:00","breadcrumb":{"@id":"https:\/\/fagas.ba\/produkt\/grms\/#breadcrumb"},"inLanguage":"de","potentialAction":[{"@type":"ReadAction","target":["https:\/\/fagas.ba\/produkt\/grms\/"]}]},{"@type":"BreadcrumbList","@id":"https:\/\/fagas.ba\/produkt\/grms\/#breadcrumb","itemListElement":[{"@type":"ListItem","position":1,"name":"Home","item":"https:\/\/fagas.ba\/"},{"@type":"ListItem","position":2,"name":"Products","item":"https:\/\/fagas.ba\/en\/shop\/"},{"@type":"ListItem","position":3,"name":"GRMS"}]},{"@type":"WebSite","@id":"https:\/\/fagas.ba\/en\/#website","url":"https:\/\/fagas.ba\/en\/","name":"FAGAS","description":"Projektovanje i proizvodnja gasne opreme","potentialAction":[{"@type":"SearchAction","target":{"@type":"EntryPoint","urlTemplate":"https:\/\/fagas.ba\/en\/?s={search_term_string}"},"query-input":"required name=search_term_string"}],"inLanguage":"de"}]}},"_links":{"self":[{"href":"https:\/\/fagas.ba\/de\/wp-json\/wp\/v2\/product\/5348"}],"collection":[{"href":"https:\/\/fagas.ba\/de\/wp-json\/wp\/v2\/product"}],"about":[{"href":"https:\/\/fagas.ba\/de\/wp-json\/wp\/v2\/types\/product"}],"replies":[{"embeddable":true,"href":"https:\/\/fagas.ba\/de\/wp-json\/wp\/v2\/comments?post=5348"}],"wp:featuredmedia":[{"embeddable":true,"href":"https:\/\/fagas.ba\/de\/wp-json\/wp\/v2\/media\/4382"}],"wp:attachment":[{"href":"https:\/\/fagas.ba\/de\/wp-json\/wp\/v2\/media?parent=5348"}],"wp:term":[{"taxonomy":"product_cat","embeddable":true,"href":"https:\/\/fagas.ba\/de\/wp-json\/wp\/v2\/product_cat?post=5348"},{"taxonomy":"product_tag","embeddable":true,"href":"https:\/\/fagas.ba\/de\/wp-json\/wp\/v2\/product_tag?post=5348"}],"curies":[{"name":"wp","href":"https:\/\/api.w.org\/{rel}","templated":true}]}}