{"id":5338,"date":"2021-11-25T11:04:46","date_gmt":"2021-11-25T11:04:46","guid":{"rendered":"https:\/\/fagas.ba\/product\/niederdruckregler-j42\/"},"modified":"2021-11-25T11:05:01","modified_gmt":"2021-11-25T11:05:01","slug":"niederdruckregler-j42","status":"publish","type":"product","link":"https:\/\/fagas.ba\/de\/produkt\/niederdruckregler-j42\/","title":{"rendered":"Niederdruckregler J42"},"content":{"rendered":"<p>[et_pb_section fb_built=&#8220;1&#8243; _builder_version=&#8220;3.22&#8243; custom_padding=&#8220;0px||||false|false&#8220;][et_pb_row _builder_version=&#8220;3.25&#8243; background_size=&#8220;initial&#8220; background_position=&#8220;top_left&#8220; background_repeat=&#8220;repeat&#8220; width=&#8220;100%&#8220; custom_padding=&#8220;0px||0px||false|false&#8220;][et_pb_column type=&#8220;4_4&#8243; _builder_version=&#8220;3.25&#8243; custom_padding=&#8220;|||&#8220; custom_padding__hover=&#8220;|||&#8220;][et_pb_wc_breadcrumb admin_label=&#8220;Woo Breadcrumb&#8220; _builder_version=&#8220;3.0.47&#8243;][\/et_pb_wc_breadcrumb][\/et_pb_column][\/et_pb_row][et_pb_row column_structure=&#8220;1_2,1_2&#8243; _builder_version=&#8220;3.25&#8243; background_size=&#8220;initial&#8220; background_position=&#8220;top_left&#8220; background_repeat=&#8220;repeat&#8220; width=&#8220;100%&#8220; custom_padding=&#8220;0px||||false|false&#8220;][et_pb_column type=&#8220;1_2&#8243; _builder_version=&#8220;3.25&#8243; custom_padding=&#8220;|||&#8220; custom_padding__hover=&#8220;|||&#8220;][et_pb_wc_images _builder_version=&#8220;4.7.4&#8243; _module_preset=&#8220;default&#8220;][\/et_pb_wc_images][\/et_pb_column][et_pb_column type=&#8220;1_2&#8243; _builder_version=&#8220;3.25&#8243; custom_padding=&#8220;|||&#8220; custom_padding__hover=&#8220;|||&#8220;][et_pb_wc_title _builder_version=&#8220;3.0.47&#8243;][\/et_pb_wc_title][et_pb_wc_description _builder_version=&#8220;3.0.47&#8243;][\/et_pb_wc_description][et_pb_wc_meta _builder_version=&#8220;3.0.47&#8243;][\/et_pb_wc_meta][\/et_pb_column][\/et_pb_row][et_pb_row _builder_version=&#8220;3.25&#8243; background_size=&#8220;initial&#8220; background_position=&#8220;top_left&#8220; background_repeat=&#8220;repeat&#8220; width=&#8220;100%&#8220;][et_pb_column type=&#8220;4_4&#8243; _builder_version=&#8220;3.25&#8243; custom_padding=&#8220;|||&#8220; custom_padding__hover=&#8220;|||&#8220;][et_pb_divider color=&#8220;#D8D8D8&#8243; divider_position=&#8220;center&#8220; _builder_version=&#8220;4.7.4&#8243; _module_preset=&#8220;default&#8220;][\/et_pb_divider][et_pb_tabs module_class=&#8220;vertical-tabs2&#8243; _builder_version=&#8220;4.7.4&#8243; _module_preset=&#8220;default&#8220;][et_pb_tab title=&#8220;Technische Daten&#8220; _builder_version=&#8220;4.7.4&#8243; _module_preset=&#8220;default&#8220;]<\/p>\n<ul class=\"tech-data-list\">\n<li class=\"p1\">\n<p class=\"p1\">Gr\u00f6\u00dfen: 3\/4 &#8222;x 3\/4&#8220; und 3\/4 &#8222;x 1&#8220;<\/p>\n<\/li>\n<li class=\"p1\">\n<p class=\"p1\">Eingangsdruck bis 350 mbar<\/p>\n<\/li>\n<li class=\"p1\">\n<p class=\"p1\">Eingangsdruck f\u00fcr PRS3 = 75 mbar<\/p>\n<\/li>\n<li class=\"p1\">\n<p class=\"p1\">Ausgangsdruck nach Bedarf eingestellt<\/p>\n<\/li>\n<li class=\"p1\">\n<p class=\"p1\">Temperaturbereich -20\u00b0C bis +70\u00b0C<\/p>\n<\/li>\n<\/ul>\n<p>[\/et_pb_tab][et_pb_tab title=&#8220;Technische Dokumentation&#8220; _builder_version=&#8220;4.7.4&#8243; _module_preset=&#8220;default&#8220;]<\/p>\n<ul class=\"documents-list\">\n<li><a href=\"http:\/\/fagas.ba\/fgs\/wp-content\/uploads\/2021\/01\/J421EN05.pdf\" target=\"_blank\" rel=\"noopener noreferrer\">Katalog<\/a><\/li>\n<\/ul>\n<p>[\/et_pb_tab][\/et_pb_tabs][et_pb_divider color=&#8220;#D8D8D8&#8243; divider_position=&#8220;center&#8220; _builder_version=&#8220;4.7.4&#8243; _module_preset=&#8220;default&#8220;][\/et_pb_divider][et_pb_wc_related_products posts_number=&#8220;4&#8243; columns_number=&#8220;4&#8243; admin_label=&#8220;Sli\u010dni proizvodi&#8220; _builder_version=&#8220;4.7.4&#8243;][\/et_pb_wc_related_products][\/et_pb_column][\/et_pb_row][\/et_pb_section]<\/p>\n","protected":false},"excerpt":{"rendered":"<p>Der J42 ist ein Winkelregler f\u00fcr Niederdruck-Haushaltsz\u00e4hler mit einem Eingangsdruck von bis zu 350 mbar. Es nutzt bew\u00e4hrte Prinzipien der Regeldynamik zusammen mit modernen Montagetechniken, um einen Regler zu produzieren, der hervorragende Leistung in einer kompakten, kosteng\u00fcnstigen und wartungsfreien Einheit bietet.<\/p>\n<p>Der J42-Z\u00e4hlerservicecontroller erf\u00fcllt die Standards der britischen Gasspezifikation PRS3 und der niederl\u00e4ndischen Gastec-Zulassung Nr.11. Es verf\u00fcgt \u00fcber volle Verriegelungsf\u00e4higkeit und ist mit oder ohne eingebautem Integral (UPCO) erh\u00e4ltlich. Die UPCO-Version verf\u00fcgt \u00fcber einen automatischen Reset, der die Stromversorgung je nach Systemintegrit\u00e4t wiederherstellt. Es kann in vertikaler oder horizontaler Ausrichtung montiert werden und ist f\u00fcr den Einsatz mit nat\u00fcrlichem, fl\u00fcssigem \u00d6l und produzierten Gasen geeignet.<\/p>\n","protected":false},"featured_media":4043,"comment_status":"open","ping_status":"closed","template":"","meta":{"_et_pb_use_builder":"on","_et_pb_old_content":"Der J42 ist ein Winkelregler f\u00fcr Niederdruck-Haushaltsz\u00e4hler mit einem Eingangsdruck von bis zu 350 mbar. Es nutzt bew\u00e4hrte Prinzipien der Regeldynamik zusammen mit modernen Montagetechniken, um einen Regler zu produzieren, der hervorragende Leistung in einer kompakten, kosteng\u00fcnstigen und wartungsfreien Einheit bietet.\n\nDer J42-Z\u00e4hlerservicecontroller erf\u00fcllt die Standards der britischen Gasspezifikation PRS3 und der niederl\u00e4ndischen Gastec-Zulassung Nr.11. Es verf\u00fcgt \u00fcber volle Verriegelungsf\u00e4higkeit und ist mit oder ohne eingebautem Integral (UPCO) erh\u00e4ltlich. Die UPCO-Version verf\u00fcgt \u00fcber einen automatischen Reset, der die Stromversorgung je nach Systemintegrit\u00e4t wiederherstellt. Es kann in vertikaler oder horizontaler Ausrichtung montiert werden und ist f\u00fcr den Einsatz mit nat\u00fcrlichem, fl\u00fcssigem \u00d6l und produzierten Gasen geeignet.","_et_gb_content_width":""},"product_cat":[359,321,361],"product_tag":[267,213,273],"yoast_head":"<!-- This site is optimized with the Yoast SEO plugin v20.12 - https:\/\/yoast.com\/wordpress\/plugins\/seo\/ -->\n<title>Niederdruckregler J42 - FAGAS<\/title>\n<meta name=\"robots\" content=\"index, follow, max-snippet:-1, max-image-preview:large, max-video-preview:-1\" \/>\n<link rel=\"canonical\" href=\"https:\/\/fagas.ba\/produkt\/regulator-niskog-pritiska-j42\/\" \/>\n<meta property=\"og:locale\" content=\"de_DE\" \/>\n<meta property=\"og:type\" content=\"article\" \/>\n<meta property=\"og:title\" content=\"Niederdruckregler J42 - FAGAS\" \/>\n<meta property=\"og:description\" content=\"Der J42 ist ein Winkelregler f\u00fcr Niederdruck-Haushaltsz\u00e4hler mit einem Eingangsdruck von bis zu 350 mbar. Es nutzt bew\u00e4hrte Prinzipien der Regeldynamik zusammen mit modernen Montagetechniken, um einen Regler zu produzieren, der hervorragende Leistung in einer kompakten, kosteng\u00fcnstigen und wartungsfreien Einheit bietet. Der J42-Z\u00e4hlerservicecontroller erf\u00fcllt die Standards der britischen Gasspezifikation PRS3 und der niederl\u00e4ndischen Gastec-Zulassung Nr.11. Es verf\u00fcgt \u00fcber volle Verriegelungsf\u00e4higkeit und ist mit oder ohne eingebautem Integral (UPCO) erh\u00e4ltlich. Die UPCO-Version verf\u00fcgt \u00fcber einen automatischen Reset, der die Stromversorgung je nach Systemintegrit\u00e4t wiederherstellt. Es kann in vertikaler oder horizontaler Ausrichtung montiert werden und ist f\u00fcr den Einsatz mit nat\u00fcrlichem, fl\u00fcssigem \u00d6l und produzierten Gasen geeignet.\" \/>\n<meta property=\"og:url\" content=\"https:\/\/fagas.ba\/produkt\/regulator-niskog-pritiska-j42\/\" \/>\n<meta property=\"og:site_name\" content=\"FAGAS\" \/>\n<meta property=\"article:modified_time\" content=\"2021-11-25T11:05:01+00:00\" \/>\n<meta property=\"og:image\" content=\"https:\/\/fagas.ba\/fgs\/wp-content\/uploads\/2021\/01\/j42.jpg\" \/>\n\t<meta property=\"og:image:width\" content=\"640\" \/>\n\t<meta property=\"og:image:height\" content=\"399\" \/>\n\t<meta property=\"og:image:type\" content=\"image\/jpeg\" \/>\n<meta name=\"twitter:card\" content=\"summary_large_image\" \/>\n<meta name=\"twitter:label1\" content=\"Gesch\u00e4tzte Lesezeit\" \/>\n\t<meta name=\"twitter:data1\" content=\"2\u00a0Minuten\" \/>\n<script type=\"application\/ld+json\" class=\"yoast-schema-graph\">{\"@context\":\"https:\/\/schema.org\",\"@graph\":[{\"@type\":\"WebPage\",\"@id\":\"https:\/\/fagas.ba\/produkt\/regulator-niskog-pritiska-j42\/\",\"url\":\"https:\/\/fagas.ba\/produkt\/regulator-niskog-pritiska-j42\/\",\"name\":\"Niederdruckregler J42 - FAGAS\",\"isPartOf\":{\"@id\":\"https:\/\/fagas.ba\/en\/#website\"},\"datePublished\":\"2021-11-25T11:04:46+00:00\",\"dateModified\":\"2021-11-25T11:05:01+00:00\",\"breadcrumb\":{\"@id\":\"https:\/\/fagas.ba\/produkt\/regulator-niskog-pritiska-j42\/#breadcrumb\"},\"inLanguage\":\"de\",\"potentialAction\":[{\"@type\":\"ReadAction\",\"target\":[\"https:\/\/fagas.ba\/produkt\/regulator-niskog-pritiska-j42\/\"]}]},{\"@type\":\"BreadcrumbList\",\"@id\":\"https:\/\/fagas.ba\/produkt\/regulator-niskog-pritiska-j42\/#breadcrumb\",\"itemListElement\":[{\"@type\":\"ListItem\",\"position\":1,\"name\":\"Home\",\"item\":\"https:\/\/fagas.ba\/\"},{\"@type\":\"ListItem\",\"position\":2,\"name\":\"Products\",\"item\":\"https:\/\/fagas.ba\/en\/shop\/\"},{\"@type\":\"ListItem\",\"position\":3,\"name\":\"Niederdruckregler J42\"}]},{\"@type\":\"WebSite\",\"@id\":\"https:\/\/fagas.ba\/en\/#website\",\"url\":\"https:\/\/fagas.ba\/en\/\",\"name\":\"FAGAS\",\"description\":\"Projektovanje i proizvodnja gasne opreme\",\"potentialAction\":[{\"@type\":\"SearchAction\",\"target\":{\"@type\":\"EntryPoint\",\"urlTemplate\":\"https:\/\/fagas.ba\/en\/?s={search_term_string}\"},\"query-input\":\"required name=search_term_string\"}],\"inLanguage\":\"de\"}]}<\/script>\n<!-- \/ Yoast SEO plugin. -->","yoast_head_json":{"title":"Niederdruckregler J42 - FAGAS","robots":{"index":"index","follow":"follow","max-snippet":"max-snippet:-1","max-image-preview":"max-image-preview:large","max-video-preview":"max-video-preview:-1"},"canonical":"https:\/\/fagas.ba\/produkt\/regulator-niskog-pritiska-j42\/","og_locale":"de_DE","og_type":"article","og_title":"Niederdruckregler J42 - FAGAS","og_description":"Der J42 ist ein Winkelregler f\u00fcr Niederdruck-Haushaltsz\u00e4hler mit einem Eingangsdruck von bis zu 350 mbar. Es nutzt bew\u00e4hrte Prinzipien der Regeldynamik zusammen mit modernen Montagetechniken, um einen Regler zu produzieren, der hervorragende Leistung in einer kompakten, kosteng\u00fcnstigen und wartungsfreien Einheit bietet. Der J42-Z\u00e4hlerservicecontroller erf\u00fcllt die Standards der britischen Gasspezifikation PRS3 und der niederl\u00e4ndischen Gastec-Zulassung Nr.11. Es verf\u00fcgt \u00fcber volle Verriegelungsf\u00e4higkeit und ist mit oder ohne eingebautem Integral (UPCO) erh\u00e4ltlich. Die UPCO-Version verf\u00fcgt \u00fcber einen automatischen Reset, der die Stromversorgung je nach Systemintegrit\u00e4t wiederherstellt. Es kann in vertikaler oder horizontaler Ausrichtung montiert werden und ist f\u00fcr den Einsatz mit nat\u00fcrlichem, fl\u00fcssigem \u00d6l und produzierten Gasen geeignet.","og_url":"https:\/\/fagas.ba\/produkt\/regulator-niskog-pritiska-j42\/","og_site_name":"FAGAS","article_modified_time":"2021-11-25T11:05:01+00:00","og_image":[{"width":640,"height":399,"url":"https:\/\/fagas.ba\/fgs\/wp-content\/uploads\/2021\/01\/j42.jpg","type":"image\/jpeg"}],"twitter_card":"summary_large_image","twitter_misc":{"Gesch\u00e4tzte Lesezeit":"2\u00a0Minuten"},"schema":{"@context":"https:\/\/schema.org","@graph":[{"@type":"WebPage","@id":"https:\/\/fagas.ba\/produkt\/regulator-niskog-pritiska-j42\/","url":"https:\/\/fagas.ba\/produkt\/regulator-niskog-pritiska-j42\/","name":"Niederdruckregler J42 - FAGAS","isPartOf":{"@id":"https:\/\/fagas.ba\/en\/#website"},"datePublished":"2021-11-25T11:04:46+00:00","dateModified":"2021-11-25T11:05:01+00:00","breadcrumb":{"@id":"https:\/\/fagas.ba\/produkt\/regulator-niskog-pritiska-j42\/#breadcrumb"},"inLanguage":"de","potentialAction":[{"@type":"ReadAction","target":["https:\/\/fagas.ba\/produkt\/regulator-niskog-pritiska-j42\/"]}]},{"@type":"BreadcrumbList","@id":"https:\/\/fagas.ba\/produkt\/regulator-niskog-pritiska-j42\/#breadcrumb","itemListElement":[{"@type":"ListItem","position":1,"name":"Home","item":"https:\/\/fagas.ba\/"},{"@type":"ListItem","position":2,"name":"Products","item":"https:\/\/fagas.ba\/en\/shop\/"},{"@type":"ListItem","position":3,"name":"Niederdruckregler J42"}]},{"@type":"WebSite","@id":"https:\/\/fagas.ba\/en\/#website","url":"https:\/\/fagas.ba\/en\/","name":"FAGAS","description":"Projektovanje i proizvodnja gasne opreme","potentialAction":[{"@type":"SearchAction","target":{"@type":"EntryPoint","urlTemplate":"https:\/\/fagas.ba\/en\/?s={search_term_string}"},"query-input":"required name=search_term_string"}],"inLanguage":"de"}]}},"_links":{"self":[{"href":"https:\/\/fagas.ba\/de\/wp-json\/wp\/v2\/product\/5338"}],"collection":[{"href":"https:\/\/fagas.ba\/de\/wp-json\/wp\/v2\/product"}],"about":[{"href":"https:\/\/fagas.ba\/de\/wp-json\/wp\/v2\/types\/product"}],"replies":[{"embeddable":true,"href":"https:\/\/fagas.ba\/de\/wp-json\/wp\/v2\/comments?post=5338"}],"wp:featuredmedia":[{"embeddable":true,"href":"https:\/\/fagas.ba\/de\/wp-json\/wp\/v2\/media\/4043"}],"wp:attachment":[{"href":"https:\/\/fagas.ba\/de\/wp-json\/wp\/v2\/media?parent=5338"}],"wp:term":[{"taxonomy":"product_cat","embeddable":true,"href":"https:\/\/fagas.ba\/de\/wp-json\/wp\/v2\/product_cat?post=5338"},{"taxonomy":"product_tag","embeddable":true,"href":"https:\/\/fagas.ba\/de\/wp-json\/wp\/v2\/product_tag?post=5338"}],"curies":[{"name":"wp","href":"https:\/\/api.w.org\/{rel}","templated":true}]}}