{"id":5328,"date":"2021-11-25T00:27:35","date_gmt":"2021-11-25T00:27:35","guid":{"rendered":"https:\/\/fagas.ba\/product\/reglerserie-f-bh-3\/"},"modified":"2021-11-25T00:27:36","modified_gmt":"2021-11-25T00:27:36","slug":"reglerserie-f-bh-3","status":"publish","type":"product","link":"https:\/\/fagas.ba\/de\/produkt\/reglerserie-f-bh-3\/","title":{"rendered":"Reglerserie F-BH-3"},"content":{"rendered":"<p>[et_pb_section fb_built=&#8220;1&#8243; _builder_version=&#8220;3.22&#8243; custom_padding=&#8220;0px||||false|false&#8220;][et_pb_row _builder_version=&#8220;3.25&#8243; background_size=&#8220;initial&#8220; background_position=&#8220;top_left&#8220; background_repeat=&#8220;repeat&#8220; width=&#8220;100%&#8220; custom_padding=&#8220;0px||0px||false|false&#8220;][et_pb_column type=&#8220;4_4&#8243; _builder_version=&#8220;3.25&#8243; custom_padding=&#8220;|||&#8220; custom_padding__hover=&#8220;|||&#8220;][et_pb_wc_breadcrumb _builder_version=&#8220;3.0.47&#8243;][\/et_pb_wc_breadcrumb][\/et_pb_column][\/et_pb_row][et_pb_row column_structure=&#8220;1_2,1_2&#8243; _builder_version=&#8220;3.25&#8243; background_size=&#8220;initial&#8220; background_position=&#8220;top_left&#8220; background_repeat=&#8220;repeat&#8220; width=&#8220;100%&#8220; custom_padding=&#8220;0px||||false|false&#8220;][et_pb_column type=&#8220;1_2&#8243; _builder_version=&#8220;3.25&#8243; custom_padding=&#8220;|||&#8220; custom_padding__hover=&#8220;|||&#8220;][et_pb_wc_images _builder_version=&#8220;3.0.47&#8243;][\/et_pb_wc_images][\/et_pb_column][et_pb_column type=&#8220;1_2&#8243; _builder_version=&#8220;3.25&#8243; custom_padding=&#8220;|||&#8220; custom_padding__hover=&#8220;|||&#8220;][et_pb_wc_title _builder_version=&#8220;3.0.47&#8243;][\/et_pb_wc_title][et_pb_wc_description _builder_version=&#8220;3.0.47&#8243;][\/et_pb_wc_description][et_pb_wc_meta _builder_version=&#8220;3.0.47&#8243;][\/et_pb_wc_meta][\/et_pb_column][\/et_pb_row][et_pb_row _builder_version=&#8220;3.25&#8243; background_size=&#8220;initial&#8220; background_position=&#8220;top_left&#8220; background_repeat=&#8220;repeat&#8220; width=&#8220;100%&#8220;][et_pb_column type=&#8220;4_4&#8243; _builder_version=&#8220;3.25&#8243; custom_padding=&#8220;|||&#8220; custom_padding__hover=&#8220;|||&#8220;][et_pb_divider color=&#8220;#D8D8D8&#8243; divider_position=&#8220;center&#8220; _builder_version=&#8220;4.7.4&#8243; _module_preset=&#8220;default&#8220;][\/et_pb_divider][et_pb_tabs module_class=&#8220;vertical-tabs2&#8243; _builder_version=&#8220;4.7.4&#8243; _module_preset=&#8220;default&#8220;][et_pb_tab title=&#8220;Beschreibung&#8220; _builder_version=&#8220;4.7.4&#8243; _module_preset=&#8220;default&#8220;]<\/p>\n<p>Zur pr\u00e4zisen Regulierung des Gasdrucks von Full Flow bis Low Flow (Pilot Flow) hat UNIS-FAGAS Sarajevo neben dem Regler F-BH 2 den Regler F-BH 3 mit h\u00f6herer Leistung produziert. Dieser Regler ist vom Institut f\u00fcr Gastechnik IGT in Sarajevo sowie vom amerikanischen Institut CSA-INTERNATIONAL zertifiziert und erf\u00fcllt die Standards von:<\/p>\n<p><strong>ANSI Z 21.80. I CAN.6.22-M97 <\/strong><br \/><strong>ANSI Z 21.18. I CAN 6.3.2000<\/strong><\/p>\n<p>[\/et_pb_tab][et_pb_tab title=&#8220;Ausf\u00fchrung&#8220; _builder_version=&#8220;4.7.4&#8243; _module_preset=&#8220;default&#8220;]<\/p>\n<p>Der Regler F-BH 3 kann mit einem eingebauten Ventilbegrenzer Typ \u201eF\u201c mit Anschluss 3\/8 \u201eNPT\u201c geliefert werden. Im Falle eines Membranbruchs ist die Gasleckage begrenzt und liegt innerhalb der von der ANSI-Norm festgelegten Grenzen. Der Regler F-BH 3 mit integriertem Ventilanschlag muss waagerecht montiert werden (Ventil nach oben). Ohne Ventilanschlag kann der Regler F-BH 3 in allen Lagen eingebaut werden.<\/p>\n<p>[\/et_pb_tab][et_pb_tab title=&#8220;Technische Daten&#8220; _builder_version=&#8220;4.7.4&#8243; _module_preset=&#8220;default&#8220;]<\/p>\n<table class=\"tech-table\">\n<tbody>\n<tr>\n<td>Eingangsdruck<\/td>\n<td>2, 5, 10 PSI<\/td>\n<\/tr>\n<tr>\n<td>Ausgangsdruck<\/td>\n<td>7\u201c-11\u201c Vs<\/td>\n<\/tr>\n<tr>\n<td>Betriebstemperatur<\/td>\n<td>-40 \u00b0C bis + 90 \u00b0C<\/td>\n<\/tr>\n<tr>\n<td>Anschl\u00fcsse<\/td>\n<td>NPT oder Rp 1\/2 &#8222;x1 \/ 2&#8220;; 3\/4 &#8222;x3 \/ 4&#8220;; 1 &#8222;x1&#8220;<\/td>\n<\/tr>\n<tr>\n<td>Temperaturbereich<\/td>\n<td>-20 \u00b0C bis + 60 \u00b0C<\/td>\n<\/tr>\n<tr>\n<td>Masse<\/td>\n<td>0,78 kg<\/td>\n<\/tr>\n<tr>\n<td>Gase<\/td>\n<td>Erdgas, Fl\u00fcssiggas<\/td>\n<\/tr>\n<\/tbody>\n<\/table>\n<p>[\/et_pb_tab][et_pb_tab title=&#8220;Technische Dokumentation&#8220; _builder_version=&#8220;4.7.4&#8243; _module_preset=&#8220;default&#8220;]<\/p>\n<ul class=\"documents-list\">\n<li><a href=\"http:\/\/fagas.ba\/fgs\/wp-content\/uploads\/2021\/01\/HR-Catalogue-F-BH-3.pdf\" target=\"_blank\" rel=\"noopener noreferrer\">Katalog<\/a><\/li>\n<li><a href=\"http:\/\/fagas.ba\/fgs\/wp-content\/uploads\/2021\/01\/HR-Catalogue-F-BH-3.pdf\" target=\"_blank\" rel=\"noopener noreferrer\">Katalog<\/a><\/li>\n<li><a href=\"http:\/\/fagas.ba\/fgs\/wp-content\/uploads\/2021\/01\/Certif.FBH-2i31-1.jpg\" target=\"_blank\" rel=\"noopener noreferrer\">Zertifikat FBH-2i31<\/a><\/li>\n<li><a href=\"http:\/\/fagas.ba\/fgs\/wp-content\/uploads\/2021\/01\/Certif.FBH-2i32.jpg\" target=\"_blank\" rel=\"noopener noreferrer\">Zertifikat FBH-2i32<\/a><\/li>\n<\/ul>\n<p>[\/et_pb_tab][\/et_pb_tabs][et_pb_divider color=&#8220;#D8D8D8&#8243; divider_position=&#8220;center&#8220; _builder_version=&#8220;4.7.4&#8243; _module_preset=&#8220;default&#8220;][\/et_pb_divider][et_pb_wc_related_products posts_number=&#8220;4&#8243; columns_number=&#8220;4&#8243; admin_label=&#8220;Sli\u010dni proizvodi&#8220; _builder_version=&#8220;4.7.4&#8243;][\/et_pb_wc_related_products][\/et_pb_column][\/et_pb_row][\/et_pb_section]<\/p>\n","protected":false},"excerpt":{"rendered":"<p>Der Gasdruckregler F-BH 3 bietet die M\u00f6glichkeit der Gasfeinregulierung. Im Vergleich zum Regler F-BH 2 hat der Regler F-BH 3 eine deutlich h\u00f6here Leistung. Sie k\u00f6nnen die technische Dokumentation im pdf-Format herunterladen.<\/p>\n","protected":false},"featured_media":4360,"comment_status":"open","ping_status":"closed","template":"","meta":{"_et_pb_use_builder":"on","_et_pb_old_content":"Zur pr\u00e4zisen Regulierung des Gasdrucks von Full Flow bis Low Flow (Pilot Flow) UNIS-FAGAS Sarajevo\nneben dem Regler F-BH 2 wurde auch ein Regler F-BH 3 mit h\u00f6herer Kapazit\u00e4t hergestellt. Dieser Regler ist zertifiziert von\nInstitute of Gas Engineering IGT in Sarajevo, sowie das American Institute CSA-INTERNATIONAL und erf\u00fcllt die Standards von:\n\nANSI Z 21.80. I CAN.6.22-M97\nANSI Z 21.18. I CAN 6.3.2000","_et_gb_content_width":""},"product_cat":[389,395],"product_tag":[271],"yoast_head":"<!-- This site is optimized with the Yoast SEO plugin v20.12 - https:\/\/yoast.com\/wordpress\/plugins\/seo\/ -->\n<title>Reglerserie F-BH-3 - FAGAS<\/title>\n<meta name=\"robots\" content=\"index, follow, max-snippet:-1, max-image-preview:large, max-video-preview:-1\" \/>\n<link rel=\"canonical\" href=\"https:\/\/fagas.ba\/produkt\/regulator-serije-f-bh-3\/\" \/>\n<meta property=\"og:locale\" content=\"de_DE\" \/>\n<meta property=\"og:type\" content=\"article\" \/>\n<meta property=\"og:title\" content=\"Reglerserie F-BH-3 - FAGAS\" \/>\n<meta property=\"og:description\" content=\"Der Gasdruckregler F-BH 3 bietet die M\u00f6glichkeit der Gasfeinregulierung. Im Vergleich zum Regler F-BH 2 hat der Regler F-BH 3 eine deutlich h\u00f6here Leistung. Sie k\u00f6nnen die technische Dokumentation im pdf-Format herunterladen.\" \/>\n<meta property=\"og:url\" content=\"https:\/\/fagas.ba\/produkt\/regulator-serije-f-bh-3\/\" \/>\n<meta property=\"og:site_name\" content=\"FAGAS\" \/>\n<meta property=\"article:modified_time\" content=\"2021-11-25T00:27:36+00:00\" \/>\n<meta property=\"og:image\" content=\"https:\/\/fagas.ba\/fgs\/wp-content\/uploads\/2021\/01\/fb-3.jpg\" \/>\n\t<meta property=\"og:image:width\" content=\"640\" \/>\n\t<meta property=\"og:image:height\" content=\"399\" \/>\n\t<meta property=\"og:image:type\" content=\"image\/jpeg\" \/>\n<meta name=\"twitter:card\" content=\"summary_large_image\" \/>\n<meta name=\"twitter:label1\" content=\"Gesch\u00e4tzte Lesezeit\" \/>\n\t<meta name=\"twitter:data1\" content=\"2\u00a0Minuten\" \/>\n<script type=\"application\/ld+json\" class=\"yoast-schema-graph\">{\"@context\":\"https:\/\/schema.org\",\"@graph\":[{\"@type\":\"WebPage\",\"@id\":\"https:\/\/fagas.ba\/produkt\/regulator-serije-f-bh-3\/\",\"url\":\"https:\/\/fagas.ba\/produkt\/regulator-serije-f-bh-3\/\",\"name\":\"Reglerserie F-BH-3 - FAGAS\",\"isPartOf\":{\"@id\":\"https:\/\/fagas.ba\/en\/#website\"},\"datePublished\":\"2021-11-25T00:27:35+00:00\",\"dateModified\":\"2021-11-25T00:27:36+00:00\",\"breadcrumb\":{\"@id\":\"https:\/\/fagas.ba\/produkt\/regulator-serije-f-bh-3\/#breadcrumb\"},\"inLanguage\":\"de\",\"potentialAction\":[{\"@type\":\"ReadAction\",\"target\":[\"https:\/\/fagas.ba\/produkt\/regulator-serije-f-bh-3\/\"]}]},{\"@type\":\"BreadcrumbList\",\"@id\":\"https:\/\/fagas.ba\/produkt\/regulator-serije-f-bh-3\/#breadcrumb\",\"itemListElement\":[{\"@type\":\"ListItem\",\"position\":1,\"name\":\"Home\",\"item\":\"https:\/\/fagas.ba\/\"},{\"@type\":\"ListItem\",\"position\":2,\"name\":\"Products\",\"item\":\"https:\/\/fagas.ba\/en\/shop\/\"},{\"@type\":\"ListItem\",\"position\":3,\"name\":\"Reglerserie F-BH-3\"}]},{\"@type\":\"WebSite\",\"@id\":\"https:\/\/fagas.ba\/en\/#website\",\"url\":\"https:\/\/fagas.ba\/en\/\",\"name\":\"FAGAS\",\"description\":\"Projektovanje i proizvodnja gasne opreme\",\"potentialAction\":[{\"@type\":\"SearchAction\",\"target\":{\"@type\":\"EntryPoint\",\"urlTemplate\":\"https:\/\/fagas.ba\/en\/?s={search_term_string}\"},\"query-input\":\"required name=search_term_string\"}],\"inLanguage\":\"de\"}]}<\/script>\n<!-- \/ Yoast SEO plugin. -->","yoast_head_json":{"title":"Reglerserie F-BH-3 - FAGAS","robots":{"index":"index","follow":"follow","max-snippet":"max-snippet:-1","max-image-preview":"max-image-preview:large","max-video-preview":"max-video-preview:-1"},"canonical":"https:\/\/fagas.ba\/produkt\/regulator-serije-f-bh-3\/","og_locale":"de_DE","og_type":"article","og_title":"Reglerserie F-BH-3 - FAGAS","og_description":"Der Gasdruckregler F-BH 3 bietet die M\u00f6glichkeit der Gasfeinregulierung. Im Vergleich zum Regler F-BH 2 hat der Regler F-BH 3 eine deutlich h\u00f6here Leistung. Sie k\u00f6nnen die technische Dokumentation im pdf-Format herunterladen.","og_url":"https:\/\/fagas.ba\/produkt\/regulator-serije-f-bh-3\/","og_site_name":"FAGAS","article_modified_time":"2021-11-25T00:27:36+00:00","og_image":[{"width":640,"height":399,"url":"https:\/\/fagas.ba\/fgs\/wp-content\/uploads\/2021\/01\/fb-3.jpg","type":"image\/jpeg"}],"twitter_card":"summary_large_image","twitter_misc":{"Gesch\u00e4tzte Lesezeit":"2\u00a0Minuten"},"schema":{"@context":"https:\/\/schema.org","@graph":[{"@type":"WebPage","@id":"https:\/\/fagas.ba\/produkt\/regulator-serije-f-bh-3\/","url":"https:\/\/fagas.ba\/produkt\/regulator-serije-f-bh-3\/","name":"Reglerserie F-BH-3 - FAGAS","isPartOf":{"@id":"https:\/\/fagas.ba\/en\/#website"},"datePublished":"2021-11-25T00:27:35+00:00","dateModified":"2021-11-25T00:27:36+00:00","breadcrumb":{"@id":"https:\/\/fagas.ba\/produkt\/regulator-serije-f-bh-3\/#breadcrumb"},"inLanguage":"de","potentialAction":[{"@type":"ReadAction","target":["https:\/\/fagas.ba\/produkt\/regulator-serije-f-bh-3\/"]}]},{"@type":"BreadcrumbList","@id":"https:\/\/fagas.ba\/produkt\/regulator-serije-f-bh-3\/#breadcrumb","itemListElement":[{"@type":"ListItem","position":1,"name":"Home","item":"https:\/\/fagas.ba\/"},{"@type":"ListItem","position":2,"name":"Products","item":"https:\/\/fagas.ba\/en\/shop\/"},{"@type":"ListItem","position":3,"name":"Reglerserie F-BH-3"}]},{"@type":"WebSite","@id":"https:\/\/fagas.ba\/en\/#website","url":"https:\/\/fagas.ba\/en\/","name":"FAGAS","description":"Projektovanje i proizvodnja gasne opreme","potentialAction":[{"@type":"SearchAction","target":{"@type":"EntryPoint","urlTemplate":"https:\/\/fagas.ba\/en\/?s={search_term_string}"},"query-input":"required name=search_term_string"}],"inLanguage":"de"}]}},"_links":{"self":[{"href":"https:\/\/fagas.ba\/de\/wp-json\/wp\/v2\/product\/5328"}],"collection":[{"href":"https:\/\/fagas.ba\/de\/wp-json\/wp\/v2\/product"}],"about":[{"href":"https:\/\/fagas.ba\/de\/wp-json\/wp\/v2\/types\/product"}],"replies":[{"embeddable":true,"href":"https:\/\/fagas.ba\/de\/wp-json\/wp\/v2\/comments?post=5328"}],"wp:featuredmedia":[{"embeddable":true,"href":"https:\/\/fagas.ba\/de\/wp-json\/wp\/v2\/media\/4360"}],"wp:attachment":[{"href":"https:\/\/fagas.ba\/de\/wp-json\/wp\/v2\/media?parent=5328"}],"wp:term":[{"taxonomy":"product_cat","embeddable":true,"href":"https:\/\/fagas.ba\/de\/wp-json\/wp\/v2\/product_cat?post=5328"},{"taxonomy":"product_tag","embeddable":true,"href":"https:\/\/fagas.ba\/de\/wp-json\/wp\/v2\/product_tag?post=5328"}],"curies":[{"name":"wp","href":"https:\/\/api.w.org\/{rel}","templated":true}]}}