{"id":5325,"date":"2021-11-24T23:43:51","date_gmt":"2021-11-24T23:43:51","guid":{"rendered":"https:\/\/fagas.ba\/product\/niederdruckregler-j90\/"},"modified":"2021-11-24T23:43:54","modified_gmt":"2021-11-24T23:43:54","slug":"niederdruckregler-j90","status":"publish","type":"product","link":"https:\/\/fagas.ba\/de\/produkt\/niederdruckregler-j90\/","title":{"rendered":"Niederdruckregler J90"},"content":{"rendered":"<p>[et_pb_section fb_built=&#8220;1&#8243; _builder_version=&#8220;3.22&#8243; custom_padding=&#8220;0px||||false|false&#8220;][et_pb_row _builder_version=&#8220;3.25&#8243; background_size=&#8220;initial&#8220; background_position=&#8220;top_left&#8220; background_repeat=&#8220;repeat&#8220; width=&#8220;100%&#8220; custom_padding=&#8220;0px||0px||false|false&#8220;][et_pb_column type=&#8220;4_4&#8243; _builder_version=&#8220;3.25&#8243; custom_padding=&#8220;|||&#8220; custom_padding__hover=&#8220;|||&#8220;][et_pb_wc_breadcrumb admin_label=&#8220;Woo Breadcrumb&#8220; _builder_version=&#8220;3.0.47&#8243;][\/et_pb_wc_breadcrumb][\/et_pb_column][\/et_pb_row][et_pb_row column_structure=&#8220;1_2,1_2&#8243; _builder_version=&#8220;3.25&#8243; background_size=&#8220;initial&#8220; background_position=&#8220;top_left&#8220; background_repeat=&#8220;repeat&#8220; width=&#8220;100%&#8220; custom_padding=&#8220;0px||||false|false&#8220;][et_pb_column type=&#8220;1_2&#8243; _builder_version=&#8220;3.25&#8243; custom_padding=&#8220;|||&#8220; custom_padding__hover=&#8220;|||&#8220;][et_pb_wc_images _builder_version=&#8220;4.7.4&#8243; _module_preset=&#8220;default&#8220;][\/et_pb_wc_images][\/et_pb_column][et_pb_column type=&#8220;1_2&#8243; _builder_version=&#8220;3.25&#8243; custom_padding=&#8220;|||&#8220; custom_padding__hover=&#8220;|||&#8220;][et_pb_wc_title _builder_version=&#8220;3.0.47&#8243;][\/et_pb_wc_title][et_pb_wc_description _builder_version=&#8220;3.0.47&#8243;][\/et_pb_wc_description][et_pb_wc_meta _builder_version=&#8220;3.0.47&#8243;][\/et_pb_wc_meta][\/et_pb_column][\/et_pb_row][et_pb_row _builder_version=&#8220;3.25&#8243; background_size=&#8220;initial&#8220; background_position=&#8220;top_left&#8220; background_repeat=&#8220;repeat&#8220; width=&#8220;100%&#8220;][et_pb_column type=&#8220;4_4&#8243; _builder_version=&#8220;3.25&#8243; custom_padding=&#8220;|||&#8220; custom_padding__hover=&#8220;|||&#8220;][et_pb_divider color=&#8220;#D8D8D8&#8243; divider_position=&#8220;center&#8220; _builder_version=&#8220;4.7.4&#8243; _module_preset=&#8220;default&#8220;][\/et_pb_divider][et_pb_tabs module_class=&#8220;vertical-tabs2&#8243; _builder_version=&#8220;4.7.4&#8243; _module_preset=&#8220;default&#8220;][et_pb_tab title=&#8220;Technische Daten&#8220; _builder_version=&#8220;4.7.4&#8243; _module_preset=&#8220;default&#8220;]<\/p>\n<ul class=\"tech-data-list\">\n<li class=\"p1\">\n<p class=\"p1\">Gr\u00f6\u00dfe 1 1\/4&#8243; f\u00fcr U16 Meter<\/p>\n<\/li>\n<li class=\"p1\">\n<p class=\"p1\">2 &#8222;Gr\u00f6\u00dfe passend f\u00fcr U25 und U40 Meter<\/p>\n<\/li>\n<li class=\"p1\">\n<p class=\"p1\">3 &#8222;Gr\u00f6\u00dfen passend f\u00fcr U65 und U100 Meter<\/p>\n<\/li>\n<li class=\"p1\">\n<p class=\"p1\">Eingangsdruck bis 350 mbar<\/p>\n<\/li>\n<li class=\"p1\">\n<p class=\"p1\">Nennausgangsdruck 21 mbar<\/p>\n<\/li>\n<li class=\"p1\">\n<p class=\"p1\">Temperaturbereich -20\u00b0C bis +70\u00b0C<\/p>\n<\/li>\n<\/ul>\n<p>[\/et_pb_tab][et_pb_tab title=&#8220;Technische Dokumentation&#8220; _builder_version=&#8220;4.7.4&#8243; _module_preset=&#8220;default&#8220;]<\/p>\n<ul class=\"documents-list\">\n<li><a href=\"http:\/\/fagas.ba\/fgs\/wp-content\/uploads\/2021\/01\/BA_JEA_C90_1_EN.pdf\" target=\"_blank\" rel=\"noopener noreferrer\">Katalog<\/a><\/li>\n<li><a href=\"http:\/\/fagas.ba\/fgs\/wp-content\/uploads\/2021\/01\/J902EN05.pdf\" target=\"_blank\" rel=\"noopener noreferrer\">Katalog 2<\/a><\/li>\n<li><a href=\"http:\/\/fagas.ba\/fgs\/wp-content\/uploads\/2021\/01\/M901EN02.pdf\" target=\"_blank\" rel=\"noopener noreferrer\">Katalog 3<\/a><\/li>\n<li><a href=\"http:\/\/fagas.ba\/fgs\/wp-content\/uploads\/2021\/01\/J903EN07.pdf\" target=\"_blank\" rel=\"noopener noreferrer\">Katalog 4<\/a><\/li>\n<\/ul>\n<p>[\/et_pb_tab][\/et_pb_tabs][et_pb_divider color=&#8220;#D8D8D8&#8243; divider_position=&#8220;center&#8220; _builder_version=&#8220;4.7.4&#8243; _module_preset=&#8220;default&#8220;][\/et_pb_divider][et_pb_wc_related_products posts_number=&#8220;4&#8243; columns_number=&#8220;4&#8243; admin_label=&#8220;Sli\u010dni proizvodi&#8220; _builder_version=&#8220;4.7.4&#8243;][\/et_pb_wc_related_products][\/et_pb_column][\/et_pb_row][\/et_pb_section]<\/p>\n","protected":false},"excerpt":{"rendered":"<p>Der J90 ist ein spezieller Winkelregler, der selbst bei niedrigen Druckdifferenzen eine pr\u00e4zise Steuerung mit hervorragender Zuverl\u00e4ssigkeit bietet. 1\u00bc \u201d(35 mm) und 2\u201d (50 mm) J90 haben Messadapter aus Messing, die den Lehren U16, U25 und U40 entsprechen. Das 3-Zoll-Modell (80 mm) verf\u00fcgt \u00fcber Universalanschl\u00fcsse mit einem Auslassflansch f\u00fcr die U65- und U100-Meter. Der U160 (5650 ft3\/h) kann auch mit dem 80 mm J90 (7840 ft3\/h) verwendet werden.<\/p>\n<p>Der J90 ist ein Servicez\u00e4hler-Controller, der f\u00fcr eine Vielzahl von kommerziellen und industriellen Anwendungen geeignet ist. Alle Einheiten sind f\u00fcr Natur-, Fl\u00fcssigerd\u00f6l und produzierte Gase ausgelegt.<br \/>\nDer J90 ist auf hohe Effizienz und Empfindlichkeit bei maximalem Durchfluss und minimalem Druckverlust ausgelegt.<br \/>\nDie Gr\u00f6\u00dfen 1\u00bc&#8220; und 2&#8243; J90 werden mit einem kegeligen Gewinde nach BS21 (ISO 7) am Eingang und einem Z\u00e4hleranschluss nach BS746 am Ausgang geliefert. Die Gr\u00f6\u00dfe 3\u201d wird mit einem Flansch nach BS EN 1092 NP16 geliefert. F\u00fcr die Installation am U160-Z\u00e4hler wird ein spezieller Adapterflansch ben\u00f6tigt.<\/p>\n","protected":false},"featured_media":4061,"comment_status":"open","ping_status":"closed","template":"","meta":{"_et_pb_use_builder":"on","_et_pb_old_content":"Der J90 ist ein spezieller Winkelregler, der selbst bei niedrigen Druckdifferenzen eine pr\u00e4zise Steuerung mit hervorragender Zuverl\u00e4ssigkeit bietet. 1\u00bc \u201d(35 mm) und 2\u201d (50 mm) J90 haben Messadapter aus Messing, die den Lehren U16, U25 und U40 entsprechen. Das 3-Zoll-Modell (80 mm) verf\u00fcgt \u00fcber Universalanschl\u00fcsse mit einem Auslassflansch f\u00fcr die U65- und U100-Meter. Der U160 (5650 ft3\/h) kann auch mit dem 80 mm J90 (7840 ft3\/h) verwendet werden.\nDer J90 ist ein Servicez\u00e4hler-Controller, der f\u00fcr eine Vielzahl von kommerziellen und industriellen Anwendungen geeignet ist. Alle Einheiten sind f\u00fcr Natur-, Fl\u00fcssigerd\u00f6l und produzierte Gase ausgelegt.\nDer J90 ist auf hohe Effizienz und Empfindlichkeit bei maximalem Durchfluss und minimalem Druckverlust ausgelegt.\nDie Gr\u00f6\u00dfen 1\u00bc\" und 2\" J90 werden mit einem kegeligen Gewinde nach BS21 (ISO 7) am Eingang und einem Z\u00e4hleranschluss nach BS746 am Ausgang geliefert. Die Gr\u00f6\u00dfe 3\u201d wird mit einem Flansch nach BS EN 1092 NP16 geliefert. F\u00fcr die Installation am U160-Z\u00e4hler wird ein spezieller Adapterflansch ben\u00f6tigt.","_et_gb_content_width":""},"product_cat":[359,321,361],"product_tag":[267,213,273],"yoast_head":"<!-- This site is optimized with the Yoast SEO plugin v20.12 - https:\/\/yoast.com\/wordpress\/plugins\/seo\/ -->\n<title>Niederdruckregler J90 - FAGAS<\/title>\n<meta name=\"robots\" content=\"index, follow, max-snippet:-1, max-image-preview:large, max-video-preview:-1\" \/>\n<link rel=\"canonical\" href=\"https:\/\/fagas.ba\/produkt\/regulator-niskog-pritiska-j90\/\" \/>\n<meta property=\"og:locale\" content=\"de_DE\" \/>\n<meta property=\"og:type\" content=\"article\" \/>\n<meta property=\"og:title\" content=\"Niederdruckregler J90 - FAGAS\" \/>\n<meta property=\"og:description\" content=\"Der J90 ist ein spezieller Winkelregler, der selbst bei niedrigen Druckdifferenzen eine pr\u00e4zise Steuerung mit hervorragender Zuverl\u00e4ssigkeit bietet. 1\u00bc \u201d(35 mm) und 2\u201d (50 mm) J90 haben Messadapter aus Messing, die den Lehren U16, U25 und U40 entsprechen. Das 3-Zoll-Modell (80 mm) verf\u00fcgt \u00fcber Universalanschl\u00fcsse mit einem Auslassflansch f\u00fcr die U65- und U100-Meter. Der U160 (5650 ft3\/h) kann auch mit dem 80 mm J90 (7840 ft3\/h) verwendet werden. Der J90 ist ein Servicez\u00e4hler-Controller, der f\u00fcr eine Vielzahl von kommerziellen und industriellen Anwendungen geeignet ist. Alle Einheiten sind f\u00fcr Natur-, Fl\u00fcssigerd\u00f6l und produzierte Gase ausgelegt. Der J90 ist auf hohe Effizienz und Empfindlichkeit bei maximalem Durchfluss und minimalem Druckverlust ausgelegt. Die Gr\u00f6\u00dfen 1\u00bc&quot; und 2&quot; J90 werden mit einem kegeligen Gewinde nach BS21 (ISO 7) am Eingang und einem Z\u00e4hleranschluss nach BS746 am Ausgang geliefert. Die Gr\u00f6\u00dfe 3\u201d wird mit einem Flansch nach BS EN 1092 NP16 geliefert. F\u00fcr die Installation am U160-Z\u00e4hler wird ein spezieller Adapterflansch ben\u00f6tigt.\" \/>\n<meta property=\"og:url\" content=\"https:\/\/fagas.ba\/produkt\/regulator-niskog-pritiska-j90\/\" \/>\n<meta property=\"og:site_name\" content=\"FAGAS\" \/>\n<meta property=\"article:modified_time\" content=\"2021-11-24T23:43:54+00:00\" \/>\n<meta property=\"og:image\" content=\"https:\/\/fagas.ba\/fgs\/wp-content\/uploads\/2021\/01\/J-90.jpg\" \/>\n\t<meta property=\"og:image:width\" content=\"640\" \/>\n\t<meta property=\"og:image:height\" content=\"399\" \/>\n\t<meta property=\"og:image:type\" content=\"image\/jpeg\" \/>\n<meta name=\"twitter:card\" content=\"summary_large_image\" \/>\n<meta name=\"twitter:label1\" content=\"Gesch\u00e4tzte Lesezeit\" \/>\n\t<meta name=\"twitter:data1\" content=\"2\u00a0Minuten\" \/>\n<script type=\"application\/ld+json\" class=\"yoast-schema-graph\">{\"@context\":\"https:\/\/schema.org\",\"@graph\":[{\"@type\":\"WebPage\",\"@id\":\"https:\/\/fagas.ba\/produkt\/regulator-niskog-pritiska-j90\/\",\"url\":\"https:\/\/fagas.ba\/produkt\/regulator-niskog-pritiska-j90\/\",\"name\":\"Niederdruckregler J90 - FAGAS\",\"isPartOf\":{\"@id\":\"https:\/\/fagas.ba\/en\/#website\"},\"datePublished\":\"2021-11-24T23:43:51+00:00\",\"dateModified\":\"2021-11-24T23:43:54+00:00\",\"breadcrumb\":{\"@id\":\"https:\/\/fagas.ba\/produkt\/regulator-niskog-pritiska-j90\/#breadcrumb\"},\"inLanguage\":\"de\",\"potentialAction\":[{\"@type\":\"ReadAction\",\"target\":[\"https:\/\/fagas.ba\/produkt\/regulator-niskog-pritiska-j90\/\"]}]},{\"@type\":\"BreadcrumbList\",\"@id\":\"https:\/\/fagas.ba\/produkt\/regulator-niskog-pritiska-j90\/#breadcrumb\",\"itemListElement\":[{\"@type\":\"ListItem\",\"position\":1,\"name\":\"Home\",\"item\":\"https:\/\/fagas.ba\/\"},{\"@type\":\"ListItem\",\"position\":2,\"name\":\"Products\",\"item\":\"https:\/\/fagas.ba\/en\/shop\/\"},{\"@type\":\"ListItem\",\"position\":3,\"name\":\"Niederdruckregler J90\"}]},{\"@type\":\"WebSite\",\"@id\":\"https:\/\/fagas.ba\/en\/#website\",\"url\":\"https:\/\/fagas.ba\/en\/\",\"name\":\"FAGAS\",\"description\":\"Projektovanje i proizvodnja gasne opreme\",\"potentialAction\":[{\"@type\":\"SearchAction\",\"target\":{\"@type\":\"EntryPoint\",\"urlTemplate\":\"https:\/\/fagas.ba\/en\/?s={search_term_string}\"},\"query-input\":\"required name=search_term_string\"}],\"inLanguage\":\"de\"}]}<\/script>\n<!-- \/ Yoast SEO plugin. -->","yoast_head_json":{"title":"Niederdruckregler J90 - FAGAS","robots":{"index":"index","follow":"follow","max-snippet":"max-snippet:-1","max-image-preview":"max-image-preview:large","max-video-preview":"max-video-preview:-1"},"canonical":"https:\/\/fagas.ba\/produkt\/regulator-niskog-pritiska-j90\/","og_locale":"de_DE","og_type":"article","og_title":"Niederdruckregler J90 - FAGAS","og_description":"Der J90 ist ein spezieller Winkelregler, der selbst bei niedrigen Druckdifferenzen eine pr\u00e4zise Steuerung mit hervorragender Zuverl\u00e4ssigkeit bietet. 1\u00bc \u201d(35 mm) und 2\u201d (50 mm) J90 haben Messadapter aus Messing, die den Lehren U16, U25 und U40 entsprechen. Das 3-Zoll-Modell (80 mm) verf\u00fcgt \u00fcber Universalanschl\u00fcsse mit einem Auslassflansch f\u00fcr die U65- und U100-Meter. Der U160 (5650 ft3\/h) kann auch mit dem 80 mm J90 (7840 ft3\/h) verwendet werden. Der J90 ist ein Servicez\u00e4hler-Controller, der f\u00fcr eine Vielzahl von kommerziellen und industriellen Anwendungen geeignet ist. Alle Einheiten sind f\u00fcr Natur-, Fl\u00fcssigerd\u00f6l und produzierte Gase ausgelegt. Der J90 ist auf hohe Effizienz und Empfindlichkeit bei maximalem Durchfluss und minimalem Druckverlust ausgelegt. Die Gr\u00f6\u00dfen 1\u00bc\" und 2\" J90 werden mit einem kegeligen Gewinde nach BS21 (ISO 7) am Eingang und einem Z\u00e4hleranschluss nach BS746 am Ausgang geliefert. Die Gr\u00f6\u00dfe 3\u201d wird mit einem Flansch nach BS EN 1092 NP16 geliefert. F\u00fcr die Installation am U160-Z\u00e4hler wird ein spezieller Adapterflansch ben\u00f6tigt.","og_url":"https:\/\/fagas.ba\/produkt\/regulator-niskog-pritiska-j90\/","og_site_name":"FAGAS","article_modified_time":"2021-11-24T23:43:54+00:00","og_image":[{"width":640,"height":399,"url":"https:\/\/fagas.ba\/fgs\/wp-content\/uploads\/2021\/01\/J-90.jpg","type":"image\/jpeg"}],"twitter_card":"summary_large_image","twitter_misc":{"Gesch\u00e4tzte Lesezeit":"2\u00a0Minuten"},"schema":{"@context":"https:\/\/schema.org","@graph":[{"@type":"WebPage","@id":"https:\/\/fagas.ba\/produkt\/regulator-niskog-pritiska-j90\/","url":"https:\/\/fagas.ba\/produkt\/regulator-niskog-pritiska-j90\/","name":"Niederdruckregler J90 - FAGAS","isPartOf":{"@id":"https:\/\/fagas.ba\/en\/#website"},"datePublished":"2021-11-24T23:43:51+00:00","dateModified":"2021-11-24T23:43:54+00:00","breadcrumb":{"@id":"https:\/\/fagas.ba\/produkt\/regulator-niskog-pritiska-j90\/#breadcrumb"},"inLanguage":"de","potentialAction":[{"@type":"ReadAction","target":["https:\/\/fagas.ba\/produkt\/regulator-niskog-pritiska-j90\/"]}]},{"@type":"BreadcrumbList","@id":"https:\/\/fagas.ba\/produkt\/regulator-niskog-pritiska-j90\/#breadcrumb","itemListElement":[{"@type":"ListItem","position":1,"name":"Home","item":"https:\/\/fagas.ba\/"},{"@type":"ListItem","position":2,"name":"Products","item":"https:\/\/fagas.ba\/en\/shop\/"},{"@type":"ListItem","position":3,"name":"Niederdruckregler J90"}]},{"@type":"WebSite","@id":"https:\/\/fagas.ba\/en\/#website","url":"https:\/\/fagas.ba\/en\/","name":"FAGAS","description":"Projektovanje i proizvodnja gasne opreme","potentialAction":[{"@type":"SearchAction","target":{"@type":"EntryPoint","urlTemplate":"https:\/\/fagas.ba\/en\/?s={search_term_string}"},"query-input":"required name=search_term_string"}],"inLanguage":"de"}]}},"_links":{"self":[{"href":"https:\/\/fagas.ba\/de\/wp-json\/wp\/v2\/product\/5325"}],"collection":[{"href":"https:\/\/fagas.ba\/de\/wp-json\/wp\/v2\/product"}],"about":[{"href":"https:\/\/fagas.ba\/de\/wp-json\/wp\/v2\/types\/product"}],"replies":[{"embeddable":true,"href":"https:\/\/fagas.ba\/de\/wp-json\/wp\/v2\/comments?post=5325"}],"wp:featuredmedia":[{"embeddable":true,"href":"https:\/\/fagas.ba\/de\/wp-json\/wp\/v2\/media\/4061"}],"wp:attachment":[{"href":"https:\/\/fagas.ba\/de\/wp-json\/wp\/v2\/media?parent=5325"}],"wp:term":[{"taxonomy":"product_cat","embeddable":true,"href":"https:\/\/fagas.ba\/de\/wp-json\/wp\/v2\/product_cat?post=5325"},{"taxonomy":"product_tag","embeddable":true,"href":"https:\/\/fagas.ba\/de\/wp-json\/wp\/v2\/product_tag?post=5325"}],"curies":[{"name":"wp","href":"https:\/\/api.w.org\/{rel}","templated":true}]}}