{"id":5314,"date":"2021-11-24T23:28:04","date_gmt":"2021-11-24T23:28:04","guid":{"rendered":"https:\/\/fagas.ba\/product\/mitteldruckregler-serie-1800b2\/"},"modified":"2021-11-24T23:28:05","modified_gmt":"2021-11-24T23:28:05","slug":"mitteldruckregler-serie-1800b2","status":"publish","type":"product","link":"https:\/\/fagas.ba\/de\/produkt\/mitteldruckregler-serie-1800b2\/","title":{"rendered":"Mitteldruckregler Serie 1800B2"},"content":{"rendered":"<p>[et_pb_section fb_built=&#8220;1&#8243; _builder_version=&#8220;3.22&#8243; custom_padding=&#8220;0px||||false|false&#8220;][et_pb_row _builder_version=&#8220;3.25&#8243; background_size=&#8220;initial&#8220; background_position=&#8220;top_left&#8220; background_repeat=&#8220;repeat&#8220; width=&#8220;100%&#8220; custom_padding=&#8220;0px||0px||false|false&#8220;][et_pb_column type=&#8220;4_4&#8243; _builder_version=&#8220;3.25&#8243; custom_padding=&#8220;|||&#8220; custom_padding__hover=&#8220;|||&#8220;][et_pb_wc_breadcrumb admin_label=&#8220;Woo Breadcrumb&#8220; _builder_version=&#8220;3.0.47&#8243;][\/et_pb_wc_breadcrumb][\/et_pb_column][\/et_pb_row][et_pb_row column_structure=&#8220;1_2,1_2&#8243; _builder_version=&#8220;3.25&#8243; background_size=&#8220;initial&#8220; background_position=&#8220;top_left&#8220; background_repeat=&#8220;repeat&#8220; width=&#8220;100%&#8220; custom_padding=&#8220;0px||||false|false&#8220;][et_pb_column type=&#8220;1_2&#8243; _builder_version=&#8220;3.25&#8243; custom_padding=&#8220;|||&#8220; custom_padding__hover=&#8220;|||&#8220;][et_pb_wc_images _builder_version=&#8220;4.7.4&#8243; _module_preset=&#8220;default&#8220;][\/et_pb_wc_images][\/et_pb_column][et_pb_column type=&#8220;1_2&#8243; _builder_version=&#8220;3.25&#8243; custom_padding=&#8220;|||&#8220; custom_padding__hover=&#8220;|||&#8220;][et_pb_wc_title _builder_version=&#8220;3.0.47&#8243;][\/et_pb_wc_title][et_pb_wc_description _builder_version=&#8220;3.0.47&#8243;][\/et_pb_wc_description][et_pb_wc_meta _builder_version=&#8220;3.0.47&#8243;][\/et_pb_wc_meta][\/et_pb_column][\/et_pb_row][et_pb_row _builder_version=&#8220;3.25&#8243; background_size=&#8220;initial&#8220; background_position=&#8220;top_left&#8220; background_repeat=&#8220;repeat&#8220; width=&#8220;100%&#8220;][et_pb_column type=&#8220;4_4&#8243; _builder_version=&#8220;3.25&#8243; custom_padding=&#8220;|||&#8220; custom_padding__hover=&#8220;|||&#8220;][et_pb_divider color=&#8220;#D8D8D8&#8243; divider_position=&#8220;center&#8220; _builder_version=&#8220;4.7.4&#8243; _module_preset=&#8220;default&#8220;][\/et_pb_divider][et_pb_tabs module_class=&#8220;vertical-tabs2&#8243; _builder_version=&#8220;4.7.4&#8243; _module_preset=&#8220;default&#8220;][et_pb_tab title=&#8220;Technische Dokumentation&#8220; _builder_version=&#8220;4.7.4&#8243; _module_preset=&#8220;default&#8220;]<\/p>\n<ul class=\"documents-list\">\n<li><a href=\"http:\/\/fagas.ba\/fgs\/wp-content\/uploads\/2021\/01\/1800B2RegulatorTB.pdf\" target=\"_blank\" rel=\"noopener noreferrer\">Katalog<\/a><\/li>\n<\/ul>\n<p>[\/et_pb_tab][\/et_pb_tabs][et_pb_divider color=&#8220;#D8D8D8&#8243; divider_position=&#8220;center&#8220; _builder_version=&#8220;4.7.4&#8243; _module_preset=&#8220;default&#8220;][\/et_pb_divider][et_pb_wc_related_products posts_number=&#8220;4&#8243; columns_number=&#8220;4&#8243; admin_label=&#8220;Sli\u010dni proizvodi&#8220; _builder_version=&#8220;4.7.4&#8243;][\/et_pb_wc_related_products][\/et_pb_column][\/et_pb_row][\/et_pb_section]<\/p>\n","protected":false},"excerpt":{"rendered":"<p>Die Druckregler der Serie 1800B2 von Elster American Meter sind f\u00fcr Erdgasanwendungen konzipiert und verf\u00fcgen \u00fcber ein kompaktes, leichtes Design f\u00fcr eine schnelle und einfache Installation. Austauschbare Entl\u00fcftungs\u00f6ffnungen und Federn bieten eine breite Palette von Ausgangsdr\u00fccken und Durchflussraten. Es stehen Ausgangsdr\u00fccke zwischen 3,5&#8243; W.C. und 2 PSIG zur Verf\u00fcgung. Der Betriebstemperaturbereich betr\u00e4gt -20 \u00b0 F bis 150 \u00b0 F (-30 \u00b0 C bis 65 \u00b0 C). Der maximale Durchfluss betr\u00e4gt 2500 SCFH (70,8 m\u00b3\/h). Die technische Dokumentation steht im pdf-Format zur Verf\u00fcgung.<\/p>\n","protected":false},"featured_media":4087,"comment_status":"open","ping_status":"closed","template":"","meta":{"_et_pb_use_builder":"on","_et_pb_old_content":"Die Druckregler der Serie 1800B2 von Elster American Meter sind f\u00fcr Erdgasanwendungen konzipiert und verf\u00fcgen \u00fcber ein kompaktes, leichtes Design f\u00fcr eine schnelle und einfache Installation. Austauschbare Entl\u00fcftungs\u00f6ffnungen und Federn bieten eine breite Palette von Ausgangsdr\u00fccken und Durchflussraten. Es stehen Ausgangsdr\u00fccke zwischen 3,5\" W.C. und 2 PSIG zur Verf\u00fcgung. Der Betriebstemperaturbereich betr\u00e4gt -20 \u00b0 F bis 150 \u00b0 F (-30 \u00b0 C bis 65 \u00b0 C). Der maximale Durchfluss betr\u00e4gt 2500 SCFH (70,8 m\u00b3\/h). Die technische Dokumentation steht im pdf-Format zur Verf\u00fcgung.","_et_gb_content_width":""},"product_cat":[359,321,363],"product_tag":[267,213,275],"yoast_head":"<!-- This site is optimized with the Yoast SEO plugin v20.12 - https:\/\/yoast.com\/wordpress\/plugins\/seo\/ -->\n<title>Mitteldruckregler Serie 1800B2 - FAGAS<\/title>\n<meta name=\"robots\" content=\"index, follow, max-snippet:-1, max-image-preview:large, max-video-preview:-1\" \/>\n<link rel=\"canonical\" href=\"https:\/\/fagas.ba\/produkt\/regulator-srednjeg-pritiska-serije-1800b2\/\" \/>\n<meta property=\"og:locale\" content=\"de_DE\" \/>\n<meta property=\"og:type\" content=\"article\" \/>\n<meta property=\"og:title\" content=\"Mitteldruckregler Serie 1800B2 - FAGAS\" \/>\n<meta property=\"og:description\" content=\"Die Druckregler der Serie 1800B2 von Elster American Meter sind f\u00fcr Erdgasanwendungen konzipiert und verf\u00fcgen \u00fcber ein kompaktes, leichtes Design f\u00fcr eine schnelle und einfache Installation. Austauschbare Entl\u00fcftungs\u00f6ffnungen und Federn bieten eine breite Palette von Ausgangsdr\u00fccken und Durchflussraten. Es stehen Ausgangsdr\u00fccke zwischen 3,5&quot; W.C. und 2 PSIG zur Verf\u00fcgung. Der Betriebstemperaturbereich betr\u00e4gt -20 \u00b0 F bis 150 \u00b0 F (-30 \u00b0 C bis 65 \u00b0 C). Der maximale Durchfluss betr\u00e4gt 2500 SCFH (70,8 m\u00b3\/h). Die technische Dokumentation steht im pdf-Format zur Verf\u00fcgung.\" \/>\n<meta property=\"og:url\" content=\"https:\/\/fagas.ba\/produkt\/regulator-srednjeg-pritiska-serije-1800b2\/\" \/>\n<meta property=\"og:site_name\" content=\"FAGAS\" \/>\n<meta property=\"article:modified_time\" content=\"2021-11-24T23:28:05+00:00\" \/>\n<meta property=\"og:image\" content=\"https:\/\/fagas.ba\/fgs\/wp-content\/uploads\/2021\/01\/1800B2.jpg\" \/>\n\t<meta property=\"og:image:width\" content=\"640\" \/>\n\t<meta property=\"og:image:height\" content=\"399\" \/>\n\t<meta property=\"og:image:type\" content=\"image\/jpeg\" \/>\n<meta name=\"twitter:card\" content=\"summary_large_image\" \/>\n<meta name=\"twitter:label1\" content=\"Gesch\u00e4tzte Lesezeit\" \/>\n\t<meta name=\"twitter:data1\" content=\"1\u00a0Minute\" \/>\n<script type=\"application\/ld+json\" class=\"yoast-schema-graph\">{\"@context\":\"https:\/\/schema.org\",\"@graph\":[{\"@type\":\"WebPage\",\"@id\":\"https:\/\/fagas.ba\/produkt\/regulator-srednjeg-pritiska-serije-1800b2\/\",\"url\":\"https:\/\/fagas.ba\/produkt\/regulator-srednjeg-pritiska-serije-1800b2\/\",\"name\":\"Mitteldruckregler Serie 1800B2 - FAGAS\",\"isPartOf\":{\"@id\":\"https:\/\/fagas.ba\/en\/#website\"},\"datePublished\":\"2021-11-24T23:28:04+00:00\",\"dateModified\":\"2021-11-24T23:28:05+00:00\",\"breadcrumb\":{\"@id\":\"https:\/\/fagas.ba\/produkt\/regulator-srednjeg-pritiska-serije-1800b2\/#breadcrumb\"},\"inLanguage\":\"de\",\"potentialAction\":[{\"@type\":\"ReadAction\",\"target\":[\"https:\/\/fagas.ba\/produkt\/regulator-srednjeg-pritiska-serije-1800b2\/\"]}]},{\"@type\":\"BreadcrumbList\",\"@id\":\"https:\/\/fagas.ba\/produkt\/regulator-srednjeg-pritiska-serije-1800b2\/#breadcrumb\",\"itemListElement\":[{\"@type\":\"ListItem\",\"position\":1,\"name\":\"Home\",\"item\":\"https:\/\/fagas.ba\/\"},{\"@type\":\"ListItem\",\"position\":2,\"name\":\"Products\",\"item\":\"https:\/\/fagas.ba\/en\/shop\/\"},{\"@type\":\"ListItem\",\"position\":3,\"name\":\"Mitteldruckregler Serie 1800B2\"}]},{\"@type\":\"WebSite\",\"@id\":\"https:\/\/fagas.ba\/en\/#website\",\"url\":\"https:\/\/fagas.ba\/en\/\",\"name\":\"FAGAS\",\"description\":\"Projektovanje i proizvodnja gasne opreme\",\"potentialAction\":[{\"@type\":\"SearchAction\",\"target\":{\"@type\":\"EntryPoint\",\"urlTemplate\":\"https:\/\/fagas.ba\/en\/?s={search_term_string}\"},\"query-input\":\"required name=search_term_string\"}],\"inLanguage\":\"de\"}]}<\/script>\n<!-- \/ Yoast SEO plugin. -->","yoast_head_json":{"title":"Mitteldruckregler Serie 1800B2 - FAGAS","robots":{"index":"index","follow":"follow","max-snippet":"max-snippet:-1","max-image-preview":"max-image-preview:large","max-video-preview":"max-video-preview:-1"},"canonical":"https:\/\/fagas.ba\/produkt\/regulator-srednjeg-pritiska-serije-1800b2\/","og_locale":"de_DE","og_type":"article","og_title":"Mitteldruckregler Serie 1800B2 - FAGAS","og_description":"Die Druckregler der Serie 1800B2 von Elster American Meter sind f\u00fcr Erdgasanwendungen konzipiert und verf\u00fcgen \u00fcber ein kompaktes, leichtes Design f\u00fcr eine schnelle und einfache Installation. Austauschbare Entl\u00fcftungs\u00f6ffnungen und Federn bieten eine breite Palette von Ausgangsdr\u00fccken und Durchflussraten. Es stehen Ausgangsdr\u00fccke zwischen 3,5\" W.C. und 2 PSIG zur Verf\u00fcgung. Der Betriebstemperaturbereich betr\u00e4gt -20 \u00b0 F bis 150 \u00b0 F (-30 \u00b0 C bis 65 \u00b0 C). Der maximale Durchfluss betr\u00e4gt 2500 SCFH (70,8 m\u00b3\/h). Die technische Dokumentation steht im pdf-Format zur Verf\u00fcgung.","og_url":"https:\/\/fagas.ba\/produkt\/regulator-srednjeg-pritiska-serije-1800b2\/","og_site_name":"FAGAS","article_modified_time":"2021-11-24T23:28:05+00:00","og_image":[{"width":640,"height":399,"url":"https:\/\/fagas.ba\/fgs\/wp-content\/uploads\/2021\/01\/1800B2.jpg","type":"image\/jpeg"}],"twitter_card":"summary_large_image","twitter_misc":{"Gesch\u00e4tzte Lesezeit":"1\u00a0Minute"},"schema":{"@context":"https:\/\/schema.org","@graph":[{"@type":"WebPage","@id":"https:\/\/fagas.ba\/produkt\/regulator-srednjeg-pritiska-serije-1800b2\/","url":"https:\/\/fagas.ba\/produkt\/regulator-srednjeg-pritiska-serije-1800b2\/","name":"Mitteldruckregler Serie 1800B2 - FAGAS","isPartOf":{"@id":"https:\/\/fagas.ba\/en\/#website"},"datePublished":"2021-11-24T23:28:04+00:00","dateModified":"2021-11-24T23:28:05+00:00","breadcrumb":{"@id":"https:\/\/fagas.ba\/produkt\/regulator-srednjeg-pritiska-serije-1800b2\/#breadcrumb"},"inLanguage":"de","potentialAction":[{"@type":"ReadAction","target":["https:\/\/fagas.ba\/produkt\/regulator-srednjeg-pritiska-serije-1800b2\/"]}]},{"@type":"BreadcrumbList","@id":"https:\/\/fagas.ba\/produkt\/regulator-srednjeg-pritiska-serije-1800b2\/#breadcrumb","itemListElement":[{"@type":"ListItem","position":1,"name":"Home","item":"https:\/\/fagas.ba\/"},{"@type":"ListItem","position":2,"name":"Products","item":"https:\/\/fagas.ba\/en\/shop\/"},{"@type":"ListItem","position":3,"name":"Mitteldruckregler Serie 1800B2"}]},{"@type":"WebSite","@id":"https:\/\/fagas.ba\/en\/#website","url":"https:\/\/fagas.ba\/en\/","name":"FAGAS","description":"Projektovanje i proizvodnja gasne opreme","potentialAction":[{"@type":"SearchAction","target":{"@type":"EntryPoint","urlTemplate":"https:\/\/fagas.ba\/en\/?s={search_term_string}"},"query-input":"required name=search_term_string"}],"inLanguage":"de"}]}},"_links":{"self":[{"href":"https:\/\/fagas.ba\/de\/wp-json\/wp\/v2\/product\/5314"}],"collection":[{"href":"https:\/\/fagas.ba\/de\/wp-json\/wp\/v2\/product"}],"about":[{"href":"https:\/\/fagas.ba\/de\/wp-json\/wp\/v2\/types\/product"}],"replies":[{"embeddable":true,"href":"https:\/\/fagas.ba\/de\/wp-json\/wp\/v2\/comments?post=5314"}],"wp:featuredmedia":[{"embeddable":true,"href":"https:\/\/fagas.ba\/de\/wp-json\/wp\/v2\/media\/4087"}],"wp:attachment":[{"href":"https:\/\/fagas.ba\/de\/wp-json\/wp\/v2\/media?parent=5314"}],"wp:term":[{"taxonomy":"product_cat","embeddable":true,"href":"https:\/\/fagas.ba\/de\/wp-json\/wp\/v2\/product_cat?post=5314"},{"taxonomy":"product_tag","embeddable":true,"href":"https:\/\/fagas.ba\/de\/wp-json\/wp\/v2\/product_tag?post=5314"}],"curies":[{"name":"wp","href":"https:\/\/api.w.org\/{rel}","templated":true}]}}