{"id":5307,"date":"2021-11-24T23:15:46","date_gmt":"2021-11-24T23:15:46","guid":{"rendered":"https:\/\/fagas.ba\/product\/mitteldruckregler-j123hp\/"},"modified":"2021-11-24T23:15:50","modified_gmt":"2021-11-24T23:15:50","slug":"mitteldruckregler-j123hp","status":"publish","type":"product","link":"https:\/\/fagas.ba\/de\/produkt\/mitteldruckregler-j123hp\/","title":{"rendered":"Mitteldruckregler J123HP"},"content":{"rendered":"<p>[et_pb_section fb_built=&#8220;1&#8243; _builder_version=&#8220;3.22&#8243; custom_padding=&#8220;0px||||false|false&#8220;][et_pb_row _builder_version=&#8220;3.25&#8243; background_size=&#8220;initial&#8220; background_position=&#8220;top_left&#8220; background_repeat=&#8220;repeat&#8220; width=&#8220;100%&#8220; custom_padding=&#8220;0px||0px||false|false&#8220;][et_pb_column type=&#8220;4_4&#8243; _builder_version=&#8220;3.25&#8243; custom_padding=&#8220;|||&#8220; custom_padding__hover=&#8220;|||&#8220;][et_pb_wc_breadcrumb admin_label=&#8220;Woo Breadcrumb&#8220; _builder_version=&#8220;3.0.47&#8243;][\/et_pb_wc_breadcrumb][\/et_pb_column][\/et_pb_row][et_pb_row column_structure=&#8220;1_2,1_2&#8243; _builder_version=&#8220;3.25&#8243; background_size=&#8220;initial&#8220; background_position=&#8220;top_left&#8220; background_repeat=&#8220;repeat&#8220; width=&#8220;100%&#8220; custom_padding=&#8220;0px||||false|false&#8220;][et_pb_column type=&#8220;1_2&#8243; _builder_version=&#8220;3.25&#8243; custom_padding=&#8220;|||&#8220; custom_padding__hover=&#8220;|||&#8220;][et_pb_wc_images _builder_version=&#8220;4.7.4&#8243; _module_preset=&#8220;default&#8220;][\/et_pb_wc_images][\/et_pb_column][et_pb_column type=&#8220;1_2&#8243; _builder_version=&#8220;3.25&#8243; custom_padding=&#8220;|||&#8220; custom_padding__hover=&#8220;|||&#8220;][et_pb_wc_title _builder_version=&#8220;3.0.47&#8243;][\/et_pb_wc_title][et_pb_wc_description _builder_version=&#8220;3.0.47&#8243;][\/et_pb_wc_description][et_pb_wc_meta _builder_version=&#8220;3.0.47&#8243;][\/et_pb_wc_meta][\/et_pb_column][\/et_pb_row][et_pb_row _builder_version=&#8220;3.25&#8243; background_size=&#8220;initial&#8220; background_position=&#8220;top_left&#8220; background_repeat=&#8220;repeat&#8220; width=&#8220;100%&#8220;][et_pb_column type=&#8220;4_4&#8243; _builder_version=&#8220;3.25&#8243; custom_padding=&#8220;|||&#8220; custom_padding__hover=&#8220;|||&#8220;][et_pb_divider color=&#8220;#D8D8D8&#8243; divider_position=&#8220;center&#8220; _builder_version=&#8220;4.7.4&#8243; _module_preset=&#8220;default&#8220;][\/et_pb_divider][et_pb_tabs module_class=&#8220;vertical-tabs2&#8243; _builder_version=&#8220;4.7.4&#8243; _module_preset=&#8220;default&#8220; hover_enabled=&#8220;0&#8243; sticky_enabled=&#8220;0&#8243;][et_pb_tab title=&#8220;Technische Daten&#8220; _builder_version=&#8220;4.7.4&#8243; _module_preset=&#8220;default&#8220; hover_enabled=&#8220;0&#8243; sticky_enabled=&#8220;0&#8243;]<\/p>\n<ul>\n<li class=\"p1\">\n<p class=\"p1\">Gr\u00f6\u00dfen: 2&#8243; und 3&#8243;<\/p>\n<\/li>\n<li class=\"p1\">\n<p class=\"p1\">Eingangsdruck bis 4 bar<\/p>\n<\/li>\n<li class=\"p1\">\n<p class=\"p1\">Ausgangsdruck 140 &#8211; 1035 mbar<\/p>\n<\/li>\n<li class=\"p1\">\n<p class=\"p1\">Modularer Aufbau f\u00fcr einfache Wartung<\/p>\n<\/li>\n<li class=\"p1\">\n<p class=\"p1\">Aktive oder Monitorversionen sind verf\u00fcgbar<\/p>\n<\/li>\n<li class=\"p1\">\n<p class=\"p1\">Mit Ventilhubanzeige<\/p>\n<\/li>\n<li class=\"p1\">\n<p class=\"p1\">Temperaturbereich -20\u00b0C bis +70\u00b0C<\/p>\n<\/li>\n<\/ul>\n<p>[\/et_pb_tab][\/et_pb_tabs][et_pb_divider color=&#8220;#D8D8D8&#8243; divider_position=&#8220;center&#8220; _builder_version=&#8220;4.7.4&#8243; _module_preset=&#8220;default&#8220;][\/et_pb_divider][et_pb_wc_related_products posts_number=&#8220;4&#8243; columns_number=&#8220;4&#8243; admin_label=&#8220;Sli\u010dni proizvodi&#8220; _builder_version=&#8220;4.7.4&#8243;][\/et_pb_wc_related_products][\/et_pb_column][\/et_pb_row][\/et_pb_section]<\/p>\n","protected":false},"excerpt":{"rendered":"<p>Der J123HP ist ein Federverteiler und Industrieregler, der auch von einem Hilfssystem betrieben werden kann und sich als Monitor oder aktiver Regler eignet. Das Ger\u00e4t hat einen gr\u00f6\u00dferen Ausgangsdruckbereich als ein Standardregler. Es ist f\u00fcr den Einsatz in Installationen konzipiert, die die Anforderungen von BGC \/ PS \/ E26 (ehemals DIR6) und IGE \/ TD \/ 10 erf\u00fcllen.<br \/>\nAlle Einheiten sind f\u00fcr den Betrieb mit Erd-, Fl\u00fcssig- und F\u00f6rdergasen geeignet und k\u00f6nnen in horizontale oder vertikale Rohrleitungen eingebaut werden. Der Controller ist an einen externen Impulsanschluss angeschlossen.<br \/>\nEine hohe Empfindlichkeit wird durch eine unter Hochdruck rollende Sekund\u00e4rmembran gew\u00e4hrleistet. Die Ventilhubanzeige und die Staubschutzkappe durch die Entl\u00fcftung sind bei allen Ger\u00e4ten serienm\u00e4\u00dfig.<br \/>\nDer J123HP ist modular aufgebaut, sodass der Regulierungsmechanismus ohne Eingriff in die Pipeline entfernt werden kann.<br \/>\nJ123HP ist vom BSI f\u00fcr die Module B + D PED 97\/23\/EG zugelassen (Benannte Stelle Nr. 0086). Es ist als Ausr\u00fcstungs- und Druckadditiv der Kategorie IV klassifiziert.<\/p>\n","protected":false},"featured_media":4103,"comment_status":"open","ping_status":"closed","template":"","meta":{"_et_pb_use_builder":"on","_et_pb_old_content":"Der J123HP ist ein Federverteiler und Industrieregler, der auch von einem Hilfssystem betrieben werden kann und sich als Monitor oder aktiver Regler eignet. Das Ger\u00e4t hat einen gr\u00f6\u00dferen Ausgangsdruckbereich als ein Standardregler. Es ist f\u00fcr den Einsatz in Installationen konzipiert, die die Anforderungen von BGC \/ PS \/ E26 (ehemals DIR6) und IGE \/ TD \/ 10 erf\u00fcllen.\nAlle Einheiten sind f\u00fcr den Betrieb mit Erd-, Fl\u00fcssig- und F\u00f6rdergasen geeignet und k\u00f6nnen in horizontale oder vertikale Rohrleitungen eingebaut werden. Der Controller ist an einen externen Impulsanschluss angeschlossen.\nEine hohe Empfindlichkeit wird durch eine unter Hochdruck rollende Sekund\u00e4rmembran gew\u00e4hrleistet. Die Ventilhubanzeige und die Staubschutzkappe durch die Entl\u00fcftung sind bei allen Ger\u00e4ten serienm\u00e4\u00dfig.\nDer J123HP ist modular aufgebaut, sodass der Regulierungsmechanismus ohne Eingriff in die Pipeline entfernt werden kann.\nJ123HP ist vom BSI f\u00fcr die Module B + D PED 97\/23\/EG zugelassen (Benannte Stelle Nr. 0086). Es ist als Ausr\u00fcstungs- und Druckadditiv der Kategorie IV klassifiziert.","_et_gb_content_width":""},"product_cat":[359,321,363],"product_tag":[267,213,275],"yoast_head":"<!-- This site is optimized with the Yoast SEO plugin v20.12 - https:\/\/yoast.com\/wordpress\/plugins\/seo\/ -->\n<title>Mitteldruckregler J123HP - FAGAS<\/title>\n<meta name=\"robots\" content=\"index, follow, max-snippet:-1, max-image-preview:large, max-video-preview:-1\" \/>\n<link rel=\"canonical\" href=\"https:\/\/fagas.ba\/produkt\/regulator-srednjeg-pritiska-j123hp\/\" \/>\n<meta property=\"og:locale\" content=\"de_DE\" \/>\n<meta property=\"og:type\" content=\"article\" \/>\n<meta property=\"og:title\" content=\"Mitteldruckregler J123HP - FAGAS\" \/>\n<meta property=\"og:description\" content=\"Der J123HP ist ein Federverteiler und Industrieregler, der auch von einem Hilfssystem betrieben werden kann und sich als Monitor oder aktiver Regler eignet. Das Ger\u00e4t hat einen gr\u00f6\u00dferen Ausgangsdruckbereich als ein Standardregler. Es ist f\u00fcr den Einsatz in Installationen konzipiert, die die Anforderungen von BGC \/ PS \/ E26 (ehemals DIR6) und IGE \/ TD \/ 10 erf\u00fcllen. Alle Einheiten sind f\u00fcr den Betrieb mit Erd-, Fl\u00fcssig- und F\u00f6rdergasen geeignet und k\u00f6nnen in horizontale oder vertikale Rohrleitungen eingebaut werden. Der Controller ist an einen externen Impulsanschluss angeschlossen. Eine hohe Empfindlichkeit wird durch eine unter Hochdruck rollende Sekund\u00e4rmembran gew\u00e4hrleistet. Die Ventilhubanzeige und die Staubschutzkappe durch die Entl\u00fcftung sind bei allen Ger\u00e4ten serienm\u00e4\u00dfig. Der J123HP ist modular aufgebaut, sodass der Regulierungsmechanismus ohne Eingriff in die Pipeline entfernt werden kann. J123HP ist vom BSI f\u00fcr die Module B + D PED 97\/23\/EG zugelassen (Benannte Stelle Nr. 0086). Es ist als Ausr\u00fcstungs- und Druckadditiv der Kategorie IV klassifiziert.\" \/>\n<meta property=\"og:url\" content=\"https:\/\/fagas.ba\/produkt\/regulator-srednjeg-pritiska-j123hp\/\" \/>\n<meta property=\"og:site_name\" content=\"FAGAS\" \/>\n<meta property=\"article:modified_time\" content=\"2021-11-24T23:15:50+00:00\" \/>\n<meta property=\"og:image\" content=\"https:\/\/fagas.ba\/fgs\/wp-content\/uploads\/2021\/01\/J123HP.jpg\" \/>\n\t<meta property=\"og:image:width\" content=\"640\" \/>\n\t<meta property=\"og:image:height\" content=\"399\" \/>\n\t<meta property=\"og:image:type\" content=\"image\/jpeg\" \/>\n<meta name=\"twitter:card\" content=\"summary_large_image\" \/>\n<meta name=\"twitter:label1\" content=\"Gesch\u00e4tzte Lesezeit\" \/>\n\t<meta name=\"twitter:data1\" content=\"2\u00a0Minuten\" \/>\n<script type=\"application\/ld+json\" class=\"yoast-schema-graph\">{\"@context\":\"https:\/\/schema.org\",\"@graph\":[{\"@type\":\"WebPage\",\"@id\":\"https:\/\/fagas.ba\/produkt\/regulator-srednjeg-pritiska-j123hp\/\",\"url\":\"https:\/\/fagas.ba\/produkt\/regulator-srednjeg-pritiska-j123hp\/\",\"name\":\"Mitteldruckregler J123HP - FAGAS\",\"isPartOf\":{\"@id\":\"https:\/\/fagas.ba\/en\/#website\"},\"datePublished\":\"2021-11-24T23:15:46+00:00\",\"dateModified\":\"2021-11-24T23:15:50+00:00\",\"breadcrumb\":{\"@id\":\"https:\/\/fagas.ba\/produkt\/regulator-srednjeg-pritiska-j123hp\/#breadcrumb\"},\"inLanguage\":\"de\",\"potentialAction\":[{\"@type\":\"ReadAction\",\"target\":[\"https:\/\/fagas.ba\/produkt\/regulator-srednjeg-pritiska-j123hp\/\"]}]},{\"@type\":\"BreadcrumbList\",\"@id\":\"https:\/\/fagas.ba\/produkt\/regulator-srednjeg-pritiska-j123hp\/#breadcrumb\",\"itemListElement\":[{\"@type\":\"ListItem\",\"position\":1,\"name\":\"Home\",\"item\":\"https:\/\/fagas.ba\/\"},{\"@type\":\"ListItem\",\"position\":2,\"name\":\"Products\",\"item\":\"https:\/\/fagas.ba\/en\/shop\/\"},{\"@type\":\"ListItem\",\"position\":3,\"name\":\"Mitteldruckregler J123HP\"}]},{\"@type\":\"WebSite\",\"@id\":\"https:\/\/fagas.ba\/en\/#website\",\"url\":\"https:\/\/fagas.ba\/en\/\",\"name\":\"FAGAS\",\"description\":\"Projektovanje i proizvodnja gasne opreme\",\"potentialAction\":[{\"@type\":\"SearchAction\",\"target\":{\"@type\":\"EntryPoint\",\"urlTemplate\":\"https:\/\/fagas.ba\/en\/?s={search_term_string}\"},\"query-input\":\"required name=search_term_string\"}],\"inLanguage\":\"de\"}]}<\/script>\n<!-- \/ Yoast SEO plugin. -->","yoast_head_json":{"title":"Mitteldruckregler J123HP - FAGAS","robots":{"index":"index","follow":"follow","max-snippet":"max-snippet:-1","max-image-preview":"max-image-preview:large","max-video-preview":"max-video-preview:-1"},"canonical":"https:\/\/fagas.ba\/produkt\/regulator-srednjeg-pritiska-j123hp\/","og_locale":"de_DE","og_type":"article","og_title":"Mitteldruckregler J123HP - FAGAS","og_description":"Der J123HP ist ein Federverteiler und Industrieregler, der auch von einem Hilfssystem betrieben werden kann und sich als Monitor oder aktiver Regler eignet. Das Ger\u00e4t hat einen gr\u00f6\u00dferen Ausgangsdruckbereich als ein Standardregler. Es ist f\u00fcr den Einsatz in Installationen konzipiert, die die Anforderungen von BGC \/ PS \/ E26 (ehemals DIR6) und IGE \/ TD \/ 10 erf\u00fcllen. Alle Einheiten sind f\u00fcr den Betrieb mit Erd-, Fl\u00fcssig- und F\u00f6rdergasen geeignet und k\u00f6nnen in horizontale oder vertikale Rohrleitungen eingebaut werden. Der Controller ist an einen externen Impulsanschluss angeschlossen. Eine hohe Empfindlichkeit wird durch eine unter Hochdruck rollende Sekund\u00e4rmembran gew\u00e4hrleistet. Die Ventilhubanzeige und die Staubschutzkappe durch die Entl\u00fcftung sind bei allen Ger\u00e4ten serienm\u00e4\u00dfig. Der J123HP ist modular aufgebaut, sodass der Regulierungsmechanismus ohne Eingriff in die Pipeline entfernt werden kann. J123HP ist vom BSI f\u00fcr die Module B + D PED 97\/23\/EG zugelassen (Benannte Stelle Nr. 0086). Es ist als Ausr\u00fcstungs- und Druckadditiv der Kategorie IV klassifiziert.","og_url":"https:\/\/fagas.ba\/produkt\/regulator-srednjeg-pritiska-j123hp\/","og_site_name":"FAGAS","article_modified_time":"2021-11-24T23:15:50+00:00","og_image":[{"width":640,"height":399,"url":"https:\/\/fagas.ba\/fgs\/wp-content\/uploads\/2021\/01\/J123HP.jpg","type":"image\/jpeg"}],"twitter_card":"summary_large_image","twitter_misc":{"Gesch\u00e4tzte Lesezeit":"2\u00a0Minuten"},"schema":{"@context":"https:\/\/schema.org","@graph":[{"@type":"WebPage","@id":"https:\/\/fagas.ba\/produkt\/regulator-srednjeg-pritiska-j123hp\/","url":"https:\/\/fagas.ba\/produkt\/regulator-srednjeg-pritiska-j123hp\/","name":"Mitteldruckregler J123HP - FAGAS","isPartOf":{"@id":"https:\/\/fagas.ba\/en\/#website"},"datePublished":"2021-11-24T23:15:46+00:00","dateModified":"2021-11-24T23:15:50+00:00","breadcrumb":{"@id":"https:\/\/fagas.ba\/produkt\/regulator-srednjeg-pritiska-j123hp\/#breadcrumb"},"inLanguage":"de","potentialAction":[{"@type":"ReadAction","target":["https:\/\/fagas.ba\/produkt\/regulator-srednjeg-pritiska-j123hp\/"]}]},{"@type":"BreadcrumbList","@id":"https:\/\/fagas.ba\/produkt\/regulator-srednjeg-pritiska-j123hp\/#breadcrumb","itemListElement":[{"@type":"ListItem","position":1,"name":"Home","item":"https:\/\/fagas.ba\/"},{"@type":"ListItem","position":2,"name":"Products","item":"https:\/\/fagas.ba\/en\/shop\/"},{"@type":"ListItem","position":3,"name":"Mitteldruckregler J123HP"}]},{"@type":"WebSite","@id":"https:\/\/fagas.ba\/en\/#website","url":"https:\/\/fagas.ba\/en\/","name":"FAGAS","description":"Projektovanje i proizvodnja gasne opreme","potentialAction":[{"@type":"SearchAction","target":{"@type":"EntryPoint","urlTemplate":"https:\/\/fagas.ba\/en\/?s={search_term_string}"},"query-input":"required name=search_term_string"}],"inLanguage":"de"}]}},"_links":{"self":[{"href":"https:\/\/fagas.ba\/de\/wp-json\/wp\/v2\/product\/5307"}],"collection":[{"href":"https:\/\/fagas.ba\/de\/wp-json\/wp\/v2\/product"}],"about":[{"href":"https:\/\/fagas.ba\/de\/wp-json\/wp\/v2\/types\/product"}],"replies":[{"embeddable":true,"href":"https:\/\/fagas.ba\/de\/wp-json\/wp\/v2\/comments?post=5307"}],"wp:featuredmedia":[{"embeddable":true,"href":"https:\/\/fagas.ba\/de\/wp-json\/wp\/v2\/media\/4103"}],"wp:attachment":[{"href":"https:\/\/fagas.ba\/de\/wp-json\/wp\/v2\/media?parent=5307"}],"wp:term":[{"taxonomy":"product_cat","embeddable":true,"href":"https:\/\/fagas.ba\/de\/wp-json\/wp\/v2\/product_cat?post=5307"},{"taxonomy":"product_tag","embeddable":true,"href":"https:\/\/fagas.ba\/de\/wp-json\/wp\/v2\/product_tag?post=5307"}],"curies":[{"name":"wp","href":"https:\/\/api.w.org\/{rel}","templated":true}]}}