{"id":5305,"date":"2021-11-24T23:08:59","date_gmt":"2021-11-24T23:08:59","guid":{"rendered":"https:\/\/fagas.ba\/product\/mitteldruckregler-j125\/"},"modified":"2021-11-24T23:09:02","modified_gmt":"2021-11-24T23:09:02","slug":"mitteldruckregler-j125","status":"publish","type":"product","link":"https:\/\/fagas.ba\/de\/produkt\/mitteldruckregler-j125\/","title":{"rendered":"Mitteldruckregler J125"},"content":{"rendered":"<p>[et_pb_section fb_built=&#8220;1&#8243; _builder_version=&#8220;3.22&#8243; custom_padding=&#8220;0px||||false|false&#8220;][et_pb_row _builder_version=&#8220;3.25&#8243; background_size=&#8220;initial&#8220; background_position=&#8220;top_left&#8220; background_repeat=&#8220;repeat&#8220; width=&#8220;100%&#8220; custom_padding=&#8220;0px||0px||false|false&#8220;][et_pb_column type=&#8220;4_4&#8243; _builder_version=&#8220;3.25&#8243; custom_padding=&#8220;|||&#8220; custom_padding__hover=&#8220;|||&#8220;][et_pb_wc_breadcrumb admin_label=&#8220;Woo Breadcrumb&#8220; _builder_version=&#8220;3.0.47&#8243;][\/et_pb_wc_breadcrumb][\/et_pb_column][\/et_pb_row][et_pb_row column_structure=&#8220;1_2,1_2&#8243; _builder_version=&#8220;3.25&#8243; background_size=&#8220;initial&#8220; background_position=&#8220;top_left&#8220; background_repeat=&#8220;repeat&#8220; width=&#8220;100%&#8220; custom_padding=&#8220;0px||||false|false&#8220;][et_pb_column type=&#8220;1_2&#8243; _builder_version=&#8220;3.25&#8243; custom_padding=&#8220;|||&#8220; custom_padding__hover=&#8220;|||&#8220;][et_pb_wc_images _builder_version=&#8220;4.7.4&#8243; _module_preset=&#8220;default&#8220;][\/et_pb_wc_images][\/et_pb_column][et_pb_column type=&#8220;1_2&#8243; _builder_version=&#8220;3.25&#8243; custom_padding=&#8220;|||&#8220; custom_padding__hover=&#8220;|||&#8220;][et_pb_wc_title _builder_version=&#8220;3.0.47&#8243;][\/et_pb_wc_title][et_pb_wc_description _builder_version=&#8220;3.0.47&#8243;][\/et_pb_wc_description][et_pb_wc_meta _builder_version=&#8220;3.0.47&#8243;][\/et_pb_wc_meta][\/et_pb_column][\/et_pb_row][et_pb_row _builder_version=&#8220;3.25&#8243; background_size=&#8220;initial&#8220; background_position=&#8220;top_left&#8220; background_repeat=&#8220;repeat&#8220; width=&#8220;100%&#8220;][et_pb_column type=&#8220;4_4&#8243; _builder_version=&#8220;3.25&#8243; custom_padding=&#8220;|||&#8220; custom_padding__hover=&#8220;|||&#8220;][et_pb_divider color=&#8220;#D8D8D8&#8243; divider_position=&#8220;center&#8220; _builder_version=&#8220;4.7.4&#8243; _module_preset=&#8220;default&#8220;][\/et_pb_divider][et_pb_tabs module_class=&#8220;vertical-tabs2&#8243; _builder_version=&#8220;4.7.4&#8243; _module_preset=&#8220;default&#8220;][et_pb_tab title=&#8220;Technische Daten&#8220; _builder_version=&#8220;4.7.4&#8243; _module_preset=&#8220;default&#8220;]<\/p>\n<ul>\n<li class=\"p1\">\n<p class=\"p1\">Gr\u00f6\u00dfen: 3\/4&#8243;, 1&#8243;, 1 1\/2&#8243; und 2&#8243;<\/p>\n<\/li>\n<li class=\"p1\">\n<p class=\"p1\">Eingangsdruck bis 8,6 bar<\/p>\n<\/li>\n<li class=\"p1\">\n<p class=\"p1\">Ausgangsdruck 5 &#8211; 140 mbar (1&#8243;) 8,8 &#8211; 350 mbar (2&#8243;)<\/p>\n<\/li>\n<li class=\"p1\">\n<p class=\"p1\">Erh\u00e4ltlich mit OPSS, UPSS<\/p>\n<\/li>\n<li class=\"p1\">\n<p class=\"p1\">Sicherheitsventil mit voller oder begrenzter Kapazit\u00e4t<\/p>\n<\/li>\n<li class=\"p1\">\n<p class=\"p1\">Temperaturbereich -20\u00b0C bis +70\u00b0C<\/p>\n<\/li>\n<\/ul>\n<p>[\/et_pb_tab][et_pb_tab title=&#8220;Technische Dokumentation&#8220; _builder_version=&#8220;4.7.4&#8243; _module_preset=&#8220;default&#8220;]<\/p>\n<ul class=\"documents-list\">\n<li><a href=\"http:\/\/fagas.ba\/fgs\/wp-content\/uploads\/2021\/01\/BA_JEA_C125_2_EN.pdf\" target=\"_blank\" rel=\"noopener noreferrer\">Handbuch<\/a><\/li>\n<li><a href=\"http:\/\/fagas.ba\/fgs\/wp-content\/uploads\/2021\/01\/J1252EN08.pdf\" target=\"_blank\" rel=\"noopener noreferrer\">Technisches Dokument<\/a><\/li>\n<\/ul>\n<p>[\/et_pb_tab][\/et_pb_tabs][et_pb_divider color=&#8220;#D8D8D8&#8243; divider_position=&#8220;center&#8220; _builder_version=&#8220;4.7.4&#8243; _module_preset=&#8220;default&#8220;][\/et_pb_divider][et_pb_wc_related_products posts_number=&#8220;4&#8243; columns_number=&#8220;4&#8243; admin_label=&#8220;Sli\u010dni proizvodi&#8220; _builder_version=&#8220;4.7.4&#8243;][\/et_pb_wc_related_products][\/et_pb_column][\/et_pb_row][\/et_pb_section]<\/p>\n","protected":false},"excerpt":{"rendered":"<p class=\"p1\">F\u00fcr Serviceanwendungen steht neben einer Pr\u00e4zisions-Druckregelung die J125-Controller-Reihe zur Verf\u00fcgung. Ideal f\u00fcr industrielle Druckreduzierung, Messstationen und f\u00fcr die Fernverteilung. Eingangsdruckbereich von 70mb &#8211; 8,6 bar. Die Gr\u00f6\u00dfen \u00be \u201d, 1\u201d und 1\u00bd \u201d sind mit Schraubanschl\u00fcssen erh\u00e4ltlich, die Gr\u00f6\u00dfen 2\u201d sind mit Schraub- oder Flanschanschl\u00fcssen erh\u00e4ltlich.<\/p>\n<p class=\"p1\">Der J125 kann ein Sicherheitsventil mit voller oder begrenzter Kapazit\u00e4t haben. Kann mit Universal Safety Lock Assembly (USSA) geliefert werden. Dies bietet Schutz vor \u00dcber- und\/oder Unterdruck. Es bietet eine au\u00dfergew\u00f6hnliche Arbeitskonstanz und eine un\u00fcbertroffene Unempfindlichkeit gegen\u00fcber St\u00f6rungen. Alle Ger\u00e4te sind f\u00fcr Erdgas, Fl\u00fcssiggas und produzierte Gase geeignet. Verschiedene Versionen dieses Controllers erf\u00fcllen die Anforderungen von BGC \/ PS \/ E26, IGE \/ TD \/ 10, DIN3380, DIN3381, Danish DGP, BS3016 und zahlreichen internationalen Spezifikationen. Die USSA-Einheit wurde entwickelt, um die Anforderungen der Normen BGES \/ V9, TN02, DIN33822 und DIN3381 zu erf\u00fcllen.<\/p>\n<p class=\"p1\">1\u00bd\u201c und 2\u201c J125 ist vom BSI f\u00fcr Modul B + D PED 97\/23\/EG (benannte Stelle Nr. 0086) zugelassen. Es ist als Ausr\u00fcstungs- und Druckadditiv der Kategorie IV klassifiziert.<\/p>\n","protected":false},"featured_media":4105,"comment_status":"open","ping_status":"closed","template":"","meta":{"_et_pb_use_builder":"on","_et_pb_old_content":"<p class=\"p1\">J125-Controller-Reihe f\u00fcr Serviceanwendungen, bei denen eine pr\u00e4zise Druckregelung erforderlich ist. Ideal f\u00fcr industrielle Druckreduzierung, Messstationen und f\u00fcr die Fernverteilung. Eingangsdruckbereich von 70mb - 8,6 bar. Die Gr\u00f6\u00dfen \u00be \u201d, 1\u201d und 1\u00bd \u201d sind mit Schraubanschl\u00fcssen erh\u00e4ltlich, die Gr\u00f6\u00dfen 2\u201d sind mit Schraub- oder Flanschanschl\u00fcssen erh\u00e4ltlich.<\/p>\n<p class=\"p1\">Der J125 kann ein Sicherheitsventil mit voller oder begrenzter Kapazit\u00e4t haben. Kann mit Universal Safety Lock Assembly (USSA) geliefert werden. Dies bietet Schutz vor \u00dcber- und\/oder Unterdruck. Es bietet eine au\u00dfergew\u00f6hnliche Arbeitskonstanz und eine un\u00fcbertroffene Unempfindlichkeit gegen\u00fcber St\u00f6rungen. Alle Ger\u00e4te sind f\u00fcr Erdgas, Fl\u00fcssiggas und produzierte Gase geeignet. Verschiedene Versionen dieses Controllers erf\u00fcllen die Anforderungen von BGC \/ PS \/ E26, IGE \/ TD \/ 10, DIN3380, DIN3381, Danish DGP, BS3016 und zahlreichen internationalen Spezifikationen. Die USSA-Einheit wurde entwickelt, um die Anforderungen der Normen BGES \/ V9, TN02, DIN33822 und DIN3381 zu erf\u00fcllen.<\/p>\n<p class=\"p1\">1\u00bd\u201c und 2\u201c J125 ist vom BSI f\u00fcr Modul B + D PED 97\/23\/EG (benannte Stelle Nr. 0086) zugelassen. Es ist als Ausr\u00fcstungs- und Druckadditiv der Kategorie IV klassifiziert.<\/p>","_et_gb_content_width":""},"product_cat":[359,321,363],"product_tag":[267,213,275],"yoast_head":"<!-- This site is optimized with the Yoast SEO plugin v20.12 - https:\/\/yoast.com\/wordpress\/plugins\/seo\/ -->\n<title>Mitteldruckregler J125 - FAGAS<\/title>\n<meta name=\"robots\" content=\"index, follow, max-snippet:-1, max-image-preview:large, max-video-preview:-1\" \/>\n<link rel=\"canonical\" href=\"https:\/\/fagas.ba\/produkt\/regulator-srednjeg-pritiska-j125\/\" \/>\n<meta property=\"og:locale\" content=\"de_DE\" \/>\n<meta property=\"og:type\" content=\"article\" \/>\n<meta property=\"og:title\" content=\"Mitteldruckregler J125 - FAGAS\" \/>\n<meta property=\"og:description\" content=\"F\u00fcr Serviceanwendungen steht neben einer Pr\u00e4zisions-Druckregelung die J125-Controller-Reihe zur Verf\u00fcgung. Ideal f\u00fcr industrielle Druckreduzierung, Messstationen und f\u00fcr die Fernverteilung. Eingangsdruckbereich von 70mb - 8,6 bar. Die Gr\u00f6\u00dfen \u00be \u201d, 1\u201d und 1\u00bd \u201d sind mit Schraubanschl\u00fcssen erh\u00e4ltlich, die Gr\u00f6\u00dfen 2\u201d sind mit Schraub- oder Flanschanschl\u00fcssen erh\u00e4ltlich. Der J125 kann ein Sicherheitsventil mit voller oder begrenzter Kapazit\u00e4t haben. Kann mit Universal Safety Lock Assembly (USSA) geliefert werden. Dies bietet Schutz vor \u00dcber- und\/oder Unterdruck. Es bietet eine au\u00dfergew\u00f6hnliche Arbeitskonstanz und eine un\u00fcbertroffene Unempfindlichkeit gegen\u00fcber St\u00f6rungen. Alle Ger\u00e4te sind f\u00fcr Erdgas, Fl\u00fcssiggas und produzierte Gase geeignet. Verschiedene Versionen dieses Controllers erf\u00fcllen die Anforderungen von BGC \/ PS \/ E26, IGE \/ TD \/ 10, DIN3380, DIN3381, Danish DGP, BS3016 und zahlreichen internationalen Spezifikationen. Die USSA-Einheit wurde entwickelt, um die Anforderungen der Normen BGES \/ V9, TN02, DIN33822 und DIN3381 zu erf\u00fcllen. 1\u00bd\u201c und 2\u201c J125 ist vom BSI f\u00fcr Modul B + D PED 97\/23\/EG (benannte Stelle Nr. 0086) zugelassen. Es ist als Ausr\u00fcstungs- und Druckadditiv der Kategorie IV klassifiziert.\" \/>\n<meta property=\"og:url\" content=\"https:\/\/fagas.ba\/produkt\/regulator-srednjeg-pritiska-j125\/\" \/>\n<meta property=\"og:site_name\" content=\"FAGAS\" \/>\n<meta property=\"article:modified_time\" content=\"2021-11-24T23:09:02+00:00\" \/>\n<meta property=\"og:image\" content=\"https:\/\/fagas.ba\/fgs\/wp-content\/uploads\/2021\/01\/J125.jpg\" \/>\n\t<meta property=\"og:image:width\" content=\"640\" \/>\n\t<meta property=\"og:image:height\" content=\"399\" \/>\n\t<meta property=\"og:image:type\" content=\"image\/jpeg\" \/>\n<meta name=\"twitter:card\" content=\"summary_large_image\" \/>\n<meta name=\"twitter:label1\" content=\"Gesch\u00e4tzte Lesezeit\" \/>\n\t<meta name=\"twitter:data1\" content=\"2\u00a0Minuten\" \/>\n<script type=\"application\/ld+json\" class=\"yoast-schema-graph\">{\"@context\":\"https:\/\/schema.org\",\"@graph\":[{\"@type\":\"WebPage\",\"@id\":\"https:\/\/fagas.ba\/produkt\/regulator-srednjeg-pritiska-j125\/\",\"url\":\"https:\/\/fagas.ba\/produkt\/regulator-srednjeg-pritiska-j125\/\",\"name\":\"Mitteldruckregler J125 - FAGAS\",\"isPartOf\":{\"@id\":\"https:\/\/fagas.ba\/en\/#website\"},\"datePublished\":\"2021-11-24T23:08:59+00:00\",\"dateModified\":\"2021-11-24T23:09:02+00:00\",\"breadcrumb\":{\"@id\":\"https:\/\/fagas.ba\/produkt\/regulator-srednjeg-pritiska-j125\/#breadcrumb\"},\"inLanguage\":\"de\",\"potentialAction\":[{\"@type\":\"ReadAction\",\"target\":[\"https:\/\/fagas.ba\/produkt\/regulator-srednjeg-pritiska-j125\/\"]}]},{\"@type\":\"BreadcrumbList\",\"@id\":\"https:\/\/fagas.ba\/produkt\/regulator-srednjeg-pritiska-j125\/#breadcrumb\",\"itemListElement\":[{\"@type\":\"ListItem\",\"position\":1,\"name\":\"Home\",\"item\":\"https:\/\/fagas.ba\/\"},{\"@type\":\"ListItem\",\"position\":2,\"name\":\"Products\",\"item\":\"https:\/\/fagas.ba\/en\/shop\/\"},{\"@type\":\"ListItem\",\"position\":3,\"name\":\"Mitteldruckregler J125\"}]},{\"@type\":\"WebSite\",\"@id\":\"https:\/\/fagas.ba\/en\/#website\",\"url\":\"https:\/\/fagas.ba\/en\/\",\"name\":\"FAGAS\",\"description\":\"Projektovanje i proizvodnja gasne opreme\",\"potentialAction\":[{\"@type\":\"SearchAction\",\"target\":{\"@type\":\"EntryPoint\",\"urlTemplate\":\"https:\/\/fagas.ba\/en\/?s={search_term_string}\"},\"query-input\":\"required name=search_term_string\"}],\"inLanguage\":\"de\"}]}<\/script>\n<!-- \/ Yoast SEO plugin. -->","yoast_head_json":{"title":"Mitteldruckregler J125 - FAGAS","robots":{"index":"index","follow":"follow","max-snippet":"max-snippet:-1","max-image-preview":"max-image-preview:large","max-video-preview":"max-video-preview:-1"},"canonical":"https:\/\/fagas.ba\/produkt\/regulator-srednjeg-pritiska-j125\/","og_locale":"de_DE","og_type":"article","og_title":"Mitteldruckregler J125 - FAGAS","og_description":"F\u00fcr Serviceanwendungen steht neben einer Pr\u00e4zisions-Druckregelung die J125-Controller-Reihe zur Verf\u00fcgung. Ideal f\u00fcr industrielle Druckreduzierung, Messstationen und f\u00fcr die Fernverteilung. Eingangsdruckbereich von 70mb - 8,6 bar. Die Gr\u00f6\u00dfen \u00be \u201d, 1\u201d und 1\u00bd \u201d sind mit Schraubanschl\u00fcssen erh\u00e4ltlich, die Gr\u00f6\u00dfen 2\u201d sind mit Schraub- oder Flanschanschl\u00fcssen erh\u00e4ltlich. Der J125 kann ein Sicherheitsventil mit voller oder begrenzter Kapazit\u00e4t haben. Kann mit Universal Safety Lock Assembly (USSA) geliefert werden. Dies bietet Schutz vor \u00dcber- und\/oder Unterdruck. Es bietet eine au\u00dfergew\u00f6hnliche Arbeitskonstanz und eine un\u00fcbertroffene Unempfindlichkeit gegen\u00fcber St\u00f6rungen. Alle Ger\u00e4te sind f\u00fcr Erdgas, Fl\u00fcssiggas und produzierte Gase geeignet. Verschiedene Versionen dieses Controllers erf\u00fcllen die Anforderungen von BGC \/ PS \/ E26, IGE \/ TD \/ 10, DIN3380, DIN3381, Danish DGP, BS3016 und zahlreichen internationalen Spezifikationen. Die USSA-Einheit wurde entwickelt, um die Anforderungen der Normen BGES \/ V9, TN02, DIN33822 und DIN3381 zu erf\u00fcllen. 1\u00bd\u201c und 2\u201c J125 ist vom BSI f\u00fcr Modul B + D PED 97\/23\/EG (benannte Stelle Nr. 0086) zugelassen. Es ist als Ausr\u00fcstungs- und Druckadditiv der Kategorie IV klassifiziert.","og_url":"https:\/\/fagas.ba\/produkt\/regulator-srednjeg-pritiska-j125\/","og_site_name":"FAGAS","article_modified_time":"2021-11-24T23:09:02+00:00","og_image":[{"width":640,"height":399,"url":"https:\/\/fagas.ba\/fgs\/wp-content\/uploads\/2021\/01\/J125.jpg","type":"image\/jpeg"}],"twitter_card":"summary_large_image","twitter_misc":{"Gesch\u00e4tzte Lesezeit":"2\u00a0Minuten"},"schema":{"@context":"https:\/\/schema.org","@graph":[{"@type":"WebPage","@id":"https:\/\/fagas.ba\/produkt\/regulator-srednjeg-pritiska-j125\/","url":"https:\/\/fagas.ba\/produkt\/regulator-srednjeg-pritiska-j125\/","name":"Mitteldruckregler J125 - FAGAS","isPartOf":{"@id":"https:\/\/fagas.ba\/en\/#website"},"datePublished":"2021-11-24T23:08:59+00:00","dateModified":"2021-11-24T23:09:02+00:00","breadcrumb":{"@id":"https:\/\/fagas.ba\/produkt\/regulator-srednjeg-pritiska-j125\/#breadcrumb"},"inLanguage":"de","potentialAction":[{"@type":"ReadAction","target":["https:\/\/fagas.ba\/produkt\/regulator-srednjeg-pritiska-j125\/"]}]},{"@type":"BreadcrumbList","@id":"https:\/\/fagas.ba\/produkt\/regulator-srednjeg-pritiska-j125\/#breadcrumb","itemListElement":[{"@type":"ListItem","position":1,"name":"Home","item":"https:\/\/fagas.ba\/"},{"@type":"ListItem","position":2,"name":"Products","item":"https:\/\/fagas.ba\/en\/shop\/"},{"@type":"ListItem","position":3,"name":"Mitteldruckregler J125"}]},{"@type":"WebSite","@id":"https:\/\/fagas.ba\/en\/#website","url":"https:\/\/fagas.ba\/en\/","name":"FAGAS","description":"Projektovanje i proizvodnja gasne opreme","potentialAction":[{"@type":"SearchAction","target":{"@type":"EntryPoint","urlTemplate":"https:\/\/fagas.ba\/en\/?s={search_term_string}"},"query-input":"required name=search_term_string"}],"inLanguage":"de"}]}},"_links":{"self":[{"href":"https:\/\/fagas.ba\/de\/wp-json\/wp\/v2\/product\/5305"}],"collection":[{"href":"https:\/\/fagas.ba\/de\/wp-json\/wp\/v2\/product"}],"about":[{"href":"https:\/\/fagas.ba\/de\/wp-json\/wp\/v2\/types\/product"}],"replies":[{"embeddable":true,"href":"https:\/\/fagas.ba\/de\/wp-json\/wp\/v2\/comments?post=5305"}],"wp:featuredmedia":[{"embeddable":true,"href":"https:\/\/fagas.ba\/de\/wp-json\/wp\/v2\/media\/4105"}],"wp:attachment":[{"href":"https:\/\/fagas.ba\/de\/wp-json\/wp\/v2\/media?parent=5305"}],"wp:term":[{"taxonomy":"product_cat","embeddable":true,"href":"https:\/\/fagas.ba\/de\/wp-json\/wp\/v2\/product_cat?post=5305"},{"taxonomy":"product_tag","embeddable":true,"href":"https:\/\/fagas.ba\/de\/wp-json\/wp\/v2\/product_tag?post=5305"}],"curies":[{"name":"wp","href":"https:\/\/api.w.org\/{rel}","templated":true}]}}