{"id":5303,"date":"2021-11-24T23:02:54","date_gmt":"2021-11-24T23:02:54","guid":{"rendered":"https:\/\/fagas.ba\/product\/mitteldruckregler-j125b\/"},"modified":"2021-11-24T23:02:56","modified_gmt":"2021-11-24T23:02:56","slug":"mitteldruckregler-j125b","status":"publish","type":"product","link":"https:\/\/fagas.ba\/de\/produkt\/mitteldruckregler-j125b\/","title":{"rendered":"Mitteldruckregler J125B"},"content":{"rendered":"<p>[et_pb_section fb_built=&#8220;1&#8243; _builder_version=&#8220;3.22&#8243; custom_padding=&#8220;0px||||false|false&#8220;][et_pb_row _builder_version=&#8220;3.25&#8243; background_size=&#8220;initial&#8220; background_position=&#8220;top_left&#8220; background_repeat=&#8220;repeat&#8220; width=&#8220;100%&#8220; custom_padding=&#8220;0px||0px||false|false&#8220;][et_pb_column type=&#8220;4_4&#8243; _builder_version=&#8220;3.25&#8243; custom_padding=&#8220;|||&#8220; custom_padding__hover=&#8220;|||&#8220;][et_pb_wc_breadcrumb admin_label=&#8220;Woo Breadcrumb&#8220; _builder_version=&#8220;3.0.47&#8243;][\/et_pb_wc_breadcrumb][\/et_pb_column][\/et_pb_row][et_pb_row column_structure=&#8220;1_2,1_2&#8243; _builder_version=&#8220;3.25&#8243; background_size=&#8220;initial&#8220; background_position=&#8220;top_left&#8220; background_repeat=&#8220;repeat&#8220; width=&#8220;100%&#8220; custom_padding=&#8220;0px||||false|false&#8220;][et_pb_column type=&#8220;1_2&#8243; _builder_version=&#8220;3.25&#8243; custom_padding=&#8220;|||&#8220; custom_padding__hover=&#8220;|||&#8220;][et_pb_wc_images _builder_version=&#8220;4.7.4&#8243; _module_preset=&#8220;default&#8220;][\/et_pb_wc_images][\/et_pb_column][et_pb_column type=&#8220;1_2&#8243; _builder_version=&#8220;3.25&#8243; custom_padding=&#8220;|||&#8220; custom_padding__hover=&#8220;|||&#8220;][et_pb_wc_title _builder_version=&#8220;3.0.47&#8243;][\/et_pb_wc_title][et_pb_wc_description _builder_version=&#8220;3.0.47&#8243;][\/et_pb_wc_description][et_pb_wc_meta _builder_version=&#8220;3.0.47&#8243;][\/et_pb_wc_meta][\/et_pb_column][\/et_pb_row][et_pb_row _builder_version=&#8220;3.25&#8243; background_size=&#8220;initial&#8220; background_position=&#8220;top_left&#8220; background_repeat=&#8220;repeat&#8220; width=&#8220;100%&#8220;][et_pb_column type=&#8220;4_4&#8243; _builder_version=&#8220;3.25&#8243; custom_padding=&#8220;|||&#8220; custom_padding__hover=&#8220;|||&#8220;][et_pb_divider color=&#8220;#D8D8D8&#8243; divider_position=&#8220;center&#8220; _builder_version=&#8220;4.7.4&#8243; _module_preset=&#8220;default&#8220;][\/et_pb_divider][et_pb_tabs module_class=&#8220;vertical-tabs2&#8243; _builder_version=&#8220;4.7.4&#8243; _module_preset=&#8220;default&#8220; hover_enabled=&#8220;0&#8243; sticky_enabled=&#8220;0&#8243;][et_pb_tab title=&#8220;Technische Daten&#8220; _builder_version=&#8220;4.7.4&#8243; _module_preset=&#8220;default&#8220; hover_enabled=&#8220;0&#8243; sticky_enabled=&#8220;0&#8243;]<\/p>\n<ul>\n<li class=\"p1\">\n<p class=\"p1\">Gr\u00f6\u00dfen: 1 1\/2&#8243;, 2&#8243; und 50 mm<\/p>\n<\/li>\n<li class=\"p1\">\n<p class=\"p1\">Eingangsdruck bis 8,6 bar<\/p>\n<\/li>\n<li class=\"p1\">\n<p class=\"p1\">Ausgangsdruck: 8,8 &#8211; 350 mbar<\/p>\n<\/li>\n<li class=\"p1\">\n<p class=\"p1\">Ausbalanciertes Ventildesign<\/p>\n<\/li>\n<li class=\"p1\">\n<p class=\"p1\">Erh\u00e4ltlich mit OPSS, UPSS und Sicherheitsventil<\/p>\n<\/li>\n<li class=\"p1\">\n<p class=\"p1\">Temperaturbereich -20\u00b0C bis +70\u00b0C<\/p>\n<\/li>\n<\/ul>\n<p>[\/et_pb_tab][et_pb_tab title=&#8220;Technische Dokumentation&#8220; _builder_version=&#8220;4.7.4&#8243; _module_preset=&#8220;default&#8220; hover_enabled=&#8220;0&#8243; sticky_enabled=&#8220;0&#8243;]<\/p>\n<ul class=\"documents-list\">\n<li><a href=\"http:\/\/fagas.ba\/fgs\/wp-content\/uploads\/2021\/01\/M125B2EN06.pdf\" target=\"_blank\" rel=\"noopener noreferrer\">Handbuch<\/a><\/li>\n<li><a href=\"http:\/\/fagas.ba\/fgs\/wp-content\/uploads\/2021\/01\/J125B2EN08.pdf\" target=\"_blank\" rel=\"noopener noreferrer\">Technisches Dokument<\/a><\/li>\n<\/ul>\n<p>[\/et_pb_tab][\/et_pb_tabs][et_pb_divider color=&#8220;#D8D8D8&#8243; divider_position=&#8220;center&#8220; _builder_version=&#8220;4.7.4&#8243; _module_preset=&#8220;default&#8220;][\/et_pb_divider][et_pb_wc_related_products posts_number=&#8220;4&#8243; columns_number=&#8220;4&#8243; admin_label=&#8220;Sli\u010dni proizvodi&#8220; _builder_version=&#8220;4.7.4&#8243;][\/et_pb_wc_related_products][\/et_pb_column][\/et_pb_row][\/et_pb_section]<\/p>\n","protected":false},"excerpt":{"rendered":"<p>Reglerserie J125B f\u00fcr Serviceanwendungen, die eine pr\u00e4zise Druckregelung und hohe Durchflussraten erfordern. Die Ger\u00e4te sind ideal f\u00fcr den industriellen Druckabbau, Messstationen und f\u00fcr die Verteilung im Landkreis geeignet. Erh\u00e4ltlich mit 1\u00bd \u201d und 2\u201d Schraubanschl\u00fcssen und 50 mm Flanschanschl\u00fcssen. Alle Einheiten werden \u00fcber einen externen Impulsanschluss angeschlossen.<br \/>\nDas spezielle ausgewogene Design des Ventils beh\u00e4lt die Ausgangsdruckkontrolle \u00fcber den gesamten Eingangsdruckbereich bis 8,6 bar bei, w\u00e4hrend die gr\u00f6\u00dfte verf\u00fcgbare D\u00fcsengr\u00f6\u00dfe verwendet wird, die einen hohen Durchfluss erm\u00f6glicht.<br \/>\nDer J125B kann ein Sicherheitsventil mit voller oder begrenzter Kapazit\u00e4t haben. OPSS \/ UPSS k\u00f6nnen geliefert werden.<br \/>\nAlle Ger\u00e4te sind f\u00fcr Erdgas, Fl\u00fcssiggas und produzierte Gase geeignet.<br \/>\nVerschiedene Versionen dieses Controllers erf\u00fcllen die Anforderungen von BGC \/ PS \/ E26 und IGE \/ TD \/ 10. Die USSA-Einheit wurde entwickelt, um die Anforderungen der Normen BGES \/ V9 und DIN3381 zu erf\u00fcllen.<br \/>\nSE von 1\u00bd \u201dund 2\u201d J125B ist f\u00fcr Modul B + D PED 97\/23\/EG vom BSI (benannte Stelle Nr. 0086) zugelassen. Es ist als Ger\u00e4te der Kategorie IV und Druckger\u00e4te klassifiziert.<\/p>\n","protected":false},"featured_media":4111,"comment_status":"open","ping_status":"closed","template":"","meta":{"_et_pb_use_builder":"on","_et_pb_old_content":"Reglerserie J125B f\u00fcr Serviceanwendungen, die eine pr\u00e4zise Druckregelung und hohe Durchflussraten erfordern. Die Ger\u00e4te sind ideal f\u00fcr den industriellen Druckabbau, Messstationen und f\u00fcr die Verteilung im Landkreis geeignet. Erh\u00e4ltlich mit 1\u00bd \u201d und 2\u201d Schraubanschl\u00fcssen und 50 mm Flanschanschl\u00fcssen. Alle Einheiten werden \u00fcber einen externen Impulsanschluss angeschlossen.\nDas spezielle ausgewogene Design des Ventils beh\u00e4lt die Ausgangsdruckkontrolle \u00fcber den gesamten Eingangsdruckbereich bis 8,6 bar bei, w\u00e4hrend die gr\u00f6\u00dfte verf\u00fcgbare D\u00fcsengr\u00f6\u00dfe verwendet wird, die einen hohen Durchfluss erm\u00f6glicht.\nDer J125B kann ein Sicherheitsventil mit voller oder begrenzter Kapazit\u00e4t haben. OPSS \/ UPSS k\u00f6nnen geliefert werden.\nAlle Ger\u00e4te sind f\u00fcr Erdgas, Fl\u00fcssiggas und produzierte Gase geeignet.\nVerschiedene Versionen dieses Controllers erf\u00fcllen die Anforderungen von BGC \/ PS \/ E26 und IGE \/ TD \/ 10. Die USSA-Einheit wurde entwickelt, um die Anforderungen der Normen BGES \/ V9 und DIN3381 zu erf\u00fcllen.\nSE von 1\u00bd \u201dund 2\u201d J125B ist f\u00fcr Modul B + D PED 97\/23\/EG vom BSI (benannte Stelle Nr. 0086) zugelassen. Es ist als Ger\u00e4te der Kategorie IV und Druckger\u00e4te klassifiziert.","_et_gb_content_width":""},"product_cat":[359,321,363],"product_tag":[267,213,275],"yoast_head":"<!-- This site is optimized with the Yoast SEO plugin v20.12 - https:\/\/yoast.com\/wordpress\/plugins\/seo\/ -->\n<title>Mitteldruckregler J125B - FAGAS<\/title>\n<meta name=\"robots\" content=\"index, follow, max-snippet:-1, max-image-preview:large, max-video-preview:-1\" \/>\n<link rel=\"canonical\" href=\"https:\/\/fagas.ba\/produkt\/regulator-srednjeg-pritiska-j125b\/\" \/>\n<meta property=\"og:locale\" content=\"de_DE\" \/>\n<meta property=\"og:type\" content=\"article\" \/>\n<meta property=\"og:title\" content=\"Mitteldruckregler J125B - FAGAS\" \/>\n<meta property=\"og:description\" content=\"Reglerserie J125B f\u00fcr Serviceanwendungen, die eine pr\u00e4zise Druckregelung und hohe Durchflussraten erfordern. Die Ger\u00e4te sind ideal f\u00fcr den industriellen Druckabbau, Messstationen und f\u00fcr die Verteilung im Landkreis geeignet. Erh\u00e4ltlich mit 1\u00bd \u201d und 2\u201d Schraubanschl\u00fcssen und 50 mm Flanschanschl\u00fcssen. Alle Einheiten werden \u00fcber einen externen Impulsanschluss angeschlossen. Das spezielle ausgewogene Design des Ventils beh\u00e4lt die Ausgangsdruckkontrolle \u00fcber den gesamten Eingangsdruckbereich bis 8,6 bar bei, w\u00e4hrend die gr\u00f6\u00dfte verf\u00fcgbare D\u00fcsengr\u00f6\u00dfe verwendet wird, die einen hohen Durchfluss erm\u00f6glicht. Der J125B kann ein Sicherheitsventil mit voller oder begrenzter Kapazit\u00e4t haben. OPSS \/ UPSS k\u00f6nnen geliefert werden. Alle Ger\u00e4te sind f\u00fcr Erdgas, Fl\u00fcssiggas und produzierte Gase geeignet. Verschiedene Versionen dieses Controllers erf\u00fcllen die Anforderungen von BGC \/ PS \/ E26 und IGE \/ TD \/ 10. Die USSA-Einheit wurde entwickelt, um die Anforderungen der Normen BGES \/ V9 und DIN3381 zu erf\u00fcllen. SE von 1\u00bd \u201dund 2\u201d J125B ist f\u00fcr Modul B + D PED 97\/23\/EG vom BSI (benannte Stelle Nr. 0086) zugelassen. Es ist als Ger\u00e4te der Kategorie IV und Druckger\u00e4te klassifiziert.\" \/>\n<meta property=\"og:url\" content=\"https:\/\/fagas.ba\/produkt\/regulator-srednjeg-pritiska-j125b\/\" \/>\n<meta property=\"og:site_name\" content=\"FAGAS\" \/>\n<meta property=\"article:modified_time\" content=\"2021-11-24T23:02:56+00:00\" \/>\n<meta property=\"og:image\" content=\"https:\/\/fagas.ba\/fgs\/wp-content\/uploads\/2021\/01\/J125B.jpg\" \/>\n\t<meta property=\"og:image:width\" content=\"640\" \/>\n\t<meta property=\"og:image:height\" content=\"399\" \/>\n\t<meta property=\"og:image:type\" content=\"image\/jpeg\" \/>\n<meta name=\"twitter:card\" content=\"summary_large_image\" \/>\n<meta name=\"twitter:label1\" content=\"Gesch\u00e4tzte Lesezeit\" \/>\n\t<meta name=\"twitter:data1\" content=\"2\u00a0Minuten\" \/>\n<script type=\"application\/ld+json\" class=\"yoast-schema-graph\">{\"@context\":\"https:\/\/schema.org\",\"@graph\":[{\"@type\":\"WebPage\",\"@id\":\"https:\/\/fagas.ba\/produkt\/regulator-srednjeg-pritiska-j125b\/\",\"url\":\"https:\/\/fagas.ba\/produkt\/regulator-srednjeg-pritiska-j125b\/\",\"name\":\"Mitteldruckregler J125B - FAGAS\",\"isPartOf\":{\"@id\":\"https:\/\/fagas.ba\/en\/#website\"},\"datePublished\":\"2021-11-24T23:02:54+00:00\",\"dateModified\":\"2021-11-24T23:02:56+00:00\",\"breadcrumb\":{\"@id\":\"https:\/\/fagas.ba\/produkt\/regulator-srednjeg-pritiska-j125b\/#breadcrumb\"},\"inLanguage\":\"de\",\"potentialAction\":[{\"@type\":\"ReadAction\",\"target\":[\"https:\/\/fagas.ba\/produkt\/regulator-srednjeg-pritiska-j125b\/\"]}]},{\"@type\":\"BreadcrumbList\",\"@id\":\"https:\/\/fagas.ba\/produkt\/regulator-srednjeg-pritiska-j125b\/#breadcrumb\",\"itemListElement\":[{\"@type\":\"ListItem\",\"position\":1,\"name\":\"Home\",\"item\":\"https:\/\/fagas.ba\/\"},{\"@type\":\"ListItem\",\"position\":2,\"name\":\"Products\",\"item\":\"https:\/\/fagas.ba\/en\/shop\/\"},{\"@type\":\"ListItem\",\"position\":3,\"name\":\"Mitteldruckregler J125B\"}]},{\"@type\":\"WebSite\",\"@id\":\"https:\/\/fagas.ba\/en\/#website\",\"url\":\"https:\/\/fagas.ba\/en\/\",\"name\":\"FAGAS\",\"description\":\"Projektovanje i proizvodnja gasne opreme\",\"potentialAction\":[{\"@type\":\"SearchAction\",\"target\":{\"@type\":\"EntryPoint\",\"urlTemplate\":\"https:\/\/fagas.ba\/en\/?s={search_term_string}\"},\"query-input\":\"required name=search_term_string\"}],\"inLanguage\":\"de\"}]}<\/script>\n<!-- \/ Yoast SEO plugin. -->","yoast_head_json":{"title":"Mitteldruckregler J125B - FAGAS","robots":{"index":"index","follow":"follow","max-snippet":"max-snippet:-1","max-image-preview":"max-image-preview:large","max-video-preview":"max-video-preview:-1"},"canonical":"https:\/\/fagas.ba\/produkt\/regulator-srednjeg-pritiska-j125b\/","og_locale":"de_DE","og_type":"article","og_title":"Mitteldruckregler J125B - FAGAS","og_description":"Reglerserie J125B f\u00fcr Serviceanwendungen, die eine pr\u00e4zise Druckregelung und hohe Durchflussraten erfordern. Die Ger\u00e4te sind ideal f\u00fcr den industriellen Druckabbau, Messstationen und f\u00fcr die Verteilung im Landkreis geeignet. Erh\u00e4ltlich mit 1\u00bd \u201d und 2\u201d Schraubanschl\u00fcssen und 50 mm Flanschanschl\u00fcssen. Alle Einheiten werden \u00fcber einen externen Impulsanschluss angeschlossen. Das spezielle ausgewogene Design des Ventils beh\u00e4lt die Ausgangsdruckkontrolle \u00fcber den gesamten Eingangsdruckbereich bis 8,6 bar bei, w\u00e4hrend die gr\u00f6\u00dfte verf\u00fcgbare D\u00fcsengr\u00f6\u00dfe verwendet wird, die einen hohen Durchfluss erm\u00f6glicht. Der J125B kann ein Sicherheitsventil mit voller oder begrenzter Kapazit\u00e4t haben. OPSS \/ UPSS k\u00f6nnen geliefert werden. Alle Ger\u00e4te sind f\u00fcr Erdgas, Fl\u00fcssiggas und produzierte Gase geeignet. Verschiedene Versionen dieses Controllers erf\u00fcllen die Anforderungen von BGC \/ PS \/ E26 und IGE \/ TD \/ 10. Die USSA-Einheit wurde entwickelt, um die Anforderungen der Normen BGES \/ V9 und DIN3381 zu erf\u00fcllen. SE von 1\u00bd \u201dund 2\u201d J125B ist f\u00fcr Modul B + D PED 97\/23\/EG vom BSI (benannte Stelle Nr. 0086) zugelassen. Es ist als Ger\u00e4te der Kategorie IV und Druckger\u00e4te klassifiziert.","og_url":"https:\/\/fagas.ba\/produkt\/regulator-srednjeg-pritiska-j125b\/","og_site_name":"FAGAS","article_modified_time":"2021-11-24T23:02:56+00:00","og_image":[{"width":640,"height":399,"url":"https:\/\/fagas.ba\/fgs\/wp-content\/uploads\/2021\/01\/J125B.jpg","type":"image\/jpeg"}],"twitter_card":"summary_large_image","twitter_misc":{"Gesch\u00e4tzte Lesezeit":"2\u00a0Minuten"},"schema":{"@context":"https:\/\/schema.org","@graph":[{"@type":"WebPage","@id":"https:\/\/fagas.ba\/produkt\/regulator-srednjeg-pritiska-j125b\/","url":"https:\/\/fagas.ba\/produkt\/regulator-srednjeg-pritiska-j125b\/","name":"Mitteldruckregler J125B - FAGAS","isPartOf":{"@id":"https:\/\/fagas.ba\/en\/#website"},"datePublished":"2021-11-24T23:02:54+00:00","dateModified":"2021-11-24T23:02:56+00:00","breadcrumb":{"@id":"https:\/\/fagas.ba\/produkt\/regulator-srednjeg-pritiska-j125b\/#breadcrumb"},"inLanguage":"de","potentialAction":[{"@type":"ReadAction","target":["https:\/\/fagas.ba\/produkt\/regulator-srednjeg-pritiska-j125b\/"]}]},{"@type":"BreadcrumbList","@id":"https:\/\/fagas.ba\/produkt\/regulator-srednjeg-pritiska-j125b\/#breadcrumb","itemListElement":[{"@type":"ListItem","position":1,"name":"Home","item":"https:\/\/fagas.ba\/"},{"@type":"ListItem","position":2,"name":"Products","item":"https:\/\/fagas.ba\/en\/shop\/"},{"@type":"ListItem","position":3,"name":"Mitteldruckregler J125B"}]},{"@type":"WebSite","@id":"https:\/\/fagas.ba\/en\/#website","url":"https:\/\/fagas.ba\/en\/","name":"FAGAS","description":"Projektovanje i proizvodnja gasne opreme","potentialAction":[{"@type":"SearchAction","target":{"@type":"EntryPoint","urlTemplate":"https:\/\/fagas.ba\/en\/?s={search_term_string}"},"query-input":"required name=search_term_string"}],"inLanguage":"de"}]}},"_links":{"self":[{"href":"https:\/\/fagas.ba\/de\/wp-json\/wp\/v2\/product\/5303"}],"collection":[{"href":"https:\/\/fagas.ba\/de\/wp-json\/wp\/v2\/product"}],"about":[{"href":"https:\/\/fagas.ba\/de\/wp-json\/wp\/v2\/types\/product"}],"replies":[{"embeddable":true,"href":"https:\/\/fagas.ba\/de\/wp-json\/wp\/v2\/comments?post=5303"}],"wp:featuredmedia":[{"embeddable":true,"href":"https:\/\/fagas.ba\/de\/wp-json\/wp\/v2\/media\/4111"}],"wp:attachment":[{"href":"https:\/\/fagas.ba\/de\/wp-json\/wp\/v2\/media?parent=5303"}],"wp:term":[{"taxonomy":"product_cat","embeddable":true,"href":"https:\/\/fagas.ba\/de\/wp-json\/wp\/v2\/product_cat?post=5303"},{"taxonomy":"product_tag","embeddable":true,"href":"https:\/\/fagas.ba\/de\/wp-json\/wp\/v2\/product_tag?post=5303"}],"curies":[{"name":"wp","href":"https:\/\/api.w.org\/{rel}","templated":true}]}}