{"id":5301,"date":"2021-11-24T22:57:02","date_gmt":"2021-11-24T22:57:02","guid":{"rendered":"https:\/\/fagas.ba\/product\/mitteldruckregler-m2r\/"},"modified":"2021-11-24T22:57:03","modified_gmt":"2021-11-24T22:57:03","slug":"mitteldruckregler-m2r","status":"publish","type":"product","link":"https:\/\/fagas.ba\/de\/produkt\/mitteldruckregler-m2r\/","title":{"rendered":"Mitteldruckregler M2R"},"content":{"rendered":"<p>[et_pb_section fb_built=&#8220;1&#8243; _builder_version=&#8220;3.22&#8243; custom_padding=&#8220;0px||||false|false&#8220;][et_pb_row _builder_version=&#8220;3.25&#8243; background_size=&#8220;initial&#8220; background_position=&#8220;top_left&#8220; background_repeat=&#8220;repeat&#8220; width=&#8220;100%&#8220; custom_padding=&#8220;0px||0px||false|false&#8220;][et_pb_column type=&#8220;4_4&#8243; _builder_version=&#8220;3.25&#8243; custom_padding=&#8220;|||&#8220; custom_padding__hover=&#8220;|||&#8220;][et_pb_wc_breadcrumb admin_label=&#8220;Woo Breadcrumb&#8220; _builder_version=&#8220;3.0.47&#8243;][\/et_pb_wc_breadcrumb][\/et_pb_column][\/et_pb_row][et_pb_row column_structure=&#8220;1_2,1_2&#8243; _builder_version=&#8220;3.25&#8243; background_size=&#8220;initial&#8220; background_position=&#8220;top_left&#8220; background_repeat=&#8220;repeat&#8220; width=&#8220;100%&#8220; custom_padding=&#8220;0px||||false|false&#8220;][et_pb_column type=&#8220;1_2&#8243; _builder_version=&#8220;3.25&#8243; custom_padding=&#8220;|||&#8220; custom_padding__hover=&#8220;|||&#8220;][et_pb_wc_images _builder_version=&#8220;4.7.4&#8243; _module_preset=&#8220;default&#8220;][\/et_pb_wc_images][\/et_pb_column][et_pb_column type=&#8220;1_2&#8243; _builder_version=&#8220;3.25&#8243; custom_padding=&#8220;|||&#8220; custom_padding__hover=&#8220;|||&#8220;][et_pb_wc_title _builder_version=&#8220;3.0.47&#8243;][\/et_pb_wc_title][et_pb_wc_description _builder_version=&#8220;3.0.47&#8243;][\/et_pb_wc_description][et_pb_wc_meta _builder_version=&#8220;3.0.47&#8243;][\/et_pb_wc_meta][\/et_pb_column][\/et_pb_row][et_pb_row _builder_version=&#8220;3.25&#8243; background_size=&#8220;initial&#8220; background_position=&#8220;top_left&#8220; background_repeat=&#8220;repeat&#8220; width=&#8220;100%&#8220;][et_pb_column type=&#8220;4_4&#8243; _builder_version=&#8220;3.25&#8243; custom_padding=&#8220;|||&#8220; custom_padding__hover=&#8220;|||&#8220;][et_pb_divider color=&#8220;#D8D8D8&#8243; divider_position=&#8220;center&#8220; _builder_version=&#8220;4.7.4&#8243; _module_preset=&#8220;default&#8220;][\/et_pb_divider][et_pb_tabs module_class=&#8220;vertical-tabs2&#8243; _builder_version=&#8220;4.7.4&#8243; _module_preset=&#8220;default&#8220;][et_pb_tab title=&#8220;Technische Daten&#8220; _builder_version=&#8220;4.7.4&#8243; _module_preset=&#8220;default&#8220; hover_enabled=&#8220;0&#8243; sticky_enabled=&#8220;0&#8243;]<\/p>\n<ul>\n<li class=\"p1\">\n<p class=\"p1\">Durchmesser 25 mm (1&#8243;)<\/p>\n<\/li>\n<li class=\"p1\">\n<p class=\"p1\">Eingangsdruckbereich 50 mbar &#8211; 5 bar<\/p>\n<\/li>\n<li class=\"p1\">\n<p class=\"p1\">Ausgangsdruckbereiche von 18 &#8211; 100, 100 &#8211; 400 mbar<\/p>\n<\/li>\n<li class=\"p1\">\n<p class=\"p1\">Eingangsdruckfestigkeit bis 16 bar<\/p>\n<\/li>\n<li class=\"p1\">\n<p class=\"p1\">Temperaturbereich von -20\u00b0C bis +60\u00b0C<\/p>\n<\/li>\n<\/ul>\n<p>[\/et_pb_tab][et_pb_tab title=&#8220;Technische Dokumentation&#8220; _builder_version=&#8220;4.7.4&#8243; _module_preset=&#8220;default&#8220; hover_enabled=&#8220;0&#8243; sticky_enabled=&#8220;0&#8243;]<\/p>\n<ul class=\"documents-list\">\n<li><a href=\"http:\/\/fagas.ba\/fgs\/wp-content\/uploads\/2021\/01\/DS_M2R_SRB.pdf\" target=\"_blank\" rel=\"noopener noreferrer\">Technisches Dokument<\/a><\/li>\n<\/ul>\n<p>[\/et_pb_tab][\/et_pb_tabs][et_pb_divider color=&#8220;#D8D8D8&#8243; divider_position=&#8220;center&#8220; _builder_version=&#8220;4.7.4&#8243; _module_preset=&#8220;default&#8220;][\/et_pb_divider][et_pb_wc_related_products posts_number=&#8220;4&#8243; columns_number=&#8220;4&#8243; admin_label=&#8220;Sli\u010dni proizvodi&#8220; _builder_version=&#8220;4.7.4&#8243;][\/et_pb_wc_related_products][\/et_pb_column][\/et_pb_row][\/et_pb_section]<\/p>\n","protected":false},"excerpt":{"rendered":"<p>M2R kann f\u00fcr Innen- und Au\u00dfeninstallationen verwendet werden. Das modulare Steuerungskonzept erm\u00f6glicht vielf\u00e4ltige Anschlussm\u00f6glichkeiten, z.B. g. Winkelanschluss nach europ\u00e4ischen Normen, Flanschanschluss, Gewindeanschluss, Flanscheingang mit Gewindeausgangsanschluss, koaxial 25 mm nach DIN 33822. Zu den Merkmalen geh\u00f6ren: Sicherheitsmembran, eingebautes Sicherheitsabsperrventil, optionales Niederdruck-Absperrventil mit manueller oder automatischer R\u00fcckstellung, optionales Sicherheitsventil mit begrenzter Kapazit\u00e4t, Feuerbest\u00e4ndigkeit (optional) Ausgezeichnete Ausgangsdruckkontrolle. Neben dem technischen Datenblatt kann Elster-Instromet auch einen Flash-Konfigurator liefern. Dadurch kann der Benutzer M2R auf dem Computer mit einem men\u00fcgesteuerten Programm konfigurieren. Das Programm stellt dem Benutzer eine Querschnittszeichnung des M2R zur Verf\u00fcgung, die dann schnell und sehr anschaulich erkl\u00e4rt, wie die verschiedenen Funktionen zusammenh\u00e4ngen.<\/p>\n","protected":false},"featured_media":4117,"comment_status":"open","ping_status":"closed","template":"","meta":{"_et_pb_use_builder":"on","_et_pb_old_content":"M2R kann f\u00fcr Innen- und Au\u00dfeninstallationen verwendet werden. Das modulare Steuerungskonzept erm\u00f6glicht vielf\u00e4ltige Anschlussm\u00f6glichkeiten, z.B. g. Winkelanschluss nach europ\u00e4ischen Normen, Flanschanschluss, Gewindeanschluss, Flanscheingang mit Gewindeausgangsanschluss, koaxial 25 mm nach DIN 33822. Zu den Merkmalen geh\u00f6ren: Sicherheitsmembran, eingebautes Sicherheitsabsperrventil, optionales Niederdruck-Absperrventil mit manueller oder automatischer R\u00fcckstellung, optionales Sicherheitsventil mit begrenzter Kapazit\u00e4t, Feuerbest\u00e4ndigkeit (optional) Ausgezeichnete Ausgangsdruckkontrolle. Neben dem technischen Datenblatt kann Elster-Instromet auch einen Flash-Konfigurator liefern. Dadurch kann der Benutzer M2R auf dem Computer mit einem men\u00fcgesteuerten Programm konfigurieren. Das Programm stellt dem Benutzer eine Querschnittszeichnung des M2R zur Verf\u00fcgung, die dann schnell und sehr anschaulich erkl\u00e4rt, wie die verschiedenen Funktionen zusammenh\u00e4ngen.","_et_gb_content_width":""},"product_cat":[359,321,363],"product_tag":[267,213,275],"yoast_head":"<!-- This site is optimized with the Yoast SEO plugin v20.12 - https:\/\/yoast.com\/wordpress\/plugins\/seo\/ -->\n<title>Mitteldruckregler M2R - FAGAS<\/title>\n<meta name=\"robots\" content=\"index, follow, max-snippet:-1, max-image-preview:large, max-video-preview:-1\" \/>\n<link rel=\"canonical\" href=\"https:\/\/fagas.ba\/produkt\/regulator-srednjeg-pritiska-m2r\/\" \/>\n<meta property=\"og:locale\" content=\"de_DE\" \/>\n<meta property=\"og:type\" content=\"article\" \/>\n<meta property=\"og:title\" content=\"Mitteldruckregler M2R - FAGAS\" \/>\n<meta property=\"og:description\" content=\"M2R kann f\u00fcr Innen- und Au\u00dfeninstallationen verwendet werden. Das modulare Steuerungskonzept erm\u00f6glicht vielf\u00e4ltige Anschlussm\u00f6glichkeiten, z.B. g. Winkelanschluss nach europ\u00e4ischen Normen, Flanschanschluss, Gewindeanschluss, Flanscheingang mit Gewindeausgangsanschluss, koaxial 25 mm nach DIN 33822. Zu den Merkmalen geh\u00f6ren: Sicherheitsmembran, eingebautes Sicherheitsabsperrventil, optionales Niederdruck-Absperrventil mit manueller oder automatischer R\u00fcckstellung, optionales Sicherheitsventil mit begrenzter Kapazit\u00e4t, Feuerbest\u00e4ndigkeit (optional) Ausgezeichnete Ausgangsdruckkontrolle. Neben dem technischen Datenblatt kann Elster-Instromet auch einen Flash-Konfigurator liefern. Dadurch kann der Benutzer M2R auf dem Computer mit einem men\u00fcgesteuerten Programm konfigurieren. Das Programm stellt dem Benutzer eine Querschnittszeichnung des M2R zur Verf\u00fcgung, die dann schnell und sehr anschaulich erkl\u00e4rt, wie die verschiedenen Funktionen zusammenh\u00e4ngen.\" \/>\n<meta property=\"og:url\" content=\"https:\/\/fagas.ba\/produkt\/regulator-srednjeg-pritiska-m2r\/\" \/>\n<meta property=\"og:site_name\" content=\"FAGAS\" \/>\n<meta property=\"article:modified_time\" content=\"2021-11-24T22:57:03+00:00\" \/>\n<meta property=\"og:image\" content=\"https:\/\/fagas.ba\/fgs\/wp-content\/uploads\/2021\/01\/M2R.jpg\" \/>\n\t<meta property=\"og:image:width\" content=\"640\" \/>\n\t<meta property=\"og:image:height\" content=\"399\" \/>\n\t<meta property=\"og:image:type\" content=\"image\/jpeg\" \/>\n<meta name=\"twitter:card\" content=\"summary_large_image\" \/>\n<meta name=\"twitter:label1\" content=\"Gesch\u00e4tzte Lesezeit\" \/>\n\t<meta name=\"twitter:data1\" content=\"2\u00a0Minuten\" \/>\n<script type=\"application\/ld+json\" class=\"yoast-schema-graph\">{\"@context\":\"https:\/\/schema.org\",\"@graph\":[{\"@type\":\"WebPage\",\"@id\":\"https:\/\/fagas.ba\/produkt\/regulator-srednjeg-pritiska-m2r\/\",\"url\":\"https:\/\/fagas.ba\/produkt\/regulator-srednjeg-pritiska-m2r\/\",\"name\":\"Mitteldruckregler M2R - FAGAS\",\"isPartOf\":{\"@id\":\"https:\/\/fagas.ba\/en\/#website\"},\"datePublished\":\"2021-11-24T22:57:02+00:00\",\"dateModified\":\"2021-11-24T22:57:03+00:00\",\"breadcrumb\":{\"@id\":\"https:\/\/fagas.ba\/produkt\/regulator-srednjeg-pritiska-m2r\/#breadcrumb\"},\"inLanguage\":\"de\",\"potentialAction\":[{\"@type\":\"ReadAction\",\"target\":[\"https:\/\/fagas.ba\/produkt\/regulator-srednjeg-pritiska-m2r\/\"]}]},{\"@type\":\"BreadcrumbList\",\"@id\":\"https:\/\/fagas.ba\/produkt\/regulator-srednjeg-pritiska-m2r\/#breadcrumb\",\"itemListElement\":[{\"@type\":\"ListItem\",\"position\":1,\"name\":\"Home\",\"item\":\"https:\/\/fagas.ba\/\"},{\"@type\":\"ListItem\",\"position\":2,\"name\":\"Products\",\"item\":\"https:\/\/fagas.ba\/en\/shop\/\"},{\"@type\":\"ListItem\",\"position\":3,\"name\":\"Mitteldruckregler M2R\"}]},{\"@type\":\"WebSite\",\"@id\":\"https:\/\/fagas.ba\/en\/#website\",\"url\":\"https:\/\/fagas.ba\/en\/\",\"name\":\"FAGAS\",\"description\":\"Projektovanje i proizvodnja gasne opreme\",\"potentialAction\":[{\"@type\":\"SearchAction\",\"target\":{\"@type\":\"EntryPoint\",\"urlTemplate\":\"https:\/\/fagas.ba\/en\/?s={search_term_string}\"},\"query-input\":\"required name=search_term_string\"}],\"inLanguage\":\"de\"}]}<\/script>\n<!-- \/ Yoast SEO plugin. -->","yoast_head_json":{"title":"Mitteldruckregler M2R - FAGAS","robots":{"index":"index","follow":"follow","max-snippet":"max-snippet:-1","max-image-preview":"max-image-preview:large","max-video-preview":"max-video-preview:-1"},"canonical":"https:\/\/fagas.ba\/produkt\/regulator-srednjeg-pritiska-m2r\/","og_locale":"de_DE","og_type":"article","og_title":"Mitteldruckregler M2R - FAGAS","og_description":"M2R kann f\u00fcr Innen- und Au\u00dfeninstallationen verwendet werden. Das modulare Steuerungskonzept erm\u00f6glicht vielf\u00e4ltige Anschlussm\u00f6glichkeiten, z.B. g. Winkelanschluss nach europ\u00e4ischen Normen, Flanschanschluss, Gewindeanschluss, Flanscheingang mit Gewindeausgangsanschluss, koaxial 25 mm nach DIN 33822. Zu den Merkmalen geh\u00f6ren: Sicherheitsmembran, eingebautes Sicherheitsabsperrventil, optionales Niederdruck-Absperrventil mit manueller oder automatischer R\u00fcckstellung, optionales Sicherheitsventil mit begrenzter Kapazit\u00e4t, Feuerbest\u00e4ndigkeit (optional) Ausgezeichnete Ausgangsdruckkontrolle. Neben dem technischen Datenblatt kann Elster-Instromet auch einen Flash-Konfigurator liefern. Dadurch kann der Benutzer M2R auf dem Computer mit einem men\u00fcgesteuerten Programm konfigurieren. Das Programm stellt dem Benutzer eine Querschnittszeichnung des M2R zur Verf\u00fcgung, die dann schnell und sehr anschaulich erkl\u00e4rt, wie die verschiedenen Funktionen zusammenh\u00e4ngen.","og_url":"https:\/\/fagas.ba\/produkt\/regulator-srednjeg-pritiska-m2r\/","og_site_name":"FAGAS","article_modified_time":"2021-11-24T22:57:03+00:00","og_image":[{"width":640,"height":399,"url":"https:\/\/fagas.ba\/fgs\/wp-content\/uploads\/2021\/01\/M2R.jpg","type":"image\/jpeg"}],"twitter_card":"summary_large_image","twitter_misc":{"Gesch\u00e4tzte Lesezeit":"2\u00a0Minuten"},"schema":{"@context":"https:\/\/schema.org","@graph":[{"@type":"WebPage","@id":"https:\/\/fagas.ba\/produkt\/regulator-srednjeg-pritiska-m2r\/","url":"https:\/\/fagas.ba\/produkt\/regulator-srednjeg-pritiska-m2r\/","name":"Mitteldruckregler M2R - FAGAS","isPartOf":{"@id":"https:\/\/fagas.ba\/en\/#website"},"datePublished":"2021-11-24T22:57:02+00:00","dateModified":"2021-11-24T22:57:03+00:00","breadcrumb":{"@id":"https:\/\/fagas.ba\/produkt\/regulator-srednjeg-pritiska-m2r\/#breadcrumb"},"inLanguage":"de","potentialAction":[{"@type":"ReadAction","target":["https:\/\/fagas.ba\/produkt\/regulator-srednjeg-pritiska-m2r\/"]}]},{"@type":"BreadcrumbList","@id":"https:\/\/fagas.ba\/produkt\/regulator-srednjeg-pritiska-m2r\/#breadcrumb","itemListElement":[{"@type":"ListItem","position":1,"name":"Home","item":"https:\/\/fagas.ba\/"},{"@type":"ListItem","position":2,"name":"Products","item":"https:\/\/fagas.ba\/en\/shop\/"},{"@type":"ListItem","position":3,"name":"Mitteldruckregler M2R"}]},{"@type":"WebSite","@id":"https:\/\/fagas.ba\/en\/#website","url":"https:\/\/fagas.ba\/en\/","name":"FAGAS","description":"Projektovanje i proizvodnja gasne opreme","potentialAction":[{"@type":"SearchAction","target":{"@type":"EntryPoint","urlTemplate":"https:\/\/fagas.ba\/en\/?s={search_term_string}"},"query-input":"required name=search_term_string"}],"inLanguage":"de"}]}},"_links":{"self":[{"href":"https:\/\/fagas.ba\/de\/wp-json\/wp\/v2\/product\/5301"}],"collection":[{"href":"https:\/\/fagas.ba\/de\/wp-json\/wp\/v2\/product"}],"about":[{"href":"https:\/\/fagas.ba\/de\/wp-json\/wp\/v2\/types\/product"}],"replies":[{"embeddable":true,"href":"https:\/\/fagas.ba\/de\/wp-json\/wp\/v2\/comments?post=5301"}],"wp:featuredmedia":[{"embeddable":true,"href":"https:\/\/fagas.ba\/de\/wp-json\/wp\/v2\/media\/4117"}],"wp:attachment":[{"href":"https:\/\/fagas.ba\/de\/wp-json\/wp\/v2\/media?parent=5301"}],"wp:term":[{"taxonomy":"product_cat","embeddable":true,"href":"https:\/\/fagas.ba\/de\/wp-json\/wp\/v2\/product_cat?post=5301"},{"taxonomy":"product_tag","embeddable":true,"href":"https:\/\/fagas.ba\/de\/wp-json\/wp\/v2\/product_tag?post=5301"}],"curies":[{"name":"wp","href":"https:\/\/api.w.org\/{rel}","templated":true}]}}