{"id":5289,"date":"2021-11-24T22:37:45","date_gmt":"2021-11-24T22:37:45","guid":{"rendered":"https:\/\/fagas.ba\/product\/mr-hp20-hochdruckregler\/"},"modified":"2021-11-24T22:37:47","modified_gmt":"2021-11-24T22:37:47","slug":"hochdruckregler-mr-hp20","status":"publish","type":"product","link":"https:\/\/fagas.ba\/de\/produkt\/hochdruckregler-mr-hp20\/","title":{"rendered":"MR HP20 Hochdruckregler"},"content":{"rendered":"<p>[et_pb_section fb_built=&#8220;1&#8243; _builder_version=&#8220;3.22&#8243; custom_padding=&#8220;0px||||false|false&#8220;][et_pb_row _builder_version=&#8220;3.25&#8243; background_size=&#8220;initial&#8220; background_position=&#8220;top_left&#8220; background_repeat=&#8220;repeat&#8220; width=&#8220;100%&#8220; custom_padding=&#8220;0px||0px||false|false&#8220;][et_pb_column type=&#8220;4_4&#8243; _builder_version=&#8220;3.25&#8243; custom_padding=&#8220;|||&#8220; custom_padding__hover=&#8220;|||&#8220;][et_pb_wc_breadcrumb admin_label=&#8220;Woo Breadcrumb&#8220; _builder_version=&#8220;3.0.47&#8243;][\/et_pb_wc_breadcrumb][\/et_pb_column][\/et_pb_row][et_pb_row column_structure=&#8220;1_2,1_2&#8243; _builder_version=&#8220;3.25&#8243; background_size=&#8220;initial&#8220; background_position=&#8220;top_left&#8220; background_repeat=&#8220;repeat&#8220; width=&#8220;100%&#8220; custom_padding=&#8220;0px||||false|false&#8220;][et_pb_column type=&#8220;1_2&#8243; _builder_version=&#8220;3.25&#8243; custom_padding=&#8220;|||&#8220; custom_padding__hover=&#8220;|||&#8220;][et_pb_wc_images _builder_version=&#8220;4.7.4&#8243; _module_preset=&#8220;default&#8220;][\/et_pb_wc_images][\/et_pb_column][et_pb_column type=&#8220;1_2&#8243; _builder_version=&#8220;3.25&#8243; custom_padding=&#8220;|||&#8220; custom_padding__hover=&#8220;|||&#8220;][et_pb_wc_title _builder_version=&#8220;3.0.47&#8243;][\/et_pb_wc_title][et_pb_wc_description _builder_version=&#8220;3.0.47&#8243;][\/et_pb_wc_description][et_pb_wc_meta _builder_version=&#8220;3.0.47&#8243;][\/et_pb_wc_meta][\/et_pb_column][\/et_pb_row][et_pb_row _builder_version=&#8220;3.25&#8243; background_size=&#8220;initial&#8220; background_position=&#8220;top_left&#8220; background_repeat=&#8220;repeat&#8220; width=&#8220;100%&#8220;][et_pb_column type=&#8220;4_4&#8243; _builder_version=&#8220;3.25&#8243; custom_padding=&#8220;|||&#8220; custom_padding__hover=&#8220;|||&#8220;][et_pb_divider color=&#8220;#D8D8D8&#8243; divider_position=&#8220;center&#8220; _builder_version=&#8220;4.7.4&#8243; _module_preset=&#8220;default&#8220;][\/et_pb_divider][et_pb_tabs module_class=&#8220;vertical-tabs2&#8243; _builder_version=&#8220;4.7.4&#8243; _module_preset=&#8220;default&#8220; hover_enabled=&#8220;0&#8243; sticky_enabled=&#8220;0&#8243;][et_pb_tab _builder_version=&#8220;4.7.4&#8243; _module_preset=&#8220;default&#8220; title=&#8220;Technische Daten&#8220; hover_enabled=&#8220;0&#8243; sticky_enabled=&#8220;0&#8243;]<\/p>\n<ul>\n<li class=\"p1\">Druckniveau: PN20, ANSI150<\/li>\n<li class=\"p1\">Nennweite: DN 50, DN 80, DN 100<\/li>\n<li class=\"p1\">Durchflussmenge: 1400, 3600, 4500<\/li>\n<li class=\"p1\">Eingangsdruck: 0,1 &#8211; 20 bar<\/li>\n<li class=\"p1\">Ausgangsdruckbereich: 20 &#8211; 2000 mbar<\/li>\n<li class=\"p1\">SSSO-Einstellbereich OPSO: 45 &#8211; 3000 mbar<\/li>\n<li class=\"p1\">UPSO SSV-Einstellbereich: 10 &#8211; 2500 mbar<\/li>\n<\/ul>\n<p>[\/et_pb_tab][et_pb_tab _builder_version=&#8220;4.7.4&#8243; _module_preset=&#8220;default&#8220; title=&#8220;Technische Dokumentation&#8220; hover_enabled=&#8220;0&#8243; sticky_enabled=&#8220;0&#8243;]<\/p>\n<ul class=\"documents-list\">\n<li><a href=\"http:\/\/fagas.ba\/fgs\/wp-content\/uploads\/2021\/01\/BA_MR_PN10_DE_EN.pdf\" target=\"_blank\" rel=\"noopener noreferrer\">Technisches Dokument<\/a><\/li>\n<\/ul>\n<p>[\/et_pb_tab][\/et_pb_tabs][et_pb_divider color=&#8220;#D8D8D8&#8243; divider_position=&#8220;center&#8220; _builder_version=&#8220;4.7.4&#8243; _module_preset=&#8220;default&#8220;][\/et_pb_divider][et_pb_wc_related_products posts_number=&#8220;4&#8243; columns_number=&#8220;4&#8243; admin_label=&#8220;Sli\u010dni proizvodi&#8220; _builder_version=&#8220;4.7.4&#8243;][\/et_pb_wc_related_products][\/et_pb_column][\/et_pb_row][\/et_pb_section]<\/p>\n","protected":false},"excerpt":{"rendered":"<p>Der Hochdruck-Gasregler MR HP20 ist f\u00fcr industrielle oder gewerbliche Anwendungen erh\u00e4ltlich.<br \/>\nSein modularer Aufbau erm\u00f6glicht den Abbau des Regulierungsmechanismus, ohne die Pipeline zu beeintr\u00e4chtigen. Eine regelm\u00e4\u00dfige Wartung und Instandhaltung kann daher unter Werkstattbedingungen durchgef\u00fchrt werden.<\/p>\n","protected":false},"featured_media":4142,"comment_status":"open","ping_status":"closed","template":"","meta":{"_et_pb_use_builder":"on","_et_pb_old_content":"Der Hochdruck-Gasregler MR HP20 ist f\u00fcr industrielle oder gewerbliche Anwendungen geeignet.\nSein modularer Aufbau erm\u00f6glicht den Abbau des Regulierungsmechanismus, ohne die Pipeline zu beeintr\u00e4chtigen. Eine regelm\u00e4\u00dfige Wartung und Instandhaltung kann daher unter Werkstattbedingungen durchgef\u00fchrt werden.","_et_gb_content_width":""},"product_cat":[359,365,321],"product_tag":[267,277,213],"yoast_head":"<!-- This site is optimized with the Yoast SEO plugin v20.12 - https:\/\/yoast.com\/wordpress\/plugins\/seo\/ -->\n<title>MR HP20 Hochdruckregler - FAGAS<\/title>\n<meta name=\"robots\" content=\"index, follow, max-snippet:-1, max-image-preview:large, max-video-preview:-1\" \/>\n<link rel=\"canonical\" href=\"https:\/\/fagas.ba\/de\/produkt\/hochdruckregler-mr-hp20\/\" \/>\n<meta property=\"og:locale\" content=\"de_DE\" \/>\n<meta property=\"og:type\" content=\"article\" \/>\n<meta property=\"og:title\" content=\"MR HP20 Hochdruckregler - FAGAS\" \/>\n<meta property=\"og:description\" content=\"Der Hochdruck-Gasregler MR HP20 ist f\u00fcr industrielle oder gewerbliche Anwendungen erh\u00e4ltlich. Sein modularer Aufbau erm\u00f6glicht den Abbau des Regulierungsmechanismus, ohne die Pipeline zu beeintr\u00e4chtigen. Eine regelm\u00e4\u00dfige Wartung und Instandhaltung kann daher unter Werkstattbedingungen durchgef\u00fchrt werden.\" \/>\n<meta property=\"og:url\" content=\"https:\/\/fagas.ba\/de\/produkt\/hochdruckregler-mr-hp20\/\" \/>\n<meta property=\"og:site_name\" content=\"FAGAS\" \/>\n<meta property=\"article:modified_time\" content=\"2021-11-24T22:37:47+00:00\" \/>\n<meta property=\"og:image\" content=\"https:\/\/fagas.ba\/fgs\/wp-content\/uploads\/2021\/01\/mr-hp20.jpg\" \/>\n\t<meta property=\"og:image:width\" content=\"640\" \/>\n\t<meta property=\"og:image:height\" content=\"399\" \/>\n\t<meta property=\"og:image:type\" content=\"image\/jpeg\" \/>\n<meta name=\"twitter:card\" content=\"summary_large_image\" \/>\n<meta name=\"twitter:label1\" content=\"Gesch\u00e4tzte Lesezeit\" \/>\n\t<meta name=\"twitter:data1\" content=\"2\u00a0Minuten\" \/>\n<script type=\"application\/ld+json\" class=\"yoast-schema-graph\">{\"@context\":\"https:\/\/schema.org\",\"@graph\":[{\"@type\":\"WebPage\",\"@id\":\"https:\/\/fagas.ba\/de\/produkt\/hochdruckregler-mr-hp20\/\",\"url\":\"https:\/\/fagas.ba\/de\/produkt\/hochdruckregler-mr-hp20\/\",\"name\":\"MR HP20 Hochdruckregler - FAGAS\",\"isPartOf\":{\"@id\":\"https:\/\/fagas.ba\/en\/#website\"},\"datePublished\":\"2021-11-24T22:37:45+00:00\",\"dateModified\":\"2021-11-24T22:37:47+00:00\",\"breadcrumb\":{\"@id\":\"https:\/\/fagas.ba\/de\/produkt\/hochdruckregler-mr-hp20\/#breadcrumb\"},\"inLanguage\":\"de\",\"potentialAction\":[{\"@type\":\"ReadAction\",\"target\":[\"https:\/\/fagas.ba\/de\/produkt\/hochdruckregler-mr-hp20\/\"]}]},{\"@type\":\"BreadcrumbList\",\"@id\":\"https:\/\/fagas.ba\/de\/produkt\/hochdruckregler-mr-hp20\/#breadcrumb\",\"itemListElement\":[{\"@type\":\"ListItem\",\"position\":1,\"name\":\"Home\",\"item\":\"https:\/\/fagas.ba\/\"},{\"@type\":\"ListItem\",\"position\":2,\"name\":\"Products\",\"item\":\"https:\/\/fagas.ba\/en\/shop\/\"},{\"@type\":\"ListItem\",\"position\":3,\"name\":\"MR HP20 Hochdruckregler\"}]},{\"@type\":\"WebSite\",\"@id\":\"https:\/\/fagas.ba\/en\/#website\",\"url\":\"https:\/\/fagas.ba\/en\/\",\"name\":\"FAGAS\",\"description\":\"Projektovanje i proizvodnja gasne opreme\",\"potentialAction\":[{\"@type\":\"SearchAction\",\"target\":{\"@type\":\"EntryPoint\",\"urlTemplate\":\"https:\/\/fagas.ba\/en\/?s={search_term_string}\"},\"query-input\":\"required name=search_term_string\"}],\"inLanguage\":\"de\"}]}<\/script>\n<!-- \/ Yoast SEO plugin. -->","yoast_head_json":{"title":"MR HP20 Hochdruckregler - FAGAS","robots":{"index":"index","follow":"follow","max-snippet":"max-snippet:-1","max-image-preview":"max-image-preview:large","max-video-preview":"max-video-preview:-1"},"canonical":"https:\/\/fagas.ba\/de\/produkt\/hochdruckregler-mr-hp20\/","og_locale":"de_DE","og_type":"article","og_title":"MR HP20 Hochdruckregler - FAGAS","og_description":"Der Hochdruck-Gasregler MR HP20 ist f\u00fcr industrielle oder gewerbliche Anwendungen erh\u00e4ltlich. Sein modularer Aufbau erm\u00f6glicht den Abbau des Regulierungsmechanismus, ohne die Pipeline zu beeintr\u00e4chtigen. Eine regelm\u00e4\u00dfige Wartung und Instandhaltung kann daher unter Werkstattbedingungen durchgef\u00fchrt werden.","og_url":"https:\/\/fagas.ba\/de\/produkt\/hochdruckregler-mr-hp20\/","og_site_name":"FAGAS","article_modified_time":"2021-11-24T22:37:47+00:00","og_image":[{"width":640,"height":399,"url":"https:\/\/fagas.ba\/fgs\/wp-content\/uploads\/2021\/01\/mr-hp20.jpg","type":"image\/jpeg"}],"twitter_card":"summary_large_image","twitter_misc":{"Gesch\u00e4tzte Lesezeit":"2\u00a0Minuten"},"schema":{"@context":"https:\/\/schema.org","@graph":[{"@type":"WebPage","@id":"https:\/\/fagas.ba\/de\/produkt\/hochdruckregler-mr-hp20\/","url":"https:\/\/fagas.ba\/de\/produkt\/hochdruckregler-mr-hp20\/","name":"MR HP20 Hochdruckregler - FAGAS","isPartOf":{"@id":"https:\/\/fagas.ba\/en\/#website"},"datePublished":"2021-11-24T22:37:45+00:00","dateModified":"2021-11-24T22:37:47+00:00","breadcrumb":{"@id":"https:\/\/fagas.ba\/de\/produkt\/hochdruckregler-mr-hp20\/#breadcrumb"},"inLanguage":"de","potentialAction":[{"@type":"ReadAction","target":["https:\/\/fagas.ba\/de\/produkt\/hochdruckregler-mr-hp20\/"]}]},{"@type":"BreadcrumbList","@id":"https:\/\/fagas.ba\/de\/produkt\/hochdruckregler-mr-hp20\/#breadcrumb","itemListElement":[{"@type":"ListItem","position":1,"name":"Home","item":"https:\/\/fagas.ba\/"},{"@type":"ListItem","position":2,"name":"Products","item":"https:\/\/fagas.ba\/en\/shop\/"},{"@type":"ListItem","position":3,"name":"MR HP20 Hochdruckregler"}]},{"@type":"WebSite","@id":"https:\/\/fagas.ba\/en\/#website","url":"https:\/\/fagas.ba\/en\/","name":"FAGAS","description":"Projektovanje i proizvodnja gasne opreme","potentialAction":[{"@type":"SearchAction","target":{"@type":"EntryPoint","urlTemplate":"https:\/\/fagas.ba\/en\/?s={search_term_string}"},"query-input":"required name=search_term_string"}],"inLanguage":"de"}]}},"_links":{"self":[{"href":"https:\/\/fagas.ba\/de\/wp-json\/wp\/v2\/product\/5289"}],"collection":[{"href":"https:\/\/fagas.ba\/de\/wp-json\/wp\/v2\/product"}],"about":[{"href":"https:\/\/fagas.ba\/de\/wp-json\/wp\/v2\/types\/product"}],"replies":[{"embeddable":true,"href":"https:\/\/fagas.ba\/de\/wp-json\/wp\/v2\/comments?post=5289"}],"wp:featuredmedia":[{"embeddable":true,"href":"https:\/\/fagas.ba\/de\/wp-json\/wp\/v2\/media\/4142"}],"wp:attachment":[{"href":"https:\/\/fagas.ba\/de\/wp-json\/wp\/v2\/media?parent=5289"}],"wp:term":[{"taxonomy":"product_cat","embeddable":true,"href":"https:\/\/fagas.ba\/de\/wp-json\/wp\/v2\/product_cat?post=5289"},{"taxonomy":"product_tag","embeddable":true,"href":"https:\/\/fagas.ba\/de\/wp-json\/wp\/v2\/product_tag?post=5289"}],"curies":[{"name":"wp","href":"https:\/\/api.w.org\/{rel}","templated":true}]}}