{"id":5282,"date":"2021-11-24T20:35:46","date_gmt":"2021-11-24T20:35:46","guid":{"rendered":"https:\/\/fagas.ba\/product\/sicherheitsventil-j120\/"},"modified":"2021-11-24T20:35:48","modified_gmt":"2021-11-24T20:35:48","slug":"sicherheitsventil-j120","status":"publish","type":"product","link":"https:\/\/fagas.ba\/de\/produkt\/sicherheitsventil-j120\/","title":{"rendered":"Sicherheitsventil J120"},"content":{"rendered":"<p>[et_pb_section fb_built=&#8220;1&#8243; _builder_version=&#8220;3.22&#8243; custom_padding=&#8220;0px||||false|false&#8220;][et_pb_row _builder_version=&#8220;3.25&#8243; background_size=&#8220;initial&#8220; background_position=&#8220;top_left&#8220; background_repeat=&#8220;repeat&#8220; width=&#8220;100%&#8220; custom_padding=&#8220;0px||0px||false|false&#8220;][et_pb_column type=&#8220;4_4&#8243; _builder_version=&#8220;3.25&#8243; custom_padding=&#8220;|||&#8220; custom_padding__hover=&#8220;|||&#8220;][et_pb_wc_breadcrumb admin_label=&#8220;Woo Breadcrumb&#8220; _builder_version=&#8220;3.0.47&#8243;][\/et_pb_wc_breadcrumb][\/et_pb_column][\/et_pb_row][et_pb_row column_structure=&#8220;1_2,1_2&#8243; _builder_version=&#8220;3.25&#8243; background_size=&#8220;initial&#8220; background_position=&#8220;top_left&#8220; background_repeat=&#8220;repeat&#8220; width=&#8220;100%&#8220; custom_padding=&#8220;0px||||false|false&#8220;][et_pb_column type=&#8220;1_2&#8243; _builder_version=&#8220;3.25&#8243; custom_padding=&#8220;|||&#8220; custom_padding__hover=&#8220;|||&#8220;][et_pb_wc_images _builder_version=&#8220;4.7.4&#8243; _module_preset=&#8220;default&#8220;][\/et_pb_wc_images][\/et_pb_column][et_pb_column type=&#8220;1_2&#8243; _builder_version=&#8220;3.25&#8243; custom_padding=&#8220;|||&#8220; custom_padding__hover=&#8220;|||&#8220;][et_pb_wc_title _builder_version=&#8220;3.0.47&#8243;][\/et_pb_wc_title][et_pb_wc_description _builder_version=&#8220;3.0.47&#8243;][\/et_pb_wc_description][et_pb_wc_meta _builder_version=&#8220;3.0.47&#8243;][\/et_pb_wc_meta][\/et_pb_column][\/et_pb_row][et_pb_row _builder_version=&#8220;3.25&#8243; background_size=&#8220;initial&#8220; background_position=&#8220;top_left&#8220; background_repeat=&#8220;repeat&#8220; width=&#8220;100%&#8220;][et_pb_column type=&#8220;4_4&#8243; _builder_version=&#8220;3.25&#8243; custom_padding=&#8220;|||&#8220; custom_padding__hover=&#8220;|||&#8220;][et_pb_divider color=&#8220;#D8D8D8&#8243; divider_position=&#8220;center&#8220; _builder_version=&#8220;4.7.4&#8243; _module_preset=&#8220;default&#8220;][\/et_pb_divider][et_pb_tabs module_class=&#8220;vertical-tabs2&#8243; _builder_version=&#8220;4.7.4&#8243; _module_preset=&#8220;default&#8220; hover_enabled=&#8220;0&#8243; sticky_enabled=&#8220;0&#8243;][et_pb_tab _builder_version=&#8220;4.7.4&#8243; _module_preset=&#8220;default&#8220; title=&#8220;Technische Daten&#8220; hover_enabled=&#8220;0&#8243; sticky_enabled=&#8220;0&#8243;]<\/p>\n<ul>\n<li class=\"p1\">Gr\u00f6\u00dfen: 3\/4&#8243;, 1&#8243;, 1 1\/4&#8243;, 1 1\/2&#8243; und 2&#8243;<\/li>\n<li class=\"p1\">Eingangsdruck bis 350 mbar<\/li>\n<li class=\"p1\">Abschaltdruck 10 oder 15 mbar<\/li>\n<li class=\"p1\">Manueller oder automatischer Reset<\/li>\n<li class=\"p1\">Temperaturbereich -20\u00b0C bis +70\u00b0C<\/li>\n<\/ul>\n<p>[\/et_pb_tab][et_pb_tab _builder_version=&#8220;4.7.4&#8243; _module_preset=&#8220;default&#8220; title=&#8220;Technische Dokumentation&#8220; hover_enabled=&#8220;0&#8243; sticky_enabled=&#8220;0&#8243;]<\/p>\n<ul class=\"documents-list\">\n<li><a href=\"http:\/\/fagas.ba\/fgs\/wp-content\/uploads\/2021\/01\/M1201EN06.pdf\" target=\"_blank\" rel=\"noopener noreferrer\">Technisches Dokument<\/a><\/li>\n<li><a href=\"http:\/\/fagas.ba\/fgs\/wp-content\/uploads\/2021\/01\/J1201EN04.pdf\" target=\"_blank\" rel=\"noopener noreferrer\">Handbuch<\/a><\/li>\n<\/ul>\n<p>[\/et_pb_tab][\/et_pb_tabs][et_pb_divider color=&#8220;#D8D8D8&#8243; divider_position=&#8220;center&#8220; _builder_version=&#8220;4.7.4&#8243; _module_preset=&#8220;default&#8220;][\/et_pb_divider][et_pb_wc_related_products posts_number=&#8220;4&#8243; columns_number=&#8220;4&#8243; admin_label=&#8220;Sli\u010dni proizvodi&#8220; _builder_version=&#8220;4.7.4&#8243;][\/et_pb_wc_related_products][\/et_pb_column][\/et_pb_row][\/et_pb_section]<\/p>\n","protected":false},"excerpt":{"rendered":"<p>Das J120 ist ein Sicherheitsventil, das die Integrit\u00e4t der Anlage bei Gasdruckverlust gew\u00e4hrleistet. Bei Druckabfall aktiviert und unterbricht der J120 die Gaszufuhr zu den nachgeschalteten Ger\u00e4ten, bis ein manueller oder automatischer R\u00fcckstellmechanismus ausgel\u00f6st wird. Der J120 ist in den Gr\u00f6\u00dfen von \u00be&#8220; bis 2&#8243; erh\u00e4ltlich und wird im Werksbausatz geliefert.<br \/>\nDer J120 gew\u00e4hrleistet die Sicherheit und Integrit\u00e4t der Anlage bei unzul\u00e4ssig niedrigem Gasdruck oder einer St\u00f6rung in der Gasversorgung. In einer solchen Situation k\u00f6nnten die Brenner abgeschaltet werden und nach Wiederherstellung der Versorgung das Gas durch die offenen H\u00e4hne str\u00f6men. Um dies zu verhindern, arbeitet der J120 mit einem voreingestellten Gasdruck und schaltet die Zufuhr automatisch ab. Nach Wiederherstellung der Gasversorgung m\u00fcssen alle nachgeschalteten Brennerh\u00e4hne geschlossen werden, bevor der R\u00fcckstellmechanismus J120 Gas flie\u00dfen l\u00e4sst.<br \/>\nDer J120 ist f\u00fcr horizontale und vertikale Rohrleitungen ausgelegt. Es ist geeignet f\u00fcr die Arbeit mit Erdgas, Fl\u00fcssiggas und produzierten Gasen.<\/p>\n","protected":false},"featured_media":4154,"comment_status":"open","ping_status":"closed","template":"","meta":{"_et_pb_use_builder":"on","_et_pb_old_content":"Das J120 ist ein Sicherheitsventil, das die Integrit\u00e4t der Anlage bei Gasdruckverlust gew\u00e4hrleistet. Bei Druckabfall aktiviert und unterbricht der J120 die Gaszufuhr zu den nachgeschalteten Ger\u00e4ten, bis ein manueller oder automatischer R\u00fcckstellmechanismus ausgel\u00f6st wird. Der J120 ist in den Gr\u00f6\u00dfen von \u00be\" bis 2\" erh\u00e4ltlich und wird im Werksbausatz geliefert.\nDer J120 gew\u00e4hrleistet die Sicherheit und Integrit\u00e4t der Anlage bei unzul\u00e4ssig niedrigem Gasdruck oder einer St\u00f6rung in der Gasversorgung. In einer solchen Situation k\u00f6nnten die Brenner abgeschaltet werden und nach Wiederherstellung der Versorgung das Gas durch die offenen H\u00e4hne str\u00f6men. Um dies zu verhindern, arbeitet der J120 mit einem voreingestellten Gasdruck und schaltet die Zufuhr automatisch ab. Nach Wiederherstellung der Gasversorgung m\u00fcssen alle nachgeschalteten Brennerh\u00e4hne geschlossen werden, bevor der R\u00fcckstellmechanismus J120 Gas flie\u00dfen l\u00e4sst.\nDer J120 ist f\u00fcr horizontale und vertikale Rohrleitungen ausgelegt. Es ist geeignet f\u00fcr die Arbeit mit Erdgas, Fl\u00fcssiggas und produzierten Gasen.","_et_gb_content_width":""},"product_cat":[359,321,367],"product_tag":[267,213,289],"yoast_head":"<!-- This site is optimized with the Yoast SEO plugin v20.12 - https:\/\/yoast.com\/wordpress\/plugins\/seo\/ -->\n<title>Sicherheitsventil J120 - FAGAS<\/title>\n<meta name=\"robots\" content=\"index, follow, max-snippet:-1, max-image-preview:large, max-video-preview:-1\" \/>\n<link rel=\"canonical\" href=\"https:\/\/fagas.ba\/produkt\/sigurnosni-ventil-j120\/\" \/>\n<meta property=\"og:locale\" content=\"de_DE\" \/>\n<meta property=\"og:type\" content=\"article\" \/>\n<meta property=\"og:title\" content=\"Sicherheitsventil J120 - FAGAS\" \/>\n<meta property=\"og:description\" content=\"Das J120 ist ein Sicherheitsventil, das die Integrit\u00e4t der Anlage bei Gasdruckverlust gew\u00e4hrleistet. Bei Druckabfall aktiviert und unterbricht der J120 die Gaszufuhr zu den nachgeschalteten Ger\u00e4ten, bis ein manueller oder automatischer R\u00fcckstellmechanismus ausgel\u00f6st wird. Der J120 ist in den Gr\u00f6\u00dfen von \u00be&quot; bis 2&quot; erh\u00e4ltlich und wird im Werksbausatz geliefert. Der J120 gew\u00e4hrleistet die Sicherheit und Integrit\u00e4t der Anlage bei unzul\u00e4ssig niedrigem Gasdruck oder einer St\u00f6rung in der Gasversorgung. In einer solchen Situation k\u00f6nnten die Brenner abgeschaltet werden und nach Wiederherstellung der Versorgung das Gas durch die offenen H\u00e4hne str\u00f6men. Um dies zu verhindern, arbeitet der J120 mit einem voreingestellten Gasdruck und schaltet die Zufuhr automatisch ab. Nach Wiederherstellung der Gasversorgung m\u00fcssen alle nachgeschalteten Brennerh\u00e4hne geschlossen werden, bevor der R\u00fcckstellmechanismus J120 Gas flie\u00dfen l\u00e4sst. Der J120 ist f\u00fcr horizontale und vertikale Rohrleitungen ausgelegt. Es ist geeignet f\u00fcr die Arbeit mit Erdgas, Fl\u00fcssiggas und produzierten Gasen.\" \/>\n<meta property=\"og:url\" content=\"https:\/\/fagas.ba\/produkt\/sigurnosni-ventil-j120\/\" \/>\n<meta property=\"og:site_name\" content=\"FAGAS\" \/>\n<meta property=\"article:modified_time\" content=\"2021-11-24T20:35:48+00:00\" \/>\n<meta property=\"og:image\" content=\"https:\/\/fagas.ba\/fgs\/wp-content\/uploads\/2021\/01\/J120.jpg\" \/>\n\t<meta property=\"og:image:width\" content=\"640\" \/>\n\t<meta property=\"og:image:height\" content=\"399\" \/>\n\t<meta property=\"og:image:type\" content=\"image\/jpeg\" \/>\n<meta name=\"twitter:card\" content=\"summary_large_image\" \/>\n<meta name=\"twitter:label1\" content=\"Gesch\u00e4tzte Lesezeit\" \/>\n\t<meta name=\"twitter:data1\" content=\"2\u00a0Minuten\" \/>\n<script type=\"application\/ld+json\" class=\"yoast-schema-graph\">{\"@context\":\"https:\/\/schema.org\",\"@graph\":[{\"@type\":\"WebPage\",\"@id\":\"https:\/\/fagas.ba\/produkt\/sigurnosni-ventil-j120\/\",\"url\":\"https:\/\/fagas.ba\/produkt\/sigurnosni-ventil-j120\/\",\"name\":\"Sicherheitsventil J120 - FAGAS\",\"isPartOf\":{\"@id\":\"https:\/\/fagas.ba\/en\/#website\"},\"datePublished\":\"2021-11-24T20:35:46+00:00\",\"dateModified\":\"2021-11-24T20:35:48+00:00\",\"breadcrumb\":{\"@id\":\"https:\/\/fagas.ba\/produkt\/sigurnosni-ventil-j120\/#breadcrumb\"},\"inLanguage\":\"de\",\"potentialAction\":[{\"@type\":\"ReadAction\",\"target\":[\"https:\/\/fagas.ba\/produkt\/sigurnosni-ventil-j120\/\"]}]},{\"@type\":\"BreadcrumbList\",\"@id\":\"https:\/\/fagas.ba\/produkt\/sigurnosni-ventil-j120\/#breadcrumb\",\"itemListElement\":[{\"@type\":\"ListItem\",\"position\":1,\"name\":\"Home\",\"item\":\"https:\/\/fagas.ba\/\"},{\"@type\":\"ListItem\",\"position\":2,\"name\":\"Products\",\"item\":\"https:\/\/fagas.ba\/en\/shop\/\"},{\"@type\":\"ListItem\",\"position\":3,\"name\":\"Sicherheitsventil J120\"}]},{\"@type\":\"WebSite\",\"@id\":\"https:\/\/fagas.ba\/en\/#website\",\"url\":\"https:\/\/fagas.ba\/en\/\",\"name\":\"FAGAS\",\"description\":\"Projektovanje i proizvodnja gasne opreme\",\"potentialAction\":[{\"@type\":\"SearchAction\",\"target\":{\"@type\":\"EntryPoint\",\"urlTemplate\":\"https:\/\/fagas.ba\/en\/?s={search_term_string}\"},\"query-input\":\"required name=search_term_string\"}],\"inLanguage\":\"de\"}]}<\/script>\n<!-- \/ Yoast SEO plugin. -->","yoast_head_json":{"title":"Sicherheitsventil J120 - FAGAS","robots":{"index":"index","follow":"follow","max-snippet":"max-snippet:-1","max-image-preview":"max-image-preview:large","max-video-preview":"max-video-preview:-1"},"canonical":"https:\/\/fagas.ba\/produkt\/sigurnosni-ventil-j120\/","og_locale":"de_DE","og_type":"article","og_title":"Sicherheitsventil J120 - FAGAS","og_description":"Das J120 ist ein Sicherheitsventil, das die Integrit\u00e4t der Anlage bei Gasdruckverlust gew\u00e4hrleistet. Bei Druckabfall aktiviert und unterbricht der J120 die Gaszufuhr zu den nachgeschalteten Ger\u00e4ten, bis ein manueller oder automatischer R\u00fcckstellmechanismus ausgel\u00f6st wird. Der J120 ist in den Gr\u00f6\u00dfen von \u00be\" bis 2\" erh\u00e4ltlich und wird im Werksbausatz geliefert. Der J120 gew\u00e4hrleistet die Sicherheit und Integrit\u00e4t der Anlage bei unzul\u00e4ssig niedrigem Gasdruck oder einer St\u00f6rung in der Gasversorgung. In einer solchen Situation k\u00f6nnten die Brenner abgeschaltet werden und nach Wiederherstellung der Versorgung das Gas durch die offenen H\u00e4hne str\u00f6men. Um dies zu verhindern, arbeitet der J120 mit einem voreingestellten Gasdruck und schaltet die Zufuhr automatisch ab. Nach Wiederherstellung der Gasversorgung m\u00fcssen alle nachgeschalteten Brennerh\u00e4hne geschlossen werden, bevor der R\u00fcckstellmechanismus J120 Gas flie\u00dfen l\u00e4sst. Der J120 ist f\u00fcr horizontale und vertikale Rohrleitungen ausgelegt. Es ist geeignet f\u00fcr die Arbeit mit Erdgas, Fl\u00fcssiggas und produzierten Gasen.","og_url":"https:\/\/fagas.ba\/produkt\/sigurnosni-ventil-j120\/","og_site_name":"FAGAS","article_modified_time":"2021-11-24T20:35:48+00:00","og_image":[{"width":640,"height":399,"url":"https:\/\/fagas.ba\/fgs\/wp-content\/uploads\/2021\/01\/J120.jpg","type":"image\/jpeg"}],"twitter_card":"summary_large_image","twitter_misc":{"Gesch\u00e4tzte Lesezeit":"2\u00a0Minuten"},"schema":{"@context":"https:\/\/schema.org","@graph":[{"@type":"WebPage","@id":"https:\/\/fagas.ba\/produkt\/sigurnosni-ventil-j120\/","url":"https:\/\/fagas.ba\/produkt\/sigurnosni-ventil-j120\/","name":"Sicherheitsventil J120 - FAGAS","isPartOf":{"@id":"https:\/\/fagas.ba\/en\/#website"},"datePublished":"2021-11-24T20:35:46+00:00","dateModified":"2021-11-24T20:35:48+00:00","breadcrumb":{"@id":"https:\/\/fagas.ba\/produkt\/sigurnosni-ventil-j120\/#breadcrumb"},"inLanguage":"de","potentialAction":[{"@type":"ReadAction","target":["https:\/\/fagas.ba\/produkt\/sigurnosni-ventil-j120\/"]}]},{"@type":"BreadcrumbList","@id":"https:\/\/fagas.ba\/produkt\/sigurnosni-ventil-j120\/#breadcrumb","itemListElement":[{"@type":"ListItem","position":1,"name":"Home","item":"https:\/\/fagas.ba\/"},{"@type":"ListItem","position":2,"name":"Products","item":"https:\/\/fagas.ba\/en\/shop\/"},{"@type":"ListItem","position":3,"name":"Sicherheitsventil J120"}]},{"@type":"WebSite","@id":"https:\/\/fagas.ba\/en\/#website","url":"https:\/\/fagas.ba\/en\/","name":"FAGAS","description":"Projektovanje i proizvodnja gasne opreme","potentialAction":[{"@type":"SearchAction","target":{"@type":"EntryPoint","urlTemplate":"https:\/\/fagas.ba\/en\/?s={search_term_string}"},"query-input":"required name=search_term_string"}],"inLanguage":"de"}]}},"_links":{"self":[{"href":"https:\/\/fagas.ba\/de\/wp-json\/wp\/v2\/product\/5282"}],"collection":[{"href":"https:\/\/fagas.ba\/de\/wp-json\/wp\/v2\/product"}],"about":[{"href":"https:\/\/fagas.ba\/de\/wp-json\/wp\/v2\/types\/product"}],"replies":[{"embeddable":true,"href":"https:\/\/fagas.ba\/de\/wp-json\/wp\/v2\/comments?post=5282"}],"wp:featuredmedia":[{"embeddable":true,"href":"https:\/\/fagas.ba\/de\/wp-json\/wp\/v2\/media\/4154"}],"wp:attachment":[{"href":"https:\/\/fagas.ba\/de\/wp-json\/wp\/v2\/media?parent=5282"}],"wp:term":[{"taxonomy":"product_cat","embeddable":true,"href":"https:\/\/fagas.ba\/de\/wp-json\/wp\/v2\/product_cat?post=5282"},{"taxonomy":"product_tag","embeddable":true,"href":"https:\/\/fagas.ba\/de\/wp-json\/wp\/v2\/product_tag?post=5282"}],"curies":[{"name":"wp","href":"https:\/\/api.w.org\/{rel}","templated":true}]}}