{"id":5280,"date":"2021-11-24T20:30:50","date_gmt":"2021-11-24T20:30:50","guid":{"rendered":"https:\/\/fagas.ba\/product\/sicherheitsventil-j48k\/"},"modified":"2021-11-24T20:30:52","modified_gmt":"2021-11-24T20:30:52","slug":"sicherheitsventil-j48k","status":"publish","type":"product","link":"https:\/\/fagas.ba\/de\/produkt\/sicherheitsventil-j48k\/","title":{"rendered":"Sicherheitsventil J48K"},"content":{"rendered":"<p>[et_pb_section fb_built=&#8220;1&#8243; _builder_version=&#8220;3.22&#8243; custom_padding=&#8220;0px||||false|false&#8220;][et_pb_row _builder_version=&#8220;3.25&#8243; background_size=&#8220;initial&#8220; background_position=&#8220;top_left&#8220; background_repeat=&#8220;repeat&#8220; width=&#8220;100%&#8220; custom_padding=&#8220;0px||0px||false|false&#8220;][et_pb_column type=&#8220;4_4&#8243; _builder_version=&#8220;3.25&#8243; custom_padding=&#8220;|||&#8220; custom_padding__hover=&#8220;|||&#8220;][et_pb_wc_breadcrumb admin_label=&#8220;Woo Breadcrumb&#8220; _builder_version=&#8220;3.0.47&#8243;][\/et_pb_wc_breadcrumb][\/et_pb_column][\/et_pb_row][et_pb_row column_structure=&#8220;1_2,1_2&#8243; _builder_version=&#8220;3.25&#8243; background_size=&#8220;initial&#8220; background_position=&#8220;top_left&#8220; background_repeat=&#8220;repeat&#8220; width=&#8220;100%&#8220; custom_padding=&#8220;0px||||false|false&#8220;][et_pb_column type=&#8220;1_2&#8243; _builder_version=&#8220;3.25&#8243; custom_padding=&#8220;|||&#8220; custom_padding__hover=&#8220;|||&#8220;][et_pb_wc_images _builder_version=&#8220;4.7.4&#8243; _module_preset=&#8220;default&#8220;][\/et_pb_wc_images][\/et_pb_column][et_pb_column type=&#8220;1_2&#8243; _builder_version=&#8220;3.25&#8243; custom_padding=&#8220;|||&#8220; custom_padding__hover=&#8220;|||&#8220;][et_pb_wc_title _builder_version=&#8220;3.0.47&#8243;][\/et_pb_wc_title][et_pb_wc_description _builder_version=&#8220;3.0.47&#8243;][\/et_pb_wc_description][et_pb_wc_meta _builder_version=&#8220;3.0.47&#8243;][\/et_pb_wc_meta][\/et_pb_column][\/et_pb_row][et_pb_row _builder_version=&#8220;3.25&#8243; background_size=&#8220;initial&#8220; background_position=&#8220;top_left&#8220; background_repeat=&#8220;repeat&#8220; width=&#8220;100%&#8220;][et_pb_column type=&#8220;4_4&#8243; _builder_version=&#8220;3.25&#8243; custom_padding=&#8220;|||&#8220; custom_padding__hover=&#8220;|||&#8220;][et_pb_divider color=&#8220;#D8D8D8&#8243; divider_position=&#8220;center&#8220; _builder_version=&#8220;4.7.4&#8243; _module_preset=&#8220;default&#8220;][\/et_pb_divider][et_pb_tabs module_class=&#8220;vertical-tabs2&#8243; _builder_version=&#8220;4.7.4&#8243; _module_preset=&#8220;default&#8220; hover_enabled=&#8220;0&#8243; sticky_enabled=&#8220;0&#8243;][et_pb_tab title=&#8220;Technische Daten&#8220; _builder_version=&#8220;4.7.4&#8243; _module_preset=&#8220;default&#8220; hover_enabled=&#8220;0&#8243; sticky_enabled=&#8220;0&#8243;]<\/p>\n<ul>\n<li class=\"p1\">Gr\u00f6\u00dfen: 1&#8243; und 2&#8243;<\/li>\n<li class=\"p1\">Entlastungsdr\u00fccke 12 &#8211; 150 mbar<\/li>\n<li class=\"p1\">Begrenzte Kapazit\u00e4tsentlastung ist auch verf\u00fcgbar (J48KC &#8211; nur 1 &#8222;)<\/li>\n<li class=\"p1\">Automatischer Reset<\/li>\n<li class=\"p1\">Temperaturbereich -20\u00b0C bis +70\u00b0C<\/li>\n<\/ul>\n<p>[\/et_pb_tab][et_pb_tab title=&#8220;Technische Dokumentation&#8220; _builder_version=&#8220;4.7.4&#8243; _module_preset=&#8220;default&#8220; hover_enabled=&#8220;0&#8243; sticky_enabled=&#8220;0&#8243;]<\/p>\n<ul class=\"documents-list\">\n<li><a href=\"http:\/\/fagas.ba\/fgs\/wp-content\/uploads\/2021\/01\/J48K1EN05.pdf\" target=\"_blank\" rel=\"noopener noreferrer\">Technisches Dokument<\/a><\/li>\n<li><a href=\"http:\/\/fagas.ba\/fgs\/wp-content\/uploads\/2021\/01\/M48K1EN05.pdf\" target=\"_blank\" rel=\"noopener noreferrer\">Handbuch<\/a><\/li>\n<\/ul>\n<p>[\/et_pb_tab][\/et_pb_tabs][et_pb_divider color=&#8220;#D8D8D8&#8243; divider_position=&#8220;center&#8220; _builder_version=&#8220;4.7.4&#8243; _module_preset=&#8220;default&#8220;][\/et_pb_divider][et_pb_wc_related_products posts_number=&#8220;4&#8243; columns_number=&#8220;4&#8243; admin_label=&#8220;Sli\u010dni proizvodi&#8220; _builder_version=&#8220;4.7.4&#8243;][\/et_pb_wc_related_products][\/et_pb_column][\/et_pb_row][\/et_pb_section]<\/p>\n","protected":false},"excerpt":{"rendered":"<p>Als Teil einer umfassenden Sicherheitsausstattung fertigt Elster Jeavons zwei Sonderausf\u00fchrungen der bew\u00e4hrten J48-Linie. Dies sind das Druckbegrenzungsventil J48K und das Kriechsicherheitsventil J48KC. Beide Versionen verf\u00fcgen \u00fcber Schnellspann-Federeinstellmechanismen, die einen einfachen Zugang zur Federeinstellung und zur routinem\u00e4\u00dfigen Wartung erm\u00f6glichen.<br \/>\nDas Druckbegrenzungsventil J48K sch\u00fctzt vor \u00dcberdruck. Das Ventil arbeitet vollautomatisch und stellt sich zur\u00fcck, wenn der Druck unter einen voreingestellten Wert f\u00e4llt.<br \/>\nDas Kriechentlastungsventil J48KC wird normalerweise auf Schiebe- oder Moduleinheiten montiert. Verhindert den Druckaufbau auf der stromabw\u00e4rtigen Seite w\u00e4hrend der Nullzeit, falls die Hauptstromventile nicht blockieren. Die Einheiten sind so dimensioniert, dass ihre maximale Kapazit\u00e4t weniger als 1% der vollen Ausfallkapazit\u00e4t der Schiebe- oder Moduleinheit betr\u00e4gt (British Gas Specification BGC \/ PS \/ E26).<br \/>\nBeide Versionen, die f\u00fcr Erdgas, Fl\u00fcssiggas und produzierte Gase ausgelegt sind, k\u00f6nnen in horizontale und vertikale Rohrleitungen eingebaut werden.<\/p>\n","protected":false},"featured_media":4160,"comment_status":"open","ping_status":"closed","template":"","meta":{"_et_pb_use_builder":"on","_et_pb_old_content":"Als Teil einer umfassenden Sicherheitsausstattung fertigt Elster Jeavons zwei Sonderausf\u00fchrungen der bew\u00e4hrten J48-Linie. Dies sind das Druckbegrenzungsventil J48K und das Kriechsicherheitsventil J48KC. Beide Versionen verf\u00fcgen \u00fcber Schnellspann-Federeinstellmechanismen, die einen einfachen Zugang zur Federeinstellung und zur routinem\u00e4\u00dfigen Wartung erm\u00f6glichen.\nDas Druckbegrenzungsventil J48K sch\u00fctzt vor \u00dcberdruck. Das Ventil arbeitet vollautomatisch und stellt sich zur\u00fcck, wenn der Druck unter einen voreingestellten Wert f\u00e4llt.\nDas Kriechentlastungsventil J48KC wird normalerweise auf Schiebe- oder Moduleinheiten montiert. Verhindert den Druckaufbau auf der stromabw\u00e4rtigen Seite w\u00e4hrend der Nullzeit, falls die Hauptstromventile nicht blockieren. Die Einheiten sind so dimensioniert, dass ihre maximale Kapazit\u00e4t weniger als 1% der vollen Ausfallkapazit\u00e4t der Schiebe- oder Moduleinheit betr\u00e4gt (British Gas Specification BGC \/ PS \/ E26).\nBeide Versionen, die f\u00fcr Erdgas, Fl\u00fcssiggas und produzierte Gase ausgelegt sind, k\u00f6nnen in horizontale und vertikale Rohrleitungen eingebaut werden.","_et_gb_content_width":""},"product_cat":[359,321,367],"product_tag":[267,213,289],"yoast_head":"<!-- This site is optimized with the Yoast SEO plugin v20.12 - https:\/\/yoast.com\/wordpress\/plugins\/seo\/ -->\n<title>Sicherheitsventil J48K - FAGAS<\/title>\n<meta name=\"robots\" content=\"index, follow, max-snippet:-1, max-image-preview:large, max-video-preview:-1\" \/>\n<link rel=\"canonical\" href=\"https:\/\/fagas.ba\/produkt\/sigurnosni-ventil-j48k\/\" \/>\n<meta property=\"og:locale\" content=\"de_DE\" \/>\n<meta property=\"og:type\" content=\"article\" \/>\n<meta property=\"og:title\" content=\"Sicherheitsventil J48K - FAGAS\" \/>\n<meta property=\"og:description\" content=\"Als Teil einer umfassenden Sicherheitsausstattung fertigt Elster Jeavons zwei Sonderausf\u00fchrungen der bew\u00e4hrten J48-Linie. Dies sind das Druckbegrenzungsventil J48K und das Kriechsicherheitsventil J48KC. Beide Versionen verf\u00fcgen \u00fcber Schnellspann-Federeinstellmechanismen, die einen einfachen Zugang zur Federeinstellung und zur routinem\u00e4\u00dfigen Wartung erm\u00f6glichen. Das Druckbegrenzungsventil J48K sch\u00fctzt vor \u00dcberdruck. Das Ventil arbeitet vollautomatisch und stellt sich zur\u00fcck, wenn der Druck unter einen voreingestellten Wert f\u00e4llt. Das Kriechentlastungsventil J48KC wird normalerweise auf Schiebe- oder Moduleinheiten montiert. Verhindert den Druckaufbau auf der stromabw\u00e4rtigen Seite w\u00e4hrend der Nullzeit, falls die Hauptstromventile nicht blockieren. Die Einheiten sind so dimensioniert, dass ihre maximale Kapazit\u00e4t weniger als 1% der vollen Ausfallkapazit\u00e4t der Schiebe- oder Moduleinheit betr\u00e4gt (British Gas Specification BGC \/ PS \/ E26). Beide Versionen, die f\u00fcr Erdgas, Fl\u00fcssiggas und produzierte Gase ausgelegt sind, k\u00f6nnen in horizontale und vertikale Rohrleitungen eingebaut werden.\" \/>\n<meta property=\"og:url\" content=\"https:\/\/fagas.ba\/produkt\/sigurnosni-ventil-j48k\/\" \/>\n<meta property=\"og:site_name\" content=\"FAGAS\" \/>\n<meta property=\"article:modified_time\" content=\"2021-11-24T20:30:52+00:00\" \/>\n<meta property=\"og:image\" content=\"https:\/\/fagas.ba\/fgs\/wp-content\/uploads\/2021\/01\/J48K.jpg\" \/>\n\t<meta property=\"og:image:width\" content=\"640\" \/>\n\t<meta property=\"og:image:height\" content=\"399\" \/>\n\t<meta property=\"og:image:type\" content=\"image\/jpeg\" \/>\n<meta name=\"twitter:card\" content=\"summary_large_image\" \/>\n<meta name=\"twitter:label1\" content=\"Gesch\u00e4tzte Lesezeit\" \/>\n\t<meta name=\"twitter:data1\" content=\"2\u00a0Minuten\" \/>\n<script type=\"application\/ld+json\" class=\"yoast-schema-graph\">{\"@context\":\"https:\/\/schema.org\",\"@graph\":[{\"@type\":\"WebPage\",\"@id\":\"https:\/\/fagas.ba\/produkt\/sigurnosni-ventil-j48k\/\",\"url\":\"https:\/\/fagas.ba\/produkt\/sigurnosni-ventil-j48k\/\",\"name\":\"Sicherheitsventil J48K - FAGAS\",\"isPartOf\":{\"@id\":\"https:\/\/fagas.ba\/en\/#website\"},\"datePublished\":\"2021-11-24T20:30:50+00:00\",\"dateModified\":\"2021-11-24T20:30:52+00:00\",\"breadcrumb\":{\"@id\":\"https:\/\/fagas.ba\/produkt\/sigurnosni-ventil-j48k\/#breadcrumb\"},\"inLanguage\":\"de\",\"potentialAction\":[{\"@type\":\"ReadAction\",\"target\":[\"https:\/\/fagas.ba\/produkt\/sigurnosni-ventil-j48k\/\"]}]},{\"@type\":\"BreadcrumbList\",\"@id\":\"https:\/\/fagas.ba\/produkt\/sigurnosni-ventil-j48k\/#breadcrumb\",\"itemListElement\":[{\"@type\":\"ListItem\",\"position\":1,\"name\":\"Home\",\"item\":\"https:\/\/fagas.ba\/\"},{\"@type\":\"ListItem\",\"position\":2,\"name\":\"Products\",\"item\":\"https:\/\/fagas.ba\/en\/shop\/\"},{\"@type\":\"ListItem\",\"position\":3,\"name\":\"Sicherheitsventil J48K\"}]},{\"@type\":\"WebSite\",\"@id\":\"https:\/\/fagas.ba\/en\/#website\",\"url\":\"https:\/\/fagas.ba\/en\/\",\"name\":\"FAGAS\",\"description\":\"Projektovanje i proizvodnja gasne opreme\",\"potentialAction\":[{\"@type\":\"SearchAction\",\"target\":{\"@type\":\"EntryPoint\",\"urlTemplate\":\"https:\/\/fagas.ba\/en\/?s={search_term_string}\"},\"query-input\":\"required name=search_term_string\"}],\"inLanguage\":\"de\"}]}<\/script>\n<!-- \/ Yoast SEO plugin. -->","yoast_head_json":{"title":"Sicherheitsventil J48K - FAGAS","robots":{"index":"index","follow":"follow","max-snippet":"max-snippet:-1","max-image-preview":"max-image-preview:large","max-video-preview":"max-video-preview:-1"},"canonical":"https:\/\/fagas.ba\/produkt\/sigurnosni-ventil-j48k\/","og_locale":"de_DE","og_type":"article","og_title":"Sicherheitsventil J48K - FAGAS","og_description":"Als Teil einer umfassenden Sicherheitsausstattung fertigt Elster Jeavons zwei Sonderausf\u00fchrungen der bew\u00e4hrten J48-Linie. Dies sind das Druckbegrenzungsventil J48K und das Kriechsicherheitsventil J48KC. Beide Versionen verf\u00fcgen \u00fcber Schnellspann-Federeinstellmechanismen, die einen einfachen Zugang zur Federeinstellung und zur routinem\u00e4\u00dfigen Wartung erm\u00f6glichen. Das Druckbegrenzungsventil J48K sch\u00fctzt vor \u00dcberdruck. Das Ventil arbeitet vollautomatisch und stellt sich zur\u00fcck, wenn der Druck unter einen voreingestellten Wert f\u00e4llt. Das Kriechentlastungsventil J48KC wird normalerweise auf Schiebe- oder Moduleinheiten montiert. Verhindert den Druckaufbau auf der stromabw\u00e4rtigen Seite w\u00e4hrend der Nullzeit, falls die Hauptstromventile nicht blockieren. Die Einheiten sind so dimensioniert, dass ihre maximale Kapazit\u00e4t weniger als 1% der vollen Ausfallkapazit\u00e4t der Schiebe- oder Moduleinheit betr\u00e4gt (British Gas Specification BGC \/ PS \/ E26). Beide Versionen, die f\u00fcr Erdgas, Fl\u00fcssiggas und produzierte Gase ausgelegt sind, k\u00f6nnen in horizontale und vertikale Rohrleitungen eingebaut werden.","og_url":"https:\/\/fagas.ba\/produkt\/sigurnosni-ventil-j48k\/","og_site_name":"FAGAS","article_modified_time":"2021-11-24T20:30:52+00:00","og_image":[{"width":640,"height":399,"url":"https:\/\/fagas.ba\/fgs\/wp-content\/uploads\/2021\/01\/J48K.jpg","type":"image\/jpeg"}],"twitter_card":"summary_large_image","twitter_misc":{"Gesch\u00e4tzte Lesezeit":"2\u00a0Minuten"},"schema":{"@context":"https:\/\/schema.org","@graph":[{"@type":"WebPage","@id":"https:\/\/fagas.ba\/produkt\/sigurnosni-ventil-j48k\/","url":"https:\/\/fagas.ba\/produkt\/sigurnosni-ventil-j48k\/","name":"Sicherheitsventil J48K - FAGAS","isPartOf":{"@id":"https:\/\/fagas.ba\/en\/#website"},"datePublished":"2021-11-24T20:30:50+00:00","dateModified":"2021-11-24T20:30:52+00:00","breadcrumb":{"@id":"https:\/\/fagas.ba\/produkt\/sigurnosni-ventil-j48k\/#breadcrumb"},"inLanguage":"de","potentialAction":[{"@type":"ReadAction","target":["https:\/\/fagas.ba\/produkt\/sigurnosni-ventil-j48k\/"]}]},{"@type":"BreadcrumbList","@id":"https:\/\/fagas.ba\/produkt\/sigurnosni-ventil-j48k\/#breadcrumb","itemListElement":[{"@type":"ListItem","position":1,"name":"Home","item":"https:\/\/fagas.ba\/"},{"@type":"ListItem","position":2,"name":"Products","item":"https:\/\/fagas.ba\/en\/shop\/"},{"@type":"ListItem","position":3,"name":"Sicherheitsventil J48K"}]},{"@type":"WebSite","@id":"https:\/\/fagas.ba\/en\/#website","url":"https:\/\/fagas.ba\/en\/","name":"FAGAS","description":"Projektovanje i proizvodnja gasne opreme","potentialAction":[{"@type":"SearchAction","target":{"@type":"EntryPoint","urlTemplate":"https:\/\/fagas.ba\/en\/?s={search_term_string}"},"query-input":"required name=search_term_string"}],"inLanguage":"de"}]}},"_links":{"self":[{"href":"https:\/\/fagas.ba\/de\/wp-json\/wp\/v2\/product\/5280"}],"collection":[{"href":"https:\/\/fagas.ba\/de\/wp-json\/wp\/v2\/product"}],"about":[{"href":"https:\/\/fagas.ba\/de\/wp-json\/wp\/v2\/types\/product"}],"replies":[{"embeddable":true,"href":"https:\/\/fagas.ba\/de\/wp-json\/wp\/v2\/comments?post=5280"}],"wp:featuredmedia":[{"embeddable":true,"href":"https:\/\/fagas.ba\/de\/wp-json\/wp\/v2\/media\/4160"}],"wp:attachment":[{"href":"https:\/\/fagas.ba\/de\/wp-json\/wp\/v2\/media?parent=5280"}],"wp:term":[{"taxonomy":"product_cat","embeddable":true,"href":"https:\/\/fagas.ba\/de\/wp-json\/wp\/v2\/product_cat?post=5280"},{"taxonomy":"product_tag","embeddable":true,"href":"https:\/\/fagas.ba\/de\/wp-json\/wp\/v2\/product_tag?post=5280"}],"curies":[{"name":"wp","href":"https:\/\/api.w.org\/{rel}","templated":true}]}}