{"id":5276,"date":"2021-11-24T20:21:40","date_gmt":"2021-11-24T20:21:40","guid":{"rendered":"https:\/\/fagas.ba\/product\/absperr-absperrventil-s200\/"},"modified":"2021-11-24T20:21:41","modified_gmt":"2021-11-24T20:21:41","slug":"absperr-absperrventil-s200","status":"publish","type":"product","link":"https:\/\/fagas.ba\/de\/produkt\/absperr-absperrventil-s200\/","title":{"rendered":"Absperr-Absperrventil S200"},"content":{"rendered":"<p>[et_pb_section fb_built=&#8220;1&#8243; _builder_version=&#8220;3.22&#8243; custom_padding=&#8220;0px||||false|false&#8220;][et_pb_row _builder_version=&#8220;3.25&#8243; background_size=&#8220;initial&#8220; background_position=&#8220;top_left&#8220; background_repeat=&#8220;repeat&#8220; width=&#8220;100%&#8220; custom_padding=&#8220;0px||0px||false|false&#8220;][et_pb_column type=&#8220;4_4&#8243; _builder_version=&#8220;3.25&#8243; custom_padding=&#8220;|||&#8220; custom_padding__hover=&#8220;|||&#8220;][et_pb_wc_breadcrumb admin_label=&#8220;Woo Breadcrumb&#8220; _builder_version=&#8220;3.0.47&#8243;][\/et_pb_wc_breadcrumb][\/et_pb_column][\/et_pb_row][et_pb_row column_structure=&#8220;1_2,1_2&#8243; _builder_version=&#8220;3.25&#8243; background_size=&#8220;initial&#8220; background_position=&#8220;top_left&#8220; background_repeat=&#8220;repeat&#8220; width=&#8220;100%&#8220; custom_padding=&#8220;0px||||false|false&#8220;][et_pb_column type=&#8220;1_2&#8243; _builder_version=&#8220;3.25&#8243; custom_padding=&#8220;|||&#8220; custom_padding__hover=&#8220;|||&#8220;][et_pb_wc_images _builder_version=&#8220;4.7.4&#8243; _module_preset=&#8220;default&#8220;][\/et_pb_wc_images][\/et_pb_column][et_pb_column type=&#8220;1_2&#8243; _builder_version=&#8220;3.25&#8243; custom_padding=&#8220;|||&#8220; custom_padding__hover=&#8220;|||&#8220;][et_pb_wc_title _builder_version=&#8220;3.0.47&#8243;][\/et_pb_wc_title][et_pb_wc_description _builder_version=&#8220;3.0.47&#8243;][\/et_pb_wc_description][et_pb_wc_meta _builder_version=&#8220;3.0.47&#8243;][\/et_pb_wc_meta][\/et_pb_column][\/et_pb_row][et_pb_row _builder_version=&#8220;3.25&#8243; background_size=&#8220;initial&#8220; background_position=&#8220;top_left&#8220; background_repeat=&#8220;repeat&#8220; width=&#8220;100%&#8220;][et_pb_column type=&#8220;4_4&#8243; _builder_version=&#8220;3.25&#8243; custom_padding=&#8220;|||&#8220; custom_padding__hover=&#8220;|||&#8220;][et_pb_divider color=&#8220;#D8D8D8&#8243; divider_position=&#8220;center&#8220; _builder_version=&#8220;4.7.4&#8243; _module_preset=&#8220;default&#8220;][\/et_pb_divider][et_pb_tabs module_class=&#8220;vertical-tabs2&#8243; _builder_version=&#8220;4.7.4&#8243; _module_preset=&#8220;default&#8220; hover_enabled=&#8220;0&#8243; sticky_enabled=&#8220;0&#8243;][et_pb_tab title=&#8220;Technische Daten&#8220; _builder_version=&#8220;4.7.4&#8243; _module_preset=&#8220;default&#8220; hover_enabled=&#8220;0&#8243; sticky_enabled=&#8220;0&#8243;]<\/p>\n<ul>\n<li class=\"p1\">Gr\u00f6\u00dfen: 2&#8243;, 3&#8243; und 4&#8243;<\/li>\n<li class=\"p1\">Verfahrbereich OPSS: 25mbar &#8211; 8 bar<\/li>\n<li class=\"p1\">USVS-Verfahrbereich: 5 mbar &#8211; 2,5 bar<\/li>\n<li class=\"p1\">Eingangsdruck bis 19 bar<\/li>\n<li class=\"p1\">Mit optischer Anzeige oder Mikroschaltersensor<\/li>\n<li class=\"p1\">Temperaturbereich -20\u00b0C bis +80\u00b0C<\/li>\n<\/ul>\n<p>[\/et_pb_tab][et_pb_tab title=&#8220;Technische Dokumentation&#8220; _builder_version=&#8220;4.7.4&#8243; _module_preset=&#8220;default&#8220; hover_enabled=&#8220;0&#8243; sticky_enabled=&#8220;0&#8243;]<\/p>\n<ul class=\"documents-list\">\n<li><a href=\"http:\/\/fagas.ba\/fgs\/wp-content\/uploads\/2021\/01\/S2002EN05.pdf\" target=\"_blank\" rel=\"noopener noreferrer\">Technisches Dokument<\/a><\/li>\n<li><a href=\"http:\/\/fagas.ba\/fgs\/wp-content\/uploads\/2021\/01\/MS2002EN05.pdf\" target=\"_blank\" rel=\"noopener noreferrer\">Handbuch<\/a><\/li>\n<\/ul>\n<p>[\/et_pb_tab][\/et_pb_tabs][et_pb_divider color=&#8220;#D8D8D8&#8243; divider_position=&#8220;center&#8220; _builder_version=&#8220;4.7.4&#8243; _module_preset=&#8220;default&#8220;][\/et_pb_divider][et_pb_wc_related_products posts_number=&#8220;4&#8243; columns_number=&#8220;4&#8243; admin_label=&#8220;Sli\u010dni proizvodi&#8220; _builder_version=&#8220;4.7.4&#8243;][\/et_pb_wc_related_products][\/et_pb_column][\/et_pb_row][\/et_pb_section]<\/p>\n","protected":false},"excerpt":{"rendered":"<p>Das Absperrventil S200 sch\u00fctzt Gasinstallationen vor gef\u00e4hrlichen Bedingungen unter Druck und \u00dcberdruck und wird normalerweise auf der Eingangsseite des Reglers installiert.<br \/>\nDer S200 ist mit optischer und \/ oder Kippventilstellungsanzeige erh\u00e4ltlich.<br \/>\nDie manuelle R\u00fcckstellung verf\u00fcgt \u00fcber ein automatisch integriertes Ausgleichsventil, das sichere R\u00fcckstellvorg\u00e4nge gew\u00e4hrleistet und teure Bypass-Systeme \u00fcberfl\u00fcssig macht. Der S200 kann in jeder Ausrichtung montiert werden. Die Einheit kann \u00fcber einen R\u00fcckstellmechanismus auf beiden Seiten des Geh\u00e4uses spezifiziert werden.<br \/>\nDas Schlagabsperrventil der Serie 200 wurde entwickelt, um die Anforderungen der DIN3381 zu erf\u00fcllen.<br \/>\nS200 ist zugelassen f\u00fcr Modul B (von DVGW-Benannter Stelle Nr. 0085) und Modul D (von BSI-Benannter Stelle Nr. 0086) DGRL 97\/23\/EG. Es ist als Ausr\u00fcstung und Sicherheitszubeh\u00f6r der Kategorie IV klassifiziert.<\/p>\n","protected":false},"featured_media":4172,"comment_status":"open","ping_status":"closed","template":"","meta":{"_et_pb_use_builder":"on","_et_pb_old_content":"Das Absperrventil S200 sch\u00fctzt Gasinstallationen vor gef\u00e4hrlichen Bedingungen unter Druck und \u00dcberdruck und wird normalerweise auf der Eingangsseite des Reglers installiert.\nDer S200 ist mit optischer und \/ oder Kippventilstellungsanzeige erh\u00e4ltlich.\nDie manuelle R\u00fcckstellung verf\u00fcgt \u00fcber ein automatisch integriertes Ausgleichsventil, das sichere R\u00fcckstellvorg\u00e4nge gew\u00e4hrleistet und teure Bypass-Systeme \u00fcberfl\u00fcssig macht. Der S200 kann in jeder Ausrichtung montiert werden. Die Einheit kann \u00fcber einen R\u00fcckstellmechanismus auf beiden Seiten des Geh\u00e4uses spezifiziert werden.\nDas Schlagabsperrventil der Serie 200 wurde entwickelt, um die Anforderungen der DIN3381 zu erf\u00fcllen.\nS200 ist zugelassen f\u00fcr Modul B (von DVGW-Benannter Stelle Nr. 0085) und Modul D (von BSI-Benannter Stelle Nr. 0086) DGRL 97\/23\/EG. Es ist als Ausr\u00fcstung und Sicherheitszubeh\u00f6r der Kategorie IV klassifiziert.","_et_gb_content_width":""},"product_cat":[359,321,367],"product_tag":[267,213,289],"yoast_head":"<!-- This site is optimized with the Yoast SEO plugin v20.12 - https:\/\/yoast.com\/wordpress\/plugins\/seo\/ -->\n<title>Absperr-Absperrventil S200 - FAGAS<\/title>\n<meta name=\"robots\" content=\"index, follow, max-snippet:-1, max-image-preview:large, max-video-preview:-1\" \/>\n<link rel=\"canonical\" href=\"https:\/\/fagas.ba\/produkt\/zaporni-ventil-s200\/\" \/>\n<meta property=\"og:locale\" content=\"de_DE\" \/>\n<meta property=\"og:type\" content=\"article\" \/>\n<meta property=\"og:title\" content=\"Absperr-Absperrventil S200 - FAGAS\" \/>\n<meta property=\"og:description\" content=\"Das Absperrventil S200 sch\u00fctzt Gasinstallationen vor gef\u00e4hrlichen Bedingungen unter Druck und \u00dcberdruck und wird normalerweise auf der Eingangsseite des Reglers installiert. Der S200 ist mit optischer und \/ oder Kippventilstellungsanzeige erh\u00e4ltlich. Die manuelle R\u00fcckstellung verf\u00fcgt \u00fcber ein automatisch integriertes Ausgleichsventil, das sichere R\u00fcckstellvorg\u00e4nge gew\u00e4hrleistet und teure Bypass-Systeme \u00fcberfl\u00fcssig macht. Der S200 kann in jeder Ausrichtung montiert werden. Die Einheit kann \u00fcber einen R\u00fcckstellmechanismus auf beiden Seiten des Geh\u00e4uses spezifiziert werden. Das Schlagabsperrventil der Serie 200 wurde entwickelt, um die Anforderungen der DIN3381 zu erf\u00fcllen. S200 ist zugelassen f\u00fcr Modul B (von DVGW-Benannter Stelle Nr. 0085) und Modul D (von BSI-Benannter Stelle Nr. 0086) DGRL 97\/23\/EG. Es ist als Ausr\u00fcstung und Sicherheitszubeh\u00f6r der Kategorie IV klassifiziert.\" \/>\n<meta property=\"og:url\" content=\"https:\/\/fagas.ba\/produkt\/zaporni-ventil-s200\/\" \/>\n<meta property=\"og:site_name\" content=\"FAGAS\" \/>\n<meta property=\"article:modified_time\" content=\"2021-11-24T20:21:41+00:00\" \/>\n<meta property=\"og:image\" content=\"https:\/\/fagas.ba\/fgs\/wp-content\/uploads\/2021\/01\/S200.jpg\" \/>\n\t<meta property=\"og:image:width\" content=\"640\" \/>\n\t<meta property=\"og:image:height\" content=\"399\" \/>\n\t<meta property=\"og:image:type\" content=\"image\/jpeg\" \/>\n<meta name=\"twitter:card\" content=\"summary_large_image\" \/>\n<meta name=\"twitter:label1\" content=\"Gesch\u00e4tzte Lesezeit\" \/>\n\t<meta name=\"twitter:data1\" content=\"2\u00a0Minuten\" \/>\n<script type=\"application\/ld+json\" class=\"yoast-schema-graph\">{\"@context\":\"https:\/\/schema.org\",\"@graph\":[{\"@type\":\"WebPage\",\"@id\":\"https:\/\/fagas.ba\/produkt\/zaporni-ventil-s200\/\",\"url\":\"https:\/\/fagas.ba\/produkt\/zaporni-ventil-s200\/\",\"name\":\"Absperr-Absperrventil S200 - FAGAS\",\"isPartOf\":{\"@id\":\"https:\/\/fagas.ba\/en\/#website\"},\"datePublished\":\"2021-11-24T20:21:40+00:00\",\"dateModified\":\"2021-11-24T20:21:41+00:00\",\"breadcrumb\":{\"@id\":\"https:\/\/fagas.ba\/produkt\/zaporni-ventil-s200\/#breadcrumb\"},\"inLanguage\":\"de\",\"potentialAction\":[{\"@type\":\"ReadAction\",\"target\":[\"https:\/\/fagas.ba\/produkt\/zaporni-ventil-s200\/\"]}]},{\"@type\":\"BreadcrumbList\",\"@id\":\"https:\/\/fagas.ba\/produkt\/zaporni-ventil-s200\/#breadcrumb\",\"itemListElement\":[{\"@type\":\"ListItem\",\"position\":1,\"name\":\"Home\",\"item\":\"https:\/\/fagas.ba\/\"},{\"@type\":\"ListItem\",\"position\":2,\"name\":\"Products\",\"item\":\"https:\/\/fagas.ba\/en\/shop\/\"},{\"@type\":\"ListItem\",\"position\":3,\"name\":\"Absperr-Absperrventil S200\"}]},{\"@type\":\"WebSite\",\"@id\":\"https:\/\/fagas.ba\/en\/#website\",\"url\":\"https:\/\/fagas.ba\/en\/\",\"name\":\"FAGAS\",\"description\":\"Projektovanje i proizvodnja gasne opreme\",\"potentialAction\":[{\"@type\":\"SearchAction\",\"target\":{\"@type\":\"EntryPoint\",\"urlTemplate\":\"https:\/\/fagas.ba\/en\/?s={search_term_string}\"},\"query-input\":\"required name=search_term_string\"}],\"inLanguage\":\"de\"}]}<\/script>\n<!-- \/ Yoast SEO plugin. -->","yoast_head_json":{"title":"Absperr-Absperrventil S200 - FAGAS","robots":{"index":"index","follow":"follow","max-snippet":"max-snippet:-1","max-image-preview":"max-image-preview:large","max-video-preview":"max-video-preview:-1"},"canonical":"https:\/\/fagas.ba\/produkt\/zaporni-ventil-s200\/","og_locale":"de_DE","og_type":"article","og_title":"Absperr-Absperrventil S200 - FAGAS","og_description":"Das Absperrventil S200 sch\u00fctzt Gasinstallationen vor gef\u00e4hrlichen Bedingungen unter Druck und \u00dcberdruck und wird normalerweise auf der Eingangsseite des Reglers installiert. Der S200 ist mit optischer und \/ oder Kippventilstellungsanzeige erh\u00e4ltlich. Die manuelle R\u00fcckstellung verf\u00fcgt \u00fcber ein automatisch integriertes Ausgleichsventil, das sichere R\u00fcckstellvorg\u00e4nge gew\u00e4hrleistet und teure Bypass-Systeme \u00fcberfl\u00fcssig macht. Der S200 kann in jeder Ausrichtung montiert werden. Die Einheit kann \u00fcber einen R\u00fcckstellmechanismus auf beiden Seiten des Geh\u00e4uses spezifiziert werden. Das Schlagabsperrventil der Serie 200 wurde entwickelt, um die Anforderungen der DIN3381 zu erf\u00fcllen. S200 ist zugelassen f\u00fcr Modul B (von DVGW-Benannter Stelle Nr. 0085) und Modul D (von BSI-Benannter Stelle Nr. 0086) DGRL 97\/23\/EG. Es ist als Ausr\u00fcstung und Sicherheitszubeh\u00f6r der Kategorie IV klassifiziert.","og_url":"https:\/\/fagas.ba\/produkt\/zaporni-ventil-s200\/","og_site_name":"FAGAS","article_modified_time":"2021-11-24T20:21:41+00:00","og_image":[{"width":640,"height":399,"url":"https:\/\/fagas.ba\/fgs\/wp-content\/uploads\/2021\/01\/S200.jpg","type":"image\/jpeg"}],"twitter_card":"summary_large_image","twitter_misc":{"Gesch\u00e4tzte Lesezeit":"2\u00a0Minuten"},"schema":{"@context":"https:\/\/schema.org","@graph":[{"@type":"WebPage","@id":"https:\/\/fagas.ba\/produkt\/zaporni-ventil-s200\/","url":"https:\/\/fagas.ba\/produkt\/zaporni-ventil-s200\/","name":"Absperr-Absperrventil S200 - FAGAS","isPartOf":{"@id":"https:\/\/fagas.ba\/en\/#website"},"datePublished":"2021-11-24T20:21:40+00:00","dateModified":"2021-11-24T20:21:41+00:00","breadcrumb":{"@id":"https:\/\/fagas.ba\/produkt\/zaporni-ventil-s200\/#breadcrumb"},"inLanguage":"de","potentialAction":[{"@type":"ReadAction","target":["https:\/\/fagas.ba\/produkt\/zaporni-ventil-s200\/"]}]},{"@type":"BreadcrumbList","@id":"https:\/\/fagas.ba\/produkt\/zaporni-ventil-s200\/#breadcrumb","itemListElement":[{"@type":"ListItem","position":1,"name":"Home","item":"https:\/\/fagas.ba\/"},{"@type":"ListItem","position":2,"name":"Products","item":"https:\/\/fagas.ba\/en\/shop\/"},{"@type":"ListItem","position":3,"name":"Absperr-Absperrventil S200"}]},{"@type":"WebSite","@id":"https:\/\/fagas.ba\/en\/#website","url":"https:\/\/fagas.ba\/en\/","name":"FAGAS","description":"Projektovanje i proizvodnja gasne opreme","potentialAction":[{"@type":"SearchAction","target":{"@type":"EntryPoint","urlTemplate":"https:\/\/fagas.ba\/en\/?s={search_term_string}"},"query-input":"required name=search_term_string"}],"inLanguage":"de"}]}},"_links":{"self":[{"href":"https:\/\/fagas.ba\/de\/wp-json\/wp\/v2\/product\/5276"}],"collection":[{"href":"https:\/\/fagas.ba\/de\/wp-json\/wp\/v2\/product"}],"about":[{"href":"https:\/\/fagas.ba\/de\/wp-json\/wp\/v2\/types\/product"}],"replies":[{"embeddable":true,"href":"https:\/\/fagas.ba\/de\/wp-json\/wp\/v2\/comments?post=5276"}],"wp:featuredmedia":[{"embeddable":true,"href":"https:\/\/fagas.ba\/de\/wp-json\/wp\/v2\/media\/4172"}],"wp:attachment":[{"href":"https:\/\/fagas.ba\/de\/wp-json\/wp\/v2\/media?parent=5276"}],"wp:term":[{"taxonomy":"product_cat","embeddable":true,"href":"https:\/\/fagas.ba\/de\/wp-json\/wp\/v2\/product_cat?post=5276"},{"taxonomy":"product_tag","embeddable":true,"href":"https:\/\/fagas.ba\/de\/wp-json\/wp\/v2\/product_tag?post=5276"}],"curies":[{"name":"wp","href":"https:\/\/api.w.org\/{rel}","templated":true}]}}