{"id":5265,"date":"2021-11-24T20:04:23","date_gmt":"2021-11-24T20:04:23","guid":{"rendered":"https:\/\/fagas.ba\/product\/zaehler-mit-faltenbalg-bk-g40-bk-g65-bk-g100\/"},"modified":"2021-11-24T20:04:26","modified_gmt":"2021-11-24T20:04:26","slug":"zaehler-mit-faltenbalg-bk-g40-bk-g65-bk-g100","status":"publish","type":"product","link":"https:\/\/fagas.ba\/de\/produkt\/zaehler-mit-faltenbalg-bk-g40-bk-g65-bk-g100\/","title":{"rendered":"Z\u00e4hler mit Faltenbalg BK-G40, BK-G65, BK-G100"},"content":{"rendered":"<p>[et_pb_section fb_built=&#8220;1&#8243; _builder_version=&#8220;3.22&#8243; custom_padding=&#8220;0px||||false|false&#8220;][et_pb_row _builder_version=&#8220;3.25&#8243; background_size=&#8220;initial&#8220; background_position=&#8220;top_left&#8220; background_repeat=&#8220;repeat&#8220; width=&#8220;100%&#8220; custom_padding=&#8220;0px||0px||false|false&#8220;][et_pb_column type=&#8220;4_4&#8243; _builder_version=&#8220;3.25&#8243; custom_padding=&#8220;|||&#8220; custom_padding__hover=&#8220;|||&#8220;][et_pb_wc_breadcrumb admin_label=&#8220;Woo Breadcrumb&#8220; _builder_version=&#8220;3.0.47&#8243;][\/et_pb_wc_breadcrumb][\/et_pb_column][\/et_pb_row][et_pb_row column_structure=&#8220;1_2,1_2&#8243; _builder_version=&#8220;3.25&#8243; background_size=&#8220;initial&#8220; background_position=&#8220;top_left&#8220; background_repeat=&#8220;repeat&#8220; width=&#8220;100%&#8220; custom_padding=&#8220;0px||||false|false&#8220;][et_pb_column type=&#8220;1_2&#8243; _builder_version=&#8220;3.25&#8243; custom_padding=&#8220;|||&#8220; custom_padding__hover=&#8220;|||&#8220;][et_pb_wc_images _builder_version=&#8220;4.7.4&#8243; _module_preset=&#8220;default&#8220;][\/et_pb_wc_images][\/et_pb_column][et_pb_column type=&#8220;1_2&#8243; _builder_version=&#8220;3.25&#8243; custom_padding=&#8220;|||&#8220; custom_padding__hover=&#8220;|||&#8220;][et_pb_wc_title _builder_version=&#8220;3.0.47&#8243;][\/et_pb_wc_title][et_pb_wc_description _builder_version=&#8220;3.0.47&#8243;][\/et_pb_wc_description][et_pb_wc_meta _builder_version=&#8220;3.0.47&#8243;][\/et_pb_wc_meta][\/et_pb_column][\/et_pb_row][et_pb_row _builder_version=&#8220;3.25&#8243; background_size=&#8220;initial&#8220; background_position=&#8220;top_left&#8220; background_repeat=&#8220;repeat&#8220; width=&#8220;100%&#8220;][et_pb_column type=&#8220;4_4&#8243; _builder_version=&#8220;3.25&#8243; custom_padding=&#8220;|||&#8220; custom_padding__hover=&#8220;|||&#8220;][et_pb_divider color=&#8220;#D8D8D8&#8243; divider_position=&#8220;center&#8220; _builder_version=&#8220;4.7.4&#8243; _module_preset=&#8220;default&#8220;][\/et_pb_divider][et_pb_tabs module_class=&#8220;vertical-tabs2&#8243; _builder_version=&#8220;4.7.4&#8243; _module_preset=&#8220;default&#8220;][et_pb_tab title=&#8220;Technische Daten&#8220; _builder_version=&#8220;4.7.4&#8243; _module_preset=&#8220;default&#8220;]<\/p>\n<p>Zyklisches Volumen:<\/p>\n<ul class=\"stup-list\">\n<li class=\"p1\">BK-G 40: 18 dm\u00b3<\/li>\n<li class=\"p1\">BK-G 65: 24 dm\u00b3<\/li>\n<li class=\"p1\">BK-G100: 48 dm\u00b3<\/li>\n<\/ul>\n<p>Ausma\u00df:<\/p>\n<ul class=\"stup-list\">\n<li>BK-G 40: 0.4 &#8211; 65 m\u00b3\/h<\/li>\n<li>BK-G 65: 0.65 &#8211; 100 m\u00b3\/h<\/li>\n<li>BK-G100: 1.0 &#8211; 160 m\u00b3\/h<\/li>\n<\/ul>\n<p>[\/et_pb_tab][et_pb_tab title=&#8220;Technische Dokumentation&#8220; _builder_version=&#8220;4.7.4&#8243; _module_preset=&#8220;default&#8220;]<\/p>\n<ul class=\"documents-list\">\n<li><a href=\"http:\/\/fagas.ba\/fgs\/wp-content\/uploads\/2021\/01\/ZSD_1000490622_2_EN.pdf\" target=\"_blank\" rel=\"noopener noreferrer\">Technisches Dokument<\/a><\/li>\n<\/ul>\n<p>[\/et_pb_tab][\/et_pb_tabs][et_pb_divider color=&#8220;#D8D8D8&#8243; divider_position=&#8220;center&#8220; _builder_version=&#8220;4.7.4&#8243; _module_preset=&#8220;default&#8220;][\/et_pb_divider][et_pb_wc_related_products posts_number=&#8220;4&#8243; columns_number=&#8220;4&#8243; admin_label=&#8220;Sli\u010dni proizvodi&#8220; _builder_version=&#8220;4.7.4&#8243;][\/et_pb_wc_related_products][\/et_pb_column][\/et_pb_row][\/et_pb_section]<\/p>\n","protected":false},"excerpt":{"rendered":"<p>Die BK-G40, BK-G65 und BK-G100 sind kompakte und leichte Industrie-Membrangasz\u00e4hler, die h\u00f6chste Anforderungen an Messgenauigkeit und Sicherheit erf\u00fcllen. Innovative Neuentwicklungen basieren auf der Erfahrung vieler Jahrzehnte. Gasz\u00e4hler werden mit Gewindegeh\u00e4usen aus tiefgezogenem Stahlblech als Einrohr-Ausf\u00fchrung und &#8211; f\u00fcr horizontalen und vertikalen Einbau &#8211; als Zweirohr-Ausf\u00fchrung geliefert.<\/p>\n","protected":false},"featured_media":4192,"comment_status":"open","ping_status":"closed","template":"","meta":{"_et_pb_use_builder":"on","_et_pb_old_content":"Die BK-G40, BK-G65 und BK-G100 sind kompakte und leichte Industrie-Membrangasz\u00e4hler, die h\u00f6chste Anforderungen an Messgenauigkeit und Sicherheit erf\u00fcllen. Innovative Neuentwicklungen basieren auf der Erfahrung vieler Jahrzehnte. Gasz\u00e4hler werden mit Gewindegeh\u00e4usen aus tiefgezogenem Stahlblech als Einrohr-Ausf\u00fchrung und - f\u00fcr horizontalen und vertikalen Einbau - als Zweirohr-Ausf\u00fchrung geliefert.","_et_gb_content_width":""},"product_cat":[321,341,345],"product_tag":[213,233,243],"yoast_head":"<!-- This site is optimized with the Yoast SEO plugin v20.12 - https:\/\/yoast.com\/wordpress\/plugins\/seo\/ -->\n<title>Z\u00e4hler mit Faltenbalg BK-G40, BK-G65, BK-G100 - FAGAS<\/title>\n<meta name=\"robots\" content=\"index, follow, max-snippet:-1, max-image-preview:large, max-video-preview:-1\" \/>\n<link rel=\"canonical\" href=\"https:\/\/fagas.ba\/produkt\/mjeraci-sa-mjehom-bk-g40-bk-g65-bk-g100\/\" \/>\n<meta property=\"og:locale\" content=\"de_DE\" \/>\n<meta property=\"og:type\" content=\"article\" \/>\n<meta property=\"og:title\" content=\"Z\u00e4hler mit Faltenbalg BK-G40, BK-G65, BK-G100 - FAGAS\" \/>\n<meta property=\"og:description\" content=\"Die BK-G40, BK-G65 und BK-G100 sind kompakte und leichte Industrie-Membrangasz\u00e4hler, die h\u00f6chste Anforderungen an Messgenauigkeit und Sicherheit erf\u00fcllen. Innovative Neuentwicklungen basieren auf der Erfahrung vieler Jahrzehnte. Gasz\u00e4hler werden mit Gewindegeh\u00e4usen aus tiefgezogenem Stahlblech als Einrohr-Ausf\u00fchrung und - f\u00fcr horizontalen und vertikalen Einbau - als Zweirohr-Ausf\u00fchrung geliefert.\" \/>\n<meta property=\"og:url\" content=\"https:\/\/fagas.ba\/produkt\/mjeraci-sa-mjehom-bk-g40-bk-g65-bk-g100\/\" \/>\n<meta property=\"og:site_name\" content=\"FAGAS\" \/>\n<meta property=\"article:modified_time\" content=\"2021-11-24T20:04:26+00:00\" \/>\n<meta property=\"og:image\" content=\"https:\/\/fagas.ba\/fgs\/wp-content\/uploads\/2021\/01\/BKG-40.jpg\" \/>\n\t<meta property=\"og:image:width\" content=\"640\" \/>\n\t<meta property=\"og:image:height\" content=\"399\" \/>\n\t<meta property=\"og:image:type\" content=\"image\/jpeg\" \/>\n<meta name=\"twitter:card\" content=\"summary_large_image\" \/>\n<meta name=\"twitter:label1\" content=\"Gesch\u00e4tzte Lesezeit\" \/>\n\t<meta name=\"twitter:data1\" content=\"2\u00a0Minuten\" \/>\n<script type=\"application\/ld+json\" class=\"yoast-schema-graph\">{\"@context\":\"https:\/\/schema.org\",\"@graph\":[{\"@type\":\"WebPage\",\"@id\":\"https:\/\/fagas.ba\/produkt\/mjeraci-sa-mjehom-bk-g40-bk-g65-bk-g100\/\",\"url\":\"https:\/\/fagas.ba\/produkt\/mjeraci-sa-mjehom-bk-g40-bk-g65-bk-g100\/\",\"name\":\"Z\u00e4hler mit Faltenbalg BK-G40, BK-G65, BK-G100 - FAGAS\",\"isPartOf\":{\"@id\":\"https:\/\/fagas.ba\/en\/#website\"},\"datePublished\":\"2021-11-24T20:04:23+00:00\",\"dateModified\":\"2021-11-24T20:04:26+00:00\",\"breadcrumb\":{\"@id\":\"https:\/\/fagas.ba\/produkt\/mjeraci-sa-mjehom-bk-g40-bk-g65-bk-g100\/#breadcrumb\"},\"inLanguage\":\"de\",\"potentialAction\":[{\"@type\":\"ReadAction\",\"target\":[\"https:\/\/fagas.ba\/produkt\/mjeraci-sa-mjehom-bk-g40-bk-g65-bk-g100\/\"]}]},{\"@type\":\"BreadcrumbList\",\"@id\":\"https:\/\/fagas.ba\/produkt\/mjeraci-sa-mjehom-bk-g40-bk-g65-bk-g100\/#breadcrumb\",\"itemListElement\":[{\"@type\":\"ListItem\",\"position\":1,\"name\":\"Home\",\"item\":\"https:\/\/fagas.ba\/\"},{\"@type\":\"ListItem\",\"position\":2,\"name\":\"Products\",\"item\":\"https:\/\/fagas.ba\/en\/shop\/\"},{\"@type\":\"ListItem\",\"position\":3,\"name\":\"Z\u00e4hler mit Faltenbalg BK-G40, BK-G65, BK-G100\"}]},{\"@type\":\"WebSite\",\"@id\":\"https:\/\/fagas.ba\/en\/#website\",\"url\":\"https:\/\/fagas.ba\/en\/\",\"name\":\"FAGAS\",\"description\":\"Projektovanje i proizvodnja gasne opreme\",\"potentialAction\":[{\"@type\":\"SearchAction\",\"target\":{\"@type\":\"EntryPoint\",\"urlTemplate\":\"https:\/\/fagas.ba\/en\/?s={search_term_string}\"},\"query-input\":\"required name=search_term_string\"}],\"inLanguage\":\"de\"}]}<\/script>\n<!-- \/ Yoast SEO plugin. -->","yoast_head_json":{"title":"Z\u00e4hler mit Faltenbalg BK-G40, BK-G65, BK-G100 - FAGAS","robots":{"index":"index","follow":"follow","max-snippet":"max-snippet:-1","max-image-preview":"max-image-preview:large","max-video-preview":"max-video-preview:-1"},"canonical":"https:\/\/fagas.ba\/produkt\/mjeraci-sa-mjehom-bk-g40-bk-g65-bk-g100\/","og_locale":"de_DE","og_type":"article","og_title":"Z\u00e4hler mit Faltenbalg BK-G40, BK-G65, BK-G100 - FAGAS","og_description":"Die BK-G40, BK-G65 und BK-G100 sind kompakte und leichte Industrie-Membrangasz\u00e4hler, die h\u00f6chste Anforderungen an Messgenauigkeit und Sicherheit erf\u00fcllen. Innovative Neuentwicklungen basieren auf der Erfahrung vieler Jahrzehnte. Gasz\u00e4hler werden mit Gewindegeh\u00e4usen aus tiefgezogenem Stahlblech als Einrohr-Ausf\u00fchrung und - f\u00fcr horizontalen und vertikalen Einbau - als Zweirohr-Ausf\u00fchrung geliefert.","og_url":"https:\/\/fagas.ba\/produkt\/mjeraci-sa-mjehom-bk-g40-bk-g65-bk-g100\/","og_site_name":"FAGAS","article_modified_time":"2021-11-24T20:04:26+00:00","og_image":[{"width":640,"height":399,"url":"https:\/\/fagas.ba\/fgs\/wp-content\/uploads\/2021\/01\/BKG-40.jpg","type":"image\/jpeg"}],"twitter_card":"summary_large_image","twitter_misc":{"Gesch\u00e4tzte Lesezeit":"2\u00a0Minuten"},"schema":{"@context":"https:\/\/schema.org","@graph":[{"@type":"WebPage","@id":"https:\/\/fagas.ba\/produkt\/mjeraci-sa-mjehom-bk-g40-bk-g65-bk-g100\/","url":"https:\/\/fagas.ba\/produkt\/mjeraci-sa-mjehom-bk-g40-bk-g65-bk-g100\/","name":"Z\u00e4hler mit Faltenbalg BK-G40, BK-G65, BK-G100 - FAGAS","isPartOf":{"@id":"https:\/\/fagas.ba\/en\/#website"},"datePublished":"2021-11-24T20:04:23+00:00","dateModified":"2021-11-24T20:04:26+00:00","breadcrumb":{"@id":"https:\/\/fagas.ba\/produkt\/mjeraci-sa-mjehom-bk-g40-bk-g65-bk-g100\/#breadcrumb"},"inLanguage":"de","potentialAction":[{"@type":"ReadAction","target":["https:\/\/fagas.ba\/produkt\/mjeraci-sa-mjehom-bk-g40-bk-g65-bk-g100\/"]}]},{"@type":"BreadcrumbList","@id":"https:\/\/fagas.ba\/produkt\/mjeraci-sa-mjehom-bk-g40-bk-g65-bk-g100\/#breadcrumb","itemListElement":[{"@type":"ListItem","position":1,"name":"Home","item":"https:\/\/fagas.ba\/"},{"@type":"ListItem","position":2,"name":"Products","item":"https:\/\/fagas.ba\/en\/shop\/"},{"@type":"ListItem","position":3,"name":"Z\u00e4hler mit Faltenbalg BK-G40, BK-G65, BK-G100"}]},{"@type":"WebSite","@id":"https:\/\/fagas.ba\/en\/#website","url":"https:\/\/fagas.ba\/en\/","name":"FAGAS","description":"Projektovanje i proizvodnja gasne opreme","potentialAction":[{"@type":"SearchAction","target":{"@type":"EntryPoint","urlTemplate":"https:\/\/fagas.ba\/en\/?s={search_term_string}"},"query-input":"required name=search_term_string"}],"inLanguage":"de"}]}},"_links":{"self":[{"href":"https:\/\/fagas.ba\/de\/wp-json\/wp\/v2\/product\/5265"}],"collection":[{"href":"https:\/\/fagas.ba\/de\/wp-json\/wp\/v2\/product"}],"about":[{"href":"https:\/\/fagas.ba\/de\/wp-json\/wp\/v2\/types\/product"}],"replies":[{"embeddable":true,"href":"https:\/\/fagas.ba\/de\/wp-json\/wp\/v2\/comments?post=5265"}],"wp:featuredmedia":[{"embeddable":true,"href":"https:\/\/fagas.ba\/de\/wp-json\/wp\/v2\/media\/4192"}],"wp:attachment":[{"href":"https:\/\/fagas.ba\/de\/wp-json\/wp\/v2\/media?parent=5265"}],"wp:term":[{"taxonomy":"product_cat","embeddable":true,"href":"https:\/\/fagas.ba\/de\/wp-json\/wp\/v2\/product_cat?post=5265"},{"taxonomy":"product_tag","embeddable":true,"href":"https:\/\/fagas.ba\/de\/wp-json\/wp\/v2\/product_tag?post=5265"}],"curies":[{"name":"wp","href":"https:\/\/api.w.org\/{rel}","templated":true}]}}