{"id":5256,"date":"2021-11-24T19:55:49","date_gmt":"2021-11-24T19:55:49","guid":{"rendered":"https:\/\/fagas.ba\/product\/rotationszaehler-rvg-st-g10-g25\/"},"modified":"2021-11-24T19:55:50","modified_gmt":"2021-11-24T19:55:50","slug":"rotationszaehler-rvg-st-g10-g25","status":"publish","type":"product","link":"https:\/\/fagas.ba\/de\/produkt\/rotationszaehler-rvg-st-g10-g25\/","title":{"rendered":"Rotationsz\u00e4hler RVG-ST G10-G25"},"content":{"rendered":"<p>[et_pb_section fb_built=&#8220;1&#8243; _builder_version=&#8220;3.22&#8243; custom_padding=&#8220;0px||||false|false&#8220;][et_pb_row _builder_version=&#8220;3.25&#8243; background_size=&#8220;initial&#8220; background_position=&#8220;top_left&#8220; background_repeat=&#8220;repeat&#8220; width=&#8220;100%&#8220; custom_padding=&#8220;0px||0px||false|false&#8220;][et_pb_column type=&#8220;4_4&#8243; _builder_version=&#8220;3.25&#8243; custom_padding=&#8220;|||&#8220; custom_padding__hover=&#8220;|||&#8220;][et_pb_wc_breadcrumb admin_label=&#8220;Woo Breadcrumb&#8220; _builder_version=&#8220;3.0.47&#8243;][\/et_pb_wc_breadcrumb][\/et_pb_column][\/et_pb_row][et_pb_row column_structure=&#8220;1_2,1_2&#8243; _builder_version=&#8220;3.25&#8243; background_size=&#8220;initial&#8220; background_position=&#8220;top_left&#8220; background_repeat=&#8220;repeat&#8220; width=&#8220;100%&#8220; custom_padding=&#8220;0px||||false|false&#8220;][et_pb_column type=&#8220;1_2&#8243; _builder_version=&#8220;3.25&#8243; custom_padding=&#8220;|||&#8220; custom_padding__hover=&#8220;|||&#8220;][et_pb_wc_images _builder_version=&#8220;4.7.4&#8243; _module_preset=&#8220;default&#8220;][\/et_pb_wc_images][\/et_pb_column][et_pb_column type=&#8220;1_2&#8243; _builder_version=&#8220;3.25&#8243; custom_padding=&#8220;|||&#8220; custom_padding__hover=&#8220;|||&#8220;][et_pb_wc_title _builder_version=&#8220;3.0.47&#8243;][\/et_pb_wc_title][et_pb_wc_description _builder_version=&#8220;3.0.47&#8243;][\/et_pb_wc_description][et_pb_wc_meta _builder_version=&#8220;3.0.47&#8243;][\/et_pb_wc_meta][\/et_pb_column][\/et_pb_row][et_pb_row _builder_version=&#8220;3.25&#8243; background_size=&#8220;initial&#8220; background_position=&#8220;top_left&#8220; background_repeat=&#8220;repeat&#8220; width=&#8220;100%&#8220;][et_pb_column type=&#8220;4_4&#8243; _builder_version=&#8220;3.25&#8243; custom_padding=&#8220;|||&#8220; custom_padding__hover=&#8220;|||&#8220;][et_pb_divider color=&#8220;#D8D8D8&#8243; divider_position=&#8220;center&#8220; _builder_version=&#8220;4.7.4&#8243; _module_preset=&#8220;default&#8220;][\/et_pb_divider][et_pb_tabs module_class=&#8220;vertical-tabs2&#8243; _builder_version=&#8220;4.7.4&#8243; _module_preset=&#8220;default&#8220;][et_pb_tab title=&#8220;Technische Daten&#8220; _builder_version=&#8220;4.7.4&#8243; _module_preset=&#8220;default&#8220;]<\/p>\n<table>\n<tbody>\n<tr>\n<td> Durchmesser<\/td>\n<td> mm<br \/> Zoll<\/td>\n<td>  25 &#8211; 50<br \/>  1 &#8211; 2<\/td>\n<\/tr>\n<tr>\n<td> Durchflussbereichsgr\u00f6\u00dfe<\/td>\n<td> metrisch<br \/> Kaiserliche<\/td>\n<td> G 10 &#8211; G 25<br \/> 5C &#8211; 14C<\/td>\n<\/tr>\n<tr>\n<td nowrap> Qmax<\/td>\n<td> m\u00b3\/h<br \/> cfh<\/td>\n<td>  16- 40<br \/>  565 &#8211; 1400<\/td>\n<\/tr>\n<tr>\n<td> Qmin<\/td>\n<td> m\u00b3\/h<br \/> cfh<\/td>\n<td>  0.5<br \/>  17<\/td>\n<\/tr>\n<tr>\n<td> Ausma\u00df<\/td>\n<td> <\/td>\n<td>  1:20 &#8211; 1:80<\/td>\n<\/tr>\n<tr>\n<td nowrap> Maximaler Lesefehler<\/td>\n<td> Qt &#8211; Qmax<br \/> Qmin &#8211; Qt*<\/td>\n<td> \u00b11 %<br \/> \u00b12 %<\/td>\n<\/tr>\n<tr>\n<td> Wiederholbarkeit<\/td>\n<td> % lesen<\/td>\n<td> &lt;  0.1 %<\/td>\n<\/tr>\n<tr>\n<td> Geh\u00e4usematerial<\/td>\n<td> <\/td>\n<td> Aluminium<\/td>\n<\/tr>\n<tr>\n<td> Schraubverbindung<\/td>\n<td> Zoll<\/td>\n<td> 1, 1\u00bc, 1\u00bd, 2<\/td>\n<\/tr>\n<tr>\n<td> Flanschbewertungen<\/td>\n<td> PN<br \/> ANSI<\/td>\n<td>  16<br \/>  150<\/td>\n<\/tr>\n<tr>\n<td> Druckbereich<\/td>\n<td> MPa g<br \/> bar g<br \/> psi g<\/td>\n<td>  0 &#8211; 2<br \/>  0 &#8211; 20<br \/>  0 &#8211; 290<\/td>\n<\/tr>\n<tr>\n<td nowrap> Temperaturbereich<br \/> (Ambiente, Ablauf)<\/td>\n<td> Standard<br \/> Optional<\/td>\n<td> -20 bis +60 \u00b0C<br \/> -40 bis +60 \u00b0C<\/td>\n<\/tr>\n<tr>\n<td> Einbruchschutz<\/td>\n<td> <\/td>\n<td> IP 67<\/td>\n<\/tr>\n<tr>\n<td> Index<\/td>\n<td> allm\u00e4hlich \/ kontinuierlich<\/td>\n<td> \u00b190\u00b0, 180\u00b0<\/td>\n<\/tr>\n<tr>\n<td> NF-Sensor<\/td>\n<td> Standard<\/td>\n<td>  1<\/td>\n<\/tr>\n<tr>\n<td> HF-Sensor<\/td>\n<td> Optional<\/td>\n<td>  1<\/td>\n<\/tr>\n<tr>\n<td> Schmierung<\/td>\n<td> <\/td>\n<td> integrierter Sumpf<\/td>\n<\/tr>\n<\/tbody>\n<\/table>\n<p>[\/et_pb_tab][et_pb_tab title=&#8220;Technische Dokumentation&#8220; _builder_version=&#8220;4.7.4&#8243; _module_preset=&#8220;default&#8220;]<\/p>\n<ul class=\"documents-list\">\n<li><a href=\"http:\/\/fagas.ba\/fgs\/wp-content\/uploads\/2021\/01\/RVG-ST-Datasheet-EN.pdf\" target=\"_blank\" rel=\"noopener noreferrer\">Technisches Dokument<\/a><\/li>\n<li><a href=\"http:\/\/fagas.ba\/fgs\/wp-content\/uploads\/2021\/01\/RVG-ST-Manual-Multilingual-1.pdf\" target=\"_blank\" rel=\"noopener noreferrer\">Handbuch<\/a><\/li>\n<\/ul>\n<p>[\/et_pb_tab][\/et_pb_tabs][et_pb_divider color=&#8220;#D8D8D8&#8243; divider_position=&#8220;center&#8220; _builder_version=&#8220;4.7.4&#8243; _module_preset=&#8220;default&#8220;][\/et_pb_divider][et_pb_wc_related_products posts_number=&#8220;4&#8243; columns_number=&#8220;4&#8243; admin_label=&#8220;Sli\u010dni proizvodi&#8220; _builder_version=&#8220;4.7.4&#8243;][\/et_pb_wc_related_products][\/et_pb_column][\/et_pb_row][\/et_pb_section]<\/p>\n","protected":false},"excerpt":{"rendered":"<p>drehmanometer-rvg-st-g10-g25Die kompakten Ausf\u00fchrungen G 10 bis G 25 mit Aluminiumgeh\u00e4use sind die ideale Erg\u00e4nzung f\u00fcr gr\u00f6\u00dfere Elster-Instromet-Rotations-, Balgen- und Turbinenz\u00e4hler.<\/p>\n","protected":false},"featured_media":4204,"comment_status":"open","ping_status":"closed","template":"","meta":{"_et_pb_use_builder":"on","_et_pb_old_content":"drehmanometer-rvg-st-g10-g25Die kompakten Ausf\u00fchrungen G 10 bis G 25 mit Aluminiumgeh\u00e4use sind die ideale Erg\u00e4nzung f\u00fcr gr\u00f6\u00dfere Elster-Instromet-Rotations-, Balgen- und Turbinenz\u00e4hler.","_et_gb_content_width":""},"product_cat":[347,321,341],"product_tag":[285,213,233],"yoast_head":"<!-- This site is optimized with the Yoast SEO plugin v20.12 - https:\/\/yoast.com\/wordpress\/plugins\/seo\/ -->\n<title>Rotationsz\u00e4hler RVG-ST G10-G25 - FAGAS<\/title>\n<meta name=\"robots\" content=\"index, follow, max-snippet:-1, max-image-preview:large, max-video-preview:-1\" \/>\n<link rel=\"canonical\" href=\"https:\/\/fagas.ba\/produkt\/rotacioni-mjeraci-rvg-st-g10-g25\/\" \/>\n<meta property=\"og:locale\" content=\"de_DE\" \/>\n<meta property=\"og:type\" content=\"article\" \/>\n<meta property=\"og:title\" content=\"Rotationsz\u00e4hler RVG-ST G10-G25 - FAGAS\" \/>\n<meta property=\"og:description\" content=\"drehmanometer-rvg-st-g10-g25Die kompakten Ausf\u00fchrungen G 10 bis G 25 mit Aluminiumgeh\u00e4use sind die ideale Erg\u00e4nzung f\u00fcr gr\u00f6\u00dfere Elster-Instromet-Rotations-, Balgen- und Turbinenz\u00e4hler.\" \/>\n<meta property=\"og:url\" content=\"https:\/\/fagas.ba\/produkt\/rotacioni-mjeraci-rvg-st-g10-g25\/\" \/>\n<meta property=\"og:site_name\" content=\"FAGAS\" \/>\n<meta property=\"article:modified_time\" content=\"2021-11-24T19:55:50+00:00\" \/>\n<meta property=\"og:image\" content=\"https:\/\/fagas.ba\/fgs\/wp-content\/uploads\/2021\/01\/3_RVG-ST-G10-G25.jpg\" \/>\n\t<meta property=\"og:image:width\" content=\"640\" \/>\n\t<meta property=\"og:image:height\" content=\"399\" \/>\n\t<meta property=\"og:image:type\" content=\"image\/jpeg\" \/>\n<meta name=\"twitter:card\" content=\"summary_large_image\" \/>\n<meta name=\"twitter:label1\" content=\"Gesch\u00e4tzte Lesezeit\" \/>\n\t<meta name=\"twitter:data1\" content=\"2\u00a0Minuten\" \/>\n<script type=\"application\/ld+json\" class=\"yoast-schema-graph\">{\"@context\":\"https:\/\/schema.org\",\"@graph\":[{\"@type\":\"WebPage\",\"@id\":\"https:\/\/fagas.ba\/produkt\/rotacioni-mjeraci-rvg-st-g10-g25\/\",\"url\":\"https:\/\/fagas.ba\/produkt\/rotacioni-mjeraci-rvg-st-g10-g25\/\",\"name\":\"Rotationsz\u00e4hler RVG-ST G10-G25 - FAGAS\",\"isPartOf\":{\"@id\":\"https:\/\/fagas.ba\/en\/#website\"},\"datePublished\":\"2021-11-24T19:55:49+00:00\",\"dateModified\":\"2021-11-24T19:55:50+00:00\",\"breadcrumb\":{\"@id\":\"https:\/\/fagas.ba\/produkt\/rotacioni-mjeraci-rvg-st-g10-g25\/#breadcrumb\"},\"inLanguage\":\"de\",\"potentialAction\":[{\"@type\":\"ReadAction\",\"target\":[\"https:\/\/fagas.ba\/produkt\/rotacioni-mjeraci-rvg-st-g10-g25\/\"]}]},{\"@type\":\"BreadcrumbList\",\"@id\":\"https:\/\/fagas.ba\/produkt\/rotacioni-mjeraci-rvg-st-g10-g25\/#breadcrumb\",\"itemListElement\":[{\"@type\":\"ListItem\",\"position\":1,\"name\":\"Home\",\"item\":\"https:\/\/fagas.ba\/\"},{\"@type\":\"ListItem\",\"position\":2,\"name\":\"Products\",\"item\":\"https:\/\/fagas.ba\/en\/shop\/\"},{\"@type\":\"ListItem\",\"position\":3,\"name\":\"Rotationsz\u00e4hler RVG-ST G10-G25\"}]},{\"@type\":\"WebSite\",\"@id\":\"https:\/\/fagas.ba\/en\/#website\",\"url\":\"https:\/\/fagas.ba\/en\/\",\"name\":\"FAGAS\",\"description\":\"Projektovanje i proizvodnja gasne opreme\",\"potentialAction\":[{\"@type\":\"SearchAction\",\"target\":{\"@type\":\"EntryPoint\",\"urlTemplate\":\"https:\/\/fagas.ba\/en\/?s={search_term_string}\"},\"query-input\":\"required name=search_term_string\"}],\"inLanguage\":\"de\"}]}<\/script>\n<!-- \/ Yoast SEO plugin. -->","yoast_head_json":{"title":"Rotationsz\u00e4hler RVG-ST G10-G25 - FAGAS","robots":{"index":"index","follow":"follow","max-snippet":"max-snippet:-1","max-image-preview":"max-image-preview:large","max-video-preview":"max-video-preview:-1"},"canonical":"https:\/\/fagas.ba\/produkt\/rotacioni-mjeraci-rvg-st-g10-g25\/","og_locale":"de_DE","og_type":"article","og_title":"Rotationsz\u00e4hler RVG-ST G10-G25 - FAGAS","og_description":"drehmanometer-rvg-st-g10-g25Die kompakten Ausf\u00fchrungen G 10 bis G 25 mit Aluminiumgeh\u00e4use sind die ideale Erg\u00e4nzung f\u00fcr gr\u00f6\u00dfere Elster-Instromet-Rotations-, Balgen- und Turbinenz\u00e4hler.","og_url":"https:\/\/fagas.ba\/produkt\/rotacioni-mjeraci-rvg-st-g10-g25\/","og_site_name":"FAGAS","article_modified_time":"2021-11-24T19:55:50+00:00","og_image":[{"width":640,"height":399,"url":"https:\/\/fagas.ba\/fgs\/wp-content\/uploads\/2021\/01\/3_RVG-ST-G10-G25.jpg","type":"image\/jpeg"}],"twitter_card":"summary_large_image","twitter_misc":{"Gesch\u00e4tzte Lesezeit":"2\u00a0Minuten"},"schema":{"@context":"https:\/\/schema.org","@graph":[{"@type":"WebPage","@id":"https:\/\/fagas.ba\/produkt\/rotacioni-mjeraci-rvg-st-g10-g25\/","url":"https:\/\/fagas.ba\/produkt\/rotacioni-mjeraci-rvg-st-g10-g25\/","name":"Rotationsz\u00e4hler RVG-ST G10-G25 - FAGAS","isPartOf":{"@id":"https:\/\/fagas.ba\/en\/#website"},"datePublished":"2021-11-24T19:55:49+00:00","dateModified":"2021-11-24T19:55:50+00:00","breadcrumb":{"@id":"https:\/\/fagas.ba\/produkt\/rotacioni-mjeraci-rvg-st-g10-g25\/#breadcrumb"},"inLanguage":"de","potentialAction":[{"@type":"ReadAction","target":["https:\/\/fagas.ba\/produkt\/rotacioni-mjeraci-rvg-st-g10-g25\/"]}]},{"@type":"BreadcrumbList","@id":"https:\/\/fagas.ba\/produkt\/rotacioni-mjeraci-rvg-st-g10-g25\/#breadcrumb","itemListElement":[{"@type":"ListItem","position":1,"name":"Home","item":"https:\/\/fagas.ba\/"},{"@type":"ListItem","position":2,"name":"Products","item":"https:\/\/fagas.ba\/en\/shop\/"},{"@type":"ListItem","position":3,"name":"Rotationsz\u00e4hler RVG-ST G10-G25"}]},{"@type":"WebSite","@id":"https:\/\/fagas.ba\/en\/#website","url":"https:\/\/fagas.ba\/en\/","name":"FAGAS","description":"Projektovanje i proizvodnja gasne opreme","potentialAction":[{"@type":"SearchAction","target":{"@type":"EntryPoint","urlTemplate":"https:\/\/fagas.ba\/en\/?s={search_term_string}"},"query-input":"required name=search_term_string"}],"inLanguage":"de"}]}},"_links":{"self":[{"href":"https:\/\/fagas.ba\/de\/wp-json\/wp\/v2\/product\/5256"}],"collection":[{"href":"https:\/\/fagas.ba\/de\/wp-json\/wp\/v2\/product"}],"about":[{"href":"https:\/\/fagas.ba\/de\/wp-json\/wp\/v2\/types\/product"}],"replies":[{"embeddable":true,"href":"https:\/\/fagas.ba\/de\/wp-json\/wp\/v2\/comments?post=5256"}],"wp:featuredmedia":[{"embeddable":true,"href":"https:\/\/fagas.ba\/de\/wp-json\/wp\/v2\/media\/4204"}],"wp:attachment":[{"href":"https:\/\/fagas.ba\/de\/wp-json\/wp\/v2\/media?parent=5256"}],"wp:term":[{"taxonomy":"product_cat","embeddable":true,"href":"https:\/\/fagas.ba\/de\/wp-json\/wp\/v2\/product_cat?post=5256"},{"taxonomy":"product_tag","embeddable":true,"href":"https:\/\/fagas.ba\/de\/wp-json\/wp\/v2\/product_tag?post=5256"}],"curies":[{"name":"wp","href":"https:\/\/api.w.org\/{rel}","templated":true}]}}