{"id":5245,"date":"2021-11-24T19:08:34","date_gmt":"2021-11-24T19:08:34","guid":{"rendered":"https:\/\/fagas.ba\/product\/turbinenradzaehler-sm-ri-x\/"},"modified":"2021-11-24T19:08:38","modified_gmt":"2021-11-24T19:08:38","slug":"turbinenradzaehler-sm-ri-x","status":"publish","type":"product","link":"https:\/\/fagas.ba\/de\/produkt\/turbinenradzaehler-sm-ri-x\/","title":{"rendered":"Turbinenradz\u00e4hler SM-RI-X"},"content":{"rendered":"<p>[et_pb_section fb_built=&#8220;1&#8243; _builder_version=&#8220;3.22&#8243; custom_padding=&#8220;0px||||false|false&#8220;][et_pb_row _builder_version=&#8220;3.25&#8243; background_size=&#8220;initial&#8220; background_position=&#8220;top_left&#8220; background_repeat=&#8220;repeat&#8220; width=&#8220;100%&#8220; custom_padding=&#8220;0px||0px||false|false&#8220;][et_pb_column type=&#8220;4_4&#8243; _builder_version=&#8220;3.25&#8243; custom_padding=&#8220;|||&#8220; custom_padding__hover=&#8220;|||&#8220;][et_pb_wc_breadcrumb admin_label=&#8220;Woo Breadcrumb&#8220; _builder_version=&#8220;3.0.47&#8243;][\/et_pb_wc_breadcrumb][\/et_pb_column][\/et_pb_row][et_pb_row column_structure=&#8220;1_2,1_2&#8243; _builder_version=&#8220;3.25&#8243; background_size=&#8220;initial&#8220; background_position=&#8220;top_left&#8220; background_repeat=&#8220;repeat&#8220; width=&#8220;100%&#8220; custom_padding=&#8220;0px||||false|false&#8220;][et_pb_column type=&#8220;1_2&#8243; _builder_version=&#8220;3.25&#8243; custom_padding=&#8220;|||&#8220; custom_padding__hover=&#8220;|||&#8220;][et_pb_wc_images _builder_version=&#8220;4.7.4&#8243; _module_preset=&#8220;default&#8220;][\/et_pb_wc_images][\/et_pb_column][et_pb_column type=&#8220;1_2&#8243; _builder_version=&#8220;3.25&#8243; custom_padding=&#8220;|||&#8220; custom_padding__hover=&#8220;|||&#8220;][et_pb_wc_title _builder_version=&#8220;3.0.47&#8243;][\/et_pb_wc_title][et_pb_wc_description _builder_version=&#8220;3.0.47&#8243;][\/et_pb_wc_description][et_pb_wc_meta _builder_version=&#8220;3.0.47&#8243;][\/et_pb_wc_meta][\/et_pb_column][\/et_pb_row][et_pb_row _builder_version=&#8220;3.25&#8243; background_size=&#8220;initial&#8220; background_position=&#8220;top_left&#8220; background_repeat=&#8220;repeat&#8220; width=&#8220;100%&#8220;][et_pb_column type=&#8220;4_4&#8243; _builder_version=&#8220;3.25&#8243; custom_padding=&#8220;|||&#8220; custom_padding__hover=&#8220;|||&#8220;][et_pb_divider color=&#8220;#D8D8D8&#8243; divider_position=&#8220;center&#8220; _builder_version=&#8220;4.7.4&#8243; _module_preset=&#8220;default&#8220;][\/et_pb_divider][et_pb_tabs module_class=&#8220;vertical-tabs2&#8243; _builder_version=&#8220;4.7.4&#8243; _module_preset=&#8220;default&#8220;][et_pb_tab title=&#8220;Technische Daten SM-RI-HT&#8220; _builder_version=&#8220;4.7.4&#8243; _module_preset=&#8220;default&#8220; hover_enabled=&#8220;0&#8243; sticky_enabled=&#8220;0&#8243;]<\/p>\n<p class=\"p1\">Der Hochtemperatur-Turbinen-Durchflussmesser ist ein hochmodernes Pr\u00e4zisionsger\u00e4t f\u00fcr vorgew\u00e4rmtes Gas f\u00fcr Kraftwerke. Optische Sensoren (Hochfrequenzempf\u00e4nger) registrieren zwei Impulse pro Umdrehung des Turbinenrads von einem speziellen Drehantrieb (Lichtkorridor), der auf der Hauptwelle montiert ist.<\/p>\n<p class=\"p1\">Verwenden Sie zum Schutz vor Bohrl\u00f6chern 4 optische Sensoren, die in einer speziellen Abdeckung montiert sind, die ersetzt oder reinigt, ohne die Leitung zu entlasten. Die optische Schnittstelleneinheit ist am Z\u00e4hler in einem explosionsgesch\u00fctzten Geh\u00e4use montiert.<\/p>\n<p>&nbsp;<\/p>\n<table>\n<tbody>\n<tr>\n<td> Z\u00e4hlertyp<\/td>\n<td> <\/td>\n<td> <strong>SM-RI-HT<\/strong><\/td>\n<\/tr>\n<tr>\n<td> Durchmesser<\/td>\n<td> mm<br \/> inch<\/td>\n<td>  150 &#8211; 200<br \/>  6 &#8211; 8<\/td>\n<\/tr>\n<tr>\n<td> Durchflussbereichsgr\u00f6\u00dfe<\/td>\n<td> <\/td>\n<td> G 1000 &#8211; G 1600<\/td>\n<\/tr>\n<tr>\n<td> Qmax<\/td>\n<td> m\u00b3\/h<br \/> cfh <\/td>\n<td>  1600 &#8211; 2500<br \/>  56000 &#8211; 88000  <\/td>\n<\/tr>\n<tr>\n<td> Ausma\u00df<\/td>\n<td> p = 0 bar g<\/td>\n<td>  1:20<\/td>\n<\/tr>\n<tr>\n<td> Max. Lesefehler (Qt &#8211; Qmax)<\/td>\n<td> 1 bar \u00fc (Qt = 0,2 Qmax)<\/td>\n<td> <strong> \u00b1<\/strong>0.5 %<\/td>\n<\/tr>\n<tr>\n<td> Wiederholbarkeit<\/td>\n<td> % lesen<\/td>\n<td> &lt;  0.1 %  <\/td>\n<\/tr>\n<tr>\n<td> Stromaufw\u00e4rts gerades Rohr<\/td>\n<td> <\/td>\n<td> 2 DN<\/td>\n<\/tr>\n<tr>\n<td> Stromabw\u00e4rts gerades Rohr<\/td>\n<td> <\/td>\n<td> 2 DN<\/td>\n<\/tr>\n<tr>\n<td> Typgenehmigung<\/td>\n<td> <\/td>\n<td> acc. ISO 9951<\/td>\n<\/tr>\n<tr>\n<td> Geh\u00e4usematerial<\/td>\n<td> <\/td>\n<td> Sph\u00e4roguss (bis PN 16), Stahl<\/td>\n<\/tr>\n<tr>\n<td> K\u00f6rper L\u00e4nge<\/td>\n<td> <\/td>\n<td> 3 DN<\/td>\n<\/tr>\n<tr>\n<td> Flanschbewertungen<\/td>\n<td> PN<br \/> ANSI<\/td>\n<td>  100<br \/>  600<\/td>\n<\/tr>\n<tr>\n<td> Druckbereich<\/td>\n<td> MPa g<br \/> bar g<br \/> psi g<\/td>\n<td>  0.8 &#8211; 8.95<br \/>  8 &#8211; 89.5<br \/>  115 &#8211; 1300<\/td>\n<\/tr>\n<tr>\n<td> Temperaturbereich<\/td>\n<td> Umgebung<br \/> Prozess<\/td>\n<td> -10 bis +65 \u00b0C<br \/> -10 bis +170 \u00b0C<\/td>\n<\/tr>\n<tr>\n<td> Einbruchschutz<\/td>\n<td> <\/td>\n<td> IP 67<\/td>\n<\/tr>\n<tr>\n<td> NF-Sensor<\/td>\n<td> Standard <\/td>\n<td>  &#8211;<\/td>\n<\/tr>\n<tr>\n<td> HF-Sensor<\/td>\n<td> Optional <\/td>\n<td>  2<\/td>\n<\/tr>\n<tr>\n<td> Schmierung<\/td>\n<td> <\/td>\n<td> \u00d6lpumpe<\/td>\n<\/tr>\n<\/tbody>\n<\/table>\n<p>[\/et_pb_tab][et_pb_tab title=&#8220;Technische Daten SM-RI-P&#8220; _builder_version=&#8220;4.7.4&#8243; _module_preset=&#8220;default&#8220;]<\/p>\n<p class=\"p1\">Einer der wenigen Turbinenradz\u00e4hler weltweit, der speziell f\u00fcr die Messung von Ethylen und anderen kritischen Gasen entwickelt wurde. Hochwertige Keramiklager, doppelte Schmierung und fortschrittliches hydrodynamisches Design verleihen anderen Messsystemen eine \u00fcberlegene Leistung.<\/p>\n<p>&nbsp;<\/p>\n<table>\n<tbody>\n<tr>\n<td> Z\u00e4hlertyp<\/td>\n<td> <\/td>\n<td><strong> SM-RI-P<\/strong><\/td>\n<\/tr>\n<tr>\n<td> Durchmesser<\/td>\n<td> mm<br \/> inch<\/td>\n<td>  50 &#8211; 250<br \/>  2 &#8211; 10<\/td>\n<\/tr>\n<tr>\n<td> Durchflussbereichsgr\u00f6\u00dfe<\/td>\n<td> <\/td>\n<td>G 40 &#8211; G 2500 <\/td>\n<\/tr>\n<tr>\n<td>Qmax<\/td>\n<td> m\u00b3\/h<br \/> cfh<\/td>\n<td>  65 &#8211; 4000<br \/>  5800 &#8211; 141,000<\/td>\n<\/tr>\n<tr>\n<td> Ausma\u00df<\/td>\n<td> p = 0 bar g<br \/> p = 20 bar g<br \/> p = 50 bar g<\/td>\n<td>  1:20<br \/>  1:50<br \/>  1:100<\/td>\n<\/tr>\n<tr>\n<td> Max. Lesefehler (Qt &#8211; Qmax)<\/td>\n<td> 1 bar \u00fc (Qt = 0,2 Qmax)<\/td>\n<td> <strong> \u00b1<\/strong>0.5 %<\/td>\n<\/tr>\n<tr>\n<td> Wiederholbarkeit<\/td>\n<td> % lesen<\/td>\n<td> &lt;  0.1 %<\/td>\n<\/tr>\n<tr>\n<td> Stromaufw\u00e4rts gerades Rohr<\/td>\n<td> <\/td>\n<td> 2 DN<\/td>\n<\/tr>\n<tr>\n<td> Stromabw\u00e4rts gerades Rohr<\/td>\n<td> <\/td>\n<td> 2 DN<\/td>\n<\/tr>\n<tr>\n<td> Typgenehmigung<\/td>\n<td> <\/td>\n<td> ja<\/td>\n<\/tr>\n<tr>\n<td> Geh\u00e4usematerial<\/td>\n<td> <\/td>\n<td> Stahl ASTM A 350 LF2<\/td>\n<\/tr>\n<tr>\n<td> K\u00f6rperl\u00e4ngenmesser<\/td>\n<td> <\/td>\n<td> je nach Umfang<\/td>\n<\/tr>\n<tr>\n<td> Flansche<\/td>\n<td> PN<br \/> ANSI <\/td>\n<td>  10 &#8211; 100<br \/>  125 &#8211; 600<\/td>\n<\/tr>\n<tr>\n<td> Druckbereich<\/td>\n<td> MPa g<br \/> bar g<br \/> psi g<\/td>\n<td>  0 &#8211; 13<br \/>  0 &#8211; 130<br \/>  0 &#8211; 1885<\/td>\n<\/tr>\n<tr>\n<td> Temperaturbereich<\/td>\n<td> Umgebung<br \/> Prozess<\/td>\n<td> -10 bis +65 \u00b0C<br \/> -20 bis +65 \u00b0C<\/td>\n<\/tr>\n<tr>\n<td> Einbruchschutz<\/td>\n<td> <\/td>\n<td> IP 61<\/td>\n<\/tr>\n<tr>\n<td> NF-Sensor<\/td>\n<td> Standard <\/td>\n<td>  &#8211;<\/td>\n<\/tr>\n<tr>\n<td> HF-Sensor<\/td>\n<td> Optional <\/td>\n<td>  2<\/td>\n<\/tr>\n<tr>\n<td> Schmierung<\/td>\n<td> standard0 <\/td>\n<td> 2 x \u00d6lpumpe<\/td>\n<\/tr>\n<\/tbody>\n<\/table>\n<p>[\/et_pb_tab][et_pb_tab title=&#8220;Technische Dokumentation&#8220; _builder_version=&#8220;4.7.4&#8243; _module_preset=&#8220;default&#8220;]<\/p>\n<ul class=\"documents-list\">\n<li><a href=\"http:\/\/fagas.ba\/fgs\/wp-content\/uploads\/2021\/01\/SM-RI-X-Datasheet-en.pdf\" target=\"_blank\" rel=\"noopener noreferrer\">Technisches Dokument<\/a><\/li>\n<li><a href=\"http:\/\/fagas.ba\/fgs\/wp-content\/uploads\/2021\/01\/SM-RI-X_Q75-Manual-en_de_fr_es_it_nl.pdf\" target=\"_blank\" rel=\"noopener noreferrer\">Handbuch<\/a><\/li>\n<\/ul>\n<p>[\/et_pb_tab][\/et_pb_tabs][et_pb_divider color=&#8220;#D8D8D8&#8243; divider_position=&#8220;center&#8220; _builder_version=&#8220;4.7.4&#8243; _module_preset=&#8220;default&#8220;][\/et_pb_divider][et_pb_wc_related_products posts_number=&#8220;4&#8243; columns_number=&#8220;4&#8243; admin_label=&#8220;Sli\u010dni proizvodi&#8220; _builder_version=&#8220;4.7.4&#8243;][\/et_pb_wc_related_products][\/et_pb_column][\/et_pb_row][\/et_pb_section]<\/p>\n","protected":false},"excerpt":{"rendered":"<p>Der SM-RI-X ist serienm\u00e4\u00dfig mit einem Schmiersystem aller Art und einem mechanischen Index mit Metalldeckel ausgestattet. Optional k\u00f6nnen alle Z\u00e4hlergr\u00f6\u00dfen mit einem kosteng\u00fcnstigen Mittelfrequenzimpuls ausgestattet werden, der innerhalb des Z\u00e4hlerindex erreicht wird.<\/p>\n","protected":false},"featured_media":4222,"comment_status":"open","ping_status":"closed","template":"","meta":{"_et_pb_use_builder":"on","_et_pb_old_content":"Der SM-RI-X ist serienm\u00e4\u00dfig mit einem Schmiersystem aller Art und einem mechanischen Index mit Metalldeckel ausgestattet. Optional k\u00f6nnen alle Z\u00e4hlergr\u00f6\u00dfen mit einem kosteng\u00fcnstigen Mittelfrequenzimpuls ausgestattet werden, der innerhalb des Z\u00e4hlerindex erreicht wird.","_et_gb_content_width":""},"product_cat":[321,341,349],"product_tag":[213,233,301],"yoast_head":"<!-- This site is optimized with the Yoast SEO plugin v20.12 - https:\/\/yoast.com\/wordpress\/plugins\/seo\/ -->\n<title>Turbinenradz\u00e4hler SM-RI-X - FAGAS<\/title>\n<meta name=\"robots\" content=\"index, follow, max-snippet:-1, max-image-preview:large, max-video-preview:-1\" \/>\n<link rel=\"canonical\" href=\"https:\/\/fagas.ba\/produkt\/turbinski-mjerac-sm-ri-x\/\" \/>\n<meta property=\"og:locale\" content=\"de_DE\" \/>\n<meta property=\"og:type\" content=\"article\" \/>\n<meta property=\"og:title\" content=\"Turbinenradz\u00e4hler SM-RI-X - FAGAS\" \/>\n<meta property=\"og:description\" content=\"Der SM-RI-X ist serienm\u00e4\u00dfig mit einem Schmiersystem aller Art und einem mechanischen Index mit Metalldeckel ausgestattet. Optional k\u00f6nnen alle Z\u00e4hlergr\u00f6\u00dfen mit einem kosteng\u00fcnstigen Mittelfrequenzimpuls ausgestattet werden, der innerhalb des Z\u00e4hlerindex erreicht wird.\" \/>\n<meta property=\"og:url\" content=\"https:\/\/fagas.ba\/produkt\/turbinski-mjerac-sm-ri-x\/\" \/>\n<meta property=\"og:site_name\" content=\"FAGAS\" \/>\n<meta property=\"article:modified_time\" content=\"2021-11-24T19:08:38+00:00\" \/>\n<meta property=\"og:image\" content=\"https:\/\/fagas.ba\/fgs\/wp-content\/uploads\/2021\/01\/5_SM-RI-X.jpg\" \/>\n\t<meta property=\"og:image:width\" content=\"640\" \/>\n\t<meta property=\"og:image:height\" content=\"399\" \/>\n\t<meta property=\"og:image:type\" content=\"image\/jpeg\" \/>\n<meta name=\"twitter:card\" content=\"summary_large_image\" \/>\n<meta name=\"twitter:label1\" content=\"Gesch\u00e4tzte Lesezeit\" \/>\n\t<meta name=\"twitter:data1\" content=\"3\u00a0Minuten\" \/>\n<script type=\"application\/ld+json\" class=\"yoast-schema-graph\">{\"@context\":\"https:\/\/schema.org\",\"@graph\":[{\"@type\":\"WebPage\",\"@id\":\"https:\/\/fagas.ba\/produkt\/turbinski-mjerac-sm-ri-x\/\",\"url\":\"https:\/\/fagas.ba\/produkt\/turbinski-mjerac-sm-ri-x\/\",\"name\":\"Turbinenradz\u00e4hler SM-RI-X - FAGAS\",\"isPartOf\":{\"@id\":\"https:\/\/fagas.ba\/en\/#website\"},\"datePublished\":\"2021-11-24T19:08:34+00:00\",\"dateModified\":\"2021-11-24T19:08:38+00:00\",\"breadcrumb\":{\"@id\":\"https:\/\/fagas.ba\/produkt\/turbinski-mjerac-sm-ri-x\/#breadcrumb\"},\"inLanguage\":\"de\",\"potentialAction\":[{\"@type\":\"ReadAction\",\"target\":[\"https:\/\/fagas.ba\/produkt\/turbinski-mjerac-sm-ri-x\/\"]}]},{\"@type\":\"BreadcrumbList\",\"@id\":\"https:\/\/fagas.ba\/produkt\/turbinski-mjerac-sm-ri-x\/#breadcrumb\",\"itemListElement\":[{\"@type\":\"ListItem\",\"position\":1,\"name\":\"Home\",\"item\":\"https:\/\/fagas.ba\/\"},{\"@type\":\"ListItem\",\"position\":2,\"name\":\"Products\",\"item\":\"https:\/\/fagas.ba\/en\/shop\/\"},{\"@type\":\"ListItem\",\"position\":3,\"name\":\"Turbinenradz\u00e4hler SM-RI-X\"}]},{\"@type\":\"WebSite\",\"@id\":\"https:\/\/fagas.ba\/en\/#website\",\"url\":\"https:\/\/fagas.ba\/en\/\",\"name\":\"FAGAS\",\"description\":\"Projektovanje i proizvodnja gasne opreme\",\"potentialAction\":[{\"@type\":\"SearchAction\",\"target\":{\"@type\":\"EntryPoint\",\"urlTemplate\":\"https:\/\/fagas.ba\/en\/?s={search_term_string}\"},\"query-input\":\"required name=search_term_string\"}],\"inLanguage\":\"de\"}]}<\/script>\n<!-- \/ Yoast SEO plugin. -->","yoast_head_json":{"title":"Turbinenradz\u00e4hler SM-RI-X - FAGAS","robots":{"index":"index","follow":"follow","max-snippet":"max-snippet:-1","max-image-preview":"max-image-preview:large","max-video-preview":"max-video-preview:-1"},"canonical":"https:\/\/fagas.ba\/produkt\/turbinski-mjerac-sm-ri-x\/","og_locale":"de_DE","og_type":"article","og_title":"Turbinenradz\u00e4hler SM-RI-X - FAGAS","og_description":"Der SM-RI-X ist serienm\u00e4\u00dfig mit einem Schmiersystem aller Art und einem mechanischen Index mit Metalldeckel ausgestattet. Optional k\u00f6nnen alle Z\u00e4hlergr\u00f6\u00dfen mit einem kosteng\u00fcnstigen Mittelfrequenzimpuls ausgestattet werden, der innerhalb des Z\u00e4hlerindex erreicht wird.","og_url":"https:\/\/fagas.ba\/produkt\/turbinski-mjerac-sm-ri-x\/","og_site_name":"FAGAS","article_modified_time":"2021-11-24T19:08:38+00:00","og_image":[{"width":640,"height":399,"url":"https:\/\/fagas.ba\/fgs\/wp-content\/uploads\/2021\/01\/5_SM-RI-X.jpg","type":"image\/jpeg"}],"twitter_card":"summary_large_image","twitter_misc":{"Gesch\u00e4tzte Lesezeit":"3\u00a0Minuten"},"schema":{"@context":"https:\/\/schema.org","@graph":[{"@type":"WebPage","@id":"https:\/\/fagas.ba\/produkt\/turbinski-mjerac-sm-ri-x\/","url":"https:\/\/fagas.ba\/produkt\/turbinski-mjerac-sm-ri-x\/","name":"Turbinenradz\u00e4hler SM-RI-X - FAGAS","isPartOf":{"@id":"https:\/\/fagas.ba\/en\/#website"},"datePublished":"2021-11-24T19:08:34+00:00","dateModified":"2021-11-24T19:08:38+00:00","breadcrumb":{"@id":"https:\/\/fagas.ba\/produkt\/turbinski-mjerac-sm-ri-x\/#breadcrumb"},"inLanguage":"de","potentialAction":[{"@type":"ReadAction","target":["https:\/\/fagas.ba\/produkt\/turbinski-mjerac-sm-ri-x\/"]}]},{"@type":"BreadcrumbList","@id":"https:\/\/fagas.ba\/produkt\/turbinski-mjerac-sm-ri-x\/#breadcrumb","itemListElement":[{"@type":"ListItem","position":1,"name":"Home","item":"https:\/\/fagas.ba\/"},{"@type":"ListItem","position":2,"name":"Products","item":"https:\/\/fagas.ba\/en\/shop\/"},{"@type":"ListItem","position":3,"name":"Turbinenradz\u00e4hler SM-RI-X"}]},{"@type":"WebSite","@id":"https:\/\/fagas.ba\/en\/#website","url":"https:\/\/fagas.ba\/en\/","name":"FAGAS","description":"Projektovanje i proizvodnja gasne opreme","potentialAction":[{"@type":"SearchAction","target":{"@type":"EntryPoint","urlTemplate":"https:\/\/fagas.ba\/en\/?s={search_term_string}"},"query-input":"required name=search_term_string"}],"inLanguage":"de"}]}},"_links":{"self":[{"href":"https:\/\/fagas.ba\/de\/wp-json\/wp\/v2\/product\/5245"}],"collection":[{"href":"https:\/\/fagas.ba\/de\/wp-json\/wp\/v2\/product"}],"about":[{"href":"https:\/\/fagas.ba\/de\/wp-json\/wp\/v2\/types\/product"}],"replies":[{"embeddable":true,"href":"https:\/\/fagas.ba\/de\/wp-json\/wp\/v2\/comments?post=5245"}],"wp:featuredmedia":[{"embeddable":true,"href":"https:\/\/fagas.ba\/de\/wp-json\/wp\/v2\/media\/4222"}],"wp:attachment":[{"href":"https:\/\/fagas.ba\/de\/wp-json\/wp\/v2\/media?parent=5245"}],"wp:term":[{"taxonomy":"product_cat","embeddable":true,"href":"https:\/\/fagas.ba\/de\/wp-json\/wp\/v2\/product_cat?post=5245"},{"taxonomy":"product_tag","embeddable":true,"href":"https:\/\/fagas.ba\/de\/wp-json\/wp\/v2\/product_tag?post=5245"}],"curies":[{"name":"wp","href":"https:\/\/api.w.org\/{rel}","templated":true}]}}