{"id":5243,"date":"2021-11-24T18:44:28","date_gmt":"2021-11-24T18:44:28","guid":{"rendered":"https:\/\/fagas.ba\/product\/themis-uno-ei6-gsm-gprs\/"},"modified":"2021-11-24T18:44:29","modified_gmt":"2021-11-24T18:44:29","slug":"themis-uno-ei6-gsm-gprs","status":"publish","type":"product","link":"https:\/\/fagas.ba\/de\/produkt\/themis-uno-ei6-gsm-gprs\/","title":{"rendered":"THEMIS-UNO EI6 (GSM\/GPRS)"},"content":{"rendered":"<p>[et_pb_section fb_built=&#8220;1&#8243; _builder_version=&#8220;3.22&#8243; custom_padding=&#8220;0px||||false|false&#8220; da_disable_devices=&#8220;off|off|off&#8220; da_is_popup=&#8220;off&#8220; da_exit_intent=&#8220;off&#8220; da_has_close=&#8220;on&#8220; da_alt_close=&#8220;off&#8220; da_dark_close=&#8220;off&#8220; da_not_modal=&#8220;on&#8220; da_is_singular=&#8220;off&#8220; da_with_loader=&#8220;off&#8220; da_has_shadow=&#8220;on&#8220;][et_pb_row _builder_version=&#8220;3.25&#8243; background_size=&#8220;initial&#8220; background_position=&#8220;top_left&#8220; background_repeat=&#8220;repeat&#8220; width=&#8220;100%&#8220; custom_padding=&#8220;0px||0px||false|false&#8220;][et_pb_column type=&#8220;4_4&#8243; _builder_version=&#8220;3.25&#8243; custom_padding=&#8220;|||&#8220; custom_padding__hover=&#8220;|||&#8220;][et_pb_wc_breadcrumb admin_label=&#8220;Woo Breadcrumb&#8220; _builder_version=&#8220;3.0.47&#8243;][\/et_pb_wc_breadcrumb][\/et_pb_column][\/et_pb_row][et_pb_row column_structure=&#8220;1_2,1_2&#8243; _builder_version=&#8220;3.25&#8243; background_size=&#8220;initial&#8220; background_position=&#8220;top_left&#8220; background_repeat=&#8220;repeat&#8220; width=&#8220;100%&#8220; custom_padding=&#8220;0px||||false|false&#8220;][et_pb_column type=&#8220;1_2&#8243; _builder_version=&#8220;3.25&#8243; custom_padding=&#8220;|||&#8220; custom_padding__hover=&#8220;|||&#8220;][et_pb_wc_images _builder_version=&#8220;4.7.4&#8243; _module_preset=&#8220;default&#8220;][\/et_pb_wc_images][\/et_pb_column][et_pb_column type=&#8220;1_2&#8243; _builder_version=&#8220;3.25&#8243; custom_padding=&#8220;|||&#8220; custom_padding__hover=&#8220;|||&#8220;][et_pb_wc_title _builder_version=&#8220;3.0.47&#8243;][\/et_pb_wc_title][et_pb_wc_description _builder_version=&#8220;3.0.47&#8243;][\/et_pb_wc_description][et_pb_wc_meta _builder_version=&#8220;3.0.47&#8243;][\/et_pb_wc_meta][\/et_pb_column][\/et_pb_row][et_pb_row _builder_version=&#8220;3.25&#8243; background_size=&#8220;initial&#8220; background_position=&#8220;top_left&#8220; background_repeat=&#8220;repeat&#8220; width=&#8220;100%&#8220;][et_pb_column type=&#8220;4_4&#8243; _builder_version=&#8220;3.25&#8243; custom_padding=&#8220;|||&#8220; custom_padding__hover=&#8220;|||&#8220;][et_pb_divider color=&#8220;#D8D8D8&#8243; divider_position=&#8220;center&#8220; _builder_version=&#8220;4.7.4&#8243; _module_preset=&#8220;default&#8220;][\/et_pb_divider][et_pb_tabs module_class=&#8220;vertical-tabs2&#8243; _builder_version=&#8220;4.7.4&#8243; _module_preset=&#8220;default&#8220;][et_pb_tab title=&#8220;Kommunikation&#8220; _builder_version=&#8220;4.7.4&#8243; _module_preset=&#8220;default&#8220;]<strong>Lokale Kommunikation<\/strong><\/p>\n<ul class=\"stup-list\">\n<li>Optischer, bidirektionaler IEC 62056-21 Port (DLMS \/ COSEM)<\/li>\n<\/ul>\n<p><strong>Weitr\u00e4umige Kommunikation<\/strong><\/p>\n<ul class=\"stup-list\">\n<li>GSM \/ GPRS gem\u00e4\u00df UNI-TS 11291<\/li>\n<li>Protokoll: DLMS \/ COSEM<\/li>\n<li>Unterst\u00fctzt SIM-Karten mit 900\/1800 MHz (im Roaming)<\/li>\n<li>Externe Antenne optional<\/li>\n<\/ul>\n<p>[\/et_pb_tab][et_pb_tab title=&#8220;Datensicherheit&#8220; _builder_version=&#8220;4.7.4&#8243; _module_preset=&#8220;default&#8220;]<\/p>\n<p><strong>Sicherheit und Datenschutz<\/strong><\/p>\n<ul class=\"stup-list\">\n<li>Themesisuuno bietet sichere Datenverschl\u00fcsselung nach dem neuesten Stand der Technik<\/li>\n<li>Unterst\u00fctzt symmetrische Verschl\u00fcsselung mit AES-128 (GCM) gem\u00e4\u00df UNI-TS 11291<\/li>\n<li>Rollenbasierte Zugriffsrechte basierend auf individuellen symmetrischen Schl\u00fcsseln<\/li>\n<li>Zukunftssicher mit sicheren Firmware-Updates nach UNI-TS 11291<\/li>\n<li>Benachrichtigung an das Datenerfassungssystem, wenn ein Versuch eines unbefugten Zugriffs erkannt wird<\/li>\n<li>T\u00e4gliche \u00dcbertragung von Statusberichten mit der M\u00f6glichkeit, das Ereignisprotokoll aus der Ferne auszulesen<\/li>\n<\/ul>\n<p>[\/et_pb_tab][et_pb_tab title=&#8220;Technische Daten&#8220; _builder_version=&#8220;4.7.4&#8243; _module_preset=&#8220;default&#8220;]<\/p>\n<p><strong>Geltungsbereich<\/strong><\/p>\n<ul class=\"stup-list\">\n<li>Haushalts- und Gewerbegasz\u00e4hler (BK-G..ETeB, G1.6 bis G25)<\/li>\n<li>Zul\u00e4ssige Gase: Erdgas, Stadtgas, Propan, Butan; Gase der ersten bis dritten Familie nach DIN EN 437:2003 (DVGW-Arbeitsblatt G260)<\/li>\n<\/ul>\n<p><strong>St\u00e4rke des Schutzes<\/strong><\/p>\n<ul class=\"stup-list\">\n<li>IP 65<\/li>\n<\/ul>\n<p><strong>Gas-\/Umweltbedingungen<\/strong><\/p>\n<ul class=\"stup-list\">\n<li>Basistemperatur: 0 \u00b0 C, 15 \u00b0 C, 20 \u00b0 C<\/li>\n<li>Gastemperatur: -25 \u00b0C bis +55 \u00b0C<\/li>\n<li>Umgebungstemperatur: -25 \u00b0C bis +55 \u00b0C<\/li>\n<li>Lagertemperatur: -25 \u00b0C bis +60 \u00b0C<\/li>\n<\/ul>\n<p><strong>Temperaturkompensation<\/strong><\/p>\n<ul class=\"stup-list\">\n<li>Unterst\u00fctzt elektronische Temperaturkompensation<\/li>\n<\/ul>\n<p><strong>Anzeige und Eingabe<\/strong><\/p>\n<ul class=\"stup-list\">\n<li>Gut lesbares Dot-Matrix-Display (LCD)<\/li>\n<li>Intuitive Men\u00fcf\u00fchrung mit 3 Tasten<\/li>\n<\/ul>\n<p><strong>Sprachen<\/strong><\/p>\n<ul class=\"stup-list\">\n<li>Italienisch, Englisch, weitere Sprachen auf Anfrage erh\u00e4ltlich<\/li>\n<\/ul>\n<p><strong>Batterielebensdauer<\/strong><\/p>\n<ul class=\"stup-list\">\n<li>In der Regel 15 Jahre, je nach GPRS-Anforderungen<\/li>\n<li>L\u00e4ngere Lebensdauer durch reduzierte Kommunikationsfrequenz<\/li>\n<li>Der Akku kann im Feld ohne Datenverlust ausgetauscht werden<\/li>\n<\/ul>\n<p><strong>Speicherkapazit\u00e4t<\/strong><\/p>\n<ul class=\"stup-list\">\n<li>Die integrierte Datalogging-Funktion erfasst die gelieferte Gasmenge zusammen mit der aktuellen Uhrzeit und dem entsprechenden Tarif.<\/li>\n<li>Stundenwerte: 4560 Datens\u00e4tze (\u2259 190 Tage)<\/li>\n<li>T\u00e4gliche Verbrauchswerte: 190 Datens\u00e4tze<\/li>\n<li>Monatliche Verbrauchswerte: 13 Datens\u00e4tze<\/li>\n<li>Metrologisches Tagebuch: 500 Datens\u00e4tze<\/li>\n<li>Ereignisprotokoll: 100 Datens\u00e4tze<\/li>\n<li>Parameter\u00fcberwachungsprotokoll: 50 Datens\u00e4tze<\/li>\n<li>Unterst\u00fctzt die t\u00e4gliche \u00dcbertragung von Stundenwerten<\/li>\n<li>Andere Intervalle konfigurierbar<\/li>\n<\/ul>\n<p><strong>Aktivierung des integrierten Ventils<\/strong><\/p>\n<ul class=\"stup-list\">\n<li>Sichere Ventilumschaltung (Ventil \u00f6ffnet nicht bei sicherer Installation)<\/li>\n<li>Lokale Best\u00e4tigung durch Dr\u00fccken der \/ PIN-Taste erforderlich<\/li>\n<li>Feedback zum erfolgreichen \u00d6ffnen und Schlie\u00dfen<\/li>\n<li>Ausgelegte Lebensdauer: 3000 Zyklen<\/li>\n<li>Max. Betriebsdruck f\u00fcr Ventilbetrieb: 100 mbar<\/li>\n<li>Druckverlust BK-G4 nach EN 1359: &lt;2 mbar<\/li>\n<li>Maximaler Durchfluss im geschlossenen Zustand: 1 l\/h bis 100 mbar<\/li>\n<\/ul>\n<p><strong>Aktuelle Bedingungen<\/strong><\/p>\n<ul class=\"stup-list\">\n<li>MID-Klasse 1,5<\/li>\n<li>EN 1359<\/li>\n<li>ATEX: II &#8211; \/ 3 G ic c IIB T4 Gc<\/li>\n<li>CE<\/li>\n<li>EMC<\/li>\n<li>ROT<\/li>\n<\/ul>\n<p>[\/et_pb_tab][et_pb_tab title=&#8220;Technische Dokumentation&#8220; _builder_version=&#8220;4.7.4&#8243; _module_preset=&#8220;default&#8220;]<\/p>\n<ul class=\"documents-list\">\n<li><a href=\"http:\/\/fagas.ba\/fgs\/wp-content\/uploads\/2021\/01\/ZSD_1000465217_2_EN.pdf\" target=\"_blank\" rel=\"noopener noreferrer\">Technisches Dokument<\/a><\/li>\n<li><a href=\"http:\/\/fagas.ba\/fgs\/wp-content\/uploads\/2021\/01\/ZSD_1000383429_11.pdf\" target=\"_blank\" rel=\"noopener noreferrer\">Handbuch<\/a><\/li>\n<\/ul>\n<p>[\/et_pb_tab][\/et_pb_tabs][et_pb_divider color=&#8220;#D8D8D8&#8243; divider_position=&#8220;center&#8220; _builder_version=&#8220;4.7.4&#8243; _module_preset=&#8220;default&#8220;][\/et_pb_divider][et_pb_wc_related_products posts_number=&#8220;4&#8243; columns_number=&#8220;4&#8243; admin_label=&#8220;Sli\u010dni proizvodi&#8220; _builder_version=&#8220;4.7.4&#8243;][\/et_pb_wc_related_products][\/et_pb_column][\/et_pb_row][\/et_pb_section]<\/p>\n","protected":false},"excerpt":{"rendered":"<p>Der themis<sup>\u00aeuno<\/sup> index bietet Funktionen, die weit \u00fcber das einfache Fernlesen hinausgehen. Bestehende Optionen (Nutzungs- und Sperrtarife, Lastprofile, Kommunikationsintervallsteuerung, Datenlogging, elektronische Temperaturkompensation etc.) k\u00f6nnen kundenindividuell kombiniert werden. Ein sicheres Firmware-Update in der Luft sorgt daf\u00fcr, dass die Technologie zukunftssicher ist und bei Bedarf an neue Anforderungen angepasst werden kann.<\/p>\n<p>themis<sup>\u00aeuno<\/sup> ist mit GSM \/ GPRS WAN-Kommunikation erh\u00e4ltlich. Dies garantiert einen sicheren Datenaustausch zwischen verschiedenen Kommunikationspartnern. Der Weg der sicheren Authentifizierung und Datenintegrit\u00e4t und Benutzerautorisierung ist erstklassig. Balgengasz\u00e4hler BK-G..ETe mit themis<sup>\u00aeuno<\/sup>-Index erf\u00fcllen die Anforderungen der italienischen Spezifikation UNI-TS 11291.<\/p>\n<p>Das integrierte Ventil \u201eValve Ve\u201c im Balgengasz\u00e4hler erm\u00f6glicht das ferngesteuerte Zu- und Abschalten der Gasversorgung. Dadurch werden Kosten und Arbeitskraft, die durch lokale Gasausf\u00e4lle verursacht werden, deutlich reduziert. Um Gaslecks in einer unsicheren Installation zu vermeiden, wird vor dem \u00d6ffnen des Ventils ein intelligenter nachgeschalteter Installationstest durchgef\u00fchrt.<\/p>\n<p>Das integrierte elektronische Temperatur-Umrechnungssystem erm\u00f6glicht auch f\u00fcr den Haushalt eine Umrechnung des Volumens auf die Grundtemperatur. Das Messger\u00e4t zeigt das umgerechnete Volumen auf dem Bildschirm an und \u00fcbermittelt es an das entsprechende Datenerfassungssystem.<\/p>\n","protected":false},"featured_media":4238,"comment_status":"open","ping_status":"closed","template":"","meta":{"_et_pb_use_builder":"on","_et_pb_old_content":"Der themis<sup>\u00aeuno<\/sup> index bietet Funktionen, die weit \u00fcber das einfache Fernlesen hinausgehen. Bestehende Optionen (Nutzungs- und Sperrtarife, Lastprofile, Kommunikationsintervallsteuerung, Datenlogging, elektronische Temperaturkompensation etc.) k\u00f6nnen kundenindividuell kombiniert werden. Ein sicheres Firmware-Update in der Luft sorgt daf\u00fcr, dass die Technologie zukunftssicher ist und bei Bedarf an neue Anforderungen angepasst werden kann.\n\nthemis<sup>\u00aeuno<\/sup> ist mit GSM \/ GPRS WAN-Kommunikation erh\u00e4ltlich. Dies garantiert einen sicheren Datenaustausch zwischen verschiedenen Kommunikationspartnern. Der Weg der sicheren Authentifizierung und Datenintegrit\u00e4t und Benutzerautorisierung ist erstklassig. Balgengasz\u00e4hler BK-G..ETe mit themis<sup>\u00aeuno<\/sup>-Index erf\u00fcllen die Anforderungen der italienischen Spezifikation UNI-TS 11291.\n\nDas integrierte Ventil \u201eValve Ve\u201c im Balgengasz\u00e4hler erm\u00f6glicht das ferngesteuerte Zu- und Abschalten der Gasversorgung. Dadurch werden Kosten und Arbeitskraft, die durch lokale Gasausf\u00e4lle verursacht werden, deutlich reduziert. Um Gaslecks in einer unsicheren Installation zu vermeiden, wird vor dem \u00d6ffnen des Ventils ein intelligenter nachgeschalteter Installationstest durchgef\u00fchrt.\n\nDas integrierte elektronische Temperatur-Umrechnungssystem erm\u00f6glicht auch f\u00fcr den Haushalt eine Umrechnung des Volumens auf die Grundtemperatur. Das Messger\u00e4t zeigt das umgerechnete Volumen auf dem Bildschirm an und \u00fcbermittelt es an das entsprechende Datenerfassungssystem.","_et_gb_content_width":""},"product_cat":[321,369,343,341],"product_tag":[213,293,217,233],"yoast_head":"<!-- This site is optimized with the Yoast SEO plugin v20.12 - https:\/\/yoast.com\/wordpress\/plugins\/seo\/ -->\n<title>THEMIS-UNO EI6 (GSM\/GPRS) - FAGAS<\/title>\n<meta name=\"robots\" content=\"index, follow, max-snippet:-1, max-image-preview:large, max-video-preview:-1\" \/>\n<link rel=\"canonical\" href=\"https:\/\/fagas.ba\/produkt\/themis-uno-ei6-gsm-gprs\/\" \/>\n<meta property=\"og:locale\" content=\"de_DE\" \/>\n<meta property=\"og:type\" content=\"article\" \/>\n<meta property=\"og:title\" content=\"THEMIS-UNO EI6 (GSM\/GPRS) - FAGAS\" \/>\n<meta property=\"og:description\" content=\"Der themis\u00aeuno index bietet Funktionen, die weit \u00fcber das einfache Fernlesen hinausgehen. Bestehende Optionen (Nutzungs- und Sperrtarife, Lastprofile, Kommunikationsintervallsteuerung, Datenlogging, elektronische Temperaturkompensation etc.) k\u00f6nnen kundenindividuell kombiniert werden. Ein sicheres Firmware-Update in der Luft sorgt daf\u00fcr, dass die Technologie zukunftssicher ist und bei Bedarf an neue Anforderungen angepasst werden kann. themis\u00aeuno ist mit GSM \/ GPRS WAN-Kommunikation erh\u00e4ltlich. Dies garantiert einen sicheren Datenaustausch zwischen verschiedenen Kommunikationspartnern. Der Weg der sicheren Authentifizierung und Datenintegrit\u00e4t und Benutzerautorisierung ist erstklassig. Balgengasz\u00e4hler BK-G..ETe mit themis\u00aeuno-Index erf\u00fcllen die Anforderungen der italienischen Spezifikation UNI-TS 11291. Das integrierte Ventil \u201eValve Ve\u201c im Balgengasz\u00e4hler erm\u00f6glicht das ferngesteuerte Zu- und Abschalten der Gasversorgung. Dadurch werden Kosten und Arbeitskraft, die durch lokale Gasausf\u00e4lle verursacht werden, deutlich reduziert. Um Gaslecks in einer unsicheren Installation zu vermeiden, wird vor dem \u00d6ffnen des Ventils ein intelligenter nachgeschalteter Installationstest durchgef\u00fchrt. Das integrierte elektronische Temperatur-Umrechnungssystem erm\u00f6glicht auch f\u00fcr den Haushalt eine Umrechnung des Volumens auf die Grundtemperatur. Das Messger\u00e4t zeigt das umgerechnete Volumen auf dem Bildschirm an und \u00fcbermittelt es an das entsprechende Datenerfassungssystem.\" \/>\n<meta property=\"og:url\" content=\"https:\/\/fagas.ba\/produkt\/themis-uno-ei6-gsm-gprs\/\" \/>\n<meta property=\"og:site_name\" content=\"FAGAS\" \/>\n<meta property=\"article:modified_time\" content=\"2021-11-24T18:44:29+00:00\" \/>\n<meta property=\"og:image\" content=\"https:\/\/fagas.ba\/fgs\/wp-content\/uploads\/2021\/01\/1_THEMIS-UNO-EI6-GSM-GPRS.jpg\" \/>\n\t<meta property=\"og:image:width\" content=\"640\" \/>\n\t<meta property=\"og:image:height\" content=\"399\" \/>\n\t<meta property=\"og:image:type\" content=\"image\/jpeg\" \/>\n<meta name=\"twitter:card\" content=\"summary_large_image\" \/>\n<meta name=\"twitter:label1\" content=\"Gesch\u00e4tzte Lesezeit\" \/>\n\t<meta name=\"twitter:data1\" content=\"3\u00a0Minuten\" \/>\n<script type=\"application\/ld+json\" class=\"yoast-schema-graph\">{\"@context\":\"https:\/\/schema.org\",\"@graph\":[{\"@type\":\"WebPage\",\"@id\":\"https:\/\/fagas.ba\/produkt\/themis-uno-ei6-gsm-gprs\/\",\"url\":\"https:\/\/fagas.ba\/produkt\/themis-uno-ei6-gsm-gprs\/\",\"name\":\"THEMIS-UNO EI6 (GSM\/GPRS) - FAGAS\",\"isPartOf\":{\"@id\":\"https:\/\/fagas.ba\/en\/#website\"},\"datePublished\":\"2021-11-24T18:44:28+00:00\",\"dateModified\":\"2021-11-24T18:44:29+00:00\",\"breadcrumb\":{\"@id\":\"https:\/\/fagas.ba\/produkt\/themis-uno-ei6-gsm-gprs\/#breadcrumb\"},\"inLanguage\":\"de\",\"potentialAction\":[{\"@type\":\"ReadAction\",\"target\":[\"https:\/\/fagas.ba\/produkt\/themis-uno-ei6-gsm-gprs\/\"]}]},{\"@type\":\"BreadcrumbList\",\"@id\":\"https:\/\/fagas.ba\/produkt\/themis-uno-ei6-gsm-gprs\/#breadcrumb\",\"itemListElement\":[{\"@type\":\"ListItem\",\"position\":1,\"name\":\"Home\",\"item\":\"https:\/\/fagas.ba\/\"},{\"@type\":\"ListItem\",\"position\":2,\"name\":\"Products\",\"item\":\"https:\/\/fagas.ba\/en\/shop\/\"},{\"@type\":\"ListItem\",\"position\":3,\"name\":\"THEMIS-UNO EI6 (GSM\/GPRS)\"}]},{\"@type\":\"WebSite\",\"@id\":\"https:\/\/fagas.ba\/en\/#website\",\"url\":\"https:\/\/fagas.ba\/en\/\",\"name\":\"FAGAS\",\"description\":\"Projektovanje i proizvodnja gasne opreme\",\"potentialAction\":[{\"@type\":\"SearchAction\",\"target\":{\"@type\":\"EntryPoint\",\"urlTemplate\":\"https:\/\/fagas.ba\/en\/?s={search_term_string}\"},\"query-input\":\"required name=search_term_string\"}],\"inLanguage\":\"de\"}]}<\/script>\n<!-- \/ Yoast SEO plugin. -->","yoast_head_json":{"title":"THEMIS-UNO EI6 (GSM\/GPRS) - FAGAS","robots":{"index":"index","follow":"follow","max-snippet":"max-snippet:-1","max-image-preview":"max-image-preview:large","max-video-preview":"max-video-preview:-1"},"canonical":"https:\/\/fagas.ba\/produkt\/themis-uno-ei6-gsm-gprs\/","og_locale":"de_DE","og_type":"article","og_title":"THEMIS-UNO EI6 (GSM\/GPRS) - FAGAS","og_description":"Der themis\u00aeuno index bietet Funktionen, die weit \u00fcber das einfache Fernlesen hinausgehen. Bestehende Optionen (Nutzungs- und Sperrtarife, Lastprofile, Kommunikationsintervallsteuerung, Datenlogging, elektronische Temperaturkompensation etc.) k\u00f6nnen kundenindividuell kombiniert werden. Ein sicheres Firmware-Update in der Luft sorgt daf\u00fcr, dass die Technologie zukunftssicher ist und bei Bedarf an neue Anforderungen angepasst werden kann. themis\u00aeuno ist mit GSM \/ GPRS WAN-Kommunikation erh\u00e4ltlich. Dies garantiert einen sicheren Datenaustausch zwischen verschiedenen Kommunikationspartnern. Der Weg der sicheren Authentifizierung und Datenintegrit\u00e4t und Benutzerautorisierung ist erstklassig. Balgengasz\u00e4hler BK-G..ETe mit themis\u00aeuno-Index erf\u00fcllen die Anforderungen der italienischen Spezifikation UNI-TS 11291. Das integrierte Ventil \u201eValve Ve\u201c im Balgengasz\u00e4hler erm\u00f6glicht das ferngesteuerte Zu- und Abschalten der Gasversorgung. Dadurch werden Kosten und Arbeitskraft, die durch lokale Gasausf\u00e4lle verursacht werden, deutlich reduziert. Um Gaslecks in einer unsicheren Installation zu vermeiden, wird vor dem \u00d6ffnen des Ventils ein intelligenter nachgeschalteter Installationstest durchgef\u00fchrt. Das integrierte elektronische Temperatur-Umrechnungssystem erm\u00f6glicht auch f\u00fcr den Haushalt eine Umrechnung des Volumens auf die Grundtemperatur. Das Messger\u00e4t zeigt das umgerechnete Volumen auf dem Bildschirm an und \u00fcbermittelt es an das entsprechende Datenerfassungssystem.","og_url":"https:\/\/fagas.ba\/produkt\/themis-uno-ei6-gsm-gprs\/","og_site_name":"FAGAS","article_modified_time":"2021-11-24T18:44:29+00:00","og_image":[{"width":640,"height":399,"url":"https:\/\/fagas.ba\/fgs\/wp-content\/uploads\/2021\/01\/1_THEMIS-UNO-EI6-GSM-GPRS.jpg","type":"image\/jpeg"}],"twitter_card":"summary_large_image","twitter_misc":{"Gesch\u00e4tzte Lesezeit":"3\u00a0Minuten"},"schema":{"@context":"https:\/\/schema.org","@graph":[{"@type":"WebPage","@id":"https:\/\/fagas.ba\/produkt\/themis-uno-ei6-gsm-gprs\/","url":"https:\/\/fagas.ba\/produkt\/themis-uno-ei6-gsm-gprs\/","name":"THEMIS-UNO EI6 (GSM\/GPRS) - FAGAS","isPartOf":{"@id":"https:\/\/fagas.ba\/en\/#website"},"datePublished":"2021-11-24T18:44:28+00:00","dateModified":"2021-11-24T18:44:29+00:00","breadcrumb":{"@id":"https:\/\/fagas.ba\/produkt\/themis-uno-ei6-gsm-gprs\/#breadcrumb"},"inLanguage":"de","potentialAction":[{"@type":"ReadAction","target":["https:\/\/fagas.ba\/produkt\/themis-uno-ei6-gsm-gprs\/"]}]},{"@type":"BreadcrumbList","@id":"https:\/\/fagas.ba\/produkt\/themis-uno-ei6-gsm-gprs\/#breadcrumb","itemListElement":[{"@type":"ListItem","position":1,"name":"Home","item":"https:\/\/fagas.ba\/"},{"@type":"ListItem","position":2,"name":"Products","item":"https:\/\/fagas.ba\/en\/shop\/"},{"@type":"ListItem","position":3,"name":"THEMIS-UNO EI6 (GSM\/GPRS)"}]},{"@type":"WebSite","@id":"https:\/\/fagas.ba\/en\/#website","url":"https:\/\/fagas.ba\/en\/","name":"FAGAS","description":"Projektovanje i proizvodnja gasne opreme","potentialAction":[{"@type":"SearchAction","target":{"@type":"EntryPoint","urlTemplate":"https:\/\/fagas.ba\/en\/?s={search_term_string}"},"query-input":"required name=search_term_string"}],"inLanguage":"de"}]}},"_links":{"self":[{"href":"https:\/\/fagas.ba\/de\/wp-json\/wp\/v2\/product\/5243"}],"collection":[{"href":"https:\/\/fagas.ba\/de\/wp-json\/wp\/v2\/product"}],"about":[{"href":"https:\/\/fagas.ba\/de\/wp-json\/wp\/v2\/types\/product"}],"replies":[{"embeddable":true,"href":"https:\/\/fagas.ba\/de\/wp-json\/wp\/v2\/comments?post=5243"}],"wp:featuredmedia":[{"embeddable":true,"href":"https:\/\/fagas.ba\/de\/wp-json\/wp\/v2\/media\/4238"}],"wp:attachment":[{"href":"https:\/\/fagas.ba\/de\/wp-json\/wp\/v2\/media?parent=5243"}],"wp:term":[{"taxonomy":"product_cat","embeddable":true,"href":"https:\/\/fagas.ba\/de\/wp-json\/wp\/v2\/product_cat?post=5243"},{"taxonomy":"product_tag","embeddable":true,"href":"https:\/\/fagas.ba\/de\/wp-json\/wp\/v2\/product_tag?post=5243"}],"curies":[{"name":"wp","href":"https:\/\/api.w.org\/{rel}","templated":true}]}}