{"id":5241,"date":"2021-01-12T21:30:34","date_gmt":"2021-11-24T18:25:38","guid":{"rendered":"https:\/\/fagas.ba\/product\/abolute-encoder-ae5\/"},"modified":"2021-11-24T18:25:40","modified_gmt":"2021-11-24T18:25:40","slug":"abolute-encoder-ae5-2","status":"publish","type":"product","link":"https:\/\/fagas.ba\/de\/produkt\/abolute-encoder-ae5-2\/","title":{"rendered":"ABOLUTE-ENCODER AE5"},"content":{"rendered":"<p>[et_pb_section fb_built=&#8220;1&#8243; _builder_version=&#8220;3.22&#8243; custom_padding=&#8220;0px||||false|false&#8220; da_is_popup=&#8220;off&#8220; da_exit_intent=&#8220;off&#8220; da_has_close=&#8220;on&#8220; da_alt_close=&#8220;off&#8220; da_dark_close=&#8220;off&#8220; da_not_modal=&#8220;on&#8220; da_is_singular=&#8220;off&#8220; da_with_loader=&#8220;off&#8220; da_has_shadow=&#8220;on&#8220; da_disable_devices=&#8220;off|off|off&#8220;][et_pb_row _builder_version=&#8220;3.25&#8243; background_size=&#8220;initial&#8220; background_position=&#8220;top_left&#8220; background_repeat=&#8220;repeat&#8220; width=&#8220;100%&#8220; custom_padding=&#8220;0px||0px||false|false&#8220;][et_pb_column type=&#8220;4_4&#8243; _builder_version=&#8220;3.25&#8243; custom_padding=&#8220;|||&#8220; custom_padding__hover=&#8220;|||&#8220;][et_pb_wc_breadcrumb admin_label=&#8220;Woo Breadcrumb&#8220; _builder_version=&#8220;3.0.47&#8243;][\/et_pb_wc_breadcrumb][\/et_pb_column][\/et_pb_row][et_pb_row column_structure=&#8220;1_2,1_2&#8243; _builder_version=&#8220;3.25&#8243; background_size=&#8220;initial&#8220; background_position=&#8220;top_left&#8220; background_repeat=&#8220;repeat&#8220; width=&#8220;100%&#8220; custom_padding=&#8220;0px||||false|false&#8220;][et_pb_column type=&#8220;1_2&#8243; _builder_version=&#8220;3.25&#8243; custom_padding=&#8220;|||&#8220; custom_padding__hover=&#8220;|||&#8220;][et_pb_wc_images _builder_version=&#8220;4.7.4&#8243; _module_preset=&#8220;default&#8220;][\/et_pb_wc_images][\/et_pb_column][et_pb_column type=&#8220;1_2&#8243; _builder_version=&#8220;3.25&#8243; custom_padding=&#8220;|||&#8220; custom_padding__hover=&#8220;|||&#8220;][et_pb_wc_title _builder_version=&#8220;3.0.47&#8243;][\/et_pb_wc_title][et_pb_wc_description _builder_version=&#8220;3.0.47&#8243;][\/et_pb_wc_description][et_pb_wc_meta _builder_version=&#8220;3.0.47&#8243;][\/et_pb_wc_meta][\/et_pb_column][\/et_pb_row][et_pb_row _builder_version=&#8220;3.25&#8243; background_size=&#8220;initial&#8220; background_position=&#8220;top_left&#8220; background_repeat=&#8220;repeat&#8220; width=&#8220;100%&#8220;][et_pb_column type=&#8220;4_4&#8243; _builder_version=&#8220;3.25&#8243; custom_padding=&#8220;|||&#8220; custom_padding__hover=&#8220;|||&#8220;][et_pb_divider color=&#8220;#D8D8D8&#8243; divider_position=&#8220;center&#8220; _builder_version=&#8220;4.7.4&#8243; _module_preset=&#8220;default&#8220;][\/et_pb_divider][et_pb_tabs module_class=&#8220;vertical-tabs2&#8243; _builder_version=&#8220;4.7.4&#8243; _module_preset=&#8220;default&#8220;][et_pb_tab title=&#8220;ACM M-BUS WIRE&#8220; _builder_version=&#8220;4.7.4&#8243; _module_preset=&#8220;default&#8220;]<\/p>\n<p>Das ACM M-BUS WIRE Kommunikationsmodul kann an den Absolute ENCODER AE5 angeschlossen werden und erm\u00f6glicht die kabelgebundene M-Bus Kommunikation. Das ACM M-BUS WIRE Kommunikationsmodul kann an das M-Bus Heimnetzwerk angeschlossen werden, das \u00fcber einen Standard M-Bus oder M-Bus OMS (Open Metering System) kommuniziert. ACM M-BUS WIRE unterst\u00fctzt beide Protokollvarianten.<\/p>\n<p><strong>Standard-M-Bus<\/strong><\/p>\n<ul class=\"stup-list\">\n<li>Es wurde das Standard-M-Bus-Protokoll nach DIN EN 13757-2:2004 (Verbindungsschicht) und DIN EN 13757-3:2004 f\u00fcr Z\u00e4hler und Z\u00e4hlerfernauslesung angewendet.<\/li>\n<li>Damit das ACM M-BUS WIRE in der M-Bus Protokollvariante verwendet werden kann, muss das AE5 werkseitig programmiert und in der Variante \u201eM-Bus Standard\u201c ausgeliefert werden)<\/li>\n<\/ul>\n<p><strong>M-Bus nach OMS (offenes Messsystem<\/strong><\/p>\n<ul class=\"stup-list\">\n<li>M-Bus-Protokoll zur Daten\u00fcbertragung zum OMS Vol. 2 ist implementiert; Kommunikation ist nicht verschl\u00fcsselt<\/li>\n<li>Damit das ACM M-BUS WIRE in der Variante M-Bus OMS verwendet werden kann, muss das AE5 vorprogrammiert und in der Variante \u201eMulti-Protocol\u201c ausgeliefert werden.<\/li>\n<\/ul>\n<p><strong>Technische Daten ACM M-BUS WIRE<\/strong><\/p>\n<ul class=\"stup-list\">\n<li>Geh\u00e4use: IP 54<\/li>\n<li>Umgebungstemperatur: -25 bis +55 \u00b0 C<\/li>\n<li>Ausf\u00fchrung Anschlusskabel: 2 m flexibles, zweiadriges LiYY-Kabel, feuerfest nach IEC 60332-1, Querschnitt = 0,25 mm2<\/li>\n<li>Das freie Ende des Kabels hat 2 Aderendrohre<\/li>\n<li>Stromversorgung \u00fcber M-Bus: 3 mA (2 M-Bus Lasten)<\/li>\n<\/ul>\n<p>[\/et_pb_tab][et_pb_tab title=&#8220;ACM SCR WIRE&#8220; _builder_version=&#8220;4.7.4&#8243; _module_preset=&#8220;default&#8220;]<\/p>\n<p>Der kabelgebundene ACM SCR WIRE verbindet den Absolute CODER AE5 und die Empfangseinheit mit der SCR-Schnittstelle (OBIS-Codenummern nach OMS). Honeywell kann kompatible Datenlogger und Mengenumwerter liefern. Die Kommunikation ist nicht verschl\u00fcsselt.<br \/>Hinweis: Um den ACM SCR WIRE verwenden zu k\u00f6nnen, muss der AE5 werkseitig programmiert und in einer &#8222;Multi-Protokoll&#8220;-Variante ausgeliefert werden.<\/p>\n<p><strong>Technische Daten ACM SCR-DRAHT<\/strong><\/p>\n<ul class=\"stup-list\">\n<li>Geh\u00e4use: IP 54<\/li>\n<li>Umgebungstemperatur: -25 bis +55 \u00b0 C<\/li>\n<li>Ausf\u00fchrung Anschlusskabel: 2 m flexibles, zweiadriges LiYY-Kabel, feuerfest nach IEC 60332-1, Querschnitt = 0,25 mm2<\/li>\n<li>Das freie Ende des Kabels hat 2 Aderendrohre<\/li>\n<li>Stromversorgung \u00fcber SCR: 3 mA<\/li>\n<\/ul>\n<p>[\/et_pb_tab][et_pb_tab title=&#8220;ACM 5.X M-BUS RADIO&#8220; _builder_version=&#8220;4.7.4&#8243; _module_preset=&#8220;default&#8220;]<\/p>\n<p>Das ACM 5.X M-BUS RADIO Kommunikationsmodul \u00fcbertr\u00e4gt die Z\u00e4hlerst\u00e4nde des Absolute CODER AE5 unidirektional an eine geeignete Empfangseinheit \u2013 in Deutschland an einen Smart Meter Counter. Das Getriebe entspricht BSI TR-03109. Die Daten werden verschl\u00fcsselt \u00fcbertragen. Das ACM wird vollst\u00e4ndig programmiert geliefert.<br \/>Hinweis: Um das ACM 5.X M-BUS RADIO verwenden zu k\u00f6nnen, muss das AE5 vorprogrammiert und in der Variante \u201eMulti-Protokoll\u201c geliefert werden.<\/p>\n<p><strong>Technische Daten ACM 5.X M-BUS RADIO<\/strong><\/p>\n<ul class=\"stup-list\">\n<li>Geh\u00e4use: IP 54<\/li>\n<li>Umgebungstemperatur: -25 \u00b0C bis +55 \u00b0C<\/li>\n<li>Lagertemperatur: -30\u00b0C bis +60\u00b0C<\/li>\n<li>Relative Luftfeuchtigkeit: 0 bis 85 %<\/li>\n<li>Frequenzbereich: 868 MHz<\/li>\n<li>Protokoll: Wireless M-Bus bis OMS Generation 4 mit Sicherheitsprofil B (Mode 7)<\/li>\n<li>Sendeleistung: ca. 7 mW (Ausgangsleistung 14 dBm)<\/li>\n<li>\u00dcbertragung: Einweg<\/li>\n<li>\u00dcbertragungsreichweite: bis zu 400 m, je nach Umgebung<\/li>\n<li>\u00dcbertragungsintervall: alle 5 Minuten<\/li>\n<li>Z\u00e4hlerstandsaktualisierung: alle 20 Minuten<\/li>\n<li>Stromversorgung: 1 3,6 V Lithiumbatterie (nicht austauschbar)<\/li>\n<li>Batterielebensdauer: 20 Jahre (berechnet)<\/li>\n<\/ul>\n<p>[\/et_pb_tab][et_pb_tab title=&#8220;Technische Daten AE5&#8243; _builder_version=&#8220;4.7.4&#8243; _module_preset=&#8220;default&#8220;]<\/p>\n<p><strong>Geltungsbereich<\/strong><\/p>\n<ul class=\"stup-list\">\n<li>Honeywell Membrangasz\u00e4hler f\u00fcr Privathaushalte, Gewerbe und Industrie (BK-G..A, G1,6 bis G100)<\/li>\n<li>Medien: Erdgas, Stadtgas, Propan, Butan*, Luft, Edelgase**<\/li>\n<li>Branchen: Gasindustrie<\/li>\n<li>Aufgaben: Volumenaufnahme unter Messbedingungen, Daten\u00fcbertragung<br \/>* Gase nach EN 437<br \/>** Gase nach DVGW-Arbeitsblatt G260<\/li>\n<\/ul>\n<p><strong>St\u00e4rke des Schutzes<\/strong><\/p>\n<ul class=\"stup-list\">\n<li>IP 54<\/li>\n<\/ul>\n<p><strong>Zimmertemperatur<\/strong><\/p>\n<ul class=\"stup-list\">\n<li>-25 \u00b0 C bis + 55 \u00b0 C<\/li>\n<\/ul>\n<p><strong>Maximaler Betriebsdruck<\/strong><\/p>\n<ul class=\"stup-list\">\n<li>0,5 bar<\/li>\n<\/ul>\n<p><strong>Temperaturkompensation<\/strong><\/p>\n<ul class=\"stup-list\">\n<li>Unterst\u00fctzt mechanische Temperaturkompensation<\/li>\n<\/ul>\n<p><strong>Aktuelle Bedingungen<\/strong><\/p>\n<ul class=\"stup-list\">\n<li>MID-Klasse 1,5<\/li>\n<li>EN 1359<\/li>\n<li>ATEX<\/li>\n<li>CE<\/li>\n<li>EMC<\/li>\n<\/ul>\n<p><strong>Schutz gegen unbefugtes \u00d6ffnen<\/strong><\/p>\n<ul class=\"stup-list\">\n<li>Digitale Walzen werden einzeln optoelektronisch abgetastet. Der Absolute CODER ist daher nicht anf\u00e4llig f\u00fcr Ausf\u00e4lle durch statische Magnetfelder<\/li>\n<li>Das mechanische Erfassungssystem im Messteil des Gasz\u00e4hlers ist resistent gegen elektromagnetische St\u00f6rungen<\/li>\n<li>Unbefugte Eingriffe durch das Index-Sichtfenster k\u00f6nnen durch Kontrolle der Druckmarken \u00fcberpr\u00fcft werden: Die drei kleinen Balken hinter der Index-Scheibe hinterlassen beim Dr\u00fccken des Indexes deutlich sichtbare Spuren auf der Index-Platine<\/li>\n<\/ul>\n<p><strong>Weitere Funktionen<\/strong><\/p>\n<ul class=\"stup-list\">\n<li>Robustes Design ohne Batterie<\/li>\n<li>Optisches Lesen<\/li>\n<li>Plug &amp; Play-Installation<\/li>\n<\/ul>\n<p>[\/et_pb_tab][et_pb_tab title=&#8220;Technische Dokumentation&#8220; _builder_version=&#8220;4.7.4&#8243; _module_preset=&#8220;default&#8220;]<\/p>\n<ul class=\"documents-list\">\n<li><a href=\"http:\/\/fagas.ba\/fgs\/wp-content\/uploads\/2021\/01\/ZSD_1000487604_2_EN.pdf\" target=\"_blank\" rel=\"noopener noreferrer\">Absolute Encoder AE<\/a><\/li>\n<li><a href=\"http:\/\/fagas.ba\/fgs\/wp-content\/uploads\/2021\/01\/BA_ACM_M_Bus_wire_EN.pdf\" target=\"_blank\" rel=\"noopener noreferrer\">Kommunikationsmodul (ACMs)<\/a><\/li>\n<\/ul>\n<p>[\/et_pb_tab][\/et_pb_tabs][et_pb_divider color=&#8220;#D8D8D8&#8243; divider_position=&#8220;center&#8220; _builder_version=&#8220;4.7.4&#8243; _module_preset=&#8220;default&#8220;][\/et_pb_divider][et_pb_wc_related_products posts_number=&#8220;4&#8243; columns_number=&#8220;4&#8243; admin_label=&#8220;Sli\u010dni proizvodi&#8220; _builder_version=&#8220;4.7.4&#8243;][\/et_pb_wc_related_products][\/et_pb_column][\/et_pb_row][\/et_pb_section]<\/p>\n","protected":false},"excerpt":{"rendered":"<p>Der Absolut-ENCODER-Index f\u00fcr Balgengasz\u00e4hler besteht aus einem mechanischen Index, bei dem alle 8 Einzelrollen optisch abgetastet und elektronisch ausgelesen werden. Die Daten werden dann kontinuierlich als Datenwort \u00fcber eine digitale Schnittstelle an die angeschlossenen Kommunikationsmodule \u00fcbertragen, wodurch eine kontinuierliche Sicherheit der Daten\u00fcbertragung im Vergleich zur herk\u00f6mmlichen Impuls\u00fcbertragung gew\u00e4hrleistet ist.<br \/>\nDie Betriebsenergie des Balgenz\u00e4hlers wird aus dem Gasdruck abgeleitet. Lediglich zum Lesen des Absolute CODER wird elektrische Energie ben\u00f6tigt, bei der Daten\u00fcbertragung per Kabel stellt der M-BUS-Master diese zur Verf\u00fcgung. Der M-BUS-Master ist im Stromz\u00e4hler oder Datenkonzentrator integriert. F\u00fcr diese Anwendung werden keine Batterien ben\u00f6tigt. Bei Datenfunk liefert die Batterie im Kommunikationsmodul den Strom. Die \u201eBasisversion\u201c des Absolute ENCODER AE5 ist \u201eSmart Reading\u201c und kann auch nach der Netzwerkinstallation auf kabelgebundene oder drahtlose Kommunikationsmodule nachger\u00fcstet werden.<br \/>\nDas Kommunikationsmodul ist als Plug &amp; Play-L\u00f6sung konzipiert und l\u00e4sst sich einfach an den ENCODER-Index anschlie\u00dfen und plombieren. Der angeschlossene Receiver wird automatisch synchronisiert. Die modulare Verbindung zwischen Kommunikationsmodul und ENCODER-Index erm\u00f6glicht jederzeit den Austausch von Kommunikationsmodulen ohne zus\u00e4tzlichen Programmieraufwand. Daher bleibt der Messteil des Gasz\u00e4hlers unver\u00e4ndert.<br \/>\nDer konsequent modulare Aufbau von Absolute ENCODER minimiert den Aufwand f\u00fcr Installation, Inbetriebnahme und Datenbereitstellung und sorgt f\u00fcr Investitionssicherheit f\u00fcr zuk\u00fcnftige Anwendungen.<br \/>\nDie folgenden Absolute ENCODER Kommunikationsmodule (ACMs) sind f\u00fcr den Einbau in den Absolute ENCODER AE5 geeignet und erm\u00f6glichen die Daten\u00fcbertragung per Kabel oder Funk.<\/p>\n","protected":false},"featured_media":4240,"comment_status":"open","ping_status":"closed","template":"","meta":{"_et_pb_use_builder":"on","_et_pb_old_content":"Der Absolut-ENCODER-Index f\u00fcr Balgengasz\u00e4hler besteht aus einem mechanischen Index, bei dem alle 8 Einzelrollen optisch abgetastet und elektronisch ausgelesen werden. Die Daten werden dann kontinuierlich als Datenwort \u00fcber eine digitale Schnittstelle an die angeschlossenen Kommunikationsmodule \u00fcbertragen, wodurch eine kontinuierliche Sicherheit der Daten\u00fcbertragung im Vergleich zur herk\u00f6mmlichen Impuls\u00fcbertragung gew\u00e4hrleistet ist.\nDie Betriebsenergie des Balgenz\u00e4hlers wird aus dem Gasdruck abgeleitet. Lediglich zum Lesen des Absolute CODER wird elektrische Energie ben\u00f6tigt, bei der Daten\u00fcbertragung per Kabel stellt der M-BUS-Master diese zur Verf\u00fcgung. Der M-BUS-Master ist im Stromz\u00e4hler oder Datenkonzentrator integriert. F\u00fcr diese Anwendung werden keine Batterien ben\u00f6tigt. Bei Datenfunk liefert die Batterie im Kommunikationsmodul den Strom. Die \u201eBasisversion\u201c des Absolute ENCODER AE5 ist \u201eSmart Reading\u201c und kann auch nach der Netzwerkinstallation auf kabelgebundene oder drahtlose Kommunikationsmodule nachger\u00fcstet werden.\nDas Kommunikationsmodul ist als Plug & Play-L\u00f6sung konzipiert und l\u00e4sst sich einfach an den ENCODER-Index anschlie\u00dfen und plombieren. Der angeschlossene Receiver wird automatisch synchronisiert. Die modulare Verbindung zwischen Kommunikationsmodul und ENCODER-Index erm\u00f6glicht jederzeit den Austausch von Kommunikationsmodulen ohne zus\u00e4tzlichen Programmieraufwand. Daher bleibt der Messteil des Gasz\u00e4hlers unver\u00e4ndert.\nDer konsequent modulare Aufbau von Absolute ENCODER minimiert den Aufwand f\u00fcr Installation, Inbetriebnahme und Datenbereitstellung und sorgt f\u00fcr Investitionssicherheit f\u00fcr zuk\u00fcnftige Anwendungen.\nDie folgenden Absolute ENCODER Kommunikationsmodule (ACMs) sind f\u00fcr den Einbau in den Absolute ENCODER AE5 geeignet und erm\u00f6glichen die Daten\u00fcbertragung per Kabel oder Funk.","_et_gb_content_width":""},"product_cat":[321,369,343,341],"product_tag":[213,293,217,233],"yoast_head":"<!-- This site is optimized with the Yoast SEO plugin v20.12 - https:\/\/yoast.com\/wordpress\/plugins\/seo\/ -->\n<title>ABOLUTE-ENCODER AE5 - FAGAS<\/title>\n<meta name=\"robots\" content=\"index, follow, max-snippet:-1, max-image-preview:large, max-video-preview:-1\" \/>\n<link rel=\"canonical\" href=\"https:\/\/fagas.ba\/produkt\/abolute-encoder-ae5\/\" \/>\n<meta property=\"og:locale\" content=\"de_DE\" \/>\n<meta property=\"og:type\" content=\"article\" \/>\n<meta property=\"og:title\" content=\"ABOLUTE-ENCODER AE5 - FAGAS\" \/>\n<meta property=\"og:description\" content=\"Der Absolut-ENCODER-Index f\u00fcr Balgengasz\u00e4hler besteht aus einem mechanischen Index, bei dem alle 8 Einzelrollen optisch abgetastet und elektronisch ausgelesen werden. Die Daten werden dann kontinuierlich als Datenwort \u00fcber eine digitale Schnittstelle an die angeschlossenen Kommunikationsmodule \u00fcbertragen, wodurch eine kontinuierliche Sicherheit der Daten\u00fcbertragung im Vergleich zur herk\u00f6mmlichen Impuls\u00fcbertragung gew\u00e4hrleistet ist. Die Betriebsenergie des Balgenz\u00e4hlers wird aus dem Gasdruck abgeleitet. Lediglich zum Lesen des Absolute CODER wird elektrische Energie ben\u00f6tigt, bei der Daten\u00fcbertragung per Kabel stellt der M-BUS-Master diese zur Verf\u00fcgung. Der M-BUS-Master ist im Stromz\u00e4hler oder Datenkonzentrator integriert. F\u00fcr diese Anwendung werden keine Batterien ben\u00f6tigt. Bei Datenfunk liefert die Batterie im Kommunikationsmodul den Strom. Die \u201eBasisversion\u201c des Absolute ENCODER AE5 ist \u201eSmart Reading\u201c und kann auch nach der Netzwerkinstallation auf kabelgebundene oder drahtlose Kommunikationsmodule nachger\u00fcstet werden. Das Kommunikationsmodul ist als Plug &amp; Play-L\u00f6sung konzipiert und l\u00e4sst sich einfach an den ENCODER-Index anschlie\u00dfen und plombieren. Der angeschlossene Receiver wird automatisch synchronisiert. Die modulare Verbindung zwischen Kommunikationsmodul und ENCODER-Index erm\u00f6glicht jederzeit den Austausch von Kommunikationsmodulen ohne zus\u00e4tzlichen Programmieraufwand. Daher bleibt der Messteil des Gasz\u00e4hlers unver\u00e4ndert. Der konsequent modulare Aufbau von Absolute ENCODER minimiert den Aufwand f\u00fcr Installation, Inbetriebnahme und Datenbereitstellung und sorgt f\u00fcr Investitionssicherheit f\u00fcr zuk\u00fcnftige Anwendungen. Die folgenden Absolute ENCODER Kommunikationsmodule (ACMs) sind f\u00fcr den Einbau in den Absolute ENCODER AE5 geeignet und erm\u00f6glichen die Daten\u00fcbertragung per Kabel oder Funk.\" \/>\n<meta property=\"og:url\" content=\"https:\/\/fagas.ba\/produkt\/abolute-encoder-ae5\/\" \/>\n<meta property=\"og:site_name\" content=\"FAGAS\" \/>\n<meta property=\"article:modified_time\" content=\"2021-11-24T18:25:40+00:00\" \/>\n<meta property=\"og:image\" content=\"https:\/\/fagas.ba\/fgs\/wp-content\/uploads\/2021\/01\/2_ABOLUTE-ENCODER-AE5.jpg\" \/>\n\t<meta property=\"og:image:width\" content=\"640\" \/>\n\t<meta property=\"og:image:height\" content=\"399\" \/>\n\t<meta property=\"og:image:type\" content=\"image\/jpeg\" \/>\n<meta name=\"twitter:card\" content=\"summary_large_image\" \/>\n<meta name=\"twitter:label1\" content=\"Gesch\u00e4tzte Lesezeit\" \/>\n\t<meta name=\"twitter:data1\" content=\"5\u00a0Minuten\" \/>\n<script type=\"application\/ld+json\" class=\"yoast-schema-graph\">{\"@context\":\"https:\/\/schema.org\",\"@graph\":[{\"@type\":\"WebPage\",\"@id\":\"https:\/\/fagas.ba\/produkt\/abolute-encoder-ae5\/\",\"url\":\"https:\/\/fagas.ba\/produkt\/abolute-encoder-ae5\/\",\"name\":\"ABOLUTE-ENCODER AE5 - FAGAS\",\"isPartOf\":{\"@id\":\"https:\/\/fagas.ba\/en\/#website\"},\"datePublished\":\"2021-11-24T18:25:38+00:00\",\"dateModified\":\"2021-11-24T18:25:40+00:00\",\"breadcrumb\":{\"@id\":\"https:\/\/fagas.ba\/produkt\/abolute-encoder-ae5\/#breadcrumb\"},\"inLanguage\":\"de\",\"potentialAction\":[{\"@type\":\"ReadAction\",\"target\":[\"https:\/\/fagas.ba\/produkt\/abolute-encoder-ae5\/\"]}]},{\"@type\":\"BreadcrumbList\",\"@id\":\"https:\/\/fagas.ba\/produkt\/abolute-encoder-ae5\/#breadcrumb\",\"itemListElement\":[{\"@type\":\"ListItem\",\"position\":1,\"name\":\"Home\",\"item\":\"https:\/\/fagas.ba\/\"},{\"@type\":\"ListItem\",\"position\":2,\"name\":\"Products\",\"item\":\"https:\/\/fagas.ba\/en\/shop\/\"},{\"@type\":\"ListItem\",\"position\":3,\"name\":\"ABOLUTE-ENCODER AE5\"}]},{\"@type\":\"WebSite\",\"@id\":\"https:\/\/fagas.ba\/en\/#website\",\"url\":\"https:\/\/fagas.ba\/en\/\",\"name\":\"FAGAS\",\"description\":\"Projektovanje i proizvodnja gasne opreme\",\"potentialAction\":[{\"@type\":\"SearchAction\",\"target\":{\"@type\":\"EntryPoint\",\"urlTemplate\":\"https:\/\/fagas.ba\/en\/?s={search_term_string}\"},\"query-input\":\"required name=search_term_string\"}],\"inLanguage\":\"de\"}]}<\/script>\n<!-- \/ Yoast SEO plugin. -->","yoast_head_json":{"title":"ABOLUTE-ENCODER AE5 - FAGAS","robots":{"index":"index","follow":"follow","max-snippet":"max-snippet:-1","max-image-preview":"max-image-preview:large","max-video-preview":"max-video-preview:-1"},"canonical":"https:\/\/fagas.ba\/produkt\/abolute-encoder-ae5\/","og_locale":"de_DE","og_type":"article","og_title":"ABOLUTE-ENCODER AE5 - FAGAS","og_description":"Der Absolut-ENCODER-Index f\u00fcr Balgengasz\u00e4hler besteht aus einem mechanischen Index, bei dem alle 8 Einzelrollen optisch abgetastet und elektronisch ausgelesen werden. Die Daten werden dann kontinuierlich als Datenwort \u00fcber eine digitale Schnittstelle an die angeschlossenen Kommunikationsmodule \u00fcbertragen, wodurch eine kontinuierliche Sicherheit der Daten\u00fcbertragung im Vergleich zur herk\u00f6mmlichen Impuls\u00fcbertragung gew\u00e4hrleistet ist. Die Betriebsenergie des Balgenz\u00e4hlers wird aus dem Gasdruck abgeleitet. Lediglich zum Lesen des Absolute CODER wird elektrische Energie ben\u00f6tigt, bei der Daten\u00fcbertragung per Kabel stellt der M-BUS-Master diese zur Verf\u00fcgung. Der M-BUS-Master ist im Stromz\u00e4hler oder Datenkonzentrator integriert. F\u00fcr diese Anwendung werden keine Batterien ben\u00f6tigt. Bei Datenfunk liefert die Batterie im Kommunikationsmodul den Strom. Die \u201eBasisversion\u201c des Absolute ENCODER AE5 ist \u201eSmart Reading\u201c und kann auch nach der Netzwerkinstallation auf kabelgebundene oder drahtlose Kommunikationsmodule nachger\u00fcstet werden. Das Kommunikationsmodul ist als Plug &amp; Play-L\u00f6sung konzipiert und l\u00e4sst sich einfach an den ENCODER-Index anschlie\u00dfen und plombieren. Der angeschlossene Receiver wird automatisch synchronisiert. Die modulare Verbindung zwischen Kommunikationsmodul und ENCODER-Index erm\u00f6glicht jederzeit den Austausch von Kommunikationsmodulen ohne zus\u00e4tzlichen Programmieraufwand. Daher bleibt der Messteil des Gasz\u00e4hlers unver\u00e4ndert. Der konsequent modulare Aufbau von Absolute ENCODER minimiert den Aufwand f\u00fcr Installation, Inbetriebnahme und Datenbereitstellung und sorgt f\u00fcr Investitionssicherheit f\u00fcr zuk\u00fcnftige Anwendungen. Die folgenden Absolute ENCODER Kommunikationsmodule (ACMs) sind f\u00fcr den Einbau in den Absolute ENCODER AE5 geeignet und erm\u00f6glichen die Daten\u00fcbertragung per Kabel oder Funk.","og_url":"https:\/\/fagas.ba\/produkt\/abolute-encoder-ae5\/","og_site_name":"FAGAS","article_modified_time":"2021-11-24T18:25:40+00:00","og_image":[{"width":640,"height":399,"url":"https:\/\/fagas.ba\/fgs\/wp-content\/uploads\/2021\/01\/2_ABOLUTE-ENCODER-AE5.jpg","type":"image\/jpeg"}],"twitter_card":"summary_large_image","twitter_misc":{"Gesch\u00e4tzte Lesezeit":"5\u00a0Minuten"},"schema":{"@context":"https:\/\/schema.org","@graph":[{"@type":"WebPage","@id":"https:\/\/fagas.ba\/produkt\/abolute-encoder-ae5\/","url":"https:\/\/fagas.ba\/produkt\/abolute-encoder-ae5\/","name":"ABOLUTE-ENCODER AE5 - FAGAS","isPartOf":{"@id":"https:\/\/fagas.ba\/en\/#website"},"datePublished":"2021-11-24T18:25:38+00:00","dateModified":"2021-11-24T18:25:40+00:00","breadcrumb":{"@id":"https:\/\/fagas.ba\/produkt\/abolute-encoder-ae5\/#breadcrumb"},"inLanguage":"de","potentialAction":[{"@type":"ReadAction","target":["https:\/\/fagas.ba\/produkt\/abolute-encoder-ae5\/"]}]},{"@type":"BreadcrumbList","@id":"https:\/\/fagas.ba\/produkt\/abolute-encoder-ae5\/#breadcrumb","itemListElement":[{"@type":"ListItem","position":1,"name":"Home","item":"https:\/\/fagas.ba\/"},{"@type":"ListItem","position":2,"name":"Products","item":"https:\/\/fagas.ba\/en\/shop\/"},{"@type":"ListItem","position":3,"name":"ABOLUTE-ENCODER AE5"}]},{"@type":"WebSite","@id":"https:\/\/fagas.ba\/en\/#website","url":"https:\/\/fagas.ba\/en\/","name":"FAGAS","description":"Projektovanje i proizvodnja gasne opreme","potentialAction":[{"@type":"SearchAction","target":{"@type":"EntryPoint","urlTemplate":"https:\/\/fagas.ba\/en\/?s={search_term_string}"},"query-input":"required name=search_term_string"}],"inLanguage":"de"}]}},"_links":{"self":[{"href":"https:\/\/fagas.ba\/de\/wp-json\/wp\/v2\/product\/5241"}],"collection":[{"href":"https:\/\/fagas.ba\/de\/wp-json\/wp\/v2\/product"}],"about":[{"href":"https:\/\/fagas.ba\/de\/wp-json\/wp\/v2\/types\/product"}],"replies":[{"embeddable":true,"href":"https:\/\/fagas.ba\/de\/wp-json\/wp\/v2\/comments?post=5241"}],"wp:featuredmedia":[{"embeddable":true,"href":"https:\/\/fagas.ba\/de\/wp-json\/wp\/v2\/media\/4240"}],"wp:attachment":[{"href":"https:\/\/fagas.ba\/de\/wp-json\/wp\/v2\/media?parent=5241"}],"wp:term":[{"taxonomy":"product_cat","embeddable":true,"href":"https:\/\/fagas.ba\/de\/wp-json\/wp\/v2\/product_cat?post=5241"},{"taxonomy":"product_tag","embeddable":true,"href":"https:\/\/fagas.ba\/de\/wp-json\/wp\/v2\/product_tag?post=5241"}],"curies":[{"name":"wp","href":"https:\/\/api.w.org\/{rel}","templated":true}]}}