{"id":5237,"date":"2021-11-23T23:07:15","date_gmt":"2021-11-23T23:07:15","guid":{"rendered":"https:\/\/fagas.ba\/product\/absolute-encoder-ae3\/"},"modified":"2021-11-23T23:07:16","modified_gmt":"2021-11-23T23:07:16","slug":"absolute-encoder-ae3","status":"publish","type":"product","link":"https:\/\/fagas.ba\/de\/produkt\/absolute-encoder-ae3\/","title":{"rendered":"ABSOLUTE ENCODER AE3"},"content":{"rendered":"<p>[et_pb_section fb_built=&#8220;1&#8243; _builder_version=&#8220;3.22&#8243; custom_padding=&#8220;0px||||false|false&#8220; da_is_popup=&#8220;off&#8220; da_exit_intent=&#8220;off&#8220; da_has_close=&#8220;on&#8220; da_alt_close=&#8220;off&#8220; da_dark_close=&#8220;off&#8220; da_not_modal=&#8220;on&#8220; da_is_singular=&#8220;off&#8220; da_with_loader=&#8220;off&#8220; da_has_shadow=&#8220;on&#8220; da_disable_devices=&#8220;off|off|off&#8220;][et_pb_row _builder_version=&#8220;3.25&#8243; background_size=&#8220;initial&#8220; background_position=&#8220;top_left&#8220; background_repeat=&#8220;repeat&#8220; width=&#8220;100%&#8220; custom_padding=&#8220;0px||0px||false|false&#8220;][et_pb_column type=&#8220;4_4&#8243; _builder_version=&#8220;3.25&#8243; custom_padding=&#8220;|||&#8220; custom_padding__hover=&#8220;|||&#8220;][et_pb_wc_breadcrumb admin_label=&#8220;Woo Breadcrumb&#8220; _builder_version=&#8220;3.0.47&#8243;][\/et_pb_wc_breadcrumb][\/et_pb_column][\/et_pb_row][et_pb_row column_structure=&#8220;1_2,1_2&#8243; _builder_version=&#8220;3.25&#8243; background_size=&#8220;initial&#8220; background_position=&#8220;top_left&#8220; background_repeat=&#8220;repeat&#8220; width=&#8220;100%&#8220; custom_padding=&#8220;0px||||false|false&#8220;][et_pb_column type=&#8220;1_2&#8243; _builder_version=&#8220;3.25&#8243; custom_padding=&#8220;|||&#8220; custom_padding__hover=&#8220;|||&#8220;][et_pb_wc_images _builder_version=&#8220;4.7.4&#8243; _module_preset=&#8220;default&#8220;][\/et_pb_wc_images][\/et_pb_column][et_pb_column type=&#8220;1_2&#8243; _builder_version=&#8220;3.25&#8243; custom_padding=&#8220;|||&#8220; custom_padding__hover=&#8220;|||&#8220;][et_pb_wc_title _builder_version=&#8220;3.0.47&#8243;][\/et_pb_wc_title][et_pb_wc_description _builder_version=&#8220;3.0.47&#8243;][\/et_pb_wc_description][et_pb_wc_meta _builder_version=&#8220;3.0.47&#8243;][\/et_pb_wc_meta][\/et_pb_column][\/et_pb_row][et_pb_row _builder_version=&#8220;3.25&#8243; background_size=&#8220;initial&#8220; background_position=&#8220;top_left&#8220; background_repeat=&#8220;repeat&#8220; width=&#8220;100%&#8220;][et_pb_column type=&#8220;4_4&#8243; _builder_version=&#8220;3.25&#8243; custom_padding=&#8220;|||&#8220; custom_padding__hover=&#8220;|||&#8220;][et_pb_divider color=&#8220;#D8D8D8&#8243; divider_position=&#8220;center&#8220; _builder_version=&#8220;4.7.4&#8243; _module_preset=&#8220;default&#8220;][\/et_pb_divider][et_pb_tabs module_class=&#8220;vertical-tabs2&#8243; _builder_version=&#8220;4.7.4&#8243; _module_preset=&#8220;default&#8220;][et_pb_tab title=&#8220;Technische Daten&#8220; _builder_version=&#8220;4.7.4&#8243; _module_preset=&#8220;default&#8220;]<\/p>\n<p><strong>Geltungsbereich<\/strong><\/p>\n<ul class=\"stup-list\">\n<li>Haushalts-, Gewerbe- und Industriegasz\u00e4hler (BK-G &#8230; A, G2,5 bis G100)<\/li>\n<li>Zul\u00e4ssige Gase: Erdgas, Stadtgas, Propan, Butan; Gase der ersten bis dritten Familie nach DIN EN 437:2003 (DVGW-Arbeitsblatt G260)<\/li>\n<\/ul>\n<p><strong>Hauptmerkmale<\/strong><\/p>\n<ul class=\"stup-list\">\n<li>Robustes Design ohne Batterie<\/li>\n<li>Optisches Lesen<\/li>\n<li>IP 54<\/li>\n<li>Plug &amp; Play-Installation<\/li>\n<\/ul>\n<p>[\/et_pb_tab][et_pb_tab title=&#8220;Technische Dokumentation&#8220; _builder_version=&#8220;4.7.4&#8243; _module_preset=&#8220;default&#8220;]<\/p>\n<ul class=\"documents-list\">\n<li><a href=\"http:\/\/fagas.ba\/fgs\/wp-content\/uploads\/2021\/01\/ZSD_1000505584_2_EN.pdf\" target=\"_blank\" rel=\"noopener noreferrer\">Technisches Dokument<\/a><\/li>\n<\/ul>\n<p>[\/et_pb_tab][\/et_pb_tabs][et_pb_divider color=&#8220;#D8D8D8&#8243; divider_position=&#8220;center&#8220; _builder_version=&#8220;4.7.4&#8243; _module_preset=&#8220;default&#8220;][\/et_pb_divider][et_pb_wc_related_products posts_number=&#8220;4&#8243; columns_number=&#8220;4&#8243; admin_label=&#8220;Sli\u010dni proizvodi&#8220; _builder_version=&#8220;4.7.4&#8243;][\/et_pb_wc_related_products][\/et_pb_column][\/et_pb_row][\/et_pb_section]<\/p>\n","protected":false},"excerpt":{"rendered":"<p>Der Absolut-ENCODER-Index f\u00fcr Balgengasz\u00e4hler besteht aus einem mechanischen Index, bei dem 7 einzelne Rollen optisch elektronisch abgetastet und gelesen werden. Die Daten werden dann kontinuierlich als Datenwort \u00fcber eine digitale Schnittstelle an die angeschlossenen Kommunikationsmodule \u00fcbertragen, wodurch eine kontinuierliche Sicherheit der Daten\u00fcbertragung im Vergleich zur herk\u00f6mmlichen Impuls\u00fcbertragung gew\u00e4hrleistet ist.<\/p>\n<p>Die Betriebsenergie des Balgenz\u00e4hlers wird aus dem Gasdruck abgeleitet. Lediglich zum Lesen des Absolute CODER wird elektrische Energie ben\u00f6tigt, die M-BUS bei der Daten\u00fcbertragung per Kabel zur Verf\u00fcgung stellt. Der M-BUS-Master ist im Stromz\u00e4hler oder Datenkonzentrator integriert. F\u00fcr diese Anwendung werden keine Batterien ben\u00f6tigt. Bei Datenfunk liefert die Batterie im Kommunikationsmodul den Strom. Die \u201eBasisversion\u201c des Absolute ENCODER AE3 kann auch nach der Netzwerkinstallation auf kabelgebundene oder drahtlose Kommunikationsmodule nachger\u00fcstet werden.<\/p>\n<p>Der konsequent modulare Aufbau von Absolute ENCODER minimiert den Aufwand f\u00fcr Installation, Inbetriebnahme und Datenbereitstellung und sorgt f\u00fcr Investitionssicherheit f\u00fcr zuk\u00fcnftige Anwendungen.<\/p>\n","protected":false},"featured_media":4244,"comment_status":"open","ping_status":"closed","template":"","meta":{"_et_pb_use_builder":"on","_et_pb_old_content":"Der Absolut-ENCODER-Index f\u00fcr Balgengasz\u00e4hler besteht aus einem mechanischen Index, bei dem 7 einzelne Rollen optisch elektronisch abgetastet und gelesen werden. Die Daten werden dann kontinuierlich als Datenwort \u00fcber eine digitale Schnittstelle an die angeschlossenen Kommunikationsmodule \u00fcbertragen, wodurch eine kontinuierliche Sicherheit der Daten\u00fcbertragung im Vergleich zur herk\u00f6mmlichen Impuls\u00fcbertragung gew\u00e4hrleistet ist.\n\nDie Betriebsenergie des Balgenz\u00e4hlers wird aus dem Gasdruck abgeleitet. Lediglich zum Lesen des Absolute CODER wird elektrische Energie ben\u00f6tigt, die M-BUS bei der Daten\u00fcbertragung per Kabel zur Verf\u00fcgung stellt. Der M-BUS-Master ist im Stromz\u00e4hler oder Datenkonzentrator integriert. F\u00fcr diese Anwendung werden keine Batterien ben\u00f6tigt. Bei Datenfunk liefert die Batterie im Kommunikationsmodul den Strom. Die \u201eBasisversion\u201c des Absolute ENCODER AE3 kann auch nach der Netzwerkinstallation auf kabelgebundene oder drahtlose Kommunikationsmodule nachger\u00fcstet werden.\n\nDer konsequent modulare Aufbau von Absolute ENCODER minimiert den Aufwand f\u00fcr Installation, Inbetriebnahme und Datenbereitstellung und sorgt f\u00fcr Investitionssicherheit f\u00fcr zuk\u00fcnftige Anwendungen.","_et_gb_content_width":""},"product_cat":[321,369,343,341],"product_tag":[213,293,217,233],"yoast_head":"<!-- This site is optimized with the Yoast SEO plugin v20.12 - https:\/\/yoast.com\/wordpress\/plugins\/seo\/ -->\n<title>ABSOLUTE ENCODER AE3 - FAGAS<\/title>\n<meta name=\"robots\" content=\"index, follow, max-snippet:-1, max-image-preview:large, max-video-preview:-1\" \/>\n<link rel=\"canonical\" href=\"https:\/\/fagas.ba\/produkt\/absolute-encoder-ae3\/\" \/>\n<meta property=\"og:locale\" content=\"de_DE\" \/>\n<meta property=\"og:type\" content=\"article\" \/>\n<meta property=\"og:title\" content=\"ABSOLUTE ENCODER AE3 - FAGAS\" \/>\n<meta property=\"og:description\" content=\"Der Absolut-ENCODER-Index f\u00fcr Balgengasz\u00e4hler besteht aus einem mechanischen Index, bei dem 7 einzelne Rollen optisch elektronisch abgetastet und gelesen werden. Die Daten werden dann kontinuierlich als Datenwort \u00fcber eine digitale Schnittstelle an die angeschlossenen Kommunikationsmodule \u00fcbertragen, wodurch eine kontinuierliche Sicherheit der Daten\u00fcbertragung im Vergleich zur herk\u00f6mmlichen Impuls\u00fcbertragung gew\u00e4hrleistet ist. Die Betriebsenergie des Balgenz\u00e4hlers wird aus dem Gasdruck abgeleitet. Lediglich zum Lesen des Absolute CODER wird elektrische Energie ben\u00f6tigt, die M-BUS bei der Daten\u00fcbertragung per Kabel zur Verf\u00fcgung stellt. Der M-BUS-Master ist im Stromz\u00e4hler oder Datenkonzentrator integriert. F\u00fcr diese Anwendung werden keine Batterien ben\u00f6tigt. Bei Datenfunk liefert die Batterie im Kommunikationsmodul den Strom. Die \u201eBasisversion\u201c des Absolute ENCODER AE3 kann auch nach der Netzwerkinstallation auf kabelgebundene oder drahtlose Kommunikationsmodule nachger\u00fcstet werden. Der konsequent modulare Aufbau von Absolute ENCODER minimiert den Aufwand f\u00fcr Installation, Inbetriebnahme und Datenbereitstellung und sorgt f\u00fcr Investitionssicherheit f\u00fcr zuk\u00fcnftige Anwendungen.\" \/>\n<meta property=\"og:url\" content=\"https:\/\/fagas.ba\/produkt\/absolute-encoder-ae3\/\" \/>\n<meta property=\"og:site_name\" content=\"FAGAS\" \/>\n<meta property=\"article:modified_time\" content=\"2021-11-23T23:07:16+00:00\" \/>\n<meta property=\"og:image\" content=\"https:\/\/fagas.ba\/fgs\/wp-content\/uploads\/2021\/01\/4_ABSOLUTE-ENCODER-AE3.jpg\" \/>\n\t<meta property=\"og:image:width\" content=\"640\" \/>\n\t<meta property=\"og:image:height\" content=\"399\" \/>\n\t<meta property=\"og:image:type\" content=\"image\/jpeg\" \/>\n<meta name=\"twitter:card\" content=\"summary_large_image\" \/>\n<meta name=\"twitter:label1\" content=\"Gesch\u00e4tzte Lesezeit\" \/>\n\t<meta name=\"twitter:data1\" content=\"2\u00a0Minuten\" \/>\n<script type=\"application\/ld+json\" class=\"yoast-schema-graph\">{\"@context\":\"https:\/\/schema.org\",\"@graph\":[{\"@type\":\"WebPage\",\"@id\":\"https:\/\/fagas.ba\/produkt\/absolute-encoder-ae3\/\",\"url\":\"https:\/\/fagas.ba\/produkt\/absolute-encoder-ae3\/\",\"name\":\"ABSOLUTE ENCODER AE3 - FAGAS\",\"isPartOf\":{\"@id\":\"https:\/\/fagas.ba\/en\/#website\"},\"datePublished\":\"2021-11-23T23:07:15+00:00\",\"dateModified\":\"2021-11-23T23:07:16+00:00\",\"breadcrumb\":{\"@id\":\"https:\/\/fagas.ba\/produkt\/absolute-encoder-ae3\/#breadcrumb\"},\"inLanguage\":\"de\",\"potentialAction\":[{\"@type\":\"ReadAction\",\"target\":[\"https:\/\/fagas.ba\/produkt\/absolute-encoder-ae3\/\"]}]},{\"@type\":\"BreadcrumbList\",\"@id\":\"https:\/\/fagas.ba\/produkt\/absolute-encoder-ae3\/#breadcrumb\",\"itemListElement\":[{\"@type\":\"ListItem\",\"position\":1,\"name\":\"Home\",\"item\":\"https:\/\/fagas.ba\/\"},{\"@type\":\"ListItem\",\"position\":2,\"name\":\"Products\",\"item\":\"https:\/\/fagas.ba\/en\/shop\/\"},{\"@type\":\"ListItem\",\"position\":3,\"name\":\"ABSOLUTE ENCODER AE3\"}]},{\"@type\":\"WebSite\",\"@id\":\"https:\/\/fagas.ba\/en\/#website\",\"url\":\"https:\/\/fagas.ba\/en\/\",\"name\":\"FAGAS\",\"description\":\"Projektovanje i proizvodnja gasne opreme\",\"potentialAction\":[{\"@type\":\"SearchAction\",\"target\":{\"@type\":\"EntryPoint\",\"urlTemplate\":\"https:\/\/fagas.ba\/en\/?s={search_term_string}\"},\"query-input\":\"required name=search_term_string\"}],\"inLanguage\":\"de\"}]}<\/script>\n<!-- \/ Yoast SEO plugin. -->","yoast_head_json":{"title":"ABSOLUTE ENCODER AE3 - FAGAS","robots":{"index":"index","follow":"follow","max-snippet":"max-snippet:-1","max-image-preview":"max-image-preview:large","max-video-preview":"max-video-preview:-1"},"canonical":"https:\/\/fagas.ba\/produkt\/absolute-encoder-ae3\/","og_locale":"de_DE","og_type":"article","og_title":"ABSOLUTE ENCODER AE3 - FAGAS","og_description":"Der Absolut-ENCODER-Index f\u00fcr Balgengasz\u00e4hler besteht aus einem mechanischen Index, bei dem 7 einzelne Rollen optisch elektronisch abgetastet und gelesen werden. Die Daten werden dann kontinuierlich als Datenwort \u00fcber eine digitale Schnittstelle an die angeschlossenen Kommunikationsmodule \u00fcbertragen, wodurch eine kontinuierliche Sicherheit der Daten\u00fcbertragung im Vergleich zur herk\u00f6mmlichen Impuls\u00fcbertragung gew\u00e4hrleistet ist. Die Betriebsenergie des Balgenz\u00e4hlers wird aus dem Gasdruck abgeleitet. Lediglich zum Lesen des Absolute CODER wird elektrische Energie ben\u00f6tigt, die M-BUS bei der Daten\u00fcbertragung per Kabel zur Verf\u00fcgung stellt. Der M-BUS-Master ist im Stromz\u00e4hler oder Datenkonzentrator integriert. F\u00fcr diese Anwendung werden keine Batterien ben\u00f6tigt. Bei Datenfunk liefert die Batterie im Kommunikationsmodul den Strom. Die \u201eBasisversion\u201c des Absolute ENCODER AE3 kann auch nach der Netzwerkinstallation auf kabelgebundene oder drahtlose Kommunikationsmodule nachger\u00fcstet werden. Der konsequent modulare Aufbau von Absolute ENCODER minimiert den Aufwand f\u00fcr Installation, Inbetriebnahme und Datenbereitstellung und sorgt f\u00fcr Investitionssicherheit f\u00fcr zuk\u00fcnftige Anwendungen.","og_url":"https:\/\/fagas.ba\/produkt\/absolute-encoder-ae3\/","og_site_name":"FAGAS","article_modified_time":"2021-11-23T23:07:16+00:00","og_image":[{"width":640,"height":399,"url":"https:\/\/fagas.ba\/fgs\/wp-content\/uploads\/2021\/01\/4_ABSOLUTE-ENCODER-AE3.jpg","type":"image\/jpeg"}],"twitter_card":"summary_large_image","twitter_misc":{"Gesch\u00e4tzte Lesezeit":"2\u00a0Minuten"},"schema":{"@context":"https:\/\/schema.org","@graph":[{"@type":"WebPage","@id":"https:\/\/fagas.ba\/produkt\/absolute-encoder-ae3\/","url":"https:\/\/fagas.ba\/produkt\/absolute-encoder-ae3\/","name":"ABSOLUTE ENCODER AE3 - FAGAS","isPartOf":{"@id":"https:\/\/fagas.ba\/en\/#website"},"datePublished":"2021-11-23T23:07:15+00:00","dateModified":"2021-11-23T23:07:16+00:00","breadcrumb":{"@id":"https:\/\/fagas.ba\/produkt\/absolute-encoder-ae3\/#breadcrumb"},"inLanguage":"de","potentialAction":[{"@type":"ReadAction","target":["https:\/\/fagas.ba\/produkt\/absolute-encoder-ae3\/"]}]},{"@type":"BreadcrumbList","@id":"https:\/\/fagas.ba\/produkt\/absolute-encoder-ae3\/#breadcrumb","itemListElement":[{"@type":"ListItem","position":1,"name":"Home","item":"https:\/\/fagas.ba\/"},{"@type":"ListItem","position":2,"name":"Products","item":"https:\/\/fagas.ba\/en\/shop\/"},{"@type":"ListItem","position":3,"name":"ABSOLUTE ENCODER AE3"}]},{"@type":"WebSite","@id":"https:\/\/fagas.ba\/en\/#website","url":"https:\/\/fagas.ba\/en\/","name":"FAGAS","description":"Projektovanje i proizvodnja gasne opreme","potentialAction":[{"@type":"SearchAction","target":{"@type":"EntryPoint","urlTemplate":"https:\/\/fagas.ba\/en\/?s={search_term_string}"},"query-input":"required name=search_term_string"}],"inLanguage":"de"}]}},"_links":{"self":[{"href":"https:\/\/fagas.ba\/de\/wp-json\/wp\/v2\/product\/5237"}],"collection":[{"href":"https:\/\/fagas.ba\/de\/wp-json\/wp\/v2\/product"}],"about":[{"href":"https:\/\/fagas.ba\/de\/wp-json\/wp\/v2\/types\/product"}],"replies":[{"embeddable":true,"href":"https:\/\/fagas.ba\/de\/wp-json\/wp\/v2\/comments?post=5237"}],"wp:featuredmedia":[{"embeddable":true,"href":"https:\/\/fagas.ba\/de\/wp-json\/wp\/v2\/media\/4244"}],"wp:attachment":[{"href":"https:\/\/fagas.ba\/de\/wp-json\/wp\/v2\/media?parent=5237"}],"wp:term":[{"taxonomy":"product_cat","embeddable":true,"href":"https:\/\/fagas.ba\/de\/wp-json\/wp\/v2\/product_cat?post=5237"},{"taxonomy":"product_tag","embeddable":true,"href":"https:\/\/fagas.ba\/de\/wp-json\/wp\/v2\/product_tag?post=5237"}],"curies":[{"name":"wp","href":"https:\/\/api.w.org\/{rel}","templated":true}]}}