{"id":5228,"date":"2021-11-23T22:56:50","date_gmt":"2021-11-23T22:56:50","guid":{"rendered":"https:\/\/fagas.ba\/product\/themis-evo-ei5-02-esmr5\/"},"modified":"2021-11-23T22:56:51","modified_gmt":"2021-11-23T22:56:51","slug":"themis-evo-ei5-02-esmr5","status":"publish","type":"product","link":"https:\/\/fagas.ba\/de\/produkt\/themis-evo-ei5-02-esmr5\/","title":{"rendered":"THEMIS-EVO EI5.02 (ESMR5)"},"content":{"rendered":"<p>[et_pb_section fb_built=&#8220;1&#8243; _builder_version=&#8220;3.22&#8243; custom_padding=&#8220;0px||||false|false&#8220; da_is_popup=&#8220;off&#8220; da_exit_intent=&#8220;off&#8220; da_has_close=&#8220;on&#8220; da_alt_close=&#8220;off&#8220; da_dark_close=&#8220;off&#8220; da_not_modal=&#8220;on&#8220; da_is_singular=&#8220;off&#8220; da_with_loader=&#8220;off&#8220; da_has_shadow=&#8220;on&#8220; da_disable_devices=&#8220;off|off|off&#8220;][et_pb_row _builder_version=&#8220;3.25&#8243; background_size=&#8220;initial&#8220; background_position=&#8220;top_left&#8220; background_repeat=&#8220;repeat&#8220; width=&#8220;100%&#8220; custom_padding=&#8220;0px||0px||false|false&#8220;][et_pb_column type=&#8220;4_4&#8243; _builder_version=&#8220;3.25&#8243; custom_padding=&#8220;|||&#8220; custom_padding__hover=&#8220;|||&#8220;][et_pb_wc_breadcrumb admin_label=&#8220;Woo Breadcrumb&#8220; _builder_version=&#8220;3.0.47&#8243;][\/et_pb_wc_breadcrumb][\/et_pb_column][\/et_pb_row][et_pb_row column_structure=&#8220;1_2,1_2&#8243; _builder_version=&#8220;3.25&#8243; background_size=&#8220;initial&#8220; background_position=&#8220;top_left&#8220; background_repeat=&#8220;repeat&#8220; width=&#8220;100%&#8220; custom_padding=&#8220;0px||||false|false&#8220;][et_pb_column type=&#8220;1_2&#8243; _builder_version=&#8220;3.25&#8243; custom_padding=&#8220;|||&#8220; custom_padding__hover=&#8220;|||&#8220;][et_pb_wc_images _builder_version=&#8220;4.7.4&#8243; _module_preset=&#8220;default&#8220;][\/et_pb_wc_images][\/et_pb_column][et_pb_column type=&#8220;1_2&#8243; _builder_version=&#8220;3.25&#8243; custom_padding=&#8220;|||&#8220; custom_padding__hover=&#8220;|||&#8220;][et_pb_wc_title _builder_version=&#8220;3.0.47&#8243;][\/et_pb_wc_title][et_pb_wc_description _builder_version=&#8220;3.0.47&#8243;][\/et_pb_wc_description][et_pb_wc_meta _builder_version=&#8220;3.0.47&#8243;][\/et_pb_wc_meta][\/et_pb_column][\/et_pb_row][et_pb_row _builder_version=&#8220;3.25&#8243; background_size=&#8220;initial&#8220; background_position=&#8220;top_left&#8220; background_repeat=&#8220;repeat&#8220; width=&#8220;100%&#8220;][et_pb_column type=&#8220;4_4&#8243; _builder_version=&#8220;3.25&#8243; custom_padding=&#8220;|||&#8220; custom_padding__hover=&#8220;|||&#8220;][et_pb_divider color=&#8220;#D8D8D8&#8243; divider_position=&#8220;center&#8220; _builder_version=&#8220;4.7.4&#8243; _module_preset=&#8220;default&#8220;][\/et_pb_divider][et_pb_tabs module_class=&#8220;vertical-tabs2&#8243; _builder_version=&#8220;4.7.4&#8243; _module_preset=&#8220;default&#8220;][et_pb_tab title=&#8220;Kommunikation&#8220; _builder_version=&#8220;4.7.4&#8243; _module_preset=&#8220;default&#8220;]<strong>Kurzstreckenkommunikation<\/strong><\/p>\n<ul class=\"stup-list\">\n<li>Wireless M-Bus (868 MHz) gem\u00e4\u00df Enexis Smart Meter (ESMR5) Anforderungen basierend auf EN 13757<\/li>\n<li>Integrierte Antenne<\/li>\n<\/ul>\n<p><strong>Kommunikationsprofil<\/strong><\/p>\n<p><em><strong>Wireless M-Bus, T2-Modus nach EN 13757-4<\/strong><\/em><\/p>\n<ul class=\"stup-list\">\n<li>\u00dcbertragung von Daten pro Stunde (z. B. aktueller Stundenvolumenwert im Grundzustand mit Zeitstempel und letzten 3 Stundenwerten) an den Stromz\u00e4hler<\/li>\n<li>Zwei-Wege-Kommunikation einmal t\u00e4glich (z. B. zur Zeitsynchronisation)<\/li>\n<li>Push-Nachricht (zB wenn Alarme erscheinen)<\/li>\n<\/ul>\n<p><em><strong>Wireless M-Bus, Betriebsart C1 nach EN 13757-4<\/strong><\/em><\/p>\n<ul class=\"stup-list\">\n<li>\u00dcbertragen Sie alle 5 Minuten das aktuelle Volumen und den Zeitstempel<\/li>\n<\/ul>\n<p>[\/et_pb_tab][et_pb_tab title=&#8220;Datensicherheit&#8220; _builder_version=&#8220;4.7.4&#8243; _module_preset=&#8220;default&#8220;]<\/p>\n<p><strong>Sicherheit und Datenschutz<\/strong><\/p>\n<ul class=\"stup-list\">\n<li>Sichere Datenverschl\u00fcsselung und -authentifizierung nach dem neuesten Stand der Technik:<\/li>\n<li>Symmetrische Verschl\u00fcsselung mittels AES-128 (GCM) und Authentifizierung (GMAC) nach<\/li>\n<li>EN 13757-3 (Sicherheitsmodus 9)<\/li>\n<li>Die Schl\u00fcssel k\u00f6nnen ersetzt werden<\/li>\n<li>Die Zukunft f\u00fcr sichere Firmware-Updates<\/li>\n<li>Weiteres Ger\u00e4t benachrichtigen, wenn ein unberechtigter Zugriffsversuch erkannt wird<\/li>\n<li>T\u00e4glich einen Statusbericht senden<\/li>\n<\/ul>\n<p>[\/et_pb_tab][et_pb_tab title=&#8220;Technische Daten&#8220; _builder_version=&#8220;4.7.4&#8243; _module_preset=&#8220;default&#8220;]<\/p>\n<p><strong>Geltungsbereich<\/strong><\/p>\n<ul class=\"stup-list\">\n<li>Haushalts- und Gewerbegasz\u00e4hler (BK-G\u2026ETeB, G1.6 bis G25)<\/li>\n<li>Zul\u00e4ssige Gase: Erdgas, Stadtgas, Propan, Butan; Gase der ersten bis dritten Familie nach DIN EN 437:2003 (DVGW-Arbeitsblatt G260)<\/li>\n<\/ul>\n<p><strong>Geh\u00e4use<\/strong><\/p>\n<ul class=\"stup-list\">\n<li>IP 54 nach DIN EN 60529<\/li>\n<\/ul>\n<p><strong>Gas-\/Umweltbedingungen<\/strong><\/p>\n<ul class=\"stup-list\">\n<li>Gastemperaturbereich: -25 \u00b0C bis +55 \u00b0C<\/li>\n<li>Umgebungstemperaturbereich: -25 \u00b0C bis +55 \u00b0C<\/li>\n<li>Lagertemperaturbereich: -25 \u00b0C bis +60 \u00b0C<\/li>\n<\/ul>\n<p><strong>Volumenbezeichnung unter Randbedingungen<\/strong><\/p>\n<ul class=\"stup-list\">\n<li>Berechnete Umrechnung in Volumen unter Randbedingungen (Tb, pb) basierend auf einem festen Wert von psp f\u00fcr den Druck w\u00e4hrend der Volumenmessung<\/li>\n<li>Basistemperatur Tb: 273,15K \u2259 0\u00b0C<\/li>\n<li>Basisdruck pb: 1013,25 hPa<\/li>\n<li>Fester psp-Wert: 1043,25 hPa<\/li>\n<\/ul>\n<p><strong>Benutzeroberfl\u00e4che<\/strong><\/p>\n<ul class=\"stup-list\">\n<li>LCD Bildschirm<\/li>\n<li>Intuitive Men\u00fcf\u00fchrung mit einer Taste (zB f\u00fcr Installateur oder Endanwender)<\/li>\n<\/ul>\n<p><strong>Sprachen<\/strong><\/p>\n<ul class=\"stup-list\">\n<li>Niederl\u00e4ndisch<\/li>\n<li>Andere Sprachkits sind auf Anfrage erh\u00e4ltlich<\/li>\n<\/ul>\n<p><strong>Batterielebensdauer<\/strong><\/p>\n<ul class=\"stup-list\">\n<li>Bis zu 20 Jahre, je nach Nutzungsprofil<\/li>\n<li>Bei Bedarf kann die Batterie im Feld ohne Datenverlust ausgetauscht werden<\/li>\n<\/ul>\n<p><strong>Schreiben von Daten in den Index<\/strong><\/p>\n<ul class=\"stup-list\">\n<li>Die integrierte Datalogging-Funktion erfasst die Gasmenge in den Randbedingungen in Verbindung mit der aktuellen Uhrzeit und Temperatur<\/li>\n<li>Speicherkapazit\u00e4t:<\/li>\n<li>Stundenwerte: 1224 Datens\u00e4tze (\u2259 51 Tage)<\/li>\n<li>Permanentes (quasi-metrologisches) Tagebuch: 285 Datens\u00e4tze<\/li>\n<li>Tagebuch first-first-out (FIFO): 285 Datens\u00e4tze<\/li>\n<\/ul>\n<p><strong>Aktuelle Zulassungen<\/strong><\/p>\n<ul class=\"stup-list\">\n<li>MID-Klasse 1,5<\/li>\n<li>EN 1359<\/li>\n<li>CE<\/li>\n<li>EMC<\/li>\n<li>R &amp; TTE<\/li>\n<\/ul>\n<p>[\/et_pb_tab][et_pb_tab title=&#8220;Technische Dokumentation&#8220; _builder_version=&#8220;4.7.4&#8243; _module_preset=&#8220;default&#8220;]<\/p>\n<ul class=\"documents-list\">\n<li><a href=\"http:\/\/fagas.ba\/fgs\/wp-content\/uploads\/2021\/01\/DS_themis_alpha_SRB-1.pdf\" target=\"_blank\" rel=\"noopener noreferrer\">Technisches Dokument<\/a><\/li>\n<\/ul>\n<p>[\/et_pb_tab][\/et_pb_tabs][et_pb_divider color=&#8220;#D8D8D8&#8243; divider_position=&#8220;center&#8220; _builder_version=&#8220;4.7.4&#8243; _module_preset=&#8220;default&#8220;][\/et_pb_divider][et_pb_wc_related_products posts_number=&#8220;4&#8243; columns_number=&#8220;4&#8243; admin_label=&#8220;Sli\u010dni proizvodi&#8220; _builder_version=&#8220;4.7.4&#8243;][\/et_pb_wc_related_products][\/et_pb_column][\/et_pb_row][\/et_pb_section]<\/p>\n","protected":false},"excerpt":{"rendered":"<p>Die themis<sup>\u00aeevo<\/sup> EI5.02 Indexvariante wurde speziell f\u00fcr den niederl\u00e4ndischen Markt entwickelt und erf\u00fcllt die Anforderungen von ESMR5 (Enexis Smart Meter Requirements). Hierbei handelt es sich um ein integriertes elektronisches Register mit einem Eintasten-LCD-Matrix-Display, das als Benutzerschnittstelle fungiert. Der Index hat eine maximale Batterielebensdauer von 20 Jahren, abh\u00e4ngig von der Nutzung des Z\u00e4hlers, die Batterie ist jedoch im Feld austauschbar.<br \/>\nEin mit themis<sup>\u00aeevo<\/sup> ausgestatteter Gasz\u00e4hler wird \u00fcber die M-Bus Nahbereichs-Funkschnittstelle (868 MHz) nach ESMR5 mit dem Stromz\u00e4hler verbunden. So wie ein Gasz\u00e4hler, der in regelm\u00e4\u00dfigen Abst\u00e4nden das Volumen misst, den Stromz\u00e4hler meldet, werden auch Ereignisse und Alarmmeldungen gesendet, wenn sie auftreten. Vorkehrungen zur Gew\u00e4hrleistung von Integrit\u00e4t, Vertraulichkeit und Authentizit\u00e4t beim Datenaustausch zwischen Kommunikationspartnern entsprechen dem neuesten Stand der Technik. Ein sicheres Update der Firmware in der Luft sorgt daf\u00fcr, dass die Technologie zukunftssicher ist und bei Bedarf an neue Anforderungen angepasst werden kann.<br \/>\nDie Anzeige des Volumens in den Grundbedingungen ist eine Besonderheit des themis<sup>\u00aeevo<\/sup>-Index. \u00dcber eine integrierte Elektronik zur Messung von Temperatur und Festdruck wird das gemessene Volumen unter Grundbedingungen (Grundtemperatur Tb = 0 \u00b0C, Grunddruck pb = 1013,25 hPa) in Volumen umgerechnet, auf dem Bildschirm angezeigt, im Index gespeichert und \u00fcbertragen durch Kommunikationspartner.<\/p>\n","protected":false},"featured_media":4252,"comment_status":"open","ping_status":"closed","template":"","meta":{"_et_pb_use_builder":"on","_et_pb_old_content":"Die themis<sup>\u00aeevo<\/sup> EI5.02 Indexvariante wurde speziell f\u00fcr den niederl\u00e4ndischen Markt entwickelt und erf\u00fcllt die Anforderungen von ESMR5 (Enexis Smart Meter Requirements). Hierbei handelt es sich um ein integriertes elektronisches Register mit einem Eintasten-LCD-Matrix-Display, das als Benutzerschnittstelle fungiert. Der Index hat eine maximale Batterielebensdauer von 20 Jahren, abh\u00e4ngig von der Nutzung des Z\u00e4hlers, die Batterie ist jedoch im Feld austauschbar.\nEin mit themis<sup>\u00aeevo<\/sup> ausgestatteter Gasz\u00e4hler wird \u00fcber die M-Bus Nahbereichs-Funkschnittstelle (868 MHz) nach ESMR5 mit dem Stromz\u00e4hler verbunden. So wie ein Gasz\u00e4hler, der in regelm\u00e4\u00dfigen Abst\u00e4nden das Volumen misst, den Stromz\u00e4hler meldet, werden auch Ereignisse und Alarmmeldungen gesendet, wenn sie auftreten. Vorkehrungen zur Gew\u00e4hrleistung von Integrit\u00e4t, Vertraulichkeit und Authentizit\u00e4t beim Datenaustausch zwischen Kommunikationspartnern entsprechen dem neuesten Stand der Technik. Ein sicheres Update der Firmware in der Luft sorgt daf\u00fcr, dass die Technologie zukunftssicher ist und bei Bedarf an neue Anforderungen angepasst werden kann.\nDie Anzeige des Volumens in den Grundbedingungen ist eine Besonderheit des themis<sup>\u00aeevo<\/sup>-Index. \u00dcber eine integrierte Elektronik zur Messung von Temperatur und Festdruck wird das gemessene Volumen unter Grundbedingungen (Grundtemperatur Tb = 0 \u00b0C, Grunddruck pb = 1013,25 hPa) in Volumen umgerechnet, auf dem Bildschirm angezeigt, im Index gespeichert und \u00fcbertragen durch Kommunikationspartner.","_et_gb_content_width":""},"product_cat":[321,369,343,341],"product_tag":[213,293,217,233],"yoast_head":"<!-- This site is optimized with the Yoast SEO plugin v20.12 - https:\/\/yoast.com\/wordpress\/plugins\/seo\/ -->\n<title>THEMIS-EVO EI5.02 (ESMR5) - FAGAS<\/title>\n<meta name=\"robots\" content=\"index, follow, max-snippet:-1, max-image-preview:large, max-video-preview:-1\" \/>\n<link rel=\"canonical\" href=\"https:\/\/fagas.ba\/produkt\/themis-evo-ei5-02-esmr5\/\" \/>\n<meta property=\"og:locale\" content=\"de_DE\" \/>\n<meta property=\"og:type\" content=\"article\" \/>\n<meta property=\"og:title\" content=\"THEMIS-EVO EI5.02 (ESMR5) - FAGAS\" \/>\n<meta property=\"og:description\" content=\"Die themis\u00aeevo EI5.02 Indexvariante wurde speziell f\u00fcr den niederl\u00e4ndischen Markt entwickelt und erf\u00fcllt die Anforderungen von ESMR5 (Enexis Smart Meter Requirements). Hierbei handelt es sich um ein integriertes elektronisches Register mit einem Eintasten-LCD-Matrix-Display, das als Benutzerschnittstelle fungiert. Der Index hat eine maximale Batterielebensdauer von 20 Jahren, abh\u00e4ngig von der Nutzung des Z\u00e4hlers, die Batterie ist jedoch im Feld austauschbar. Ein mit themis\u00aeevo ausgestatteter Gasz\u00e4hler wird \u00fcber die M-Bus Nahbereichs-Funkschnittstelle (868 MHz) nach ESMR5 mit dem Stromz\u00e4hler verbunden. So wie ein Gasz\u00e4hler, der in regelm\u00e4\u00dfigen Abst\u00e4nden das Volumen misst, den Stromz\u00e4hler meldet, werden auch Ereignisse und Alarmmeldungen gesendet, wenn sie auftreten. Vorkehrungen zur Gew\u00e4hrleistung von Integrit\u00e4t, Vertraulichkeit und Authentizit\u00e4t beim Datenaustausch zwischen Kommunikationspartnern entsprechen dem neuesten Stand der Technik. Ein sicheres Update der Firmware in der Luft sorgt daf\u00fcr, dass die Technologie zukunftssicher ist und bei Bedarf an neue Anforderungen angepasst werden kann. Die Anzeige des Volumens in den Grundbedingungen ist eine Besonderheit des themis\u00aeevo-Index. \u00dcber eine integrierte Elektronik zur Messung von Temperatur und Festdruck wird das gemessene Volumen unter Grundbedingungen (Grundtemperatur Tb = 0 \u00b0C, Grunddruck pb = 1013,25 hPa) in Volumen umgerechnet, auf dem Bildschirm angezeigt, im Index gespeichert und \u00fcbertragen durch Kommunikationspartner.\" \/>\n<meta property=\"og:url\" content=\"https:\/\/fagas.ba\/produkt\/themis-evo-ei5-02-esmr5\/\" \/>\n<meta property=\"og:site_name\" content=\"FAGAS\" \/>\n<meta property=\"article:modified_time\" content=\"2021-11-23T22:56:51+00:00\" \/>\n<meta property=\"og:image\" content=\"https:\/\/fagas.ba\/fgs\/wp-content\/uploads\/2021\/01\/8_THEMIS-EVO-EI5.02-ESMR5.jpg\" \/>\n\t<meta property=\"og:image:width\" content=\"640\" \/>\n\t<meta property=\"og:image:height\" content=\"399\" \/>\n\t<meta property=\"og:image:type\" content=\"image\/jpeg\" \/>\n<meta name=\"twitter:card\" content=\"summary_large_image\" \/>\n<meta name=\"twitter:label1\" content=\"Gesch\u00e4tzte Lesezeit\" \/>\n\t<meta name=\"twitter:data1\" content=\"3\u00a0Minuten\" \/>\n<script type=\"application\/ld+json\" class=\"yoast-schema-graph\">{\"@context\":\"https:\/\/schema.org\",\"@graph\":[{\"@type\":\"WebPage\",\"@id\":\"https:\/\/fagas.ba\/produkt\/themis-evo-ei5-02-esmr5\/\",\"url\":\"https:\/\/fagas.ba\/produkt\/themis-evo-ei5-02-esmr5\/\",\"name\":\"THEMIS-EVO EI5.02 (ESMR5) - FAGAS\",\"isPartOf\":{\"@id\":\"https:\/\/fagas.ba\/en\/#website\"},\"datePublished\":\"2021-11-23T22:56:50+00:00\",\"dateModified\":\"2021-11-23T22:56:51+00:00\",\"breadcrumb\":{\"@id\":\"https:\/\/fagas.ba\/produkt\/themis-evo-ei5-02-esmr5\/#breadcrumb\"},\"inLanguage\":\"de\",\"potentialAction\":[{\"@type\":\"ReadAction\",\"target\":[\"https:\/\/fagas.ba\/produkt\/themis-evo-ei5-02-esmr5\/\"]}]},{\"@type\":\"BreadcrumbList\",\"@id\":\"https:\/\/fagas.ba\/produkt\/themis-evo-ei5-02-esmr5\/#breadcrumb\",\"itemListElement\":[{\"@type\":\"ListItem\",\"position\":1,\"name\":\"Home\",\"item\":\"https:\/\/fagas.ba\/\"},{\"@type\":\"ListItem\",\"position\":2,\"name\":\"Products\",\"item\":\"https:\/\/fagas.ba\/en\/shop\/\"},{\"@type\":\"ListItem\",\"position\":3,\"name\":\"THEMIS-EVO EI5.02 (ESMR5)\"}]},{\"@type\":\"WebSite\",\"@id\":\"https:\/\/fagas.ba\/en\/#website\",\"url\":\"https:\/\/fagas.ba\/en\/\",\"name\":\"FAGAS\",\"description\":\"Projektovanje i proizvodnja gasne opreme\",\"potentialAction\":[{\"@type\":\"SearchAction\",\"target\":{\"@type\":\"EntryPoint\",\"urlTemplate\":\"https:\/\/fagas.ba\/en\/?s={search_term_string}\"},\"query-input\":\"required name=search_term_string\"}],\"inLanguage\":\"de\"}]}<\/script>\n<!-- \/ Yoast SEO plugin. -->","yoast_head_json":{"title":"THEMIS-EVO EI5.02 (ESMR5) - FAGAS","robots":{"index":"index","follow":"follow","max-snippet":"max-snippet:-1","max-image-preview":"max-image-preview:large","max-video-preview":"max-video-preview:-1"},"canonical":"https:\/\/fagas.ba\/produkt\/themis-evo-ei5-02-esmr5\/","og_locale":"de_DE","og_type":"article","og_title":"THEMIS-EVO EI5.02 (ESMR5) - FAGAS","og_description":"Die themis\u00aeevo EI5.02 Indexvariante wurde speziell f\u00fcr den niederl\u00e4ndischen Markt entwickelt und erf\u00fcllt die Anforderungen von ESMR5 (Enexis Smart Meter Requirements). Hierbei handelt es sich um ein integriertes elektronisches Register mit einem Eintasten-LCD-Matrix-Display, das als Benutzerschnittstelle fungiert. Der Index hat eine maximale Batterielebensdauer von 20 Jahren, abh\u00e4ngig von der Nutzung des Z\u00e4hlers, die Batterie ist jedoch im Feld austauschbar. Ein mit themis\u00aeevo ausgestatteter Gasz\u00e4hler wird \u00fcber die M-Bus Nahbereichs-Funkschnittstelle (868 MHz) nach ESMR5 mit dem Stromz\u00e4hler verbunden. So wie ein Gasz\u00e4hler, der in regelm\u00e4\u00dfigen Abst\u00e4nden das Volumen misst, den Stromz\u00e4hler meldet, werden auch Ereignisse und Alarmmeldungen gesendet, wenn sie auftreten. Vorkehrungen zur Gew\u00e4hrleistung von Integrit\u00e4t, Vertraulichkeit und Authentizit\u00e4t beim Datenaustausch zwischen Kommunikationspartnern entsprechen dem neuesten Stand der Technik. Ein sicheres Update der Firmware in der Luft sorgt daf\u00fcr, dass die Technologie zukunftssicher ist und bei Bedarf an neue Anforderungen angepasst werden kann. Die Anzeige des Volumens in den Grundbedingungen ist eine Besonderheit des themis\u00aeevo-Index. \u00dcber eine integrierte Elektronik zur Messung von Temperatur und Festdruck wird das gemessene Volumen unter Grundbedingungen (Grundtemperatur Tb = 0 \u00b0C, Grunddruck pb = 1013,25 hPa) in Volumen umgerechnet, auf dem Bildschirm angezeigt, im Index gespeichert und \u00fcbertragen durch Kommunikationspartner.","og_url":"https:\/\/fagas.ba\/produkt\/themis-evo-ei5-02-esmr5\/","og_site_name":"FAGAS","article_modified_time":"2021-11-23T22:56:51+00:00","og_image":[{"width":640,"height":399,"url":"https:\/\/fagas.ba\/fgs\/wp-content\/uploads\/2021\/01\/8_THEMIS-EVO-EI5.02-ESMR5.jpg","type":"image\/jpeg"}],"twitter_card":"summary_large_image","twitter_misc":{"Gesch\u00e4tzte Lesezeit":"3\u00a0Minuten"},"schema":{"@context":"https:\/\/schema.org","@graph":[{"@type":"WebPage","@id":"https:\/\/fagas.ba\/produkt\/themis-evo-ei5-02-esmr5\/","url":"https:\/\/fagas.ba\/produkt\/themis-evo-ei5-02-esmr5\/","name":"THEMIS-EVO EI5.02 (ESMR5) - FAGAS","isPartOf":{"@id":"https:\/\/fagas.ba\/en\/#website"},"datePublished":"2021-11-23T22:56:50+00:00","dateModified":"2021-11-23T22:56:51+00:00","breadcrumb":{"@id":"https:\/\/fagas.ba\/produkt\/themis-evo-ei5-02-esmr5\/#breadcrumb"},"inLanguage":"de","potentialAction":[{"@type":"ReadAction","target":["https:\/\/fagas.ba\/produkt\/themis-evo-ei5-02-esmr5\/"]}]},{"@type":"BreadcrumbList","@id":"https:\/\/fagas.ba\/produkt\/themis-evo-ei5-02-esmr5\/#breadcrumb","itemListElement":[{"@type":"ListItem","position":1,"name":"Home","item":"https:\/\/fagas.ba\/"},{"@type":"ListItem","position":2,"name":"Products","item":"https:\/\/fagas.ba\/en\/shop\/"},{"@type":"ListItem","position":3,"name":"THEMIS-EVO EI5.02 (ESMR5)"}]},{"@type":"WebSite","@id":"https:\/\/fagas.ba\/en\/#website","url":"https:\/\/fagas.ba\/en\/","name":"FAGAS","description":"Projektovanje i proizvodnja gasne opreme","potentialAction":[{"@type":"SearchAction","target":{"@type":"EntryPoint","urlTemplate":"https:\/\/fagas.ba\/en\/?s={search_term_string}"},"query-input":"required name=search_term_string"}],"inLanguage":"de"}]}},"_links":{"self":[{"href":"https:\/\/fagas.ba\/de\/wp-json\/wp\/v2\/product\/5228"}],"collection":[{"href":"https:\/\/fagas.ba\/de\/wp-json\/wp\/v2\/product"}],"about":[{"href":"https:\/\/fagas.ba\/de\/wp-json\/wp\/v2\/types\/product"}],"replies":[{"embeddable":true,"href":"https:\/\/fagas.ba\/de\/wp-json\/wp\/v2\/comments?post=5228"}],"wp:featuredmedia":[{"embeddable":true,"href":"https:\/\/fagas.ba\/de\/wp-json\/wp\/v2\/media\/4252"}],"wp:attachment":[{"href":"https:\/\/fagas.ba\/de\/wp-json\/wp\/v2\/media?parent=5228"}],"wp:term":[{"taxonomy":"product_cat","embeddable":true,"href":"https:\/\/fagas.ba\/de\/wp-json\/wp\/v2\/product_cat?post=5228"},{"taxonomy":"product_tag","embeddable":true,"href":"https:\/\/fagas.ba\/de\/wp-json\/wp\/v2\/product_tag?post=5228"}],"curies":[{"name":"wp","href":"https:\/\/api.w.org\/{rel}","templated":true}]}}