{"id":5226,"date":"2021-11-23T22:31:34","date_gmt":"2021-11-23T22:31:34","guid":{"rendered":"https:\/\/fagas.ba\/product\/themis-log\/"},"modified":"2021-11-23T22:31:36","modified_gmt":"2021-11-23T22:31:36","slug":"themis-log","status":"publish","type":"product","link":"https:\/\/fagas.ba\/de\/produkt\/themis-log\/","title":{"rendered":"THEMIS-LOG"},"content":{"rendered":"<p>[et_pb_section fb_built=&#8220;1&#8243; _builder_version=&#8220;3.22&#8243; custom_padding=&#8220;0px||||false|false&#8220;][et_pb_row _builder_version=&#8220;3.25&#8243; background_size=&#8220;initial&#8220; background_position=&#8220;top_left&#8220; background_repeat=&#8220;repeat&#8220; width=&#8220;100%&#8220; custom_padding=&#8220;0px||0px||false|false&#8220;][et_pb_column type=&#8220;4_4&#8243; _builder_version=&#8220;3.25&#8243; custom_padding=&#8220;|||&#8220; custom_padding__hover=&#8220;|||&#8220;][et_pb_wc_breadcrumb admin_label=&#8220;Woo Breadcrumb&#8220; _builder_version=&#8220;3.0.47&#8243;][\/et_pb_wc_breadcrumb][\/et_pb_column][\/et_pb_row][et_pb_row column_structure=&#8220;1_2,1_2&#8243; _builder_version=&#8220;3.25&#8243; background_size=&#8220;initial&#8220; background_position=&#8220;top_left&#8220; background_repeat=&#8220;repeat&#8220; width=&#8220;100%&#8220; custom_padding=&#8220;0px||||false|false&#8220;][et_pb_column type=&#8220;1_2&#8243; _builder_version=&#8220;3.25&#8243; custom_padding=&#8220;|||&#8220; custom_padding__hover=&#8220;|||&#8220;][et_pb_wc_images _builder_version=&#8220;4.7.4&#8243; _module_preset=&#8220;default&#8220;][\/et_pb_wc_images][\/et_pb_column][et_pb_column type=&#8220;1_2&#8243; _builder_version=&#8220;3.25&#8243; custom_padding=&#8220;|||&#8220; custom_padding__hover=&#8220;|||&#8220;][et_pb_wc_title _builder_version=&#8220;3.0.47&#8243;][\/et_pb_wc_title][et_pb_wc_description _builder_version=&#8220;3.0.47&#8243;][\/et_pb_wc_description][et_pb_wc_meta _builder_version=&#8220;3.0.47&#8243;][\/et_pb_wc_meta][\/et_pb_column][\/et_pb_row][et_pb_row _builder_version=&#8220;3.25&#8243; background_size=&#8220;initial&#8220; background_position=&#8220;top_left&#8220; background_repeat=&#8220;repeat&#8220; width=&#8220;100%&#8220;][et_pb_column type=&#8220;4_4&#8243; _builder_version=&#8220;3.25&#8243; custom_padding=&#8220;|||&#8220; custom_padding__hover=&#8220;|||&#8220;][et_pb_divider color=&#8220;#D8D8D8&#8243; divider_position=&#8220;center&#8220; _builder_version=&#8220;4.7.4&#8243; _module_preset=&#8220;default&#8220;][\/et_pb_divider][et_pb_tabs module_class=&#8220;vertical-tabs2&#8243; _builder_version=&#8220;4.7.4&#8243; _module_preset=&#8220;default&#8220; hover_enabled=&#8220;0&#8243; sticky_enabled=&#8220;0&#8243;][et_pb_tab title=&#8220;Modularit\u00e4t&#8220; _builder_version=&#8220;4.7.4&#8243; _module_preset=&#8220;default&#8220; hover_enabled=&#8220;0&#8243; sticky_enabled=&#8220;0&#8243;]Der metrologische Teil des Index ist eichrechtlich gesch\u00fctzt. Durch die getrennte Versiegelung des Kommunikationsmoduls und der Batterie ist jedoch ein Austausch des Moduls und\/oder der Batterie mit eingebautem Index ohne Besch\u00e4digung des Eichsiegels m\u00f6glich.[\/et_pb_tab][et_pb_tab title=&#8220;Kommunikation&#8220; _builder_version=&#8220;4.7.4&#8243; _module_preset=&#8220;default&#8220; hover_enabled=&#8220;0&#8243; sticky_enabled=&#8220;0&#8243;]<\/p>\n<p><strong>Lokale Kommunikation<\/strong><\/p>\n<ul class=\"stup-list\">\n<li>Optischer bidirektionaler IEC 62056-21-Anschluss (DLMS \/ COSEM)<\/li>\n<li>Niederfrequenter Impulsausgang (Umax 10 V DC, Imax 100 mA, Fmax 4 Hz, min. Impulsbreite 125 ms)<\/li>\n<\/ul>\n<p><strong>Wide-Network-Kommunikationsmodule<\/strong><\/p>\n<ul class=\"stup-list\">\n<li>GSM \/ GPRS zu DLMS \/ COSEM<\/li>\n<li>GSM \/ GPRS zu UMI<\/li>\n<li>Externe Antenne (optional)<\/li>\n<\/ul>\n<p>[\/et_pb_tab][et_pb_tab title=&#8220;Datensicherheit&#8220; _builder_version=&#8220;4.7.4&#8243; _module_preset=&#8220;default&#8220; hover_enabled=&#8220;0&#8243; sticky_enabled=&#8220;0&#8243;]<br \/>\n&gt; Der themislog-Index bietet eine sichere Ende-zu-Ende-Datenverschl\u00fcsselung nach aktuellen Industriestandards. Dies gew\u00e4hrleistet ein angemessenes Ma\u00df an Datensicherheit und Datenschutz. Er ist auch sehr gut vor Betrugsversuchen und unbefugtem Verhalten gesch\u00fctzt und kann versuchten unbefugten Umgang mit niedrigeren Beh\u00f6rden melden. Fernlesbare Ereignisprotokolle bieten daher zus\u00e4tzliche Sicherheit. Es werden zertifikatsbasierte asymmetrische Verschl\u00fcsselungsverfahren sowie symmetrische Verschl\u00fcsselungsstandards (zB AES-128) f\u00fcr bestehende Kommunikationsmodule unterst\u00fctzt.[\/et_pb_tab][et_pb_tab title=&#8220;Technische Daten&#8220; _builder_version=&#8220;4.7.4&#8243; _module_preset=&#8220;default&#8220; hover_enabled=&#8220;0&#8243; sticky_enabled=&#8220;0&#8243;]<\/p>\n<p><strong>Anwendung<\/strong><\/p>\n<ul class=\"stup-list\">\n<li>Membrangasz\u00e4hler von BK-G10 &#8211; G100<\/li>\n<li>Zul\u00e4ssige Gase: Erdgas, Propan, Butan (Gase nach EN 437)<\/li>\n<\/ul>\n<p><strong>Datenaufzeichnung<\/strong><\/p>\n<ul class=\"stup-list\">\n<li>Die integrierte Datalogging-Funktion zeichnet die gelieferte Gasmenge in Kombination mit Echtzeit auf. Der Tank hat eine Kapazit\u00e4t von 60 Wochen f\u00fcr Halbstundenwerte.<\/li>\n<\/ul>\n<p><strong>Firmware Update<\/strong><\/p>\n<ul class=\"stup-list\">\n<li>nach Welmec 7.2<\/li>\n<\/ul>\n<p><strong>Sprache<\/strong><\/p>\n<ul class=\"stup-list\">\n<li>Standard: Englisch (andere auf Anfrage)<\/li>\n<\/ul>\n<p><strong>Anzeige und Navigation<\/strong><\/p>\n<ul class=\"stup-list\">\n<li>Punktmatrix-LCD-Display mit Hintergrundbeleuchtung<\/li>\n<li>Intuitives Men\u00fc mit 3-Tasten-Navigation<\/li>\n<\/ul>\n<p><strong>Batterielebensdauer<\/strong><\/p>\n<ul class=\"stup-list\">\n<li>Mindest. 8 Jahre<\/li>\n<\/ul>\n<p><strong>Zulassungen<\/strong><\/p>\n<ul class=\"stup-list\">\n<li>MID-Klasse 1,5<\/li>\n<li>EN1359<\/li>\n<li>ATEX-Zone 0<\/li>\n<li>CE<\/li>\n<li>EMC<\/li>\n<li>R &amp; TTE<\/li>\n<\/ul>\n<p><strong>Schutzklasse<\/strong><\/p>\n<ul class=\"stup-list\">\n<li>IP 65<\/li>\n<\/ul>\n<p><strong>Gas-\/Umweltbedingungen<\/strong><\/p>\n<ul class=\"stup-list\">\n<li>Gastemperatur: -10 \u00b0C bis +40 \u00b0C<\/li>\n<li>Umgebungstemperatur: -25 \u00b0C bis +55 \u00b0C<\/li>\n<li>Lagerung: -30\u00b0C bis +60\u00b0C<\/li>\n<\/ul>\n<p>[\/et_pb_tab][et_pb_tab title=&#8220;Technische Dokumentation&#8220; _builder_version=&#8220;4.7.4&#8243; _module_preset=&#8220;default&#8220;]<\/p>\n<ul class=\"documents-list\">\n<li><a href=\"http:\/\/fagas.ba\/fgs\/wp-content\/uploads\/2021\/01\/ZSD_1000298696_2_EN.pdf\" target=\"_blank\" rel=\"noopener noreferrer\">Technisches Dokument<\/a><\/li>\n<li><a href=\"http:\/\/fagas.ba\/fgs\/wp-content\/uploads\/2021\/01\/ZSD_1000247694_2_EN.pdf\" target=\"_blank\" rel=\"noopener noreferrer\">Handbuch<\/a><\/li>\n<\/ul>\n<p>[\/et_pb_tab][\/et_pb_tabs][et_pb_divider color=&#8220;#D8D8D8&#8243; divider_position=&#8220;center&#8220; _builder_version=&#8220;4.7.4&#8243; _module_preset=&#8220;default&#8220;][\/et_pb_divider][et_pb_wc_related_products posts_number=&#8220;4&#8243; columns_number=&#8220;4&#8243; admin_label=&#8220;Sli\u010dni proizvodi&#8220; _builder_version=&#8220;4.7.4&#8243;][\/et_pb_wc_related_products][\/et_pb_column][\/et_pb_row][\/et_pb_section]<\/p>\n","protected":false},"excerpt":{"rendered":"<p>Das smarte elektronische Register themislog mit integrierter Datenerfassungsfunktion f\u00fcr gewerbliche und industrielle Membrangasz\u00e4hler (G10 &#8211; G100) bietet Funktionen, die weit \u00fcber die reine Fernauslesung hinausgehen. Durch die Kombination bestehender Optionen (Datenprotokollierung, Impulsausgabe etc.) kann der Index an die individuellen Kundenbed\u00fcrfnisse angepasst werden.<\/p>\n<p>F\u00fcr themislog steht ein GSM \/ GPRS-Kommunikationsmodul zur Verf\u00fcgung, das die Authentizit\u00e4t und Integrit\u00e4t der zwischen den Kommunikationspartnern \u00fcbertragenen Daten sicherstellt und auch die Autorisierung von Benutzern erm\u00f6glicht. Sichere, ferngesteuerte Software-Updates und ein Baukastenprinzip sorgen daf\u00fcr, dass die Technologie zukunftssicher ist und bei Bedarf kosteng\u00fcnstig nachtr\u00e4glich auf neue Herausforderungen angepasst werden kann.<\/p>\n<p>Die Indexe werden vorgefertigt geliefert, was den Installationsaufwand deutlich reduziert.<\/p>\n","protected":false},"featured_media":4254,"comment_status":"open","ping_status":"closed","template":"","meta":{"_et_pb_use_builder":"on","_et_pb_old_content":"Das smarte elektronische Register themislog mit integrierter Datenerfassungsfunktion f\u00fcr gewerbliche und industrielle Membrangasz\u00e4hler (G10 - G100) bietet Funktionen, die weit \u00fcber die reine Fernauslesung hinausgehen. Durch die Kombination bestehender Optionen (Datenprotokollierung, Impulsausgabe etc.) kann der Index an die individuellen Kundenbed\u00fcrfnisse angepasst werden.\n\nF\u00fcr themislog steht ein GSM \/ GPRS-Kommunikationsmodul zur Verf\u00fcgung, das die Authentizit\u00e4t und Integrit\u00e4t der zwischen den Kommunikationspartnern \u00fcbertragenen Daten sicherstellt und auch die Autorisierung von Benutzern erm\u00f6glicht. Sichere, ferngesteuerte Software-Updates und ein Baukastenprinzip sorgen daf\u00fcr, dass die Technologie zukunftssicher ist und bei Bedarf kosteng\u00fcnstig nachtr\u00e4glich auf neue Herausforderungen angepasst werden kann.\n\nDie Indexe werden vorgefertigt geliefert, was den Installationsaufwand deutlich reduziert.","_et_gb_content_width":""},"product_cat":[321,369,343,341],"product_tag":[213,293,217,233],"yoast_head":"<!-- This site is optimized with the Yoast SEO plugin v20.12 - https:\/\/yoast.com\/wordpress\/plugins\/seo\/ -->\n<title>THEMIS-LOG - FAGAS<\/title>\n<meta name=\"robots\" content=\"index, follow, max-snippet:-1, max-image-preview:large, max-video-preview:-1\" \/>\n<link rel=\"canonical\" href=\"https:\/\/fagas.ba\/produkt\/themis-log\/\" \/>\n<meta property=\"og:locale\" content=\"de_DE\" \/>\n<meta property=\"og:type\" content=\"article\" \/>\n<meta property=\"og:title\" content=\"THEMIS-LOG - FAGAS\" \/>\n<meta property=\"og:description\" content=\"Das smarte elektronische Register themislog mit integrierter Datenerfassungsfunktion f\u00fcr gewerbliche und industrielle Membrangasz\u00e4hler (G10 - G100) bietet Funktionen, die weit \u00fcber die reine Fernauslesung hinausgehen. Durch die Kombination bestehender Optionen (Datenprotokollierung, Impulsausgabe etc.) kann der Index an die individuellen Kundenbed\u00fcrfnisse angepasst werden. F\u00fcr themislog steht ein GSM \/ GPRS-Kommunikationsmodul zur Verf\u00fcgung, das die Authentizit\u00e4t und Integrit\u00e4t der zwischen den Kommunikationspartnern \u00fcbertragenen Daten sicherstellt und auch die Autorisierung von Benutzern erm\u00f6glicht. Sichere, ferngesteuerte Software-Updates und ein Baukastenprinzip sorgen daf\u00fcr, dass die Technologie zukunftssicher ist und bei Bedarf kosteng\u00fcnstig nachtr\u00e4glich auf neue Herausforderungen angepasst werden kann. Die Indexe werden vorgefertigt geliefert, was den Installationsaufwand deutlich reduziert.\" \/>\n<meta property=\"og:url\" content=\"https:\/\/fagas.ba\/produkt\/themis-log\/\" \/>\n<meta property=\"og:site_name\" content=\"FAGAS\" \/>\n<meta property=\"article:modified_time\" content=\"2021-11-23T22:31:36+00:00\" \/>\n<meta property=\"og:image\" content=\"https:\/\/fagas.ba\/fgs\/wp-content\/uploads\/2021\/01\/9_THEMIS-LOG.jpg\" \/>\n\t<meta property=\"og:image:width\" content=\"640\" \/>\n\t<meta property=\"og:image:height\" content=\"399\" \/>\n\t<meta property=\"og:image:type\" content=\"image\/jpeg\" \/>\n<meta name=\"twitter:card\" content=\"summary_large_image\" \/>\n<meta name=\"twitter:label1\" content=\"Gesch\u00e4tzte Lesezeit\" \/>\n\t<meta name=\"twitter:data1\" content=\"3\u00a0Minuten\" \/>\n<script type=\"application\/ld+json\" class=\"yoast-schema-graph\">{\"@context\":\"https:\/\/schema.org\",\"@graph\":[{\"@type\":\"WebPage\",\"@id\":\"https:\/\/fagas.ba\/produkt\/themis-log\/\",\"url\":\"https:\/\/fagas.ba\/produkt\/themis-log\/\",\"name\":\"THEMIS-LOG - FAGAS\",\"isPartOf\":{\"@id\":\"https:\/\/fagas.ba\/en\/#website\"},\"datePublished\":\"2021-11-23T22:31:34+00:00\",\"dateModified\":\"2021-11-23T22:31:36+00:00\",\"breadcrumb\":{\"@id\":\"https:\/\/fagas.ba\/produkt\/themis-log\/#breadcrumb\"},\"inLanguage\":\"de\",\"potentialAction\":[{\"@type\":\"ReadAction\",\"target\":[\"https:\/\/fagas.ba\/produkt\/themis-log\/\"]}]},{\"@type\":\"BreadcrumbList\",\"@id\":\"https:\/\/fagas.ba\/produkt\/themis-log\/#breadcrumb\",\"itemListElement\":[{\"@type\":\"ListItem\",\"position\":1,\"name\":\"Home\",\"item\":\"https:\/\/fagas.ba\/\"},{\"@type\":\"ListItem\",\"position\":2,\"name\":\"Products\",\"item\":\"https:\/\/fagas.ba\/en\/shop\/\"},{\"@type\":\"ListItem\",\"position\":3,\"name\":\"THEMIS-LOG\"}]},{\"@type\":\"WebSite\",\"@id\":\"https:\/\/fagas.ba\/en\/#website\",\"url\":\"https:\/\/fagas.ba\/en\/\",\"name\":\"FAGAS\",\"description\":\"Projektovanje i proizvodnja gasne opreme\",\"potentialAction\":[{\"@type\":\"SearchAction\",\"target\":{\"@type\":\"EntryPoint\",\"urlTemplate\":\"https:\/\/fagas.ba\/en\/?s={search_term_string}\"},\"query-input\":\"required name=search_term_string\"}],\"inLanguage\":\"de\"}]}<\/script>\n<!-- \/ Yoast SEO plugin. -->","yoast_head_json":{"title":"THEMIS-LOG - FAGAS","robots":{"index":"index","follow":"follow","max-snippet":"max-snippet:-1","max-image-preview":"max-image-preview:large","max-video-preview":"max-video-preview:-1"},"canonical":"https:\/\/fagas.ba\/produkt\/themis-log\/","og_locale":"de_DE","og_type":"article","og_title":"THEMIS-LOG - FAGAS","og_description":"Das smarte elektronische Register themislog mit integrierter Datenerfassungsfunktion f\u00fcr gewerbliche und industrielle Membrangasz\u00e4hler (G10 - G100) bietet Funktionen, die weit \u00fcber die reine Fernauslesung hinausgehen. Durch die Kombination bestehender Optionen (Datenprotokollierung, Impulsausgabe etc.) kann der Index an die individuellen Kundenbed\u00fcrfnisse angepasst werden. F\u00fcr themislog steht ein GSM \/ GPRS-Kommunikationsmodul zur Verf\u00fcgung, das die Authentizit\u00e4t und Integrit\u00e4t der zwischen den Kommunikationspartnern \u00fcbertragenen Daten sicherstellt und auch die Autorisierung von Benutzern erm\u00f6glicht. Sichere, ferngesteuerte Software-Updates und ein Baukastenprinzip sorgen daf\u00fcr, dass die Technologie zukunftssicher ist und bei Bedarf kosteng\u00fcnstig nachtr\u00e4glich auf neue Herausforderungen angepasst werden kann. Die Indexe werden vorgefertigt geliefert, was den Installationsaufwand deutlich reduziert.","og_url":"https:\/\/fagas.ba\/produkt\/themis-log\/","og_site_name":"FAGAS","article_modified_time":"2021-11-23T22:31:36+00:00","og_image":[{"width":640,"height":399,"url":"https:\/\/fagas.ba\/fgs\/wp-content\/uploads\/2021\/01\/9_THEMIS-LOG.jpg","type":"image\/jpeg"}],"twitter_card":"summary_large_image","twitter_misc":{"Gesch\u00e4tzte Lesezeit":"3\u00a0Minuten"},"schema":{"@context":"https:\/\/schema.org","@graph":[{"@type":"WebPage","@id":"https:\/\/fagas.ba\/produkt\/themis-log\/","url":"https:\/\/fagas.ba\/produkt\/themis-log\/","name":"THEMIS-LOG - FAGAS","isPartOf":{"@id":"https:\/\/fagas.ba\/en\/#website"},"datePublished":"2021-11-23T22:31:34+00:00","dateModified":"2021-11-23T22:31:36+00:00","breadcrumb":{"@id":"https:\/\/fagas.ba\/produkt\/themis-log\/#breadcrumb"},"inLanguage":"de","potentialAction":[{"@type":"ReadAction","target":["https:\/\/fagas.ba\/produkt\/themis-log\/"]}]},{"@type":"BreadcrumbList","@id":"https:\/\/fagas.ba\/produkt\/themis-log\/#breadcrumb","itemListElement":[{"@type":"ListItem","position":1,"name":"Home","item":"https:\/\/fagas.ba\/"},{"@type":"ListItem","position":2,"name":"Products","item":"https:\/\/fagas.ba\/en\/shop\/"},{"@type":"ListItem","position":3,"name":"THEMIS-LOG"}]},{"@type":"WebSite","@id":"https:\/\/fagas.ba\/en\/#website","url":"https:\/\/fagas.ba\/en\/","name":"FAGAS","description":"Projektovanje i proizvodnja gasne opreme","potentialAction":[{"@type":"SearchAction","target":{"@type":"EntryPoint","urlTemplate":"https:\/\/fagas.ba\/en\/?s={search_term_string}"},"query-input":"required name=search_term_string"}],"inLanguage":"de"}]}},"_links":{"self":[{"href":"https:\/\/fagas.ba\/de\/wp-json\/wp\/v2\/product\/5226"}],"collection":[{"href":"https:\/\/fagas.ba\/de\/wp-json\/wp\/v2\/product"}],"about":[{"href":"https:\/\/fagas.ba\/de\/wp-json\/wp\/v2\/types\/product"}],"replies":[{"embeddable":true,"href":"https:\/\/fagas.ba\/de\/wp-json\/wp\/v2\/comments?post=5226"}],"wp:featuredmedia":[{"embeddable":true,"href":"https:\/\/fagas.ba\/de\/wp-json\/wp\/v2\/media\/4254"}],"wp:attachment":[{"href":"https:\/\/fagas.ba\/de\/wp-json\/wp\/v2\/media?parent=5226"}],"wp:term":[{"taxonomy":"product_cat","embeddable":true,"href":"https:\/\/fagas.ba\/de\/wp-json\/wp\/v2\/product_cat?post=5226"},{"taxonomy":"product_tag","embeddable":true,"href":"https:\/\/fagas.ba\/de\/wp-json\/wp\/v2\/product_tag?post=5226"}],"curies":[{"name":"wp","href":"https:\/\/api.w.org\/{rel}","templated":true}]}}