{"id":5222,"date":"2021-11-23T21:56:39","date_gmt":"2021-11-23T21:56:39","guid":{"rendered":"https:\/\/fagas.ba\/product\/q-sonic-plus\/"},"modified":"2021-11-23T21:56:44","modified_gmt":"2021-11-23T21:56:44","slug":"q-sonic-plus","status":"publish","type":"product","link":"https:\/\/fagas.ba\/de\/produkt\/q-sonic-plus\/","title":{"rendered":"Q.SONIC-PLUS"},"content":{"rendered":"<p>[et_pb_section fb_built=&#8220;1&#8243; _builder_version=&#8220;3.22&#8243; custom_padding=&#8220;0px||||false|false&#8220;][et_pb_row _builder_version=&#8220;3.25&#8243; background_size=&#8220;initial&#8220; background_position=&#8220;top_left&#8220; background_repeat=&#8220;repeat&#8220; width=&#8220;100%&#8220; custom_padding=&#8220;0px||0px||false|false&#8220;][et_pb_column type=&#8220;4_4&#8243; _builder_version=&#8220;3.25&#8243; custom_padding=&#8220;|||&#8220; custom_padding__hover=&#8220;|||&#8220;][et_pb_wc_breadcrumb admin_label=&#8220;Woo Breadcrumb&#8220; _builder_version=&#8220;3.0.47&#8243;][\/et_pb_wc_breadcrumb][\/et_pb_column][\/et_pb_row][et_pb_row column_structure=&#8220;1_2,1_2&#8243; _builder_version=&#8220;3.25&#8243; background_size=&#8220;initial&#8220; background_position=&#8220;top_left&#8220; background_repeat=&#8220;repeat&#8220; width=&#8220;100%&#8220; custom_padding=&#8220;0px||||false|false&#8220;][et_pb_column type=&#8220;1_2&#8243; _builder_version=&#8220;3.25&#8243; custom_padding=&#8220;|||&#8220; custom_padding__hover=&#8220;|||&#8220;][et_pb_wc_images _builder_version=&#8220;4.7.4&#8243; _module_preset=&#8220;default&#8220;][\/et_pb_wc_images][\/et_pb_column][et_pb_column type=&#8220;1_2&#8243; _builder_version=&#8220;3.25&#8243; custom_padding=&#8220;|||&#8220; custom_padding__hover=&#8220;|||&#8220;][et_pb_wc_title _builder_version=&#8220;3.0.47&#8243;][\/et_pb_wc_title][et_pb_wc_description _builder_version=&#8220;3.0.47&#8243;][\/et_pb_wc_description][et_pb_wc_meta _builder_version=&#8220;3.0.47&#8243;][\/et_pb_wc_meta][\/et_pb_column][\/et_pb_row][et_pb_row _builder_version=&#8220;3.25&#8243; background_size=&#8220;initial&#8220; background_position=&#8220;top_left&#8220; background_repeat=&#8220;repeat&#8220; width=&#8220;100%&#8220;][et_pb_column type=&#8220;4_4&#8243; _builder_version=&#8220;3.25&#8243; custom_padding=&#8220;|||&#8220; custom_padding__hover=&#8220;|||&#8220;][et_pb_divider color=&#8220;#D8D8D8&#8243; divider_position=&#8220;center&#8220; _builder_version=&#8220;4.7.4&#8243; _module_preset=&#8220;default&#8220;][\/et_pb_divider][et_pb_tabs module_class=&#8220;vertical-tabs2&#8243; _builder_version=&#8220;4.7.4&#8243; _module_preset=&#8220;default&#8220;][et_pb_tab title=&#8220;Technische Daten&#8220; _builder_version=&#8220;4.7.4&#8243; _module_preset=&#8220;default&#8220;]<\/p>\n<ul>\n<li>6-spurig (4 Wirbel + 2 axial)<\/li>\n<li>Gr\u00f6\u00dfen 3\u201d bis 56\u201d<\/li>\n<li>ANSI-Klasse # 150 bis # 900<\/li>\n<li>3D-L\u00e4nge (&gt; 4 &#8222;, bis # 600)<\/li>\n<li>Eingebauter p+T-Sensor (optional)<\/li>\n<li>Modulare Elektronik<\/li>\n<li>Vollgrafischer Touchscreen<\/li>\n<li>MID zugelassen von NMi (Kl. 1) gem\u00e4\u00df OIML R137-1: 2006<\/li>\n<li>ATEX \/ IEC-Ex FM \/ CSA Zulassung beantragt Zulassung<\/li>\n<\/ul>\n<p>[\/et_pb_tab][et_pb_tab title=&#8220;Technische Dokumentation&#8220; _builder_version=&#8220;4.7.4&#8243; _module_preset=&#8220;default&#8220;]<\/p>\n<ul class=\"documents-list\">\n<li><a href=\"http:\/\/fagas.ba\/fgs\/wp-content\/uploads\/2021\/01\/DS_QSonicplus_SRB.pdf\" target=\"_blank\" rel=\"noopener noreferrer\">Technisches Dokument<\/a><\/li>\n<\/ul>\n<p>[\/et_pb_tab][\/et_pb_tabs][et_pb_divider color=&#8220;#D8D8D8&#8243; divider_position=&#8220;center&#8220; _builder_version=&#8220;4.7.4&#8243; _module_preset=&#8220;default&#8220;][\/et_pb_divider][et_pb_wc_related_products posts_number=&#8220;4&#8243; columns_number=&#8220;4&#8243; admin_label=&#8220;Sli\u010dni proizvodi&#8220; _builder_version=&#8220;4.7.4&#8243;][\/et_pb_wc_related_products][\/et_pb_column][\/et_pb_row][\/et_pb_section]<\/p>\n","protected":false},"excerpt":{"rendered":"<p>Der neue Ultraschall-Gasdurchflussmesser Q.Sonicplus ist ein Sechs-Wege-Messger\u00e4t und unterliegt dem \u201everbesserten\u201c Elster-Instromet-Patent mit mehr Funktionalit\u00e4t, die dem Endbenutzer neue Vorteile bringt, zusammen mit einer h\u00f6heren Verarbeitungsleistung und einer geringeren Messunsicherheit.<\/p>\n<p>Hier k\u00f6nnen Sie die Software und zus\u00e4tzliche Installationsanleitungen <a href=\"https:\/\/www.elster-instromet.com\/en\/sonicexplorer\" target=\"_blank\" rel=\"noopener noreferrer\">herunterladen<\/a>.<\/p>\n","protected":false},"featured_media":4290,"comment_status":"open","ping_status":"closed","template":"","meta":{"_et_pb_use_builder":"on","_et_pb_old_content":"Der neue Ultraschall-Gasdurchflussmesser Q.Sonicplus ist ein Sechs-Wege-Messger\u00e4t und unterliegt dem \u201everbesserten\u201c Elster-Instromet-Patent mit mehr Funktionalit\u00e4t, die dem Endbenutzer neue Vorteile bringt, zusammen mit einer h\u00f6heren Verarbeitungsleistung und einer geringeren Messunsicherheit.\n\nHier k\u00f6nnen Sie die Software und zus\u00e4tzliche Installationsanleitungen <a href=\"https:\/\/www.elster-instromet.com\/en\/sonicexplorer\" target=\"_blank\">herunterladen<\/a>.","_et_gb_content_width":""},"product_cat":[321,373],"product_tag":[213,217,303],"yoast_head":"<!-- This site is optimized with the Yoast SEO plugin v20.12 - https:\/\/yoast.com\/wordpress\/plugins\/seo\/ -->\n<title>Q.SONIC-PLUS - FAGAS<\/title>\n<meta name=\"robots\" content=\"index, follow, max-snippet:-1, max-image-preview:large, max-video-preview:-1\" \/>\n<link rel=\"canonical\" href=\"https:\/\/fagas.ba\/produkt\/q-sonic-plus\/\" \/>\n<meta property=\"og:locale\" content=\"de_DE\" \/>\n<meta property=\"og:type\" content=\"article\" \/>\n<meta property=\"og:title\" content=\"Q.SONIC-PLUS - FAGAS\" \/>\n<meta property=\"og:description\" content=\"Der neue Ultraschall-Gasdurchflussmesser Q.Sonicplus ist ein Sechs-Wege-Messger\u00e4t und unterliegt dem \u201everbesserten\u201c Elster-Instromet-Patent mit mehr Funktionalit\u00e4t, die dem Endbenutzer neue Vorteile bringt, zusammen mit einer h\u00f6heren Verarbeitungsleistung und einer geringeren Messunsicherheit. Hier k\u00f6nnen Sie die Software und zus\u00e4tzliche Installationsanleitungen herunterladen.\" \/>\n<meta property=\"og:url\" content=\"https:\/\/fagas.ba\/produkt\/q-sonic-plus\/\" \/>\n<meta property=\"og:site_name\" content=\"FAGAS\" \/>\n<meta property=\"article:modified_time\" content=\"2021-11-23T21:56:44+00:00\" \/>\n<meta property=\"og:image\" content=\"https:\/\/fagas.ba\/fgs\/wp-content\/uploads\/2021\/01\/1_Q.SONIC-PLUS.jpg\" \/>\n\t<meta property=\"og:image:width\" content=\"640\" \/>\n\t<meta property=\"og:image:height\" content=\"399\" \/>\n\t<meta property=\"og:image:type\" content=\"image\/jpeg\" \/>\n<meta name=\"twitter:card\" content=\"summary_large_image\" \/>\n<meta name=\"twitter:label1\" content=\"Gesch\u00e4tzte Lesezeit\" \/>\n\t<meta name=\"twitter:data1\" content=\"2\u00a0Minuten\" \/>\n<script type=\"application\/ld+json\" class=\"yoast-schema-graph\">{\"@context\":\"https:\/\/schema.org\",\"@graph\":[{\"@type\":\"WebPage\",\"@id\":\"https:\/\/fagas.ba\/produkt\/q-sonic-plus\/\",\"url\":\"https:\/\/fagas.ba\/produkt\/q-sonic-plus\/\",\"name\":\"Q.SONIC-PLUS - FAGAS\",\"isPartOf\":{\"@id\":\"https:\/\/fagas.ba\/en\/#website\"},\"datePublished\":\"2021-11-23T21:56:39+00:00\",\"dateModified\":\"2021-11-23T21:56:44+00:00\",\"breadcrumb\":{\"@id\":\"https:\/\/fagas.ba\/produkt\/q-sonic-plus\/#breadcrumb\"},\"inLanguage\":\"de\",\"potentialAction\":[{\"@type\":\"ReadAction\",\"target\":[\"https:\/\/fagas.ba\/produkt\/q-sonic-plus\/\"]}]},{\"@type\":\"BreadcrumbList\",\"@id\":\"https:\/\/fagas.ba\/produkt\/q-sonic-plus\/#breadcrumb\",\"itemListElement\":[{\"@type\":\"ListItem\",\"position\":1,\"name\":\"Home\",\"item\":\"https:\/\/fagas.ba\/\"},{\"@type\":\"ListItem\",\"position\":2,\"name\":\"Products\",\"item\":\"https:\/\/fagas.ba\/en\/shop\/\"},{\"@type\":\"ListItem\",\"position\":3,\"name\":\"Q.SONIC-PLUS\"}]},{\"@type\":\"WebSite\",\"@id\":\"https:\/\/fagas.ba\/en\/#website\",\"url\":\"https:\/\/fagas.ba\/en\/\",\"name\":\"FAGAS\",\"description\":\"Projektovanje i proizvodnja gasne opreme\",\"potentialAction\":[{\"@type\":\"SearchAction\",\"target\":{\"@type\":\"EntryPoint\",\"urlTemplate\":\"https:\/\/fagas.ba\/en\/?s={search_term_string}\"},\"query-input\":\"required name=search_term_string\"}],\"inLanguage\":\"de\"}]}<\/script>\n<!-- \/ Yoast SEO plugin. -->","yoast_head_json":{"title":"Q.SONIC-PLUS - FAGAS","robots":{"index":"index","follow":"follow","max-snippet":"max-snippet:-1","max-image-preview":"max-image-preview:large","max-video-preview":"max-video-preview:-1"},"canonical":"https:\/\/fagas.ba\/produkt\/q-sonic-plus\/","og_locale":"de_DE","og_type":"article","og_title":"Q.SONIC-PLUS - FAGAS","og_description":"Der neue Ultraschall-Gasdurchflussmesser Q.Sonicplus ist ein Sechs-Wege-Messger\u00e4t und unterliegt dem \u201everbesserten\u201c Elster-Instromet-Patent mit mehr Funktionalit\u00e4t, die dem Endbenutzer neue Vorteile bringt, zusammen mit einer h\u00f6heren Verarbeitungsleistung und einer geringeren Messunsicherheit. Hier k\u00f6nnen Sie die Software und zus\u00e4tzliche Installationsanleitungen herunterladen.","og_url":"https:\/\/fagas.ba\/produkt\/q-sonic-plus\/","og_site_name":"FAGAS","article_modified_time":"2021-11-23T21:56:44+00:00","og_image":[{"width":640,"height":399,"url":"https:\/\/fagas.ba\/fgs\/wp-content\/uploads\/2021\/01\/1_Q.SONIC-PLUS.jpg","type":"image\/jpeg"}],"twitter_card":"summary_large_image","twitter_misc":{"Gesch\u00e4tzte Lesezeit":"2\u00a0Minuten"},"schema":{"@context":"https:\/\/schema.org","@graph":[{"@type":"WebPage","@id":"https:\/\/fagas.ba\/produkt\/q-sonic-plus\/","url":"https:\/\/fagas.ba\/produkt\/q-sonic-plus\/","name":"Q.SONIC-PLUS - FAGAS","isPartOf":{"@id":"https:\/\/fagas.ba\/en\/#website"},"datePublished":"2021-11-23T21:56:39+00:00","dateModified":"2021-11-23T21:56:44+00:00","breadcrumb":{"@id":"https:\/\/fagas.ba\/produkt\/q-sonic-plus\/#breadcrumb"},"inLanguage":"de","potentialAction":[{"@type":"ReadAction","target":["https:\/\/fagas.ba\/produkt\/q-sonic-plus\/"]}]},{"@type":"BreadcrumbList","@id":"https:\/\/fagas.ba\/produkt\/q-sonic-plus\/#breadcrumb","itemListElement":[{"@type":"ListItem","position":1,"name":"Home","item":"https:\/\/fagas.ba\/"},{"@type":"ListItem","position":2,"name":"Products","item":"https:\/\/fagas.ba\/en\/shop\/"},{"@type":"ListItem","position":3,"name":"Q.SONIC-PLUS"}]},{"@type":"WebSite","@id":"https:\/\/fagas.ba\/en\/#website","url":"https:\/\/fagas.ba\/en\/","name":"FAGAS","description":"Projektovanje i proizvodnja gasne opreme","potentialAction":[{"@type":"SearchAction","target":{"@type":"EntryPoint","urlTemplate":"https:\/\/fagas.ba\/en\/?s={search_term_string}"},"query-input":"required name=search_term_string"}],"inLanguage":"de"}]}},"_links":{"self":[{"href":"https:\/\/fagas.ba\/de\/wp-json\/wp\/v2\/product\/5222"}],"collection":[{"href":"https:\/\/fagas.ba\/de\/wp-json\/wp\/v2\/product"}],"about":[{"href":"https:\/\/fagas.ba\/de\/wp-json\/wp\/v2\/types\/product"}],"replies":[{"embeddable":true,"href":"https:\/\/fagas.ba\/de\/wp-json\/wp\/v2\/comments?post=5222"}],"wp:featuredmedia":[{"embeddable":true,"href":"https:\/\/fagas.ba\/de\/wp-json\/wp\/v2\/media\/4290"}],"wp:attachment":[{"href":"https:\/\/fagas.ba\/de\/wp-json\/wp\/v2\/media?parent=5222"}],"wp:term":[{"taxonomy":"product_cat","embeddable":true,"href":"https:\/\/fagas.ba\/de\/wp-json\/wp\/v2\/product_cat?post=5222"},{"taxonomy":"product_tag","embeddable":true,"href":"https:\/\/fagas.ba\/de\/wp-json\/wp\/v2\/product_tag?post=5222"}],"curies":[{"name":"wp","href":"https:\/\/api.w.org\/{rel}","templated":true}]}}