{"id":5220,"date":"2021-11-23T21:51:15","date_gmt":"2021-11-23T21:51:15","guid":{"rendered":"https:\/\/fagas.ba\/product\/q-sonic\/"},"modified":"2021-11-23T21:51:17","modified_gmt":"2021-11-23T21:51:17","slug":"q-sonic","status":"publish","type":"product","link":"https:\/\/fagas.ba\/de\/produkt\/q-sonic\/","title":{"rendered":"Q.SONIC"},"content":{"rendered":"<p>[et_pb_section fb_built=&#8220;1&#8243; _builder_version=&#8220;3.22&#8243; custom_padding=&#8220;0px||||false|false&#8220;][et_pb_row _builder_version=&#8220;3.25&#8243; background_size=&#8220;initial&#8220; background_position=&#8220;top_left&#8220; background_repeat=&#8220;repeat&#8220; width=&#8220;100%&#8220; custom_padding=&#8220;0px||0px||false|false&#8220;][et_pb_column type=&#8220;4_4&#8243; _builder_version=&#8220;3.25&#8243; custom_padding=&#8220;|||&#8220; custom_padding__hover=&#8220;|||&#8220;][et_pb_wc_breadcrumb admin_label=&#8220;Woo Breadcrumb&#8220; _builder_version=&#8220;3.0.47&#8243;][\/et_pb_wc_breadcrumb][\/et_pb_column][\/et_pb_row][et_pb_row column_structure=&#8220;1_2,1_2&#8243; _builder_version=&#8220;3.25&#8243; background_size=&#8220;initial&#8220; background_position=&#8220;top_left&#8220; background_repeat=&#8220;repeat&#8220; width=&#8220;100%&#8220; custom_padding=&#8220;0px||||false|false&#8220;][et_pb_column type=&#8220;1_2&#8243; _builder_version=&#8220;3.25&#8243; custom_padding=&#8220;|||&#8220; custom_padding__hover=&#8220;|||&#8220;][et_pb_wc_images _builder_version=&#8220;4.7.4&#8243; _module_preset=&#8220;default&#8220;][\/et_pb_wc_images][\/et_pb_column][et_pb_column type=&#8220;1_2&#8243; _builder_version=&#8220;3.25&#8243; custom_padding=&#8220;|||&#8220; custom_padding__hover=&#8220;|||&#8220;][et_pb_wc_title _builder_version=&#8220;3.0.47&#8243;][\/et_pb_wc_title][et_pb_wc_description _builder_version=&#8220;3.0.47&#8243;][\/et_pb_wc_description][et_pb_wc_meta _builder_version=&#8220;3.0.47&#8243;][\/et_pb_wc_meta][\/et_pb_column][\/et_pb_row][et_pb_row _builder_version=&#8220;3.25&#8243; background_size=&#8220;initial&#8220; background_position=&#8220;top_left&#8220; background_repeat=&#8220;repeat&#8220; width=&#8220;100%&#8220;][et_pb_column type=&#8220;4_4&#8243; _builder_version=&#8220;3.25&#8243; custom_padding=&#8220;|||&#8220; custom_padding__hover=&#8220;|||&#8220;][et_pb_divider color=&#8220;#D8D8D8&#8243; divider_position=&#8220;center&#8220; _builder_version=&#8220;4.7.4&#8243; _module_preset=&#8220;default&#8220;][\/et_pb_divider][et_pb_tabs module_class=&#8220;vertical-tabs2&#8243; _builder_version=&#8220;4.7.4&#8243; _module_preset=&#8220;default&#8220; hover_enabled=&#8220;0&#8243; sticky_enabled=&#8220;0&#8243;][et_pb_tab title=&#8220;Technische Daten&#8220; _builder_version=&#8220;4.7.4&#8243; _module_preset=&#8220;default&#8220; hover_enabled=&#8220;0&#8243; sticky_enabled=&#8220;0&#8243;]<strong>P. Sonic &#8211; Mehrwert-Ultraschall-Durchflussmessung:<\/strong><\/p>\n<ul class=\"stup-list\">\n<li>Einfach- und Doppelreflexionstechnologie kombiniert mit 3, 4 oder 5 Spurmetern<\/li>\n<li>Messtechnische Identifikation von Str\u00f6mungsprofilen<\/li>\n<li>Hohe Stabilit\u00e4t durch digitale Signalverarbeitung (CMB)<\/li>\n<li>Zwei-Wege-Nutzung<\/li>\n<li>Ausgezeichnete Wiederholbarkeit<\/li>\n<li>Ausgezeichnete Langzeitstabilit\u00e4t<\/li>\n<li>Keine beweglichen Teile, keine Verschlei\u00dfmessung<\/li>\n<li>Kein Druckabfall<\/li>\n<li>Ultraschallwandler unter Druck\u00e4nderung<\/li>\n<li>Ausf\u00fchrung nach ISO-Standard CD17089<\/li>\n<li>Ausf\u00fchrung gem\u00e4\u00df AGA-9-Bericht<\/li>\n<li>Geh\u00e4usematerial Stahl A333 \/ A350, P355, Sonderstahl A316L, m\u00f6gliche Zusatzwerkstoffe<\/li>\n<li>Druckbezeichnungen: ASME 150\/300\/600\/900, h\u00f6here Druckwerte oder DIN-Flansch (PN) auf Anfrage<\/li>\n<li>Zulassungen u.a.: PTB, NMI, GHOST, CMI<\/li>\n<li>ATEX Ex II 2 G<\/li>\n<li>L\u00e4nge freier vorgelagerter Leitung:\n<ul>\n<li>ohne Bremsvorrichtung 10D<\/li>\n<li>mit 5D-Flow-Ger\u00e4t<\/li>\n<\/ul>\n<\/li>\n<\/ul>\n<p>[\/et_pb_tab][et_pb_tab title=&#8220;Dimensions\u00fcbersicht&#8220; _builder_version=&#8220;4.7.4&#8243; _module_preset=&#8220;default&#8220; hover_enabled=&#8220;0&#8243; sticky_enabled=&#8220;0&#8243;]<\/p>\n<table>\n<tbody>\n<tr>\n<td align=\"left\" valign=\"middle\"> Durchmesser<\/td>\n<td align=\"center\" valign=\"middle\">Qmin<br \/>[m\u00b3\/h]<\/td>\n<td align=\"center\" valign=\"middle\">Qmax<br \/>[m\u00b3\/h]<\/td>\n<td align=\"center\" valign=\"middle\">Vmax<br \/>[m\/s]<\/td>\n<td align=\"center\" valign=\"middle\">G-Gr\u00f6\u00dfe<\/td>\n<td align=\"center\" valign=\"middle\">Max.<br \/>Anzahl<\/td>\n<td align=\"center\" valign=\"middle\">L\u00e4nge<br \/>Der K\u00f6rper des Messger\u00e4ts<\/td>\n<\/tr>\n<tr>\n<td align=\"left\" valign=\"middle\"> 4&#8243; 100 mm<\/td>\n<td align=\"center\" valign=\"middle\">  13<\/td>\n<td align=\"center\" valign=\"middle\">  980<\/td>\n<td align=\"center\" valign=\"middle\">33<\/td>\n<td align=\"center\" valign=\"middle\">G160 &#8211; G400<\/td>\n<td align=\"center\" valign=\"middle\">4<\/td>\n<td align=\"center\" valign=\"middle\">5D<\/td>\n<\/tr>\n<tr>\n<td align=\"left\" valign=\"middle\"> 6&#8243; 150 mm<\/td>\n<td align=\"center\" valign=\"middle\">  32<\/td>\n<td align=\"center\" valign=\"middle\">  2.220<\/td>\n<td align=\"center\" valign=\"middle\">33<\/td>\n<td align=\"center\" valign=\"middle\">G250 &#8211; G1000<\/td>\n<td align=\"center\" valign=\"middle\">4<\/td>\n<td align=\"center\" valign=\"middle\">4D<\/td>\n<\/tr>\n<tr>\n<td align=\"left\" valign=\"middle\"> 8&#8243; 200 mm<\/td>\n<td align=\"center\" valign=\"middle\">  32<\/td>\n<td align=\"center\" valign=\"middle\">  3.840<\/td>\n<td align=\"center\" valign=\"middle\">33<\/td>\n<td align=\"center\" valign=\"middle\">G400 &#8211; G1600<\/td>\n<td align=\"center\" valign=\"middle\">4<\/td>\n<td align=\"center\" valign=\"middle\">4D<\/td>\n<\/tr>\n<tr>\n<td align=\"left\" valign=\"middle\"> 10&#8243; 250 mm<\/td>\n<td align=\"center\" valign=\"middle\">  50<\/td>\n<td align=\"center\" valign=\"middle\">  6.050<\/td>\n<td align=\"center\" valign=\"middle\">33<\/td>\n<td align=\"center\" valign=\"middle\">G650 &#8211; G2500<\/td>\n<td align=\"center\" valign=\"middle\">4<\/td>\n<td align=\"center\" valign=\"middle\">4D<\/td>\n<\/tr>\n<tr>\n<td align=\"left\" valign=\"middle\"> 12&#8243; 300 mm<\/td>\n<td align=\"center\" valign=\"middle\">  78<\/td>\n<td align=\"center\" valign=\"middle\">  7.810<\/td>\n<td align=\"center\" valign=\"middle\">30<\/td>\n<td align=\"center\" valign=\"middle\">G1000 &#8211; G4000<\/td>\n<td align=\"center\" valign=\"middle\">5<\/td>\n<td align=\"center\" valign=\"middle\">3D<\/td>\n<\/tr>\n<tr>\n<td align=\"left\" valign=\"middle\"> 16&#8243; 400 mm<\/td>\n<td align=\"center\" valign=\"middle\">120<\/td>\n<td align=\"center\" valign=\"middle\">12.320<\/td>\n<td align=\"center\" valign=\"middle\">30<\/td>\n<td align=\"center\" valign=\"middle\">G1600 &#8211; G6500<\/td>\n<td align=\"center\" valign=\"middle\">5<\/td>\n<td align=\"center\" valign=\"middle\">3D<\/td>\n<\/tr>\n<tr>\n<td align=\"left\" valign=\"middle\"> 20&#8243; 500 mm<\/td>\n<td align=\"center\" valign=\"middle\">190<\/td>\n<td align=\"center\" valign=\"middle\">19.370<\/td>\n<td align=\"center\" valign=\"middle\">30<\/td>\n<td align=\"center\" valign=\"middle\">G2500 &#8211; G10000<\/td>\n<td align=\"center\" valign=\"middle\">5<\/td>\n<td align=\"center\" valign=\"middle\">3D<\/td>\n<\/tr>\n<tr>\n<td align=\"left\" valign=\"middle\"> 24&#8243; 600 mm<\/td>\n<td align=\"center\" valign=\"middle\">280<\/td>\n<td align=\"center\" valign=\"middle\">28.010<\/td>\n<td align=\"center\" valign=\"middle\">30<\/td>\n<td align=\"center\" valign=\"middle\">G4000 &#8211; G16000<\/td>\n<td align=\"center\" valign=\"middle\">5<\/td>\n<td align=\"center\" valign=\"middle\">3D<\/td>\n<\/tr>\n<tr>\n<td align=\"left\" valign=\"middle\"> 30&#8243; 750 mm<\/td>\n<td align=\"center\" valign=\"middle\">400<\/td>\n<td align=\"center\" valign=\"middle\">46.000<\/td>\n<td align=\"center\" valign=\"middle\">30<\/td>\n<td align=\"center\" valign=\"middle\">G6500 &#8211; G25000<\/td>\n<td align=\"center\" valign=\"middle\">5<\/td>\n<td align=\"center\" valign=\"middle\">3D<\/td>\n<\/tr>\n<\/tbody>\n<\/table>\n<p>[\/et_pb_tab][et_pb_tab title=&#8220;Technische Dokumentation&#8220; _builder_version=&#8220;4.7.4&#8243; _module_preset=&#8220;default&#8220; hover_enabled=&#8220;0&#8243; sticky_enabled=&#8220;0&#8243;]<\/p>\n<ul class=\"documents-list\">\n<li><a href=\"http:\/\/fagas.ba\/fgs\/wp-content\/uploads\/2021\/01\/DS_QSonic_EN.pdf\" target=\"_blank\" rel=\"noopener noreferrer\">Technisches Dokument<\/a><\/li>\n<\/ul>\n<p>[\/et_pb_tab][\/et_pb_tabs][et_pb_divider color=&#8220;#D8D8D8&#8243; divider_position=&#8220;center&#8220; _builder_version=&#8220;4.7.4&#8243; _module_preset=&#8220;default&#8220;][\/et_pb_divider][et_pb_wc_related_products posts_number=&#8220;4&#8243; columns_number=&#8220;4&#8243; admin_label=&#8220;Sli\u010dni proizvodi&#8220; _builder_version=&#8220;4.7.4&#8243;][\/et_pb_wc_related_products][\/et_pb_column][\/et_pb_row][\/et_pb_section]<\/p>\n","protected":false},"excerpt":{"rendered":"<p>Der multidirektionale Ultraschall-Gasdurchflussmesser Q.Sonic von Elster-Instromet ist ideal f\u00fcr die Kalibrierung von Erdgas. Das patentierte Messpfad-Layout erm\u00f6glicht zusammen mit fortschrittlichen Ultraschallsensoren und digitaler Signalverarbeitung eine hohe Pr\u00e4zision bei hervorragender Langzeitstabilit\u00e4t.<\/p>\n<p>Die Analyse des Durchflussprofils des Z\u00e4hlers erm\u00f6glicht den Verzicht auf den \u00fcblichen Einsatz von Durchflussreglern.<\/p>\n<p>Hier k\u00f6nnen Sie die Software und zus\u00e4tzliche Installationsanleitungen <a href=\"https:\/\/www.elster-instromet.com\/en\/uniguard\" target=\"_blank\" rel=\"noopener noreferrer\">herunterladen<\/a>.<\/p>\n","protected":false},"featured_media":4292,"comment_status":"open","ping_status":"closed","template":"","meta":{"_et_pb_use_builder":"on","_et_pb_old_content":"Der multidirektionale Ultraschall-Gasdurchflussmesser Q.Sonic von Elster-Instromet ist ideal f\u00fcr die Kalibrierung von Erdgas. Das patentierte Messpfad-Layout erm\u00f6glicht zusammen mit fortschrittlichen Ultraschallsensoren und digitaler Signalverarbeitung eine hohe Pr\u00e4zision bei hervorragender Langzeitstabilit\u00e4t.\n\nDie Analyse des Durchflussprofils des Z\u00e4hlers erm\u00f6glicht den Verzicht auf den \u00fcblichen Einsatz von Durchflussreglern.\n\nHier k\u00f6nnen Sie die Software und zus\u00e4tzliche Installationsanleitungen <a href=\"https:\/\/www.elster-instromet.com\/en\/uniguard\" target=\"_blank\" rel=\"noopener noreferrer\">herunterladen<\/a>.","_et_gb_content_width":""},"product_cat":[321,373],"product_tag":[213,233,303],"yoast_head":"<!-- This site is optimized with the Yoast SEO plugin v20.12 - https:\/\/yoast.com\/wordpress\/plugins\/seo\/ -->\n<title>Q.SONIC - FAGAS<\/title>\n<meta name=\"robots\" content=\"index, follow, max-snippet:-1, max-image-preview:large, max-video-preview:-1\" \/>\n<link rel=\"canonical\" href=\"https:\/\/fagas.ba\/produkt\/q-sonic\/\" \/>\n<meta property=\"og:locale\" content=\"de_DE\" \/>\n<meta property=\"og:type\" content=\"article\" \/>\n<meta property=\"og:title\" content=\"Q.SONIC - FAGAS\" \/>\n<meta property=\"og:description\" content=\"Der multidirektionale Ultraschall-Gasdurchflussmesser Q.Sonic von Elster-Instromet ist ideal f\u00fcr die Kalibrierung von Erdgas. Das patentierte Messpfad-Layout erm\u00f6glicht zusammen mit fortschrittlichen Ultraschallsensoren und digitaler Signalverarbeitung eine hohe Pr\u00e4zision bei hervorragender Langzeitstabilit\u00e4t. Die Analyse des Durchflussprofils des Z\u00e4hlers erm\u00f6glicht den Verzicht auf den \u00fcblichen Einsatz von Durchflussreglern. Hier k\u00f6nnen Sie die Software und zus\u00e4tzliche Installationsanleitungen herunterladen.\" \/>\n<meta property=\"og:url\" content=\"https:\/\/fagas.ba\/produkt\/q-sonic\/\" \/>\n<meta property=\"og:site_name\" content=\"FAGAS\" \/>\n<meta property=\"article:modified_time\" content=\"2021-11-23T21:51:17+00:00\" \/>\n<meta property=\"og:image\" content=\"https:\/\/fagas.ba\/fgs\/wp-content\/uploads\/2021\/01\/2_Q.SONIC_.jpg\" \/>\n\t<meta property=\"og:image:width\" content=\"640\" \/>\n\t<meta property=\"og:image:height\" content=\"399\" \/>\n\t<meta property=\"og:image:type\" content=\"image\/jpeg\" \/>\n<meta name=\"twitter:card\" content=\"summary_large_image\" \/>\n<meta name=\"twitter:label1\" content=\"Gesch\u00e4tzte Lesezeit\" \/>\n\t<meta name=\"twitter:data1\" content=\"2\u00a0Minuten\" \/>\n<script type=\"application\/ld+json\" class=\"yoast-schema-graph\">{\"@context\":\"https:\/\/schema.org\",\"@graph\":[{\"@type\":\"WebPage\",\"@id\":\"https:\/\/fagas.ba\/produkt\/q-sonic\/\",\"url\":\"https:\/\/fagas.ba\/produkt\/q-sonic\/\",\"name\":\"Q.SONIC - FAGAS\",\"isPartOf\":{\"@id\":\"https:\/\/fagas.ba\/en\/#website\"},\"datePublished\":\"2021-11-23T21:51:15+00:00\",\"dateModified\":\"2021-11-23T21:51:17+00:00\",\"breadcrumb\":{\"@id\":\"https:\/\/fagas.ba\/produkt\/q-sonic\/#breadcrumb\"},\"inLanguage\":\"de\",\"potentialAction\":[{\"@type\":\"ReadAction\",\"target\":[\"https:\/\/fagas.ba\/produkt\/q-sonic\/\"]}]},{\"@type\":\"BreadcrumbList\",\"@id\":\"https:\/\/fagas.ba\/produkt\/q-sonic\/#breadcrumb\",\"itemListElement\":[{\"@type\":\"ListItem\",\"position\":1,\"name\":\"Home\",\"item\":\"https:\/\/fagas.ba\/\"},{\"@type\":\"ListItem\",\"position\":2,\"name\":\"Products\",\"item\":\"https:\/\/fagas.ba\/en\/shop\/\"},{\"@type\":\"ListItem\",\"position\":3,\"name\":\"Q.SONIC\"}]},{\"@type\":\"WebSite\",\"@id\":\"https:\/\/fagas.ba\/en\/#website\",\"url\":\"https:\/\/fagas.ba\/en\/\",\"name\":\"FAGAS\",\"description\":\"Projektovanje i proizvodnja gasne opreme\",\"potentialAction\":[{\"@type\":\"SearchAction\",\"target\":{\"@type\":\"EntryPoint\",\"urlTemplate\":\"https:\/\/fagas.ba\/en\/?s={search_term_string}\"},\"query-input\":\"required name=search_term_string\"}],\"inLanguage\":\"de\"}]}<\/script>\n<!-- \/ Yoast SEO plugin. -->","yoast_head_json":{"title":"Q.SONIC - FAGAS","robots":{"index":"index","follow":"follow","max-snippet":"max-snippet:-1","max-image-preview":"max-image-preview:large","max-video-preview":"max-video-preview:-1"},"canonical":"https:\/\/fagas.ba\/produkt\/q-sonic\/","og_locale":"de_DE","og_type":"article","og_title":"Q.SONIC - FAGAS","og_description":"Der multidirektionale Ultraschall-Gasdurchflussmesser Q.Sonic von Elster-Instromet ist ideal f\u00fcr die Kalibrierung von Erdgas. Das patentierte Messpfad-Layout erm\u00f6glicht zusammen mit fortschrittlichen Ultraschallsensoren und digitaler Signalverarbeitung eine hohe Pr\u00e4zision bei hervorragender Langzeitstabilit\u00e4t. Die Analyse des Durchflussprofils des Z\u00e4hlers erm\u00f6glicht den Verzicht auf den \u00fcblichen Einsatz von Durchflussreglern. Hier k\u00f6nnen Sie die Software und zus\u00e4tzliche Installationsanleitungen herunterladen.","og_url":"https:\/\/fagas.ba\/produkt\/q-sonic\/","og_site_name":"FAGAS","article_modified_time":"2021-11-23T21:51:17+00:00","og_image":[{"width":640,"height":399,"url":"https:\/\/fagas.ba\/fgs\/wp-content\/uploads\/2021\/01\/2_Q.SONIC_.jpg","type":"image\/jpeg"}],"twitter_card":"summary_large_image","twitter_misc":{"Gesch\u00e4tzte Lesezeit":"2\u00a0Minuten"},"schema":{"@context":"https:\/\/schema.org","@graph":[{"@type":"WebPage","@id":"https:\/\/fagas.ba\/produkt\/q-sonic\/","url":"https:\/\/fagas.ba\/produkt\/q-sonic\/","name":"Q.SONIC - FAGAS","isPartOf":{"@id":"https:\/\/fagas.ba\/en\/#website"},"datePublished":"2021-11-23T21:51:15+00:00","dateModified":"2021-11-23T21:51:17+00:00","breadcrumb":{"@id":"https:\/\/fagas.ba\/produkt\/q-sonic\/#breadcrumb"},"inLanguage":"de","potentialAction":[{"@type":"ReadAction","target":["https:\/\/fagas.ba\/produkt\/q-sonic\/"]}]},{"@type":"BreadcrumbList","@id":"https:\/\/fagas.ba\/produkt\/q-sonic\/#breadcrumb","itemListElement":[{"@type":"ListItem","position":1,"name":"Home","item":"https:\/\/fagas.ba\/"},{"@type":"ListItem","position":2,"name":"Products","item":"https:\/\/fagas.ba\/en\/shop\/"},{"@type":"ListItem","position":3,"name":"Q.SONIC"}]},{"@type":"WebSite","@id":"https:\/\/fagas.ba\/en\/#website","url":"https:\/\/fagas.ba\/en\/","name":"FAGAS","description":"Projektovanje i proizvodnja gasne opreme","potentialAction":[{"@type":"SearchAction","target":{"@type":"EntryPoint","urlTemplate":"https:\/\/fagas.ba\/en\/?s={search_term_string}"},"query-input":"required name=search_term_string"}],"inLanguage":"de"}]}},"_links":{"self":[{"href":"https:\/\/fagas.ba\/de\/wp-json\/wp\/v2\/product\/5220"}],"collection":[{"href":"https:\/\/fagas.ba\/de\/wp-json\/wp\/v2\/product"}],"about":[{"href":"https:\/\/fagas.ba\/de\/wp-json\/wp\/v2\/types\/product"}],"replies":[{"embeddable":true,"href":"https:\/\/fagas.ba\/de\/wp-json\/wp\/v2\/comments?post=5220"}],"wp:featuredmedia":[{"embeddable":true,"href":"https:\/\/fagas.ba\/de\/wp-json\/wp\/v2\/media\/4292"}],"wp:attachment":[{"href":"https:\/\/fagas.ba\/de\/wp-json\/wp\/v2\/media?parent=5220"}],"wp:term":[{"taxonomy":"product_cat","embeddable":true,"href":"https:\/\/fagas.ba\/de\/wp-json\/wp\/v2\/product_cat?post=5220"},{"taxonomy":"product_tag","embeddable":true,"href":"https:\/\/fagas.ba\/de\/wp-json\/wp\/v2\/product_tag?post=5220"}],"curies":[{"name":"wp","href":"https:\/\/api.w.org\/{rel}","templated":true}]}}