{"id":5219,"date":"2021-01-13T12:22:50","date_gmt":"2021-11-23T21:51:15","guid":{"rendered":"https:\/\/fagas.ba\/product\/q-sonic\/"},"modified":"2021-11-23T21:51:15","modified_gmt":"2021-11-23T21:51:15","slug":"q-sonic-2","status":"publish","type":"product","link":"https:\/\/fagas.ba\/de\/proizvod\/q-sonic-2\/","title":{"rendered":"Q.SONIC"},"content":{"rendered":"","protected":false},"excerpt":{"rendered":"<p>Der multidirektionale Ultraschall-Gasdurchflussmesser Q.Sonic von Elster-Instromet ist ideal f\u00fcr die Kalibrierung von Erdgas. Das patentierte Messpfad-Layout erm\u00f6glicht zusammen mit fortschrittlichen Ultraschallsensoren und digitaler Signalverarbeitung eine hohe Pr\u00e4zision bei hervorragender Langzeitstabilit\u00e4t.<\/p>\n<p>Die Analyse des Durchflussprofils des Z\u00e4hlers erm\u00f6glicht den Verzicht auf den \u00fcblichen Einsatz von Durchflussreglern.<\/p>\n<p>Hier k\u00f6nnen Sie die Software und zus\u00e4tzliche Installationsanleitungen <a href=\"https:\/\/www.elster-instromet.com\/en\/uniguard\" target=\"_blank\" rel=\"noopener noreferrer\">herunterladen<\/a>.<\/p>\n","protected":false},"featured_media":4292,"comment_status":"open","ping_status":"closed","template":"","meta":{"_et_pb_use_builder":"on","_et_pb_old_content":"Der multidirektionale Ultraschall-Gasdurchflussmesser Q.Sonic von Elster-Instromet ist ideal f\u00fcr die Kalibrierung von Erdgas. Das patentierte Messpfad-Layout erm\u00f6glicht zusammen mit fortschrittlichen Ultraschallsensoren und digitaler Signalverarbeitung eine hohe Pr\u00e4zision bei hervorragender Langzeitstabilit\u00e4t.\n\nDie Analyse des Durchflussprofils des Z\u00e4hlers erm\u00f6glicht den Verzicht auf den \u00fcblichen Einsatz von Durchflussreglern.\n\nHier k\u00f6nnen Sie die Software und zus\u00e4tzliche Installationsanleitungen <a href=\"https:\/\/www.elster-instromet.com\/en\/uniguard\" target=\"_blank\" rel=\"noopener noreferrer\">herunterladen<\/a>.","_et_gb_content_width":""},"product_cat":[321,373],"product_tag":[213,233,303],"yoast_head":"<!-- This site is optimized with the Yoast SEO plugin v20.12 - https:\/\/yoast.com\/wordpress\/plugins\/seo\/ -->\n<title>Q.SONIC - FAGAS<\/title>\n<meta name=\"robots\" content=\"index, follow, max-snippet:-1, max-image-preview:large, max-video-preview:-1\" \/>\n<link rel=\"canonical\" href=\"https:\/\/fagas.ba\/proizvod\/q-sonic-2\/\" \/>\n<meta property=\"og:locale\" content=\"de_DE\" \/>\n<meta property=\"og:type\" content=\"article\" \/>\n<meta property=\"og:title\" content=\"Q.SONIC - FAGAS\" \/>\n<meta property=\"og:description\" content=\"Der multidirektionale Ultraschall-Gasdurchflussmesser Q.Sonic von Elster-Instromet ist ideal f\u00fcr die Kalibrierung von Erdgas. Das patentierte Messpfad-Layout erm\u00f6glicht zusammen mit fortschrittlichen Ultraschallsensoren und digitaler Signalverarbeitung eine hohe Pr\u00e4zision bei hervorragender Langzeitstabilit\u00e4t. Die Analyse des Durchflussprofils des Z\u00e4hlers erm\u00f6glicht den Verzicht auf den \u00fcblichen Einsatz von Durchflussreglern. Hier k\u00f6nnen Sie die Software und zus\u00e4tzliche Installationsanleitungen herunterladen.\" \/>\n<meta property=\"og:url\" content=\"https:\/\/fagas.ba\/proizvod\/q-sonic-2\/\" \/>\n<meta property=\"og:site_name\" content=\"FAGAS\" \/>\n<meta property=\"og:image\" content=\"https:\/\/fagas.ba\/fgs\/wp-content\/uploads\/2021\/01\/2_Q.SONIC_.jpg\" \/>\n\t<meta property=\"og:image:width\" content=\"640\" \/>\n\t<meta property=\"og:image:height\" content=\"399\" \/>\n\t<meta property=\"og:image:type\" content=\"image\/jpeg\" \/>\n<meta name=\"twitter:card\" content=\"summary_large_image\" \/>\n<script type=\"application\/ld+json\" class=\"yoast-schema-graph\">{\"@context\":\"https:\/\/schema.org\",\"@graph\":[{\"@type\":\"WebPage\",\"@id\":\"https:\/\/fagas.ba\/proizvod\/q-sonic-2\/\",\"url\":\"https:\/\/fagas.ba\/proizvod\/q-sonic-2\/\",\"name\":\"Q.SONIC - FAGAS\",\"isPartOf\":{\"@id\":\"https:\/\/fagas.ba\/en\/#website\"},\"datePublished\":\"2021-11-23T21:51:15+00:00\",\"dateModified\":\"2021-11-23T21:51:15+00:00\",\"breadcrumb\":{\"@id\":\"https:\/\/fagas.ba\/proizvod\/q-sonic-2\/#breadcrumb\"},\"inLanguage\":\"de\",\"potentialAction\":[{\"@type\":\"ReadAction\",\"target\":[\"https:\/\/fagas.ba\/proizvod\/q-sonic-2\/\"]}]},{\"@type\":\"BreadcrumbList\",\"@id\":\"https:\/\/fagas.ba\/proizvod\/q-sonic-2\/#breadcrumb\",\"itemListElement\":[{\"@type\":\"ListItem\",\"position\":1,\"name\":\"Home\",\"item\":\"https:\/\/fagas.ba\/\"},{\"@type\":\"ListItem\",\"position\":2,\"name\":\"Products\",\"item\":\"https:\/\/fagas.ba\/en\/shop\/\"},{\"@type\":\"ListItem\",\"position\":3,\"name\":\"Q.SONIC\"}]},{\"@type\":\"WebSite\",\"@id\":\"https:\/\/fagas.ba\/en\/#website\",\"url\":\"https:\/\/fagas.ba\/en\/\",\"name\":\"FAGAS\",\"description\":\"Projektovanje i proizvodnja gasne opreme\",\"potentialAction\":[{\"@type\":\"SearchAction\",\"target\":{\"@type\":\"EntryPoint\",\"urlTemplate\":\"https:\/\/fagas.ba\/en\/?s={search_term_string}\"},\"query-input\":\"required name=search_term_string\"}],\"inLanguage\":\"de\"}]}<\/script>\n<!-- \/ Yoast SEO plugin. -->","yoast_head_json":{"title":"Q.SONIC - FAGAS","robots":{"index":"index","follow":"follow","max-snippet":"max-snippet:-1","max-image-preview":"max-image-preview:large","max-video-preview":"max-video-preview:-1"},"canonical":"https:\/\/fagas.ba\/proizvod\/q-sonic-2\/","og_locale":"de_DE","og_type":"article","og_title":"Q.SONIC - FAGAS","og_description":"Der multidirektionale Ultraschall-Gasdurchflussmesser Q.Sonic von Elster-Instromet ist ideal f\u00fcr die Kalibrierung von Erdgas. Das patentierte Messpfad-Layout erm\u00f6glicht zusammen mit fortschrittlichen Ultraschallsensoren und digitaler Signalverarbeitung eine hohe Pr\u00e4zision bei hervorragender Langzeitstabilit\u00e4t. Die Analyse des Durchflussprofils des Z\u00e4hlers erm\u00f6glicht den Verzicht auf den \u00fcblichen Einsatz von Durchflussreglern. Hier k\u00f6nnen Sie die Software und zus\u00e4tzliche Installationsanleitungen herunterladen.","og_url":"https:\/\/fagas.ba\/proizvod\/q-sonic-2\/","og_site_name":"FAGAS","og_image":[{"width":640,"height":399,"url":"https:\/\/fagas.ba\/fgs\/wp-content\/uploads\/2021\/01\/2_Q.SONIC_.jpg","type":"image\/jpeg"}],"twitter_card":"summary_large_image","schema":{"@context":"https:\/\/schema.org","@graph":[{"@type":"WebPage","@id":"https:\/\/fagas.ba\/proizvod\/q-sonic-2\/","url":"https:\/\/fagas.ba\/proizvod\/q-sonic-2\/","name":"Q.SONIC - FAGAS","isPartOf":{"@id":"https:\/\/fagas.ba\/en\/#website"},"datePublished":"2021-11-23T21:51:15+00:00","dateModified":"2021-11-23T21:51:15+00:00","breadcrumb":{"@id":"https:\/\/fagas.ba\/proizvod\/q-sonic-2\/#breadcrumb"},"inLanguage":"de","potentialAction":[{"@type":"ReadAction","target":["https:\/\/fagas.ba\/proizvod\/q-sonic-2\/"]}]},{"@type":"BreadcrumbList","@id":"https:\/\/fagas.ba\/proizvod\/q-sonic-2\/#breadcrumb","itemListElement":[{"@type":"ListItem","position":1,"name":"Home","item":"https:\/\/fagas.ba\/"},{"@type":"ListItem","position":2,"name":"Products","item":"https:\/\/fagas.ba\/en\/shop\/"},{"@type":"ListItem","position":3,"name":"Q.SONIC"}]},{"@type":"WebSite","@id":"https:\/\/fagas.ba\/en\/#website","url":"https:\/\/fagas.ba\/en\/","name":"FAGAS","description":"Projektovanje i proizvodnja gasne opreme","potentialAction":[{"@type":"SearchAction","target":{"@type":"EntryPoint","urlTemplate":"https:\/\/fagas.ba\/en\/?s={search_term_string}"},"query-input":"required name=search_term_string"}],"inLanguage":"de"}]}},"_links":{"self":[{"href":"https:\/\/fagas.ba\/de\/wp-json\/wp\/v2\/product\/5219"}],"collection":[{"href":"https:\/\/fagas.ba\/de\/wp-json\/wp\/v2\/product"}],"about":[{"href":"https:\/\/fagas.ba\/de\/wp-json\/wp\/v2\/types\/product"}],"replies":[{"embeddable":true,"href":"https:\/\/fagas.ba\/de\/wp-json\/wp\/v2\/comments?post=5219"}],"wp:featuredmedia":[{"embeddable":true,"href":"https:\/\/fagas.ba\/de\/wp-json\/wp\/v2\/media\/4292"}],"wp:attachment":[{"href":"https:\/\/fagas.ba\/de\/wp-json\/wp\/v2\/media?parent=5219"}],"wp:term":[{"taxonomy":"product_cat","embeddable":true,"href":"https:\/\/fagas.ba\/de\/wp-json\/wp\/v2\/product_cat?post=5219"},{"taxonomy":"product_tag","embeddable":true,"href":"https:\/\/fagas.ba\/de\/wp-json\/wp\/v2\/product_tag?post=5219"}],"curies":[{"name":"wp","href":"https:\/\/api.w.org\/{rel}","templated":true}]}}