{"id":5217,"date":"2021-11-23T21:37:56","date_gmt":"2021-11-23T21:37:56","guid":{"rendered":"https:\/\/fagas.ba\/product\/twinsonic-plus\/"},"modified":"2021-11-23T21:38:02","modified_gmt":"2021-11-23T21:38:02","slug":"twinsonic-plus","status":"publish","type":"product","link":"https:\/\/fagas.ba\/de\/produkt\/twinsonic-plus\/","title":{"rendered":"TWINSONIC-PLUS"},"content":{"rendered":"<p>[et_pb_section fb_built=&#8220;1&#8243; _builder_version=&#8220;3.22&#8243; custom_padding=&#8220;0px||||false|false&#8220;][et_pb_row _builder_version=&#8220;3.25&#8243; background_size=&#8220;initial&#8220; background_position=&#8220;top_left&#8220; background_repeat=&#8220;repeat&#8220; width=&#8220;100%&#8220; custom_padding=&#8220;0px||0px||false|false&#8220;][et_pb_column type=&#8220;4_4&#8243; _builder_version=&#8220;3.25&#8243; custom_padding=&#8220;|||&#8220; custom_padding__hover=&#8220;|||&#8220;][et_pb_wc_breadcrumb admin_label=&#8220;Woo Breadcrumb&#8220; _builder_version=&#8220;3.0.47&#8243;][\/et_pb_wc_breadcrumb][\/et_pb_column][\/et_pb_row][et_pb_row column_structure=&#8220;1_2,1_2&#8243; _builder_version=&#8220;3.25&#8243; background_size=&#8220;initial&#8220; background_position=&#8220;top_left&#8220; background_repeat=&#8220;repeat&#8220; width=&#8220;100%&#8220; custom_padding=&#8220;0px||||false|false&#8220;][et_pb_column type=&#8220;1_2&#8243; _builder_version=&#8220;3.25&#8243; custom_padding=&#8220;|||&#8220; custom_padding__hover=&#8220;|||&#8220;][et_pb_wc_images _builder_version=&#8220;4.7.4&#8243; _module_preset=&#8220;default&#8220;][\/et_pb_wc_images][\/et_pb_column][et_pb_column type=&#8220;1_2&#8243; _builder_version=&#8220;3.25&#8243; custom_padding=&#8220;|||&#8220; custom_padding__hover=&#8220;|||&#8220;][et_pb_wc_title _builder_version=&#8220;3.0.47&#8243;][\/et_pb_wc_title][et_pb_wc_description _builder_version=&#8220;3.0.47&#8243;][\/et_pb_wc_description][et_pb_wc_meta _builder_version=&#8220;3.0.47&#8243;][\/et_pb_wc_meta][\/et_pb_column][\/et_pb_row][et_pb_row _builder_version=&#8220;3.25&#8243; background_size=&#8220;initial&#8220; background_position=&#8220;top_left&#8220; background_repeat=&#8220;repeat&#8220; width=&#8220;100%&#8220;][et_pb_column type=&#8220;4_4&#8243; _builder_version=&#8220;3.25&#8243; custom_padding=&#8220;|||&#8220; custom_padding__hover=&#8220;|||&#8220;][et_pb_divider color=&#8220;#D8D8D8&#8243; divider_position=&#8220;center&#8220; _builder_version=&#8220;4.7.4&#8243; _module_preset=&#8220;default&#8220;][\/et_pb_divider][et_pb_tabs module_class=&#8220;vertical-tabs2&#8243; _builder_version=&#8220;4.7.4&#8243; _module_preset=&#8220;default&#8220; hover_enabled=&#8220;0&#8243; sticky_enabled=&#8220;0&#8243;][et_pb_tab title=&#8220;Arbeitsweise&#8220; _builder_version=&#8220;4.7.4&#8243; _module_preset=&#8220;default&#8220; hover_enabled=&#8220;0&#8243; sticky_enabled=&#8220;0&#8243;]<\/p>\n<p>TwinSonicplus verwendet f\u00fcr seine Prim\u00e4rmessung die marktf\u00fchrende Technologie des praxiserprobten Q.Sonicplus USM. Eine patentierte Konfiguration mit sechs Pfaden bietet eine detaillierte Str\u00f6mungsprofilerkennung, hervorragende St\u00f6rfestigkeit und un\u00fcbertroffene Druck- und Gasgeschwindigkeitsf\u00e4higkeiten.<\/p>\n<p>Mithilfe von Reflexionspfaden und ausgekl\u00fcgelter Diagnose erkennt das Ultraschallmessger\u00e4t schnell Verschmutzungen oder Fl\u00fcssigkeiten im Rohr. Die steuerlichen Messungen sind voll konform mit AGA9 und explosionsgepr\u00fcft nach ATEX, IECEx, FM und CSA. Mit vier Doppelreflexionspfaden (Swirlpfaden) und zwei Einzelreflexionspfaden (axialen Pfaden) liefert die prim\u00e4re Messung auch bei Ausfall eines Pfads jedes Typs (axial\/Swirl) steuerkonforme Messungen.<\/p>\n<p>Die kontinuierliche \u00dcberpr\u00fcfung dieser prim\u00e4ren Messung wird durch eine zus\u00e4tzliche, zu 100 % redundante Elektronik und eine in das Messger\u00e4tegeh\u00e4use integrierte Doppelpfadkonfiguration erreicht. Zwei einzelne reflektierende (axiale) Pfade zur \u00dcberpr\u00fcfung unterst\u00fctzen die prim\u00e4re Messung und sorgen f\u00fcr mehr Vertrauen in die endg\u00fcltige Messung.<\/p>\n<p>[\/et_pb_tab][et_pb_tab title=&#8220;Technische Dokumentation&#8220; _builder_version=&#8220;4.7.4&#8243; _module_preset=&#8220;default&#8220; hover_enabled=&#8220;0&#8243; sticky_enabled=&#8220;0&#8243;]<\/p>\n<ul class=\"documents-list\">\n<li><a href=\"http:\/\/fagas.ba\/fgs\/wp-content\/uploads\/2021\/01\/TwinSonicPlus.pdf\" target=\"_blank\" rel=\"noopener noreferrer\">Technisches Dokument<\/a><\/li>\n<\/ul>\n<p>[\/et_pb_tab][\/et_pb_tabs][et_pb_divider color=&#8220;#D8D8D8&#8243; divider_position=&#8220;center&#8220; _builder_version=&#8220;4.7.4&#8243; _module_preset=&#8220;default&#8220;][\/et_pb_divider][et_pb_wc_related_products posts_number=&#8220;4&#8243; columns_number=&#8220;4&#8243; admin_label=&#8220;Sli\u010dni proizvodi&#8220; _builder_version=&#8220;4.7.4&#8243;][\/et_pb_wc_related_products][\/et_pb_column][\/et_pb_row][\/et_pb_section]<\/p>\n","protected":false},"excerpt":{"rendered":"<p>Honeywell Elster\u00ae TwinSonicplus Ultraschall-Gasz\u00e4hler verwenden marktf\u00fchrende Technologie, um Genauigkeit und wertvolle Einblicke in die Verwahrung von Erdgas-Wertsch\u00f6pfungskettenanwendungen zu bieten. Instabile Preise und enge Margen setzen Gasunternehmen unter Druck, die Kosten zu kontrollieren, die Laufzeit zu verl\u00e4ngern und Risiken zu reduzieren. Ein effektiver eichamtlicher Transfer ist der Schl\u00fcssel zu diesen Bem\u00fchungen. Hohe Genauigkeit und Zuverl\u00e4ssigkeit bei Messl\u00f6sungen sind zu einem wichtigen Unterscheidungsmerkmal f\u00fcr Betreiber mittlerer Reichweite geworden, und der Bedarf an konsistenter Messung und zuverl\u00e4ssigen, robusten Messl\u00f6sungen kann den Unterschied ausmachen.<\/p>\n","protected":false},"featured_media":4294,"comment_status":"open","ping_status":"closed","template":"","meta":{"_et_pb_use_builder":"on","_et_pb_old_content":"Honeywell Elster\u00ae TwinSonicplus Ultraschall-Gasz\u00e4hler verwenden marktf\u00fchrende Technologie, um Genauigkeit und wertvolle Einblicke in die Verwahrung von Erdgas-Wertsch\u00f6pfungskettenanwendungen zu bieten. Instabile Preise und enge Margen setzen Gasunternehmen unter Druck, die Kosten zu kontrollieren, die Laufzeit zu verl\u00e4ngern und Risiken zu reduzieren. Ein effektiver eichamtlicher Transfer ist der Schl\u00fcssel zu diesen Bem\u00fchungen. Hohe Genauigkeit und Zuverl\u00e4ssigkeit bei Messl\u00f6sungen sind zu einem wichtigen Unterscheidungsmerkmal f\u00fcr Betreiber mittlerer Reichweite geworden, und der Bedarf an konsistenter Messung und zuverl\u00e4ssigen, robusten Messl\u00f6sungen kann den Unterschied ausmachen.","_et_gb_content_width":""},"product_cat":[321,373],"product_tag":[213,303],"yoast_head":"<!-- This site is optimized with the Yoast SEO plugin v20.12 - https:\/\/yoast.com\/wordpress\/plugins\/seo\/ -->\n<title>TWINSONIC-PLUS - FAGAS<\/title>\n<meta name=\"robots\" content=\"index, follow, max-snippet:-1, max-image-preview:large, max-video-preview:-1\" \/>\n<link rel=\"canonical\" href=\"https:\/\/fagas.ba\/produkt\/twinsonic-plus\/\" \/>\n<meta property=\"og:locale\" content=\"de_DE\" \/>\n<meta property=\"og:type\" content=\"article\" \/>\n<meta property=\"og:title\" content=\"TWINSONIC-PLUS - FAGAS\" \/>\n<meta property=\"og:description\" content=\"Honeywell Elster\u00ae TwinSonicplus Ultraschall-Gasz\u00e4hler verwenden marktf\u00fchrende Technologie, um Genauigkeit und wertvolle Einblicke in die Verwahrung von Erdgas-Wertsch\u00f6pfungskettenanwendungen zu bieten. Instabile Preise und enge Margen setzen Gasunternehmen unter Druck, die Kosten zu kontrollieren, die Laufzeit zu verl\u00e4ngern und Risiken zu reduzieren. Ein effektiver eichamtlicher Transfer ist der Schl\u00fcssel zu diesen Bem\u00fchungen. Hohe Genauigkeit und Zuverl\u00e4ssigkeit bei Messl\u00f6sungen sind zu einem wichtigen Unterscheidungsmerkmal f\u00fcr Betreiber mittlerer Reichweite geworden, und der Bedarf an konsistenter Messung und zuverl\u00e4ssigen, robusten Messl\u00f6sungen kann den Unterschied ausmachen.\" \/>\n<meta property=\"og:url\" content=\"https:\/\/fagas.ba\/produkt\/twinsonic-plus\/\" \/>\n<meta property=\"og:site_name\" content=\"FAGAS\" \/>\n<meta property=\"article:modified_time\" content=\"2021-11-23T21:38:02+00:00\" \/>\n<meta property=\"og:image\" content=\"https:\/\/fagas.ba\/fgs\/wp-content\/uploads\/2021\/01\/3_TWINSONIC-PLUS.jpg\" \/>\n\t<meta property=\"og:image:width\" content=\"640\" \/>\n\t<meta property=\"og:image:height\" content=\"399\" \/>\n\t<meta property=\"og:image:type\" content=\"image\/jpeg\" \/>\n<meta name=\"twitter:card\" content=\"summary_large_image\" \/>\n<meta name=\"twitter:label1\" content=\"Gesch\u00e4tzte Lesezeit\" \/>\n\t<meta name=\"twitter:data1\" content=\"2\u00a0Minuten\" \/>\n<script type=\"application\/ld+json\" class=\"yoast-schema-graph\">{\"@context\":\"https:\/\/schema.org\",\"@graph\":[{\"@type\":\"WebPage\",\"@id\":\"https:\/\/fagas.ba\/produkt\/twinsonic-plus\/\",\"url\":\"https:\/\/fagas.ba\/produkt\/twinsonic-plus\/\",\"name\":\"TWINSONIC-PLUS - FAGAS\",\"isPartOf\":{\"@id\":\"https:\/\/fagas.ba\/en\/#website\"},\"datePublished\":\"2021-11-23T21:37:56+00:00\",\"dateModified\":\"2021-11-23T21:38:02+00:00\",\"breadcrumb\":{\"@id\":\"https:\/\/fagas.ba\/produkt\/twinsonic-plus\/#breadcrumb\"},\"inLanguage\":\"de\",\"potentialAction\":[{\"@type\":\"ReadAction\",\"target\":[\"https:\/\/fagas.ba\/produkt\/twinsonic-plus\/\"]}]},{\"@type\":\"BreadcrumbList\",\"@id\":\"https:\/\/fagas.ba\/produkt\/twinsonic-plus\/#breadcrumb\",\"itemListElement\":[{\"@type\":\"ListItem\",\"position\":1,\"name\":\"Home\",\"item\":\"https:\/\/fagas.ba\/\"},{\"@type\":\"ListItem\",\"position\":2,\"name\":\"Products\",\"item\":\"https:\/\/fagas.ba\/en\/shop\/\"},{\"@type\":\"ListItem\",\"position\":3,\"name\":\"TWINSONIC-PLUS\"}]},{\"@type\":\"WebSite\",\"@id\":\"https:\/\/fagas.ba\/en\/#website\",\"url\":\"https:\/\/fagas.ba\/en\/\",\"name\":\"FAGAS\",\"description\":\"Projektovanje i proizvodnja gasne opreme\",\"potentialAction\":[{\"@type\":\"SearchAction\",\"target\":{\"@type\":\"EntryPoint\",\"urlTemplate\":\"https:\/\/fagas.ba\/en\/?s={search_term_string}\"},\"query-input\":\"required name=search_term_string\"}],\"inLanguage\":\"de\"}]}<\/script>\n<!-- \/ Yoast SEO plugin. -->","yoast_head_json":{"title":"TWINSONIC-PLUS - FAGAS","robots":{"index":"index","follow":"follow","max-snippet":"max-snippet:-1","max-image-preview":"max-image-preview:large","max-video-preview":"max-video-preview:-1"},"canonical":"https:\/\/fagas.ba\/produkt\/twinsonic-plus\/","og_locale":"de_DE","og_type":"article","og_title":"TWINSONIC-PLUS - FAGAS","og_description":"Honeywell Elster\u00ae TwinSonicplus Ultraschall-Gasz\u00e4hler verwenden marktf\u00fchrende Technologie, um Genauigkeit und wertvolle Einblicke in die Verwahrung von Erdgas-Wertsch\u00f6pfungskettenanwendungen zu bieten. Instabile Preise und enge Margen setzen Gasunternehmen unter Druck, die Kosten zu kontrollieren, die Laufzeit zu verl\u00e4ngern und Risiken zu reduzieren. Ein effektiver eichamtlicher Transfer ist der Schl\u00fcssel zu diesen Bem\u00fchungen. Hohe Genauigkeit und Zuverl\u00e4ssigkeit bei Messl\u00f6sungen sind zu einem wichtigen Unterscheidungsmerkmal f\u00fcr Betreiber mittlerer Reichweite geworden, und der Bedarf an konsistenter Messung und zuverl\u00e4ssigen, robusten Messl\u00f6sungen kann den Unterschied ausmachen.","og_url":"https:\/\/fagas.ba\/produkt\/twinsonic-plus\/","og_site_name":"FAGAS","article_modified_time":"2021-11-23T21:38:02+00:00","og_image":[{"width":640,"height":399,"url":"https:\/\/fagas.ba\/fgs\/wp-content\/uploads\/2021\/01\/3_TWINSONIC-PLUS.jpg","type":"image\/jpeg"}],"twitter_card":"summary_large_image","twitter_misc":{"Gesch\u00e4tzte Lesezeit":"2\u00a0Minuten"},"schema":{"@context":"https:\/\/schema.org","@graph":[{"@type":"WebPage","@id":"https:\/\/fagas.ba\/produkt\/twinsonic-plus\/","url":"https:\/\/fagas.ba\/produkt\/twinsonic-plus\/","name":"TWINSONIC-PLUS - FAGAS","isPartOf":{"@id":"https:\/\/fagas.ba\/en\/#website"},"datePublished":"2021-11-23T21:37:56+00:00","dateModified":"2021-11-23T21:38:02+00:00","breadcrumb":{"@id":"https:\/\/fagas.ba\/produkt\/twinsonic-plus\/#breadcrumb"},"inLanguage":"de","potentialAction":[{"@type":"ReadAction","target":["https:\/\/fagas.ba\/produkt\/twinsonic-plus\/"]}]},{"@type":"BreadcrumbList","@id":"https:\/\/fagas.ba\/produkt\/twinsonic-plus\/#breadcrumb","itemListElement":[{"@type":"ListItem","position":1,"name":"Home","item":"https:\/\/fagas.ba\/"},{"@type":"ListItem","position":2,"name":"Products","item":"https:\/\/fagas.ba\/en\/shop\/"},{"@type":"ListItem","position":3,"name":"TWINSONIC-PLUS"}]},{"@type":"WebSite","@id":"https:\/\/fagas.ba\/en\/#website","url":"https:\/\/fagas.ba\/en\/","name":"FAGAS","description":"Projektovanje i proizvodnja gasne opreme","potentialAction":[{"@type":"SearchAction","target":{"@type":"EntryPoint","urlTemplate":"https:\/\/fagas.ba\/en\/?s={search_term_string}"},"query-input":"required name=search_term_string"}],"inLanguage":"de"}]}},"_links":{"self":[{"href":"https:\/\/fagas.ba\/de\/wp-json\/wp\/v2\/product\/5217"}],"collection":[{"href":"https:\/\/fagas.ba\/de\/wp-json\/wp\/v2\/product"}],"about":[{"href":"https:\/\/fagas.ba\/de\/wp-json\/wp\/v2\/types\/product"}],"replies":[{"embeddable":true,"href":"https:\/\/fagas.ba\/de\/wp-json\/wp\/v2\/comments?post=5217"}],"wp:featuredmedia":[{"embeddable":true,"href":"https:\/\/fagas.ba\/de\/wp-json\/wp\/v2\/media\/4294"}],"wp:attachment":[{"href":"https:\/\/fagas.ba\/de\/wp-json\/wp\/v2\/media?parent=5217"}],"wp:term":[{"taxonomy":"product_cat","embeddable":true,"href":"https:\/\/fagas.ba\/de\/wp-json\/wp\/v2\/product_cat?post=5217"},{"taxonomy":"product_tag","embeddable":true,"href":"https:\/\/fagas.ba\/de\/wp-json\/wp\/v2\/product_tag?post=5217"}],"curies":[{"name":"wp","href":"https:\/\/api.w.org\/{rel}","templated":true}]}}