{"id":5206,"date":"2021-11-23T21:15:58","date_gmt":"2021-11-23T21:15:58","guid":{"rendered":"https:\/\/fagas.ba\/product\/gaslab-q2\/"},"modified":"2021-11-23T21:15:59","modified_gmt":"2021-11-23T21:15:59","slug":"gaslab-q2","status":"publish","type":"product","link":"https:\/\/fagas.ba\/de\/produkt\/gaslab-q2\/","title":{"rendered":"GASLAB Q2"},"content":{"rendered":"<p>[et_pb_section fb_built=&#8220;1&#8243; _builder_version=&#8220;3.22&#8243; custom_padding=&#8220;0px||||false|false&#8220; da_disable_devices=&#8220;off|off|off&#8220; da_is_popup=&#8220;off&#8220; da_exit_intent=&#8220;off&#8220; da_has_close=&#8220;on&#8220; da_alt_close=&#8220;off&#8220; da_dark_close=&#8220;off&#8220; da_not_modal=&#8220;on&#8220; da_is_singular=&#8220;off&#8220; da_with_loader=&#8220;off&#8220; da_has_shadow=&#8220;on&#8220;][et_pb_row _builder_version=&#8220;3.25&#8243; background_size=&#8220;initial&#8220; background_position=&#8220;top_left&#8220; background_repeat=&#8220;repeat&#8220; width=&#8220;100%&#8220; custom_padding=&#8220;0px||0px||false|false&#8220;][et_pb_column type=&#8220;4_4&#8243; _builder_version=&#8220;3.25&#8243; custom_padding=&#8220;|||&#8220; custom_padding__hover=&#8220;|||&#8220;][et_pb_wc_breadcrumb admin_label=&#8220;Woo Breadcrumb&#8220; _builder_version=&#8220;3.0.47&#8243;][\/et_pb_wc_breadcrumb][\/et_pb_column][\/et_pb_row][et_pb_row column_structure=&#8220;1_2,1_2&#8243; _builder_version=&#8220;3.25&#8243; background_size=&#8220;initial&#8220; background_position=&#8220;top_left&#8220; background_repeat=&#8220;repeat&#8220; width=&#8220;100%&#8220; custom_padding=&#8220;0px||||false|false&#8220;][et_pb_column type=&#8220;1_2&#8243; _builder_version=&#8220;3.25&#8243; custom_padding=&#8220;|||&#8220; custom_padding__hover=&#8220;|||&#8220;][et_pb_wc_images _builder_version=&#8220;4.7.4&#8243; _module_preset=&#8220;default&#8220;][\/et_pb_wc_images][\/et_pb_column][et_pb_column type=&#8220;1_2&#8243; _builder_version=&#8220;3.25&#8243; custom_padding=&#8220;|||&#8220; custom_padding__hover=&#8220;|||&#8220;][et_pb_wc_title _builder_version=&#8220;3.0.47&#8243;][\/et_pb_wc_title][et_pb_wc_description _builder_version=&#8220;3.0.47&#8243;][\/et_pb_wc_description][et_pb_wc_meta _builder_version=&#8220;3.0.47&#8243;][\/et_pb_wc_meta][\/et_pb_column][\/et_pb_row][et_pb_row _builder_version=&#8220;3.25&#8243; background_size=&#8220;initial&#8220; background_position=&#8220;top_left&#8220; background_repeat=&#8220;repeat&#8220; width=&#8220;100%&#8220;][et_pb_column type=&#8220;4_4&#8243; _builder_version=&#8220;3.25&#8243; custom_padding=&#8220;|||&#8220; custom_padding__hover=&#8220;|||&#8220;][et_pb_divider color=&#8220;#D8D8D8&#8243; divider_position=&#8220;center&#8220; _builder_version=&#8220;4.7.4&#8243; _module_preset=&#8220;default&#8220;][\/et_pb_divider][et_pb_tabs module_class=&#8220;vertical-tabs2&#8243; _builder_version=&#8220;4.7.4&#8243; _module_preset=&#8220;default&#8220; hover_enabled=&#8220;0&#8243; sticky_enabled=&#8220;0&#8243;][et_pb_tab title=&#8220;Beschreibung&#8220; _builder_version=&#8220;4.7.4&#8243; _module_preset=&#8220;default&#8220; hover_enabled=&#8220;0&#8243; sticky_enabled=&#8220;0&#8243;]Das Ger\u00e4t ist flammenlos, arbeitet schnell und kontinuierlich. Das korrelative GasLab Q2 Messverfahren basiert auf der Bestimmung der Infrarotabsorption und der W\u00e4rmeleitf\u00e4higkeit einer Gasprobe.<\/p>\n<p>Das Geh\u00e4use bietet Explosionsschutz f\u00fcr den Einsatz in explosionsgef\u00e4hrdeten Bereichen und deckt einen weiten Umgebungstemperaturbereich ab, sodass in der Regel kein zus\u00e4tzliches Schutzgeh\u00e4use erforderlich ist. Dadurch kann der Analysator f\u00fcr eine schnelle Reaktionszeit nahe am Prozess platziert werden.<\/p>\n<p>Im Messmodus durchl\u00e4uft die Gasprobe kontinuierlich den Sensor und aktualisiert die Messwerte jede Sekunde. Um die Probenahme zu beschleunigen, ist ein Bypass-Durchflussmesser im Geh\u00e4use integriert. Das Ger\u00e4t verf\u00fcgt \u00fcber eine programmierbare automatische Kalibriersequenz unter Verwendung von Methan. Andere Hilfsmittel wie ein gasf\u00f6rmiger Tr\u00e4ger oder komplexe Gaskalibrierungsgemische sind f\u00fcr den Betrieb nicht erforderlich.<\/p>\n<p>Der Analysator verf\u00fcgt \u00fcber Gasanschl\u00fcsse f\u00fcr Gasprobe, Kalibriergas, Sensoranschluss und optionalen Bypass. Es gibt elektrische Anschl\u00fcsse f\u00fcr Strom und Mehrfachkommunikation, wie Ethernet, serielle Ports sowie analoge und digitale I \/ O.<\/p>\n<p>Die Messwerte werden \u00fcber das Modbus-Protokoll und analoge Ausg\u00e4nge \u00fcbertragen. Modbus ist \u00fcber zwei serielle Ports und eine Ethernet-Schnittstelle verf\u00fcgbar. Modbus ist \u00fcber zwei serielle Ports und einen Ethernet-Steckplatz verf\u00fcgbar. Unterdruckbegrenzung der Kalibrierflasche oder des Probenahmesystems.<\/p>\n<p>Das integrierte Display zeigt die Messwerte und Betriebszust\u00e4nde des Analysators an. Der Analysator kann \u00fcber das Touchpad bedient werden. Die gleiche Funktionalit\u00e4t kann durch einen Webbrowser erreicht werden, der sich mit dem Ger\u00e4t verbindet. Zur Konfiguration, Datenanzeige und Aufzeichnung wird Computersoftware verwendet.<\/p>\n<p>Das GasLab Q2 zeichnet sich durch geringe Investitions- und Wartungskosten und einfache Bedienung aus.[\/et_pb_tab][\/et_pb_tabs][et_pb_divider color=&#8220;#D8D8D8&#8243; divider_position=&#8220;center&#8220; _builder_version=&#8220;4.7.4&#8243; _module_preset=&#8220;default&#8220;][\/et_pb_divider][et_pb_wc_related_products posts_number=&#8220;4&#8243; columns_number=&#8220;4&#8243; admin_label=&#8220;Sli\u010dni proizvodi&#8220; _builder_version=&#8220;4.7.4&#8243;][\/et_pb_wc_related_products][\/et_pb_column][\/et_pb_row][\/et_pb_section]<\/p>\n","protected":false},"excerpt":{"rendered":"<p>GasLab Q2 ist ein Gasqualit\u00e4tsanalysator f\u00fcr Erdgas. Es bestimmt den Brennwert und Wobbe-Index und andere Parameter der Gasprobe. Die Ger\u00e4teanwendungen reichen von der steuerlichen Energiemessung bis hin zur Messung, Steuerung und Regelung. Eine der Hauptanwendungen ist die Regelung von Gasturbinenkraftwerken zur Optimierung von Wirkungsgrad, Schadstoffemissionen und Systembelastung auch bei schwankenden Gasqualit\u00e4ten. Eine weitere Anwendung ist die Gasmischung zur Verwaltung von Gasspezifikationen bei Transport, Verteilung und Verwendung.<\/p>\n","protected":false},"featured_media":4600,"comment_status":"open","ping_status":"closed","template":"","meta":{"_et_pb_use_builder":"on","_et_pb_old_content":"GasLab Q2 ist ein Gasqualit\u00e4tsanalysator f\u00fcr Erdgas. Es bestimmt den Brennwert und Wobbe-Index und andere Parameter der Gasprobe. Die Ger\u00e4teanwendungen reichen von der steuerlichen Energiemessung bis hin zur Messung, Steuerung und Regelung. Eine der Hauptanwendungen ist die Regelung von Gasturbinenkraftwerken zur Optimierung von Wirkungsgrad, Schadstoffemissionen und Systembelastung auch bei schwankenden Gasqualit\u00e4ten. Eine weitere Anwendung ist die Gasmischung zur Verwaltung von Gasspezifikationen bei Transport, Verteilung und Verwendung.","_et_gb_content_width":""},"product_cat":[329,321],"product_tag":[231,251,213],"yoast_head":"<!-- This site is optimized with the Yoast SEO plugin v20.12 - https:\/\/yoast.com\/wordpress\/plugins\/seo\/ -->\n<title>GASLAB Q2 - FAGAS<\/title>\n<meta name=\"robots\" content=\"index, follow, max-snippet:-1, max-image-preview:large, max-video-preview:-1\" \/>\n<link rel=\"canonical\" href=\"https:\/\/fagas.ba\/produkt\/gaslab-q2\/\" \/>\n<meta property=\"og:locale\" content=\"de_DE\" \/>\n<meta property=\"og:type\" content=\"article\" \/>\n<meta property=\"og:title\" content=\"GASLAB Q2 - FAGAS\" \/>\n<meta property=\"og:description\" content=\"GasLab Q2 ist ein Gasqualit\u00e4tsanalysator f\u00fcr Erdgas. Es bestimmt den Brennwert und Wobbe-Index und andere Parameter der Gasprobe. Die Ger\u00e4teanwendungen reichen von der steuerlichen Energiemessung bis hin zur Messung, Steuerung und Regelung. Eine der Hauptanwendungen ist die Regelung von Gasturbinenkraftwerken zur Optimierung von Wirkungsgrad, Schadstoffemissionen und Systembelastung auch bei schwankenden Gasqualit\u00e4ten. Eine weitere Anwendung ist die Gasmischung zur Verwaltung von Gasspezifikationen bei Transport, Verteilung und Verwendung.\" \/>\n<meta property=\"og:url\" content=\"https:\/\/fagas.ba\/produkt\/gaslab-q2\/\" \/>\n<meta property=\"og:site_name\" content=\"FAGAS\" \/>\n<meta property=\"article:modified_time\" content=\"2021-11-23T21:15:59+00:00\" \/>\n<meta property=\"og:image\" content=\"https:\/\/fagas.ba\/fgs\/wp-content\/uploads\/2021\/01\/3_GASLAB-Q2.jpg\" \/>\n\t<meta property=\"og:image:width\" content=\"640\" \/>\n\t<meta property=\"og:image:height\" content=\"399\" \/>\n\t<meta property=\"og:image:type\" content=\"image\/jpeg\" \/>\n<meta name=\"twitter:card\" content=\"summary_large_image\" \/>\n<meta name=\"twitter:label1\" content=\"Gesch\u00e4tzte Lesezeit\" \/>\n\t<meta name=\"twitter:data1\" content=\"3\u00a0Minuten\" \/>\n<script type=\"application\/ld+json\" class=\"yoast-schema-graph\">{\"@context\":\"https:\/\/schema.org\",\"@graph\":[{\"@type\":\"WebPage\",\"@id\":\"https:\/\/fagas.ba\/produkt\/gaslab-q2\/\",\"url\":\"https:\/\/fagas.ba\/produkt\/gaslab-q2\/\",\"name\":\"GASLAB Q2 - FAGAS\",\"isPartOf\":{\"@id\":\"https:\/\/fagas.ba\/en\/#website\"},\"datePublished\":\"2021-11-23T21:15:58+00:00\",\"dateModified\":\"2021-11-23T21:15:59+00:00\",\"breadcrumb\":{\"@id\":\"https:\/\/fagas.ba\/produkt\/gaslab-q2\/#breadcrumb\"},\"inLanguage\":\"de\",\"potentialAction\":[{\"@type\":\"ReadAction\",\"target\":[\"https:\/\/fagas.ba\/produkt\/gaslab-q2\/\"]}]},{\"@type\":\"BreadcrumbList\",\"@id\":\"https:\/\/fagas.ba\/produkt\/gaslab-q2\/#breadcrumb\",\"itemListElement\":[{\"@type\":\"ListItem\",\"position\":1,\"name\":\"Home\",\"item\":\"https:\/\/fagas.ba\/\"},{\"@type\":\"ListItem\",\"position\":2,\"name\":\"Products\",\"item\":\"https:\/\/fagas.ba\/en\/shop\/\"},{\"@type\":\"ListItem\",\"position\":3,\"name\":\"GASLAB Q2\"}]},{\"@type\":\"WebSite\",\"@id\":\"https:\/\/fagas.ba\/en\/#website\",\"url\":\"https:\/\/fagas.ba\/en\/\",\"name\":\"FAGAS\",\"description\":\"Projektovanje i proizvodnja gasne opreme\",\"potentialAction\":[{\"@type\":\"SearchAction\",\"target\":{\"@type\":\"EntryPoint\",\"urlTemplate\":\"https:\/\/fagas.ba\/en\/?s={search_term_string}\"},\"query-input\":\"required name=search_term_string\"}],\"inLanguage\":\"de\"}]}<\/script>\n<!-- \/ Yoast SEO plugin. -->","yoast_head_json":{"title":"GASLAB Q2 - FAGAS","robots":{"index":"index","follow":"follow","max-snippet":"max-snippet:-1","max-image-preview":"max-image-preview:large","max-video-preview":"max-video-preview:-1"},"canonical":"https:\/\/fagas.ba\/produkt\/gaslab-q2\/","og_locale":"de_DE","og_type":"article","og_title":"GASLAB Q2 - FAGAS","og_description":"GasLab Q2 ist ein Gasqualit\u00e4tsanalysator f\u00fcr Erdgas. Es bestimmt den Brennwert und Wobbe-Index und andere Parameter der Gasprobe. Die Ger\u00e4teanwendungen reichen von der steuerlichen Energiemessung bis hin zur Messung, Steuerung und Regelung. Eine der Hauptanwendungen ist die Regelung von Gasturbinenkraftwerken zur Optimierung von Wirkungsgrad, Schadstoffemissionen und Systembelastung auch bei schwankenden Gasqualit\u00e4ten. Eine weitere Anwendung ist die Gasmischung zur Verwaltung von Gasspezifikationen bei Transport, Verteilung und Verwendung.","og_url":"https:\/\/fagas.ba\/produkt\/gaslab-q2\/","og_site_name":"FAGAS","article_modified_time":"2021-11-23T21:15:59+00:00","og_image":[{"width":640,"height":399,"url":"https:\/\/fagas.ba\/fgs\/wp-content\/uploads\/2021\/01\/3_GASLAB-Q2.jpg","type":"image\/jpeg"}],"twitter_card":"summary_large_image","twitter_misc":{"Gesch\u00e4tzte Lesezeit":"3\u00a0Minuten"},"schema":{"@context":"https:\/\/schema.org","@graph":[{"@type":"WebPage","@id":"https:\/\/fagas.ba\/produkt\/gaslab-q2\/","url":"https:\/\/fagas.ba\/produkt\/gaslab-q2\/","name":"GASLAB Q2 - FAGAS","isPartOf":{"@id":"https:\/\/fagas.ba\/en\/#website"},"datePublished":"2021-11-23T21:15:58+00:00","dateModified":"2021-11-23T21:15:59+00:00","breadcrumb":{"@id":"https:\/\/fagas.ba\/produkt\/gaslab-q2\/#breadcrumb"},"inLanguage":"de","potentialAction":[{"@type":"ReadAction","target":["https:\/\/fagas.ba\/produkt\/gaslab-q2\/"]}]},{"@type":"BreadcrumbList","@id":"https:\/\/fagas.ba\/produkt\/gaslab-q2\/#breadcrumb","itemListElement":[{"@type":"ListItem","position":1,"name":"Home","item":"https:\/\/fagas.ba\/"},{"@type":"ListItem","position":2,"name":"Products","item":"https:\/\/fagas.ba\/en\/shop\/"},{"@type":"ListItem","position":3,"name":"GASLAB Q2"}]},{"@type":"WebSite","@id":"https:\/\/fagas.ba\/en\/#website","url":"https:\/\/fagas.ba\/en\/","name":"FAGAS","description":"Projektovanje i proizvodnja gasne opreme","potentialAction":[{"@type":"SearchAction","target":{"@type":"EntryPoint","urlTemplate":"https:\/\/fagas.ba\/en\/?s={search_term_string}"},"query-input":"required name=search_term_string"}],"inLanguage":"de"}]}},"_links":{"self":[{"href":"https:\/\/fagas.ba\/de\/wp-json\/wp\/v2\/product\/5206"}],"collection":[{"href":"https:\/\/fagas.ba\/de\/wp-json\/wp\/v2\/product"}],"about":[{"href":"https:\/\/fagas.ba\/de\/wp-json\/wp\/v2\/types\/product"}],"replies":[{"embeddable":true,"href":"https:\/\/fagas.ba\/de\/wp-json\/wp\/v2\/comments?post=5206"}],"wp:featuredmedia":[{"embeddable":true,"href":"https:\/\/fagas.ba\/de\/wp-json\/wp\/v2\/media\/4600"}],"wp:attachment":[{"href":"https:\/\/fagas.ba\/de\/wp-json\/wp\/v2\/media?parent=5206"}],"wp:term":[{"taxonomy":"product_cat","embeddable":true,"href":"https:\/\/fagas.ba\/de\/wp-json\/wp\/v2\/product_cat?post=5206"},{"taxonomy":"product_tag","embeddable":true,"href":"https:\/\/fagas.ba\/de\/wp-json\/wp\/v2\/product_tag?post=5206"}],"curies":[{"name":"wp","href":"https:\/\/api.w.org\/{rel}","templated":true}]}}