{"id":5188,"date":"2021-11-23T19:38:43","date_gmt":"2021-11-23T19:38:43","guid":{"rendered":"https:\/\/fagas.ba\/product\/gleitanalysatoren\/"},"modified":"2021-11-23T19:38:58","modified_gmt":"2021-11-23T19:38:58","slug":"gleitanalysatoren","status":"publish","type":"product","link":"https:\/\/fagas.ba\/de\/produkt\/gleitanalysatoren\/","title":{"rendered":"Gleitanalysatoren"},"content":{"rendered":"<p>[et_pb_section fb_built=&#8220;1&#8243; _builder_version=&#8220;3.22&#8243; custom_padding=&#8220;0px||||false|false&#8220; da_disable_devices=&#8220;off|off|off&#8220; da_is_popup=&#8220;off&#8220; da_exit_intent=&#8220;off&#8220; da_has_close=&#8220;on&#8220; da_alt_close=&#8220;off&#8220; da_dark_close=&#8220;off&#8220; da_not_modal=&#8220;on&#8220; da_is_singular=&#8220;off&#8220; da_with_loader=&#8220;off&#8220; da_has_shadow=&#8220;on&#8220;][et_pb_row _builder_version=&#8220;3.25&#8243; background_size=&#8220;initial&#8220; background_position=&#8220;top_left&#8220; background_repeat=&#8220;repeat&#8220; width=&#8220;100%&#8220; custom_padding=&#8220;0px||0px||false|false&#8220;][et_pb_column type=&#8220;4_4&#8243; _builder_version=&#8220;3.25&#8243; custom_padding=&#8220;|||&#8220; custom_padding__hover=&#8220;|||&#8220;][et_pb_wc_breadcrumb admin_label=&#8220;Woo Breadcrumb&#8220; _builder_version=&#8220;3.0.47&#8243;][\/et_pb_wc_breadcrumb][\/et_pb_column][\/et_pb_row][et_pb_row column_structure=&#8220;1_2,1_2&#8243; _builder_version=&#8220;3.25&#8243; background_size=&#8220;initial&#8220; background_position=&#8220;top_left&#8220; background_repeat=&#8220;repeat&#8220; width=&#8220;100%&#8220; custom_padding=&#8220;0px||||false|false&#8220;][et_pb_column type=&#8220;1_2&#8243; _builder_version=&#8220;3.25&#8243; custom_padding=&#8220;|||&#8220; custom_padding__hover=&#8220;|||&#8220;][et_pb_wc_images _builder_version=&#8220;4.7.4&#8243; _module_preset=&#8220;default&#8220;][\/et_pb_wc_images][\/et_pb_column][et_pb_column type=&#8220;1_2&#8243; _builder_version=&#8220;3.25&#8243; custom_padding=&#8220;|||&#8220; custom_padding__hover=&#8220;|||&#8220;][et_pb_wc_title _builder_version=&#8220;3.0.47&#8243;][\/et_pb_wc_title][et_pb_wc_description _builder_version=&#8220;3.0.47&#8243;][\/et_pb_wc_description][et_pb_wc_meta _builder_version=&#8220;3.0.47&#8243;][\/et_pb_wc_meta][\/et_pb_column][\/et_pb_row][et_pb_row _builder_version=&#8220;3.25&#8243; background_size=&#8220;initial&#8220; background_position=&#8220;top_left&#8220; background_repeat=&#8220;repeat&#8220; width=&#8220;100%&#8220;][et_pb_column type=&#8220;4_4&#8243; _builder_version=&#8220;3.25&#8243; custom_padding=&#8220;|||&#8220; custom_padding__hover=&#8220;|||&#8220;][et_pb_divider color=&#8220;#D8D8D8&#8243; divider_position=&#8220;center&#8220; _builder_version=&#8220;4.7.4&#8243; _module_preset=&#8220;default&#8220;][\/et_pb_divider][et_pb_tabs module_class=&#8220;vertical-tabs2&#8243; _builder_version=&#8220;4.7.4&#8243; _module_preset=&#8220;default&#8220;][et_pb_tab title=&#8220;Beschreibung&#8220; _builder_version=&#8220;4.7.4&#8243; _module_preset=&#8220;default&#8220;]Der Standardschieber besteht aus zwei Teilen, einem f\u00fcr den Analysator und einem f\u00fcr die Gasflaschen und Regler. Der Standardschieber besteht aus zwei Teilen, einem f\u00fcr den Analysator und einem f\u00fcr die Gasflaschen und Regler.<br \/>\nTraktoren k\u00f6nnen auch nach Ihren Vorgaben gefertigt und mit Zubeh\u00f6r ausgestattet werden. Die Schieber sind mit RAL 5018 Pulver oder einer anderen vom Kunden gew\u00fcnschten Farbe beschichtet.[\/et_pb_tab][\/et_pb_tabs][et_pb_divider color=&#8220;#D8D8D8&#8243; divider_position=&#8220;center&#8220; _builder_version=&#8220;4.7.4&#8243; _module_preset=&#8220;default&#8220;][\/et_pb_divider][et_pb_wc_related_products posts_number=&#8220;4&#8243; columns_number=&#8220;4&#8243; admin_label=&#8220;Sli\u010dni proizvodi&#8220; _builder_version=&#8220;4.7.4&#8243;][\/et_pb_wc_related_products][\/et_pb_column][\/et_pb_row][\/et_pb_section]<\/p>\n","protected":false},"excerpt":{"rendered":"<p>Um wertvolle Montagezeit und Kosten zu sparen, bieten wir komplette Aufsteck-Analysesysteme an. Dies reduziert das Risiko von Fehlern oder unerwarteten Problemen, die bei der Installation eines Gaschromatographen-Systems vor Ort auftreten, und vermeidet so Verz\u00f6gerungen bei der Projektierung. Es bleibt nur noch der Schieber an Wand oder Boden zu montieren, den Gaseinlass und die Ausstr\u00f6mer anzuschlie\u00dfen und die elektrischen Verbindungen herzustellen.<\/p>\n","protected":false},"featured_media":4626,"comment_status":"open","ping_status":"closed","template":"","meta":{"_et_pb_use_builder":"on","_et_pb_old_content":"Um wertvolle Montagezeit und Kosten zu sparen, bieten wir komplette Aufsteck-Analysesysteme an. Dies reduziert das Risiko von Fehlern oder unerwarteten Problemen, die bei der Installation eines Gaschromatographen-Systems vor Ort auftreten, und vermeidet so Verz\u00f6gerungen bei der Projektierung. Es bleibt nur noch der Schieber an Wand oder Boden zu montieren, den Gaseinlass und die Ausstr\u00f6mer anzuschlie\u00dfen und die elektrischen Verbindungen herzustellen.","_et_gb_content_width":""},"product_cat":[337,329,321],"product_tag":[291,231,251,213],"yoast_head":"<!-- This site is optimized with the Yoast SEO plugin v20.12 - https:\/\/yoast.com\/wordpress\/plugins\/seo\/ -->\n<title>Gleitanalysatoren - FAGAS<\/title>\n<meta name=\"robots\" content=\"index, follow, max-snippet:-1, max-image-preview:large, max-video-preview:-1\" \/>\n<link rel=\"canonical\" href=\"https:\/\/fagas.ba\/produkt\/klizni-analizatori\/\" \/>\n<meta property=\"og:locale\" content=\"de_DE\" \/>\n<meta property=\"og:type\" content=\"article\" \/>\n<meta property=\"og:title\" content=\"Gleitanalysatoren - FAGAS\" \/>\n<meta property=\"og:description\" content=\"Um wertvolle Montagezeit und Kosten zu sparen, bieten wir komplette Aufsteck-Analysesysteme an. Dies reduziert das Risiko von Fehlern oder unerwarteten Problemen, die bei der Installation eines Gaschromatographen-Systems vor Ort auftreten, und vermeidet so Verz\u00f6gerungen bei der Projektierung. Es bleibt nur noch der Schieber an Wand oder Boden zu montieren, den Gaseinlass und die Ausstr\u00f6mer anzuschlie\u00dfen und die elektrischen Verbindungen herzustellen.\" \/>\n<meta property=\"og:url\" content=\"https:\/\/fagas.ba\/produkt\/klizni-analizatori\/\" \/>\n<meta property=\"og:site_name\" content=\"FAGAS\" \/>\n<meta property=\"article:modified_time\" content=\"2021-11-23T19:38:58+00:00\" \/>\n<meta property=\"og:image\" content=\"https:\/\/fagas.ba\/fgs\/wp-content\/uploads\/2021\/01\/2_ANALYSER-SKIDS.jpg\" \/>\n\t<meta property=\"og:image:width\" content=\"640\" \/>\n\t<meta property=\"og:image:height\" content=\"399\" \/>\n\t<meta property=\"og:image:type\" content=\"image\/jpeg\" \/>\n<meta name=\"twitter:card\" content=\"summary_large_image\" \/>\n<meta name=\"twitter:label1\" content=\"Gesch\u00e4tzte Lesezeit\" \/>\n\t<meta name=\"twitter:data1\" content=\"2\u00a0Minuten\" \/>\n<script type=\"application\/ld+json\" class=\"yoast-schema-graph\">{\"@context\":\"https:\/\/schema.org\",\"@graph\":[{\"@type\":\"WebPage\",\"@id\":\"https:\/\/fagas.ba\/produkt\/klizni-analizatori\/\",\"url\":\"https:\/\/fagas.ba\/produkt\/klizni-analizatori\/\",\"name\":\"Gleitanalysatoren - FAGAS\",\"isPartOf\":{\"@id\":\"https:\/\/fagas.ba\/en\/#website\"},\"datePublished\":\"2021-11-23T19:38:43+00:00\",\"dateModified\":\"2021-11-23T19:38:58+00:00\",\"breadcrumb\":{\"@id\":\"https:\/\/fagas.ba\/produkt\/klizni-analizatori\/#breadcrumb\"},\"inLanguage\":\"de\",\"potentialAction\":[{\"@type\":\"ReadAction\",\"target\":[\"https:\/\/fagas.ba\/produkt\/klizni-analizatori\/\"]}]},{\"@type\":\"BreadcrumbList\",\"@id\":\"https:\/\/fagas.ba\/produkt\/klizni-analizatori\/#breadcrumb\",\"itemListElement\":[{\"@type\":\"ListItem\",\"position\":1,\"name\":\"Home\",\"item\":\"https:\/\/fagas.ba\/\"},{\"@type\":\"ListItem\",\"position\":2,\"name\":\"Products\",\"item\":\"https:\/\/fagas.ba\/en\/shop\/\"},{\"@type\":\"ListItem\",\"position\":3,\"name\":\"Gleitanalysatoren\"}]},{\"@type\":\"WebSite\",\"@id\":\"https:\/\/fagas.ba\/en\/#website\",\"url\":\"https:\/\/fagas.ba\/en\/\",\"name\":\"FAGAS\",\"description\":\"Projektovanje i proizvodnja gasne opreme\",\"potentialAction\":[{\"@type\":\"SearchAction\",\"target\":{\"@type\":\"EntryPoint\",\"urlTemplate\":\"https:\/\/fagas.ba\/en\/?s={search_term_string}\"},\"query-input\":\"required name=search_term_string\"}],\"inLanguage\":\"de\"}]}<\/script>\n<!-- \/ Yoast SEO plugin. -->","yoast_head_json":{"title":"Gleitanalysatoren - FAGAS","robots":{"index":"index","follow":"follow","max-snippet":"max-snippet:-1","max-image-preview":"max-image-preview:large","max-video-preview":"max-video-preview:-1"},"canonical":"https:\/\/fagas.ba\/produkt\/klizni-analizatori\/","og_locale":"de_DE","og_type":"article","og_title":"Gleitanalysatoren - FAGAS","og_description":"Um wertvolle Montagezeit und Kosten zu sparen, bieten wir komplette Aufsteck-Analysesysteme an. Dies reduziert das Risiko von Fehlern oder unerwarteten Problemen, die bei der Installation eines Gaschromatographen-Systems vor Ort auftreten, und vermeidet so Verz\u00f6gerungen bei der Projektierung. Es bleibt nur noch der Schieber an Wand oder Boden zu montieren, den Gaseinlass und die Ausstr\u00f6mer anzuschlie\u00dfen und die elektrischen Verbindungen herzustellen.","og_url":"https:\/\/fagas.ba\/produkt\/klizni-analizatori\/","og_site_name":"FAGAS","article_modified_time":"2021-11-23T19:38:58+00:00","og_image":[{"width":640,"height":399,"url":"https:\/\/fagas.ba\/fgs\/wp-content\/uploads\/2021\/01\/2_ANALYSER-SKIDS.jpg","type":"image\/jpeg"}],"twitter_card":"summary_large_image","twitter_misc":{"Gesch\u00e4tzte Lesezeit":"2\u00a0Minuten"},"schema":{"@context":"https:\/\/schema.org","@graph":[{"@type":"WebPage","@id":"https:\/\/fagas.ba\/produkt\/klizni-analizatori\/","url":"https:\/\/fagas.ba\/produkt\/klizni-analizatori\/","name":"Gleitanalysatoren - FAGAS","isPartOf":{"@id":"https:\/\/fagas.ba\/en\/#website"},"datePublished":"2021-11-23T19:38:43+00:00","dateModified":"2021-11-23T19:38:58+00:00","breadcrumb":{"@id":"https:\/\/fagas.ba\/produkt\/klizni-analizatori\/#breadcrumb"},"inLanguage":"de","potentialAction":[{"@type":"ReadAction","target":["https:\/\/fagas.ba\/produkt\/klizni-analizatori\/"]}]},{"@type":"BreadcrumbList","@id":"https:\/\/fagas.ba\/produkt\/klizni-analizatori\/#breadcrumb","itemListElement":[{"@type":"ListItem","position":1,"name":"Home","item":"https:\/\/fagas.ba\/"},{"@type":"ListItem","position":2,"name":"Products","item":"https:\/\/fagas.ba\/en\/shop\/"},{"@type":"ListItem","position":3,"name":"Gleitanalysatoren"}]},{"@type":"WebSite","@id":"https:\/\/fagas.ba\/en\/#website","url":"https:\/\/fagas.ba\/en\/","name":"FAGAS","description":"Projektovanje i proizvodnja gasne opreme","potentialAction":[{"@type":"SearchAction","target":{"@type":"EntryPoint","urlTemplate":"https:\/\/fagas.ba\/en\/?s={search_term_string}"},"query-input":"required name=search_term_string"}],"inLanguage":"de"}]}},"_links":{"self":[{"href":"https:\/\/fagas.ba\/de\/wp-json\/wp\/v2\/product\/5188"}],"collection":[{"href":"https:\/\/fagas.ba\/de\/wp-json\/wp\/v2\/product"}],"about":[{"href":"https:\/\/fagas.ba\/de\/wp-json\/wp\/v2\/types\/product"}],"replies":[{"embeddable":true,"href":"https:\/\/fagas.ba\/de\/wp-json\/wp\/v2\/comments?post=5188"}],"wp:featuredmedia":[{"embeddable":true,"href":"https:\/\/fagas.ba\/de\/wp-json\/wp\/v2\/media\/4626"}],"wp:attachment":[{"href":"https:\/\/fagas.ba\/de\/wp-json\/wp\/v2\/media?parent=5188"}],"wp:term":[{"taxonomy":"product_cat","embeddable":true,"href":"https:\/\/fagas.ba\/de\/wp-json\/wp\/v2\/product_cat?post=5188"},{"taxonomy":"product_tag","embeddable":true,"href":"https:\/\/fagas.ba\/de\/wp-json\/wp\/v2\/product_tag?post=5188"}],"curies":[{"name":"wp","href":"https:\/\/api.w.org\/{rel}","templated":true}]}}