{"id":5174,"date":"2021-11-23T18:48:48","date_gmt":"2021-11-23T18:48:48","guid":{"rendered":"https:\/\/fagas.ba\/product\/gas-net-f1\/"},"modified":"2021-11-23T18:48:50","modified_gmt":"2021-11-23T18:48:50","slug":"gas-net-f1","status":"publish","type":"product","link":"https:\/\/fagas.ba\/de\/produkt\/gas-net-f1\/","title":{"rendered":"GAS-NET F1"},"content":{"rendered":"<p>[et_pb_section fb_built=&#8220;1&#8243; _builder_version=&#8220;3.22&#8243; custom_padding=&#8220;0px||||false|false&#8220; da_disable_devices=&#8220;off|off|off&#8220; da_is_popup=&#8220;off&#8220; da_exit_intent=&#8220;off&#8220; da_has_close=&#8220;on&#8220; da_alt_close=&#8220;off&#8220; da_dark_close=&#8220;off&#8220; da_not_modal=&#8220;on&#8220; da_is_singular=&#8220;off&#8220; da_with_loader=&#8220;off&#8220; da_has_shadow=&#8220;on&#8220;][et_pb_row _builder_version=&#8220;3.25&#8243; background_size=&#8220;initial&#8220; background_position=&#8220;top_left&#8220; background_repeat=&#8220;repeat&#8220; width=&#8220;100%&#8220; custom_padding=&#8220;0px||0px||false|false&#8220;][et_pb_column type=&#8220;4_4&#8243; _builder_version=&#8220;3.25&#8243; custom_padding=&#8220;|||&#8220; custom_padding__hover=&#8220;|||&#8220;][et_pb_wc_breadcrumb admin_label=&#8220;Woo Breadcrumb&#8220; _builder_version=&#8220;3.0.47&#8243;][\/et_pb_wc_breadcrumb][\/et_pb_column][\/et_pb_row][et_pb_row column_structure=&#8220;1_2,1_2&#8243; _builder_version=&#8220;3.25&#8243; background_size=&#8220;initial&#8220; background_position=&#8220;top_left&#8220; background_repeat=&#8220;repeat&#8220; width=&#8220;100%&#8220; custom_padding=&#8220;0px||||false|false&#8220;][et_pb_column type=&#8220;1_2&#8243; _builder_version=&#8220;3.25&#8243; custom_padding=&#8220;|||&#8220; custom_padding__hover=&#8220;|||&#8220;][et_pb_wc_images _builder_version=&#8220;4.7.4&#8243; _module_preset=&#8220;default&#8220;][\/et_pb_wc_images][\/et_pb_column][et_pb_column type=&#8220;1_2&#8243; _builder_version=&#8220;3.25&#8243; custom_padding=&#8220;|||&#8220; custom_padding__hover=&#8220;|||&#8220;][et_pb_wc_title _builder_version=&#8220;3.0.47&#8243;][\/et_pb_wc_title][et_pb_wc_description _builder_version=&#8220;3.0.47&#8243;][\/et_pb_wc_description][et_pb_wc_meta _builder_version=&#8220;3.0.47&#8243;][\/et_pb_wc_meta][\/et_pb_column][\/et_pb_row][et_pb_row _builder_version=&#8220;3.25&#8243; background_size=&#8220;initial&#8220; background_position=&#8220;top_left&#8220; background_repeat=&#8220;repeat&#8220; width=&#8220;100%&#8220;][et_pb_column type=&#8220;4_4&#8243; _builder_version=&#8220;3.25&#8243; custom_padding=&#8220;|||&#8220; custom_padding__hover=&#8220;|||&#8220;][et_pb_divider color=&#8220;#D8D8D8&#8243; divider_position=&#8220;center&#8220; _builder_version=&#8220;4.7.4&#8243; _module_preset=&#8220;default&#8220;][\/et_pb_divider][et_pb_tabs module_class=&#8220;vertical-tabs2&#8243; _builder_version=&#8220;4.7.4&#8243; _module_preset=&#8220;default&#8220; hover_enabled=&#8220;0&#8243; sticky_enabled=&#8220;0&#8243;][et_pb_tab title=&#8220;Technische Daten&#8220; _builder_version=&#8220;4.7.4&#8243; _module_preset=&#8220;default&#8220; hover_enabled=&#8220;0&#8243; sticky_enabled=&#8220;0&#8243;]<\/p>\n<ul>\n<li>Volumenberechnung, Energie- und Massenberechnung f\u00fcr Erdgas mit Kompressibilit\u00e4tsverh\u00e4ltnis k nach SGERG-88, AGA-NX-19, AGA-8-DC-92 oder mit k = konstant<\/li>\n<li>Die Berechnung des Volumens, der Energie und der Masse der produzierten Gase mit dem Kompressibilit\u00e4tsverh\u00e4ltnis k wird auf der Grundlage der Werte von Druck und Temperatur aus der Tabelle der Kompressionsfaktoren Z . berechnet<\/li>\n<li>Das integrierte Datenprotokoll speichert Messwerte und Addierer in Intervallen und nach Ereignissen<\/li>\n<li>Integrierte RDT-Funktionalit\u00e4t zur Daten\u00fcbertragung \u00fcber Telefon und Modem oder \u00fcber Computernetzwerk und TCP\/IP-Schnittstelle<\/li>\n<li>Bis zu drei Streams<\/li>\n<li>In zwei Flussrichtungen arbeiten<\/li>\n<li>Modulares I\/O-Board-System<\/li>\n<li>Eing\u00e4nge f\u00fcr alle g\u00e4ngigen Einzelstromsignale (Druck, Temperatur, Gasz\u00e4hlerimpulse, ENCODER) auf einer ExMFE5-Eingangsplatine mit integriertem Explosionsschutz<\/li>\n<li>Anschluss von bis zu zwei Gasbeschaffenheitsanalysatoren \u00fcber MODBUS oder DSfG *<\/li>\n<li>Mehrzweck-Ausgangsplatine MFA8 mit vier Digital-\/Impulsausg\u00e4ngen und vier Stromausg\u00e4ngen<\/li>\n<li>Beliebige Gasnetz-Ein- und -Austrittsfelder k\u00f6nnen f\u00fcr den Betriebsausbau auf nicht zugeordnete Feldstandorte gelegt werden<\/li>\n<li>Zeitsynchronisation \u00fcber TCP \/ IP-Netzwerk \/ NTP oder \u00fcber GPS (jeweils bei Ausstattung des Ger\u00e4ts mit entsprechender Hardware)<\/li>\n<li>Anschluss von Ultraschall-Gasz\u00e4hlern Typ Flowsic und Q.Sonic \u00fcber Kommunikationsschnittstelle<\/li>\n<li>Anschluss eines Coriolis-Massedurchflussmessers \u00fcber einen Impulseingang<\/li>\n<li>Druck- und Temperaturanbindung auch \u00fcber das HART-Protokoll m\u00f6glich<\/li>\n<li>Nachrichtenverarbeitung<\/li>\n<li>Prozesswertarchive<\/li>\n<li>Maximal- und Minimalwerte f\u00fcr Messungen und Addierer<\/li>\n<li>Starten Sie bis zu drei Schmierung von Turbinenradgasz\u00e4hlern<\/li>\n<li>DSfG-Schnittstelle nach DSfG-Klasse A<\/li>\n<li>Datenkommunikation \u00fcber MODBUS (ASCII, RTU, TCP) oder 3964R \/ RK512<\/li>\n<\/ul>\n<p>* Das DSfG-Protokoll ist ein digitales Datenprotokoll, das speziell f\u00fcr die Kommunikation zwischen Gasmessger\u00e4ten in Gasmess- und Kontrollstationen entwickelt wurde.[\/et_pb_tab][et_pb_tab title=&#8220;Technische Dokumentation&#8220; _builder_version=&#8220;4.7.4&#8243; _module_preset=&#8220;default&#8220; hover_enabled=&#8220;0&#8243; sticky_enabled=&#8220;0&#8243;]<\/p>\n<ul class=\"documents-list\">\n<li><a href=\"http:\/\/fagas.ba\/fgs\/wp-content\/uploads\/2021\/01\/DS_gas_net_F1_EN.pdf\" target=\"_blank\" rel=\"noopener noreferrer\">Technisches Dokument<\/a><\/li>\n<li><a href=\"http:\/\/fagas.ba\/fgs\/wp-content\/uploads\/2021\/01\/F1_vol1-operating-instructions_en_2008-04.pdf\" target=\"_blank\" rel=\"noopener noreferrer\">Handbuch<\/a><\/li>\n<\/ul>\n<p>[\/et_pb_tab][\/et_pb_tabs][et_pb_divider color=&#8220;#D8D8D8&#8243; divider_position=&#8220;center&#8220; _builder_version=&#8220;4.7.4&#8243; _module_preset=&#8220;default&#8220;][\/et_pb_divider][et_pb_wc_related_products posts_number=&#8220;4&#8243; columns_number=&#8220;4&#8243; admin_label=&#8220;Sli\u010dni proizvodi&#8220; _builder_version=&#8220;4.7.4&#8243;][\/et_pb_wc_related_products][\/et_pb_column][\/et_pb_row][\/et_pb_section]<\/p>\n","protected":false},"excerpt":{"rendered":"<p>Gas-net F1 ist ein elektronischer Durchflussrechner f\u00fcr Erd- und Industriegase mit integriertem Datenregister. Das Ger\u00e4t kann mit verschiedenen eigensicheren oder explosionsgesch\u00fctzten Drucktransmittern und Temperatursensoren kombiniert werden.<br \/>\nDas F1-Gasnetz kann bis zu drei Str\u00f6me mit einer oder zwei Flussrichtungen pro Fluss gleichrichten.<\/p>\n","protected":false},"featured_media":4646,"comment_status":"open","ping_status":"closed","template":"","meta":{"_et_pb_use_builder":"on","_et_pb_old_content":"Gas-net F1 ist ein elektronischer Durchflussrechner f\u00fcr Erd- und Industriegase mit integriertem Datenregister. Das Ger\u00e4t kann mit verschiedenen eigensicheren oder explosionsgesch\u00fctzten Drucktransmittern und Temperatursensoren kombiniert werden.\nDas F1-Gasnetz kann bis zu drei Str\u00f6me mit einer oder zwei Flussrichtungen pro Fluss gleichrichten.","_et_gb_content_width":""},"product_cat":[357,321],"product_tag":[265,213],"yoast_head":"<!-- This site is optimized with the Yoast SEO plugin v20.12 - https:\/\/yoast.com\/wordpress\/plugins\/seo\/ -->\n<title>GAS-NET F1 - FAGAS<\/title>\n<meta name=\"robots\" content=\"index, follow, max-snippet:-1, max-image-preview:large, max-video-preview:-1\" \/>\n<link rel=\"canonical\" href=\"https:\/\/fagas.ba\/produkt\/gas-net-f1\/\" \/>\n<meta property=\"og:locale\" content=\"de_DE\" \/>\n<meta property=\"og:type\" content=\"article\" \/>\n<meta property=\"og:title\" content=\"GAS-NET F1 - FAGAS\" \/>\n<meta property=\"og:description\" content=\"Gas-net F1 ist ein elektronischer Durchflussrechner f\u00fcr Erd- und Industriegase mit integriertem Datenregister. Das Ger\u00e4t kann mit verschiedenen eigensicheren oder explosionsgesch\u00fctzten Drucktransmittern und Temperatursensoren kombiniert werden. Das F1-Gasnetz kann bis zu drei Str\u00f6me mit einer oder zwei Flussrichtungen pro Fluss gleichrichten.\" \/>\n<meta property=\"og:url\" content=\"https:\/\/fagas.ba\/produkt\/gas-net-f1\/\" \/>\n<meta property=\"og:site_name\" content=\"FAGAS\" \/>\n<meta property=\"article:modified_time\" content=\"2021-11-23T18:48:50+00:00\" \/>\n<meta property=\"og:image\" content=\"https:\/\/fagas.ba\/fgs\/wp-content\/uploads\/2021\/01\/2_GAS-NET-F1.jpg\" \/>\n\t<meta property=\"og:image:width\" content=\"640\" \/>\n\t<meta property=\"og:image:height\" content=\"399\" \/>\n\t<meta property=\"og:image:type\" content=\"image\/jpeg\" \/>\n<meta name=\"twitter:card\" content=\"summary_large_image\" \/>\n<meta name=\"twitter:label1\" content=\"Gesch\u00e4tzte Lesezeit\" \/>\n\t<meta name=\"twitter:data1\" content=\"3\u00a0Minuten\" \/>\n<script type=\"application\/ld+json\" class=\"yoast-schema-graph\">{\"@context\":\"https:\/\/schema.org\",\"@graph\":[{\"@type\":\"WebPage\",\"@id\":\"https:\/\/fagas.ba\/produkt\/gas-net-f1\/\",\"url\":\"https:\/\/fagas.ba\/produkt\/gas-net-f1\/\",\"name\":\"GAS-NET F1 - FAGAS\",\"isPartOf\":{\"@id\":\"https:\/\/fagas.ba\/en\/#website\"},\"datePublished\":\"2021-11-23T18:48:48+00:00\",\"dateModified\":\"2021-11-23T18:48:50+00:00\",\"breadcrumb\":{\"@id\":\"https:\/\/fagas.ba\/produkt\/gas-net-f1\/#breadcrumb\"},\"inLanguage\":\"de\",\"potentialAction\":[{\"@type\":\"ReadAction\",\"target\":[\"https:\/\/fagas.ba\/produkt\/gas-net-f1\/\"]}]},{\"@type\":\"BreadcrumbList\",\"@id\":\"https:\/\/fagas.ba\/produkt\/gas-net-f1\/#breadcrumb\",\"itemListElement\":[{\"@type\":\"ListItem\",\"position\":1,\"name\":\"Home\",\"item\":\"https:\/\/fagas.ba\/\"},{\"@type\":\"ListItem\",\"position\":2,\"name\":\"Products\",\"item\":\"https:\/\/fagas.ba\/en\/shop\/\"},{\"@type\":\"ListItem\",\"position\":3,\"name\":\"GAS-NET F1\"}]},{\"@type\":\"WebSite\",\"@id\":\"https:\/\/fagas.ba\/en\/#website\",\"url\":\"https:\/\/fagas.ba\/en\/\",\"name\":\"FAGAS\",\"description\":\"Projektovanje i proizvodnja gasne opreme\",\"potentialAction\":[{\"@type\":\"SearchAction\",\"target\":{\"@type\":\"EntryPoint\",\"urlTemplate\":\"https:\/\/fagas.ba\/en\/?s={search_term_string}\"},\"query-input\":\"required name=search_term_string\"}],\"inLanguage\":\"de\"}]}<\/script>\n<!-- \/ Yoast SEO plugin. -->","yoast_head_json":{"title":"GAS-NET F1 - FAGAS","robots":{"index":"index","follow":"follow","max-snippet":"max-snippet:-1","max-image-preview":"max-image-preview:large","max-video-preview":"max-video-preview:-1"},"canonical":"https:\/\/fagas.ba\/produkt\/gas-net-f1\/","og_locale":"de_DE","og_type":"article","og_title":"GAS-NET F1 - FAGAS","og_description":"Gas-net F1 ist ein elektronischer Durchflussrechner f\u00fcr Erd- und Industriegase mit integriertem Datenregister. Das Ger\u00e4t kann mit verschiedenen eigensicheren oder explosionsgesch\u00fctzten Drucktransmittern und Temperatursensoren kombiniert werden. Das F1-Gasnetz kann bis zu drei Str\u00f6me mit einer oder zwei Flussrichtungen pro Fluss gleichrichten.","og_url":"https:\/\/fagas.ba\/produkt\/gas-net-f1\/","og_site_name":"FAGAS","article_modified_time":"2021-11-23T18:48:50+00:00","og_image":[{"width":640,"height":399,"url":"https:\/\/fagas.ba\/fgs\/wp-content\/uploads\/2021\/01\/2_GAS-NET-F1.jpg","type":"image\/jpeg"}],"twitter_card":"summary_large_image","twitter_misc":{"Gesch\u00e4tzte Lesezeit":"3\u00a0Minuten"},"schema":{"@context":"https:\/\/schema.org","@graph":[{"@type":"WebPage","@id":"https:\/\/fagas.ba\/produkt\/gas-net-f1\/","url":"https:\/\/fagas.ba\/produkt\/gas-net-f1\/","name":"GAS-NET F1 - FAGAS","isPartOf":{"@id":"https:\/\/fagas.ba\/en\/#website"},"datePublished":"2021-11-23T18:48:48+00:00","dateModified":"2021-11-23T18:48:50+00:00","breadcrumb":{"@id":"https:\/\/fagas.ba\/produkt\/gas-net-f1\/#breadcrumb"},"inLanguage":"de","potentialAction":[{"@type":"ReadAction","target":["https:\/\/fagas.ba\/produkt\/gas-net-f1\/"]}]},{"@type":"BreadcrumbList","@id":"https:\/\/fagas.ba\/produkt\/gas-net-f1\/#breadcrumb","itemListElement":[{"@type":"ListItem","position":1,"name":"Home","item":"https:\/\/fagas.ba\/"},{"@type":"ListItem","position":2,"name":"Products","item":"https:\/\/fagas.ba\/en\/shop\/"},{"@type":"ListItem","position":3,"name":"GAS-NET F1"}]},{"@type":"WebSite","@id":"https:\/\/fagas.ba\/en\/#website","url":"https:\/\/fagas.ba\/en\/","name":"FAGAS","description":"Projektovanje i proizvodnja gasne opreme","potentialAction":[{"@type":"SearchAction","target":{"@type":"EntryPoint","urlTemplate":"https:\/\/fagas.ba\/en\/?s={search_term_string}"},"query-input":"required name=search_term_string"}],"inLanguage":"de"}]}},"_links":{"self":[{"href":"https:\/\/fagas.ba\/de\/wp-json\/wp\/v2\/product\/5174"}],"collection":[{"href":"https:\/\/fagas.ba\/de\/wp-json\/wp\/v2\/product"}],"about":[{"href":"https:\/\/fagas.ba\/de\/wp-json\/wp\/v2\/types\/product"}],"replies":[{"embeddable":true,"href":"https:\/\/fagas.ba\/de\/wp-json\/wp\/v2\/comments?post=5174"}],"wp:featuredmedia":[{"embeddable":true,"href":"https:\/\/fagas.ba\/de\/wp-json\/wp\/v2\/media\/4646"}],"wp:attachment":[{"href":"https:\/\/fagas.ba\/de\/wp-json\/wp\/v2\/media?parent=5174"}],"wp:term":[{"taxonomy":"product_cat","embeddable":true,"href":"https:\/\/fagas.ba\/de\/wp-json\/wp\/v2\/product_cat?post=5174"},{"taxonomy":"product_tag","embeddable":true,"href":"https:\/\/fagas.ba\/de\/wp-json\/wp\/v2\/product_tag?post=5174"}],"curies":[{"name":"wp","href":"https:\/\/api.w.org\/{rel}","templated":true}]}}