{"id":5166,"date":"2021-11-23T17:53:59","date_gmt":"2021-11-23T17:53:59","guid":{"rendered":"https:\/\/fagas.ba\/product\/integrierte-messloesungen\/"},"modified":"2021-11-23T17:54:05","modified_gmt":"2021-11-23T17:54:05","slug":"integrierte-messloesungen","status":"publish","type":"product","link":"https:\/\/fagas.ba\/de\/produkt\/integrierte-messloesungen\/","title":{"rendered":"Integrierte Messl\u00f6sungen"},"content":{"rendered":"<p>[et_pb_section fb_built=&#8220;1&#8243; _builder_version=&#8220;3.22&#8243; custom_padding=&#8220;0px||||false|false&#8220; da_is_popup=&#8220;off&#8220; da_exit_intent=&#8220;off&#8220; da_has_close=&#8220;on&#8220; da_alt_close=&#8220;off&#8220; da_dark_close=&#8220;off&#8220; da_not_modal=&#8220;on&#8220; da_is_singular=&#8220;off&#8220; da_with_loader=&#8220;off&#8220; da_has_shadow=&#8220;on&#8220; da_disable_devices=&#8220;off|off|off&#8220;][et_pb_row _builder_version=&#8220;3.25&#8243; background_size=&#8220;initial&#8220; background_position=&#8220;top_left&#8220; background_repeat=&#8220;repeat&#8220; width=&#8220;100%&#8220; custom_padding=&#8220;0px||0px||false|false&#8220;][et_pb_column type=&#8220;4_4&#8243; _builder_version=&#8220;3.25&#8243; custom_padding=&#8220;|||&#8220; custom_padding__hover=&#8220;|||&#8220;][et_pb_wc_breadcrumb admin_label=&#8220;Woo Breadcrumb&#8220; _builder_version=&#8220;3.0.47&#8243;][\/et_pb_wc_breadcrumb][\/et_pb_column][\/et_pb_row][et_pb_row column_structure=&#8220;1_2,1_2&#8243; _builder_version=&#8220;3.25&#8243; background_size=&#8220;initial&#8220; background_position=&#8220;top_left&#8220; background_repeat=&#8220;repeat&#8220; width=&#8220;100%&#8220; custom_padding=&#8220;0px||||false|false&#8220;][et_pb_column type=&#8220;1_2&#8243; _builder_version=&#8220;3.25&#8243; custom_padding=&#8220;|||&#8220; custom_padding__hover=&#8220;|||&#8220;][et_pb_wc_images _builder_version=&#8220;4.7.4&#8243; _module_preset=&#8220;default&#8220;][\/et_pb_wc_images][\/et_pb_column][et_pb_column type=&#8220;1_2&#8243; _builder_version=&#8220;3.25&#8243; custom_padding=&#8220;|||&#8220; custom_padding__hover=&#8220;|||&#8220;][et_pb_wc_title _builder_version=&#8220;3.0.47&#8243;][\/et_pb_wc_title][et_pb_wc_description _builder_version=&#8220;3.0.47&#8243;][\/et_pb_wc_description][et_pb_wc_meta _builder_version=&#8220;3.0.47&#8243;][\/et_pb_wc_meta][\/et_pb_column][\/et_pb_row][et_pb_row _builder_version=&#8220;3.25&#8243; background_size=&#8220;initial&#8220; background_position=&#8220;top_left&#8220; background_repeat=&#8220;repeat&#8220; width=&#8220;100%&#8220;][et_pb_column type=&#8220;4_4&#8243; _builder_version=&#8220;3.25&#8243; custom_padding=&#8220;|||&#8220; custom_padding__hover=&#8220;|||&#8220;][et_pb_divider color=&#8220;#D8D8D8&#8243; divider_position=&#8220;center&#8220; _builder_version=&#8220;4.7.4&#8243; _module_preset=&#8220;default&#8220;][\/et_pb_divider][et_pb_tabs module_class=&#8220;vertical-tabs2&#8243; _builder_version=&#8220;4.7.4&#8243; _module_preset=&#8220;default&#8220;][\/et_pb_tabs][et_pb_divider color=&#8220;#D8D8D8&#8243; divider_position=&#8220;center&#8220; _builder_version=&#8220;4.7.4&#8243; _module_preset=&#8220;default&#8220;][\/et_pb_divider][et_pb_wc_related_products posts_number=&#8220;4&#8243; columns_number=&#8220;4&#8243; admin_label=&#8220;Sli\u010dni proizvodi&#8220; _builder_version=&#8220;4.7.4&#8243; hover_enabled=&#8220;0&#8243; sticky_enabled=&#8220;0&#8243;][\/et_pb_wc_related_products][\/et_pb_column][\/et_pb_row][\/et_pb_section]<\/p>\n","protected":false},"excerpt":{"rendered":"<p>Mit integrierten Messl\u00f6sungen entwickeln wir innovative Konzepte, um Ihren Bedarf effizient und konstruktiv zu l\u00f6sen. Die Messung von 7.000.000 m3 Gas erfordert Genauigkeit.Gro\u00dfe Gasstr\u00f6me bieten uns hervorragende Durchflussmessf\u00e4higkeiten, die Ihnen helfen, finanzielle Risiken zu managen und Ihnen Entlastung zu bieten. Unsere Kombination aus kundenspezifischen Engineering-F\u00e4higkeiten, Produktzuverl\u00e4ssigkeit, bester Beratung und Projektmanagement mit Branchenerfahrung bietet innovative, integrierte Erdgastransport- und Messsysteme.<\/p>\n<p>Wir fertigen die Systeme in unserem Werk, damit wir alle Teile nahtlos integrieren, die Messgenauigkeit erh\u00f6hen und das Risiko minimieren k\u00f6nnen. Alle unsere Produkte k\u00f6nnen weltweit und in \u00dcbereinstimmung mit steuerlichen Messnormen hergestellt werden.<\/p>\n<p>All dies in Kombination mit unserer kontinuierlichen \u00dcberwachung und Evaluierung der L\u00f6sung gibt Ihnen rund um die Uhr Ruhe und Sicherheit. So k\u00f6nnen Sie sich auf Ihr Kerngesch\u00e4ft konzentrieren.<\/p>\n<p>Weitere Informationen finden Sie auf der Website des Herstellers unter folgendem Link:<\/p>\n<p><a href=\"https:\/\/www.elster-instromet.com\/en\/integrated-metering-solutions\" target=\"_blank\" rel=\"noopener noreferrer\">Integrierte Messl\u00f6sungen<\/a><\/p>\n","protected":false},"featured_media":4628,"comment_status":"open","ping_status":"closed","template":"","meta":{"_et_pb_use_builder":"on","_et_pb_old_content":"Mit integrierten Messl\u00f6sungen entwickeln wir innovative Konzepte, um Ihren Bedarf effizient und konstruktiv zu l\u00f6sen. Die Messung von 7.000.000 m3 Gas erfordert Genauigkeit.Gro\u00dfe Gasstr\u00f6me bieten uns hervorragende Durchflussmessf\u00e4higkeiten, die Ihnen helfen, finanzielle Risiken zu managen und Ihnen Entlastung zu bieten. Unsere Kombination aus kundenspezifischen Engineering-F\u00e4higkeiten, Produktzuverl\u00e4ssigkeit, bester Beratung und Projektmanagement mit Branchenerfahrung bietet innovative, integrierte Erdgastransport- und Messsysteme.\n\nWir fertigen die Systeme in unserem Werk, damit wir alle Teile nahtlos integrieren, die Messgenauigkeit erh\u00f6hen und das Risiko minimieren k\u00f6nnen. Alle unsere Produkte k\u00f6nnen weltweit und in \u00dcbereinstimmung mit steuerlichen Messnormen hergestellt werden.\n\nAll dies in Kombination mit unserer kontinuierlichen \u00dcberwachung und Evaluierung der L\u00f6sung gibt Ihnen rund um die Uhr Ruhe und Sicherheit. So k\u00f6nnen Sie sich auf Ihr Kerngesch\u00e4ft konzentrieren.\n\nWeitere Informationen finden Sie auf der Website des Herstellers unter folgendem Link:\n\n<a href=\"https:\/\/www.elster-instromet.com\/en\/integrated-metering-solutions\" target=\"_blank\">Integrierte Messl\u00f6sungen<\/a>","_et_gb_content_width":""},"product_cat":[321,325],"product_tag":[213,215],"yoast_head":"<!-- This site is optimized with the Yoast SEO plugin v20.12 - https:\/\/yoast.com\/wordpress\/plugins\/seo\/ -->\n<title>Integrierte Messl\u00f6sungen - FAGAS<\/title>\n<meta name=\"robots\" content=\"index, follow, max-snippet:-1, max-image-preview:large, max-video-preview:-1\" \/>\n<link rel=\"canonical\" href=\"https:\/\/fagas.ba\/produkt\/integrisana-mjerna-rjesenja\/\" \/>\n<meta property=\"og:locale\" content=\"de_DE\" \/>\n<meta property=\"og:type\" content=\"article\" \/>\n<meta property=\"og:title\" content=\"Integrierte Messl\u00f6sungen - FAGAS\" \/>\n<meta property=\"og:description\" content=\"Mit integrierten Messl\u00f6sungen entwickeln wir innovative Konzepte, um Ihren Bedarf effizient und konstruktiv zu l\u00f6sen. Die Messung von 7.000.000 m3 Gas erfordert Genauigkeit.Gro\u00dfe Gasstr\u00f6me bieten uns hervorragende Durchflussmessf\u00e4higkeiten, die Ihnen helfen, finanzielle Risiken zu managen und Ihnen Entlastung zu bieten. Unsere Kombination aus kundenspezifischen Engineering-F\u00e4higkeiten, Produktzuverl\u00e4ssigkeit, bester Beratung und Projektmanagement mit Branchenerfahrung bietet innovative, integrierte Erdgastransport- und Messsysteme. Wir fertigen die Systeme in unserem Werk, damit wir alle Teile nahtlos integrieren, die Messgenauigkeit erh\u00f6hen und das Risiko minimieren k\u00f6nnen. Alle unsere Produkte k\u00f6nnen weltweit und in \u00dcbereinstimmung mit steuerlichen Messnormen hergestellt werden. All dies in Kombination mit unserer kontinuierlichen \u00dcberwachung und Evaluierung der L\u00f6sung gibt Ihnen rund um die Uhr Ruhe und Sicherheit. So k\u00f6nnen Sie sich auf Ihr Kerngesch\u00e4ft konzentrieren. Weitere Informationen finden Sie auf der Website des Herstellers unter folgendem Link: Integrierte Messl\u00f6sungen\" \/>\n<meta property=\"og:url\" content=\"https:\/\/fagas.ba\/produkt\/integrisana-mjerna-rjesenja\/\" \/>\n<meta property=\"og:site_name\" content=\"FAGAS\" \/>\n<meta property=\"article:modified_time\" content=\"2021-11-23T17:54:05+00:00\" \/>\n<meta property=\"og:image\" content=\"https:\/\/fagas.ba\/fgs\/wp-content\/uploads\/2021\/01\/mikrotehnologija.jpg\" \/>\n\t<meta property=\"og:image:width\" content=\"640\" \/>\n\t<meta property=\"og:image:height\" content=\"399\" \/>\n\t<meta property=\"og:image:type\" content=\"image\/jpeg\" \/>\n<meta name=\"twitter:card\" content=\"summary_large_image\" \/>\n<meta name=\"twitter:label1\" content=\"Gesch\u00e4tzte Lesezeit\" \/>\n\t<meta name=\"twitter:data1\" content=\"2\u00a0Minuten\" \/>\n<script type=\"application\/ld+json\" class=\"yoast-schema-graph\">{\"@context\":\"https:\/\/schema.org\",\"@graph\":[{\"@type\":\"WebPage\",\"@id\":\"https:\/\/fagas.ba\/produkt\/integrisana-mjerna-rjesenja\/\",\"url\":\"https:\/\/fagas.ba\/produkt\/integrisana-mjerna-rjesenja\/\",\"name\":\"Integrierte Messl\u00f6sungen - FAGAS\",\"isPartOf\":{\"@id\":\"https:\/\/fagas.ba\/en\/#website\"},\"datePublished\":\"2021-11-23T17:53:59+00:00\",\"dateModified\":\"2021-11-23T17:54:05+00:00\",\"breadcrumb\":{\"@id\":\"https:\/\/fagas.ba\/produkt\/integrisana-mjerna-rjesenja\/#breadcrumb\"},\"inLanguage\":\"de\",\"potentialAction\":[{\"@type\":\"ReadAction\",\"target\":[\"https:\/\/fagas.ba\/produkt\/integrisana-mjerna-rjesenja\/\"]}]},{\"@type\":\"BreadcrumbList\",\"@id\":\"https:\/\/fagas.ba\/produkt\/integrisana-mjerna-rjesenja\/#breadcrumb\",\"itemListElement\":[{\"@type\":\"ListItem\",\"position\":1,\"name\":\"Home\",\"item\":\"https:\/\/fagas.ba\/\"},{\"@type\":\"ListItem\",\"position\":2,\"name\":\"Products\",\"item\":\"https:\/\/fagas.ba\/en\/shop\/\"},{\"@type\":\"ListItem\",\"position\":3,\"name\":\"Integrierte Messl\u00f6sungen\"}]},{\"@type\":\"WebSite\",\"@id\":\"https:\/\/fagas.ba\/en\/#website\",\"url\":\"https:\/\/fagas.ba\/en\/\",\"name\":\"FAGAS\",\"description\":\"Projektovanje i proizvodnja gasne opreme\",\"potentialAction\":[{\"@type\":\"SearchAction\",\"target\":{\"@type\":\"EntryPoint\",\"urlTemplate\":\"https:\/\/fagas.ba\/en\/?s={search_term_string}\"},\"query-input\":\"required name=search_term_string\"}],\"inLanguage\":\"de\"}]}<\/script>\n<!-- \/ Yoast SEO plugin. -->","yoast_head_json":{"title":"Integrierte Messl\u00f6sungen - FAGAS","robots":{"index":"index","follow":"follow","max-snippet":"max-snippet:-1","max-image-preview":"max-image-preview:large","max-video-preview":"max-video-preview:-1"},"canonical":"https:\/\/fagas.ba\/produkt\/integrisana-mjerna-rjesenja\/","og_locale":"de_DE","og_type":"article","og_title":"Integrierte Messl\u00f6sungen - FAGAS","og_description":"Mit integrierten Messl\u00f6sungen entwickeln wir innovative Konzepte, um Ihren Bedarf effizient und konstruktiv zu l\u00f6sen. Die Messung von 7.000.000 m3 Gas erfordert Genauigkeit.Gro\u00dfe Gasstr\u00f6me bieten uns hervorragende Durchflussmessf\u00e4higkeiten, die Ihnen helfen, finanzielle Risiken zu managen und Ihnen Entlastung zu bieten. Unsere Kombination aus kundenspezifischen Engineering-F\u00e4higkeiten, Produktzuverl\u00e4ssigkeit, bester Beratung und Projektmanagement mit Branchenerfahrung bietet innovative, integrierte Erdgastransport- und Messsysteme. Wir fertigen die Systeme in unserem Werk, damit wir alle Teile nahtlos integrieren, die Messgenauigkeit erh\u00f6hen und das Risiko minimieren k\u00f6nnen. Alle unsere Produkte k\u00f6nnen weltweit und in \u00dcbereinstimmung mit steuerlichen Messnormen hergestellt werden. All dies in Kombination mit unserer kontinuierlichen \u00dcberwachung und Evaluierung der L\u00f6sung gibt Ihnen rund um die Uhr Ruhe und Sicherheit. So k\u00f6nnen Sie sich auf Ihr Kerngesch\u00e4ft konzentrieren. Weitere Informationen finden Sie auf der Website des Herstellers unter folgendem Link: Integrierte Messl\u00f6sungen","og_url":"https:\/\/fagas.ba\/produkt\/integrisana-mjerna-rjesenja\/","og_site_name":"FAGAS","article_modified_time":"2021-11-23T17:54:05+00:00","og_image":[{"width":640,"height":399,"url":"https:\/\/fagas.ba\/fgs\/wp-content\/uploads\/2021\/01\/mikrotehnologija.jpg","type":"image\/jpeg"}],"twitter_card":"summary_large_image","twitter_misc":{"Gesch\u00e4tzte Lesezeit":"2\u00a0Minuten"},"schema":{"@context":"https:\/\/schema.org","@graph":[{"@type":"WebPage","@id":"https:\/\/fagas.ba\/produkt\/integrisana-mjerna-rjesenja\/","url":"https:\/\/fagas.ba\/produkt\/integrisana-mjerna-rjesenja\/","name":"Integrierte Messl\u00f6sungen - FAGAS","isPartOf":{"@id":"https:\/\/fagas.ba\/en\/#website"},"datePublished":"2021-11-23T17:53:59+00:00","dateModified":"2021-11-23T17:54:05+00:00","breadcrumb":{"@id":"https:\/\/fagas.ba\/produkt\/integrisana-mjerna-rjesenja\/#breadcrumb"},"inLanguage":"de","potentialAction":[{"@type":"ReadAction","target":["https:\/\/fagas.ba\/produkt\/integrisana-mjerna-rjesenja\/"]}]},{"@type":"BreadcrumbList","@id":"https:\/\/fagas.ba\/produkt\/integrisana-mjerna-rjesenja\/#breadcrumb","itemListElement":[{"@type":"ListItem","position":1,"name":"Home","item":"https:\/\/fagas.ba\/"},{"@type":"ListItem","position":2,"name":"Products","item":"https:\/\/fagas.ba\/en\/shop\/"},{"@type":"ListItem","position":3,"name":"Integrierte Messl\u00f6sungen"}]},{"@type":"WebSite","@id":"https:\/\/fagas.ba\/en\/#website","url":"https:\/\/fagas.ba\/en\/","name":"FAGAS","description":"Projektovanje i proizvodnja gasne opreme","potentialAction":[{"@type":"SearchAction","target":{"@type":"EntryPoint","urlTemplate":"https:\/\/fagas.ba\/en\/?s={search_term_string}"},"query-input":"required name=search_term_string"}],"inLanguage":"de"}]}},"_links":{"self":[{"href":"https:\/\/fagas.ba\/de\/wp-json\/wp\/v2\/product\/5166"}],"collection":[{"href":"https:\/\/fagas.ba\/de\/wp-json\/wp\/v2\/product"}],"about":[{"href":"https:\/\/fagas.ba\/de\/wp-json\/wp\/v2\/types\/product"}],"replies":[{"embeddable":true,"href":"https:\/\/fagas.ba\/de\/wp-json\/wp\/v2\/comments?post=5166"}],"wp:featuredmedia":[{"embeddable":true,"href":"https:\/\/fagas.ba\/de\/wp-json\/wp\/v2\/media\/4628"}],"wp:attachment":[{"href":"https:\/\/fagas.ba\/de\/wp-json\/wp\/v2\/media?parent=5166"}],"wp:term":[{"taxonomy":"product_cat","embeddable":true,"href":"https:\/\/fagas.ba\/de\/wp-json\/wp\/v2\/product_cat?post=5166"},{"taxonomy":"product_tag","embeddable":true,"href":"https:\/\/fagas.ba\/de\/wp-json\/wp\/v2\/product_tag?post=5166"}],"curies":[{"name":"wp","href":"https:\/\/api.w.org\/{rel}","templated":true}]}}