{"id":5164,"date":"2021-11-23T17:49:03","date_gmt":"2021-11-23T17:49:03","guid":{"rendered":"https:\/\/fagas.ba\/product\/fe260\/"},"modified":"2021-11-23T17:49:04","modified_gmt":"2021-11-23T17:49:04","slug":"fe260","status":"publish","type":"product","link":"https:\/\/fagas.ba\/de\/produkt\/fe260\/","title":{"rendered":"FE260"},"content":{"rendered":"<p>[et_pb_section fb_built=&#8220;1&#8243; _builder_version=&#8220;3.22&#8243; custom_padding=&#8220;0px||||false|false&#8220; da_disable_devices=&#8220;off|off|off&#8220; da_is_popup=&#8220;off&#8220; da_exit_intent=&#8220;off&#8220; da_has_close=&#8220;on&#8220; da_alt_close=&#8220;off&#8220; da_dark_close=&#8220;off&#8220; da_not_modal=&#8220;on&#8220; da_is_singular=&#8220;off&#8220; da_with_loader=&#8220;off&#8220; da_has_shadow=&#8220;on&#8220;][et_pb_row _builder_version=&#8220;3.25&#8243; background_size=&#8220;initial&#8220; background_position=&#8220;top_left&#8220; background_repeat=&#8220;repeat&#8220; width=&#8220;100%&#8220; custom_padding=&#8220;0px||0px||false|false&#8220;][et_pb_column type=&#8220;4_4&#8243; _builder_version=&#8220;3.25&#8243; custom_padding=&#8220;|||&#8220; custom_padding__hover=&#8220;|||&#8220;][et_pb_wc_breadcrumb admin_label=&#8220;Woo Breadcrumb&#8220; _builder_version=&#8220;3.0.47&#8243;][\/et_pb_wc_breadcrumb][\/et_pb_column][\/et_pb_row][et_pb_row column_structure=&#8220;1_2,1_2&#8243; _builder_version=&#8220;3.25&#8243; background_size=&#8220;initial&#8220; background_position=&#8220;top_left&#8220; background_repeat=&#8220;repeat&#8220; width=&#8220;100%&#8220; custom_padding=&#8220;0px||||false|false&#8220;][et_pb_column type=&#8220;1_2&#8243; _builder_version=&#8220;3.25&#8243; custom_padding=&#8220;|||&#8220; custom_padding__hover=&#8220;|||&#8220;][et_pb_wc_images _builder_version=&#8220;4.7.4&#8243; _module_preset=&#8220;default&#8220;][\/et_pb_wc_images][\/et_pb_column][et_pb_column type=&#8220;1_2&#8243; _builder_version=&#8220;3.25&#8243; custom_padding=&#8220;|||&#8220; custom_padding__hover=&#8220;|||&#8220;][et_pb_wc_title _builder_version=&#8220;3.0.47&#8243;][\/et_pb_wc_title][et_pb_wc_description _builder_version=&#8220;3.0.47&#8243;][\/et_pb_wc_description][et_pb_wc_meta _builder_version=&#8220;3.0.47&#8243;][\/et_pb_wc_meta][\/et_pb_column][\/et_pb_row][et_pb_row _builder_version=&#8220;3.25&#8243; background_size=&#8220;initial&#8220; background_position=&#8220;top_left&#8220; background_repeat=&#8220;repeat&#8220; width=&#8220;100%&#8220;][et_pb_column type=&#8220;4_4&#8243; _builder_version=&#8220;3.25&#8243; custom_padding=&#8220;|||&#8220; custom_padding__hover=&#8220;|||&#8220;][et_pb_divider color=&#8220;#D8D8D8&#8243; divider_position=&#8220;center&#8220; _builder_version=&#8220;4.7.4&#8243; _module_preset=&#8220;default&#8220;][\/et_pb_divider][et_pb_tabs module_class=&#8220;vertical-tabs2&#8243; _builder_version=&#8220;4.7.4&#8243; _module_preset=&#8220;default&#8220; hover_enabled=&#8220;0&#8243; sticky_enabled=&#8220;0&#8243;][et_pb_tab _builder_version=&#8220;4.7.4&#8243; _module_preset=&#8220;default&#8220; title=&#8220;Technische Dokumentation&#8220; hover_enabled=&#8220;0&#8243; sticky_enabled=&#8220;0&#8243;]<\/p>\n<ul class=\"documents-list\">\n<li><a href=\"http:\/\/fagas.ba\/fgs\/wp-content\/uploads\/2021\/01\/FE260-Datasheet-srb.pdf\" target=\"_blank\" rel=\"noopener noreferrer\">Technisches Dokument<\/a><\/li>\n<\/ul>\n<p>[\/et_pb_tab][\/et_pb_tabs][et_pb_divider color=&#8220;#D8D8D8&#8243; divider_position=&#8220;center&#8220; _builder_version=&#8220;4.7.4&#8243; _module_preset=&#8220;default&#8220;][\/et_pb_divider][et_pb_wc_related_products posts_number=&#8220;4&#8243; columns_number=&#8220;4&#8243; admin_label=&#8220;Sli\u010dni proizvodi&#8220; _builder_version=&#8220;4.7.4&#8243;][\/et_pb_wc_related_products][\/et_pb_column][\/et_pb_row][\/et_pb_section]<\/p>\n","protected":false},"excerpt":{"rendered":"<p><strong>Die Funktionserweiterung FE260 erf\u00fcllt vier grundlegende Aufgaben<\/strong><\/p>\n<ul>\n<li>Ex-Barriere f\u00fcr Datenschnittstelle<\/li>\n<li>Ex-Barriere f\u00fcr digitale Ausg\u00e4nge<\/li>\n<li>Schnittstelle zur Nutzung eines Datenkommunikationsmoduls<\/li>\n<li>Ehrlich sichere Stromversorgung f\u00fcr Volumenwandler der EK-Serie<\/li>\n<\/ul>\n<p>Um einen Mengenumsetzer der EK-Serie in ein Datenfern\u00fcbertragungssystem zu integrieren, kann die FE260 mit einem Datenkommunikationsmodul ausgestattet werden. Hierf\u00fcr stehen Modems f\u00fcr eine Vielzahl von Telekommunikationsnetzen zur Verf\u00fcgung, um die notwendigen Anforderungen zu erf\u00fcllen. Sollte der Anschluss von Modems oder Ger\u00e4ten anderer Hersteller erforderlich sein, stehen auch Standardschnittstellen nach RS232 oder RS422 zur Verf\u00fcgung<\/p>\n","protected":false},"featured_media":4672,"comment_status":"open","ping_status":"closed","template":"","meta":{"_et_pb_use_builder":"on","_et_pb_old_content":"<strong>Die Funktionserweiterung FE260 erf\u00fcllt vier grundlegende Aufgaben<\/strong>\n<ul>\n \t<li>Ex-Barriere f\u00fcr Datenschnittstelle<\/li>\n \t<li>Ex-Barriere f\u00fcr digitale Ausg\u00e4nge<\/li>\n \t<li>Schnittstelle zur Nutzung eines Datenkommunikationsmoduls<\/li>\n \t<li>Ehrlich sichere Stromversorgung f\u00fcr Volumenwandler der EK-Serie<\/li>\n<\/ul>\n\nUm einen Mengenumsetzer der EK-Serie in ein Datenfern\u00fcbertragungssystem zu integrieren, kann die FE260 mit einem Datenkommunikationsmodul ausgestattet werden. Hierf\u00fcr stehen Modems f\u00fcr eine Vielzahl von Telekommunikationsnetzen zur Verf\u00fcgung, um die notwendigen Anforderungen zu erf\u00fcllen. Sollte der Anschluss von Modems oder Ger\u00e4ten anderer Hersteller erforderlich sein, stehen auch Standardschnittstellen nach RS232 oder RS422 zur Verf\u00fcgung","_et_gb_content_width":""},"product_cat":[351,355,321,353],"product_tag":[259,261,213,225],"yoast_head":"<!-- This site is optimized with the Yoast SEO plugin v20.12 - https:\/\/yoast.com\/wordpress\/plugins\/seo\/ -->\n<title>FE260 - FAGAS<\/title>\n<meta name=\"robots\" content=\"index, follow, max-snippet:-1, max-image-preview:large, max-video-preview:-1\" \/>\n<link rel=\"canonical\" href=\"https:\/\/fagas.ba\/produkt\/fe260\/\" \/>\n<meta property=\"og:locale\" content=\"de_DE\" \/>\n<meta property=\"og:type\" content=\"article\" \/>\n<meta property=\"og:title\" content=\"FE260 - FAGAS\" \/>\n<meta property=\"og:description\" content=\"Die Funktionserweiterung FE260 erf\u00fcllt vier grundlegende Aufgaben  Ex-Barriere f\u00fcr Datenschnittstelle  Ex-Barriere f\u00fcr digitale Ausg\u00e4nge  Schnittstelle zur Nutzung eines Datenkommunikationsmoduls  Ehrlich sichere Stromversorgung f\u00fcr Volumenwandler der EK-Serie  Um einen Mengenumsetzer der EK-Serie in ein Datenfern\u00fcbertragungssystem zu integrieren, kann die FE260 mit einem Datenkommunikationsmodul ausgestattet werden. Hierf\u00fcr stehen Modems f\u00fcr eine Vielzahl von Telekommunikationsnetzen zur Verf\u00fcgung, um die notwendigen Anforderungen zu erf\u00fcllen. Sollte der Anschluss von Modems oder Ger\u00e4ten anderer Hersteller erforderlich sein, stehen auch Standardschnittstellen nach RS232 oder RS422 zur Verf\u00fcgung\" \/>\n<meta property=\"og:url\" content=\"https:\/\/fagas.ba\/produkt\/fe260\/\" \/>\n<meta property=\"og:site_name\" content=\"FAGAS\" \/>\n<meta property=\"article:modified_time\" content=\"2021-11-23T17:49:04+00:00\" \/>\n<meta property=\"og:image\" content=\"https:\/\/fagas.ba\/fgs\/wp-content\/uploads\/2021\/01\/FE260.jpg\" \/>\n\t<meta property=\"og:image:width\" content=\"640\" \/>\n\t<meta property=\"og:image:height\" content=\"399\" \/>\n\t<meta property=\"og:image:type\" content=\"image\/jpeg\" \/>\n<meta name=\"twitter:card\" content=\"summary_large_image\" \/>\n<meta name=\"twitter:label1\" content=\"Gesch\u00e4tzte Lesezeit\" \/>\n\t<meta name=\"twitter:data1\" content=\"2\u00a0Minuten\" \/>\n<script type=\"application\/ld+json\" class=\"yoast-schema-graph\">{\"@context\":\"https:\/\/schema.org\",\"@graph\":[{\"@type\":\"WebPage\",\"@id\":\"https:\/\/fagas.ba\/produkt\/fe260\/\",\"url\":\"https:\/\/fagas.ba\/produkt\/fe260\/\",\"name\":\"FE260 - FAGAS\",\"isPartOf\":{\"@id\":\"https:\/\/fagas.ba\/en\/#website\"},\"datePublished\":\"2021-11-23T17:49:03+00:00\",\"dateModified\":\"2021-11-23T17:49:04+00:00\",\"breadcrumb\":{\"@id\":\"https:\/\/fagas.ba\/produkt\/fe260\/#breadcrumb\"},\"inLanguage\":\"de\",\"potentialAction\":[{\"@type\":\"ReadAction\",\"target\":[\"https:\/\/fagas.ba\/produkt\/fe260\/\"]}]},{\"@type\":\"BreadcrumbList\",\"@id\":\"https:\/\/fagas.ba\/produkt\/fe260\/#breadcrumb\",\"itemListElement\":[{\"@type\":\"ListItem\",\"position\":1,\"name\":\"Home\",\"item\":\"https:\/\/fagas.ba\/\"},{\"@type\":\"ListItem\",\"position\":2,\"name\":\"Products\",\"item\":\"https:\/\/fagas.ba\/en\/shop\/\"},{\"@type\":\"ListItem\",\"position\":3,\"name\":\"FE260\"}]},{\"@type\":\"WebSite\",\"@id\":\"https:\/\/fagas.ba\/en\/#website\",\"url\":\"https:\/\/fagas.ba\/en\/\",\"name\":\"FAGAS\",\"description\":\"Projektovanje i proizvodnja gasne opreme\",\"potentialAction\":[{\"@type\":\"SearchAction\",\"target\":{\"@type\":\"EntryPoint\",\"urlTemplate\":\"https:\/\/fagas.ba\/en\/?s={search_term_string}\"},\"query-input\":\"required name=search_term_string\"}],\"inLanguage\":\"de\"}]}<\/script>\n<!-- \/ Yoast SEO plugin. -->","yoast_head_json":{"title":"FE260 - FAGAS","robots":{"index":"index","follow":"follow","max-snippet":"max-snippet:-1","max-image-preview":"max-image-preview:large","max-video-preview":"max-video-preview:-1"},"canonical":"https:\/\/fagas.ba\/produkt\/fe260\/","og_locale":"de_DE","og_type":"article","og_title":"FE260 - FAGAS","og_description":"Die Funktionserweiterung FE260 erf\u00fcllt vier grundlegende Aufgaben  Ex-Barriere f\u00fcr Datenschnittstelle  Ex-Barriere f\u00fcr digitale Ausg\u00e4nge  Schnittstelle zur Nutzung eines Datenkommunikationsmoduls  Ehrlich sichere Stromversorgung f\u00fcr Volumenwandler der EK-Serie  Um einen Mengenumsetzer der EK-Serie in ein Datenfern\u00fcbertragungssystem zu integrieren, kann die FE260 mit einem Datenkommunikationsmodul ausgestattet werden. Hierf\u00fcr stehen Modems f\u00fcr eine Vielzahl von Telekommunikationsnetzen zur Verf\u00fcgung, um die notwendigen Anforderungen zu erf\u00fcllen. Sollte der Anschluss von Modems oder Ger\u00e4ten anderer Hersteller erforderlich sein, stehen auch Standardschnittstellen nach RS232 oder RS422 zur Verf\u00fcgung","og_url":"https:\/\/fagas.ba\/produkt\/fe260\/","og_site_name":"FAGAS","article_modified_time":"2021-11-23T17:49:04+00:00","og_image":[{"width":640,"height":399,"url":"https:\/\/fagas.ba\/fgs\/wp-content\/uploads\/2021\/01\/FE260.jpg","type":"image\/jpeg"}],"twitter_card":"summary_large_image","twitter_misc":{"Gesch\u00e4tzte Lesezeit":"2\u00a0Minuten"},"schema":{"@context":"https:\/\/schema.org","@graph":[{"@type":"WebPage","@id":"https:\/\/fagas.ba\/produkt\/fe260\/","url":"https:\/\/fagas.ba\/produkt\/fe260\/","name":"FE260 - FAGAS","isPartOf":{"@id":"https:\/\/fagas.ba\/en\/#website"},"datePublished":"2021-11-23T17:49:03+00:00","dateModified":"2021-11-23T17:49:04+00:00","breadcrumb":{"@id":"https:\/\/fagas.ba\/produkt\/fe260\/#breadcrumb"},"inLanguage":"de","potentialAction":[{"@type":"ReadAction","target":["https:\/\/fagas.ba\/produkt\/fe260\/"]}]},{"@type":"BreadcrumbList","@id":"https:\/\/fagas.ba\/produkt\/fe260\/#breadcrumb","itemListElement":[{"@type":"ListItem","position":1,"name":"Home","item":"https:\/\/fagas.ba\/"},{"@type":"ListItem","position":2,"name":"Products","item":"https:\/\/fagas.ba\/en\/shop\/"},{"@type":"ListItem","position":3,"name":"FE260"}]},{"@type":"WebSite","@id":"https:\/\/fagas.ba\/en\/#website","url":"https:\/\/fagas.ba\/en\/","name":"FAGAS","description":"Projektovanje i proizvodnja gasne opreme","potentialAction":[{"@type":"SearchAction","target":{"@type":"EntryPoint","urlTemplate":"https:\/\/fagas.ba\/en\/?s={search_term_string}"},"query-input":"required name=search_term_string"}],"inLanguage":"de"}]}},"_links":{"self":[{"href":"https:\/\/fagas.ba\/de\/wp-json\/wp\/v2\/product\/5164"}],"collection":[{"href":"https:\/\/fagas.ba\/de\/wp-json\/wp\/v2\/product"}],"about":[{"href":"https:\/\/fagas.ba\/de\/wp-json\/wp\/v2\/types\/product"}],"replies":[{"embeddable":true,"href":"https:\/\/fagas.ba\/de\/wp-json\/wp\/v2\/comments?post=5164"}],"wp:featuredmedia":[{"embeddable":true,"href":"https:\/\/fagas.ba\/de\/wp-json\/wp\/v2\/media\/4672"}],"wp:attachment":[{"href":"https:\/\/fagas.ba\/de\/wp-json\/wp\/v2\/media?parent=5164"}],"wp:term":[{"taxonomy":"product_cat","embeddable":true,"href":"https:\/\/fagas.ba\/de\/wp-json\/wp\/v2\/product_cat?post=5164"},{"taxonomy":"product_tag","embeddable":true,"href":"https:\/\/fagas.ba\/de\/wp-json\/wp\/v2\/product_tag?post=5164"}],"curies":[{"name":"wp","href":"https:\/\/api.w.org\/{rel}","templated":true}]}}