{"id":5035,"date":"2021-11-23T14:00:47","date_gmt":"2021-11-23T14:00:47","guid":{"rendered":"https:\/\/fagas.ba\/produkte\/partnerprogramme-dienstleistungen\/"},"modified":"2021-11-23T14:01:14","modified_gmt":"2021-11-23T14:01:14","slug":"partnerprogramme-dienstleistungen","status":"publish","type":"page","link":"https:\/\/fagas.ba\/de\/produkte\/partnerprogramme-dienstleistungen\/","title":{"rendered":"Partnerprogramme &#8211; Dienstleistungen"},"content":{"rendered":"<p>[et_pb_section fb_built=&#8220;1&#8243; _builder_version=&#8220;4.7.4&#8243; _module_preset=&#8220;default&#8220; custom_margin=&#8220;||||false|false&#8220; custom_padding=&#8220;8%|30px||30px|false|true&#8220; hover_enabled=&#8220;0&#8243; da_disable_devices=&#8220;off|off|off&#8220; sticky_enabled=&#8220;0&#8243; da_is_popup=&#8220;off&#8220; da_exit_intent=&#8220;off&#8220; da_has_close=&#8220;on&#8220; da_alt_close=&#8220;off&#8220; da_dark_close=&#8220;off&#8220; da_not_modal=&#8220;on&#8220; da_is_singular=&#8220;off&#8220; da_with_loader=&#8220;off&#8220; da_has_shadow=&#8220;on&#8220;][et_pb_row _builder_version=&#8220;4.7.4&#8243; _module_preset=&#8220;default&#8220; width=&#8220;100%&#8220; max_width=&#8220;1280px&#8220; hover_enabled=&#8220;0&#8243; sticky_enabled=&#8220;0&#8243;][et_pb_column type=&#8220;4_4&#8243; _builder_version=&#8220;4.7.4&#8243; _module_preset=&#8220;default&#8220;][et_pb_text _builder_version=&#8220;4.7.4&#8243; _module_preset=&#8220;default&#8220; header_text_align=&#8220;left&#8220; header_2_font=&#8220;|700||on|||||&#8220; header_2_text_align=&#8220;left&#8220; header_2_font_size=&#8220;40px&#8220; header_2_line_height=&#8220;1.2em&#8220; text_orientation=&#8220;center&#8220; header_2_font_size_tablet=&#8220;&#8220; header_2_font_size_phone=&#8220;32px&#8220; header_2_font_size_last_edited=&#8220;on|phone&#8220;]<\/p>\n<h2>Honeywell-Services<\/h2>\n<p>[\/et_pb_text][\/et_pb_column][\/et_pb_row][et_pb_row _builder_version=&#8220;4.7.4&#8243; _module_preset=&#8220;default&#8220; width=&#8220;100%&#8220; max_width=&#8220;1280px&#8220;][et_pb_column type=&#8220;4_4&#8243; _builder_version=&#8220;4.7.4&#8243; _module_preset=&#8220;default&#8220;][et_pb_tabs module_class=&#8220;vertical-tabs2 tabs-menu-sp&#8220; _builder_version=&#8220;4.7.4&#8243; _module_preset=&#8220;default&#8220;][et_pb_tab title=&#8220;Gutachten und Ingenieurstudium&#8220; _builder_version=&#8220;4.7.4&#8243; _module_preset=&#8220;default&#8220;]<\/p>\n<p>Die Expertenbewertungen von Honeywell umfassen Audits zur Bewertung der Gesundheit, Zuverl\u00e4ssigkeit, Sicherheit und Leistung von Automatisierungsger\u00e4ten in Anlagen oder Werken. Diese Dienstleistungen umfassen installierte Basissysteme und Software, Prozesssteuerung und Systemleistung, Alarmvergleichspraktiken und -sicherheit, Standortsicherheit und Effizienz. Honeywell bietet auch Engineering-Studien an, die Kunden dabei helfen, Betriebs- und Gesch\u00e4ftsziele mit Projektzielen in Einklang zu bringen, um den Wert des Automatisierungssystems zu maximieren und die Kapitalrendite w\u00e4hrend des gesamten Anlagenlebenszyklus zu verbessern.<\/p>\n<p><a href=\"https:\/\/www.honeywellprocess.com\/en-US\/explore\/services\/assessments\/Pages\/default.aspx\" target=\"_blank\" rel=\"noopener noreferrer\">Alle Assessment und Ingenieurstudiendienste anzeigen<\/a><\/p>\n<p>[\/et_pb_tab][et_pb_tab title=&#8220;Dienstleistungen f\u00fcr verteilte Steuerungssysteme&#8220; _builder_version=&#8220;4.7.4&#8243; _module_preset=&#8220;default&#8220;]<\/p>\n<p>Zus\u00e4tzlich zu seiner Spitzentechnologie bietet Honeywell Dienstleistungen zur Optimierung der Leistung und Effizienz in allen Phasen des Automatisierungslebenszyklus. Mit mehr als 30 Jahren Erfahrung in der Prozessindustrie unterst\u00fctzt es Kunden beim Schutz ihrer Automatisierungsinvestitionen mit einer der gr\u00f6\u00dften globalen Service- und Supportorganisationen der Branche. Unabh\u00e4ngig davon, ob das Unternehmen regelm\u00e4\u00dfige geplante Wartung, Einhaltung gesetzlicher Vorschriften, langfristigen Produktsupport oder Technologie-Upgrades erfordert, bietet Honeywell flexible Wartungs- und Supportpl\u00e4ne, Software- und Hardware-Upgrades sowie Zugang zu technischen Experten vor Ort und aus der Ferne.<\/p>\n<p><a href=\"https:\/\/www.honeywellprocess.com\/en-US\/explore\/services\/distributed-control-systems\/pages\/default.aspx\" target=\"_blank\" rel=\"noopener noreferrer\">Alle Dienste f\u00fcr verteilte Verwaltungssysteme anzeigen<\/a>[\/et_pb_tab][et_pb_tab title=&#8220;Industrielle Cybersicherheitsl\u00f6sungen&#8220; _builder_version=&#8220;4.7.4&#8243; _module_preset=&#8220;default&#8220;]<\/p>\n<p>Industrielle Cybersicherheitsl\u00f6sungen sind anbieterneutral f\u00fcr Prozessleitsysteme, die die Risiken adressieren, die sich aus \u00c4nderungen der Gesch\u00e4ftsanforderungen, der Technologieimplementierung und der Kundenerwartungen ergeben. Basierend auf den Phasen des industriellen IT-Lebenszyklus zielen die L\u00f6sungen darauf ab, eine kritische Benutzerinfrastruktur bereitzustellen, die Auswirkungen auf lokale Ressourcen zu reduzieren und mehr Sicherheit zu bieten.<\/p>\n<p><a href=\"https:\/\/www.honeywellprocess.com\/en-US\/explore\/services\/industrial-it-solutions\/Pages\/default.aspx\" target=\"_blank\" rel=\"noopener noreferrer\">Alle industriellen Cybersicherheitsl\u00f6sungen anzeigen<\/a><\/p>\n<p>[\/et_pb_tab][et_pb_tab title=&#8220;OneWireless-Dienste&#8220; _builder_version=&#8220;4.7.4&#8243; _module_preset=&#8220;default&#8220;]<\/p>\n<p>Die OneWireless-Dienste von Honeywell stellen sicher, dass ein kritisches drahtloses Netzwerk und seine drahtlosen Komponenten weiterhin mit ihrer \u00fcberragenden Leistung funktionieren. Sein lokaler Support bietet zusammen mit seiner reichen globalen Branchenerfahrung die notwendige Unterst\u00fctzung, um drahtlose Systeme zu warten und zu verbessern. Die Experten von Honeywell sind bereit, zu reagieren und drahtlose Systeme auf h\u00f6chstem Leistungsniveau zu warten und zu betreiben.<\/p>\n<p><a href=\"https:\/\/www.honeywellprocess.com\/en-US\/explore\/services\/onewireless-services\/Pages\/default.aspx\" target=\"_blank\" rel=\"noopener noreferrer\">Alle OneWireless-Dienste anzeigen<\/a><\/p>\n<p>[\/et_pb_tab][et_pb_tab title=&#8220;Dienstleistungen zur Systemqualit\u00e4tskontrolle&#8220; _builder_version=&#8220;4.7.4&#8243; _module_preset=&#8220;default&#8220;]<\/p>\n<p>Honeywell bietet Support-Services f\u00fcr Qualit\u00e4tskontrollsysteme (QCS), die den Kunden helfen, die Vorteile der Prozessverbesserung zu maximieren, einschlie\u00dflich weniger qualit\u00e4tsbedingter Verluste, weniger Produktdegradation und h\u00f6herer Produktionseffizienz. Es bietet einen einzigartigen Supportvertrag, der sicherstellt, dass die Beg\u00fcnstigten ihre Verm\u00f6gensverwaltungsziele effektiv erreichen. Noch wichtiger ist, dass Kunden Zugang zu Honeywell-Experten erhalten, die einzigartig ausgestattet sind, um erstklassige Diagnose, L\u00f6sungen und fortlaufenden Support bereitzustellen. Ihre strengen Schulungen und Zertifizierungen f\u00fcr spezifische Honeywell-Ger\u00e4te und -Steuerungen machen sie zu wertvollen Support-Ressourcen f\u00fcr die L\u00f6sung aller kritischen Prozessprobleme.<\/p>\n<p><a href=\"https:\/\/www.honeywellprocess.com\/en-US\/explore\/services\/quality-control-systems\/pages\/default.aspx\" target=\"_blank\" rel=\"noopener noreferrer\"><\/a><\/p>\n<p>[\/et_pb_tab][et_pb_tab title=&#8220;Dienstleistungen f\u00fcr Sicherheitssysteme&#8220; _builder_version=&#8220;4.7.4&#8243; _module_preset=&#8220;default&#8220;]<\/p>\n<p>Anforderungen an Prozesseffizienz, Zuverl\u00e4ssigkeit und Produktqualit\u00e4t sowie gef\u00e4hrliche Arbeitsumgebungen bringen die Prozessindustrie weiterhin an ihre Wettbewerbsgrenzen. Aus diesem Grund suchen Hersteller weiterhin nach neuen L\u00f6sungen f\u00fcr operative Exzellenz und bleiben gute B\u00fcrger, wenn es um die Sicherheit und Zuverl\u00e4ssigkeit ihrer Anlagen geht. Honeywell bietet ein umfassendes Paket an Sicherheitssystemservices, einschlie\u00dflich Expertensupport, Schulungen und Bewertungen, um eine verbesserte Betriebszeit und Produktivit\u00e4t zu gew\u00e4hrleisten und gleichzeitig den Kunden dabei zu helfen, Compliance-Probleme zu vermeiden.<\/p>\n<p><a href=\"https:\/\/www.honeywellprocess.com\/en-US\/explore\/services\/safety-systems-services\/Pages\/default.aspx\" target=\"_blank\" rel=\"noopener noreferrer\">[\/et_pb_tab][et_pb_tab title=&#8220;Erweiterte Softwaredienste&#8220; _builder_version=&#8220;4.7.4&#8243; _module_preset=&#8220;default&#8220;]<\/p>\n<p>Um noch gr\u00f6\u00dfere Verbesserungen der betrieblichen Effizienz und tiefere Kostensenkungen zu erzielen, kann es erforderlich sein, Prozesssysteme zu \u00fcberpr\u00fcfen, um sicherzustellen, dass sie auf optimalem Niveau funktionieren. Honeywell bietet L\u00f6sungen, die eine umfassende Lebenszyklusdokumentation und Unterst\u00fctzung f\u00fcr das \u00c4nderungsmanagement f\u00fcr die gesamte industrielle Automatisierungsplattform bieten, um Regelkreisprobleme zu identifizieren und Benutzern bei der Entscheidung zu helfen, wie sie diese minimieren k\u00f6nnen, um das Beste aus ihren fortschrittlichen Anwendungen herauszuholen.<\/p>\n<p><a href=\"https:\/\/www.honeywellprocess.com\/en-US\/explore\/services\/advanced-applications-services\/pages\/default.aspx\" target=\"_blank\" rel=\"noopener noreferrer\">[\/et_pb_tab][et_pb_tab title=&#8220;Total Care-Au\u00dfendienst&#8220; _builder_version=&#8220;4.7.4&#8243; _module_preset=&#8220;default&#8220;]<\/p>\n<p>Die umfassenden Pflegedienste von Honeywell in Kombination mit internen Softwarel\u00f6sungen und offenen Datenzugriffsschnittstellen erm\u00f6glichen es Benutzern, Unternehmensressourcen zu verwalten und zu optimieren, indem sie Basissysteme f\u00fcr kritische Messungen, Steuerung und Datenerfassung bereitstellen. Von Sensoren bis hin zu Aktoren \u2013 und alles dazwischen \u2013 Honeywell-Services k\u00f6nnen die Qualit\u00e4t und Produktivit\u00e4t verbessern und die Gesamtkosten effektiv senken.<\/p>\n<p><a href=\"https:\/\/www.honeywellprocess.com\/en-US\/explore\/services\/field-solutions-services\/pages\/default.aspx\" target=\"_blank\" rel=\"noopener noreferrer\"><\/a><\/p>\n<p>[\/et_pb_tab][\/et_pb_tabs][\/et_pb_column][\/et_pb_row][\/et_pb_section][et_pb_section fb_built=&#8220;1&#8243; admin_label=&#8220;Section&#8220; _builder_version=&#8220;4.7.4&#8243; _module_preset=&#8220;default&#8220; background_color=&#8220;#202020&#8243; custom_margin=&#8220;0px||0px||false|false&#8220; custom_padding=&#8220;20px|30px|0px|30px|false|true&#8220; da_disable_devices=&#8220;off|off|off&#8220; global_module=&#8220;736&#8243; saved_tabs=&#8220;all&#8220; da_is_popup=&#8220;off&#8220; da_exit_intent=&#8220;off&#8220; da_has_close=&#8220;on&#8220; da_alt_close=&#8220;off&#8220; da_dark_close=&#8220;off&#8220; da_not_modal=&#8220;on&#8220; da_is_singular=&#8220;off&#8220; da_with_loader=&#8220;off&#8220; da_has_shadow=&#8220;on&#8220;][et_pb_row column_structure=&#8220;1_3,1_3,1_3&#8243; use_custom_gutter=&#8220;on&#8220; gutter_width=&#8220;2&#8243; make_equal=&#8220;on&#8220; _builder_version=&#8220;4.7.4&#8243; _module_preset=&#8220;default&#8220; width=&#8220;100%&#8220; max_width=&#8220;1280px&#8220;][et_pb_column type=&#8220;1_3&#8243; _builder_version=&#8220;4.7.4&#8243; _module_preset=&#8220;default&#8220;][et_pb_image src=&#8220;https:\/\/fagas.ba\/fgs\/wp-content\/uploads\/2021\/01\/logo-unis-fagas.svg&#8220; title_text=&#8220;logo-unis-fagas&#8220; _builder_version=&#8220;4.7.4&#8243; _module_preset=&#8220;default&#8220; width=&#8220;100%&#8220; max_width=&#8220;280px&#8220; module_alignment=&#8220;left&#8220;][\/et_pb_image][et_pb_text _builder_version=&#8220;4.7.4&#8243; _module_preset=&#8220;default&#8220; text_font_size=&#8220;14px&#8220; background_layout=&#8220;dark&#8220;]UNIS FAGAS entwirft, produziert, montiert und nimmt verschiedene Rohrleitungen f\u00fcr alle Arten von Gasen, Dr\u00fccken und Abfl\u00fcssen in Betrieb.[\/et_pb_text][\/et_pb_column][et_pb_column type=&#8220;1_3&#8243; _builder_version=&#8220;4.7.4&#8243; _module_preset=&#8220;default&#8220; custom_css_main_element=&#8220;text-align:center;&#8220;][et_pb_menu menu_id=&#8220;116&#8243; module_class=&#8220;footer-menu-unis&#8220; _builder_version=&#8220;4.7.4&#8243; _module_preset=&#8220;default&#8220; menu_font=&#8220;|600|||||||&#8220; menu_text_color=&#8220;#ffffff&#8220; menu_font_size=&#8220;16px&#8220; background_color=&#8220;rgba(0,0,0,0)&#8220; background_layout=&#8220;dark&#8220; module_alignment=&#8220;center&#8220;][\/et_pb_menu][\/et_pb_column][et_pb_column type=&#8220;1_3&#8243; _builder_version=&#8220;4.7.4&#8243; _module_preset=&#8220;default&#8220;][et_pb_blurb title=&#8220;Rajlovacka BB, 71000, Sarajevo, BiH&#8220; image=&#8220;https:\/\/fagas.ba\/fgs\/wp-content\/uploads\/2020\/12\/Vector.svg&#8220; icon_placement=&#8220;left&#8220; image_max_width=&#8220;25px&#8220; content_max_width=&#8220;100%&#8220; _builder_version=&#8220;4.7.4&#8243; _module_preset=&#8220;default&#8220; background_layout=&#8220;dark&#8220; module_alignment=&#8220;left&#8220; custom_margin=&#8220;||10px||false|false&#8220;][\/et_pb_blurb][et_pb_blurb image=&#8220;https:\/\/fagas.ba\/fgs\/wp-content\/uploads\/2020\/12\/Vector-1.svg&#8220; icon_placement=&#8220;left&#8220; image_max_width=&#8220;25px&#8220; content_max_width=&#8220;100%&#8220; _builder_version=&#8220;4.7.4&#8243; _module_preset=&#8220;default&#8220; background_layout=&#8220;dark&#8220; module_alignment=&#8220;left&#8220; custom_margin=&#8220;||18px||false|false&#8220;]<\/p>\n<p>+387 33\u00ad 590 739<br \/>  +387 33 592 080<\/p>\n<p>[\/et_pb_blurb][et_pb_blurb image=&#8220;https:\/\/fagas.ba\/fgs\/wp-content\/uploads\/2020\/12\/Vector-2.svg&#8220; icon_placement=&#8220;left&#8220; image_max_width=&#8220;25px&#8220; content_max_width=&#8220;100%&#8220; _builder_version=&#8220;4.7.4&#8243; _module_preset=&#8220;default&#8220; background_layout=&#8220;dark&#8220;]<\/p>\n<p><span style=\"color: #ffffff;\"><a href=\"mailto:info@fagas.ba\" style=\"color: #ffffff;\">info@fagas.ba<\/a><\/span><\/p>\n<p>[\/et_pb_blurb][et_pb_image src=&#8220;https:\/\/fagas.ba\/fgs\/wp-content\/uploads\/2020\/12\/Group-52.svg&#8220; title_text=&#8220;Group 52&#8243; url=&#8220;#&#8220; disabled_on=&#8220;on|on|on&#8220; _builder_version=&#8220;4.7.4&#8243; _module_preset=&#8220;default&#8220; background_enable_color=&#8220;off&#8220; width=&#8220;100%&#8220; max_width=&#8220;35px&#8220; module_alignment=&#8220;left&#8220; custom_margin=&#8220;||||false|false&#8220; custom_css_main_element=&#8220;float:left;&#8220; disabled=&#8220;on&#8220;][\/et_pb_image][et_pb_image src=&#8220;https:\/\/fagas.ba\/fgs\/wp-content\/uploads\/2020\/12\/Subtract.svg&#8220; title_text=&#8220;Subtrahieren&#8220; url=&#8220;#&#8220; url_new_window=&#8220;on&#8220; disabled_on=&#8220;on|on|on&#8220; _builder_version=&#8220;4.7.4&#8243; _module_preset=&#8220;default&#8220; background_enable_color=&#8220;off&#8220; max_width=&#8220;25px&#8220; module_alignment=&#8220;left&#8220; custom_margin=&#8220;||||false|false&#8220; custom_padding=&#8220;||||false|false&#8220; custom_css_main_element=&#8220;float:left;&#8220; disabled=&#8220;on&#8220;][\/et_pb_image][\/et_pb_column][\/et_pb_row][\/et_pb_section]<\/p>\n","protected":false},"excerpt":{"rendered":"<p>Honeywell-ServicesDie Expertenbewertungen von Honeywell umfassen Audits zur Bewertung der Gesundheit, Zuverl\u00e4ssigkeit, Sicherheit und Leistung von Automatisierungsger\u00e4ten in Anlagen oder Werken. Diese Dienstleistungen umfassen installierte Basissysteme und Software, Prozesssteuerung und Systemleistung, Alarmvergleichspraktiken und -sicherheit, Standortsicherheit und Effizienz. Honeywell bietet auch Engineering-Studien an, die Kunden dabei helfen, Betriebs- und Gesch\u00e4ftsziele mit Projektzielen in Einklang zu bringen, um [&hellip;]<\/p>\n","protected":false},"author":1,"featured_media":0,"parent":4978,"menu_order":0,"comment_status":"closed","ping_status":"closed","template":"","meta":{"_et_pb_use_builder":"on","_et_pb_old_content":"","_et_gb_content_width":""},"yoast_head":"<!-- This site is optimized with the Yoast SEO plugin v20.12 - https:\/\/yoast.com\/wordpress\/plugins\/seo\/ -->\n<title>Partnerprogramme - Dienstleistungen - FAGAS<\/title>\n<meta name=\"robots\" content=\"index, follow, max-snippet:-1, max-image-preview:large, max-video-preview:-1\" \/>\n<link rel=\"canonical\" href=\"https:\/\/fagas.ba\/proizvodi\/partnerski-programi-usluge\/\" \/>\n<meta property=\"og:locale\" content=\"de_DE\" \/>\n<meta property=\"og:type\" content=\"article\" \/>\n<meta property=\"og:title\" content=\"Partnerprogramme - Dienstleistungen - FAGAS\" \/>\n<meta property=\"og:description\" content=\"Honeywell-ServicesDie Expertenbewertungen von Honeywell umfassen Audits zur Bewertung der Gesundheit, Zuverl\u00e4ssigkeit, Sicherheit und Leistung von Automatisierungsger\u00e4ten in Anlagen oder Werken. Diese Dienstleistungen umfassen installierte Basissysteme und Software, Prozesssteuerung und Systemleistung, Alarmvergleichspraktiken und -sicherheit, Standortsicherheit und Effizienz. Honeywell bietet auch Engineering-Studien an, die Kunden dabei helfen, Betriebs- und Gesch\u00e4ftsziele mit Projektzielen in Einklang zu bringen, um [&hellip;]\" \/>\n<meta property=\"og:url\" content=\"https:\/\/fagas.ba\/proizvodi\/partnerski-programi-usluge\/\" \/>\n<meta property=\"og:site_name\" content=\"FAGAS\" \/>\n<meta property=\"article:modified_time\" content=\"2021-11-23T14:01:14+00:00\" \/>\n<meta name=\"twitter:card\" content=\"summary_large_image\" \/>\n<meta name=\"twitter:label1\" content=\"Gesch\u00e4tzte Lesezeit\" \/>\n\t<meta name=\"twitter:data1\" content=\"7\u00a0Minuten\" \/>\n<script type=\"application\/ld+json\" class=\"yoast-schema-graph\">{\"@context\":\"https:\/\/schema.org\",\"@graph\":[{\"@type\":\"WebPage\",\"@id\":\"https:\/\/fagas.ba\/proizvodi\/partnerski-programi-usluge\/\",\"url\":\"https:\/\/fagas.ba\/proizvodi\/partnerski-programi-usluge\/\",\"name\":\"Partnerprogramme - Dienstleistungen - FAGAS\",\"isPartOf\":{\"@id\":\"https:\/\/fagas.ba\/en\/#website\"},\"datePublished\":\"2021-11-23T14:00:47+00:00\",\"dateModified\":\"2021-11-23T14:01:14+00:00\",\"breadcrumb\":{\"@id\":\"https:\/\/fagas.ba\/proizvodi\/partnerski-programi-usluge\/#breadcrumb\"},\"inLanguage\":\"de\",\"potentialAction\":[{\"@type\":\"ReadAction\",\"target\":[\"https:\/\/fagas.ba\/proizvodi\/partnerski-programi-usluge\/\"]}]},{\"@type\":\"BreadcrumbList\",\"@id\":\"https:\/\/fagas.ba\/proizvodi\/partnerski-programi-usluge\/#breadcrumb\",\"itemListElement\":[{\"@type\":\"ListItem\",\"position\":1,\"name\":\"Home\",\"item\":\"https:\/\/fagas.ba\/\"},{\"@type\":\"ListItem\",\"position\":2,\"name\":\"Produkte\",\"item\":\"https:\/\/fagas.ba\/proizvodi\/\"},{\"@type\":\"ListItem\",\"position\":3,\"name\":\"Partnerprogramme &#8211; Dienstleistungen\"}]},{\"@type\":\"WebSite\",\"@id\":\"https:\/\/fagas.ba\/en\/#website\",\"url\":\"https:\/\/fagas.ba\/en\/\",\"name\":\"FAGAS\",\"description\":\"Projektovanje i proizvodnja gasne opreme\",\"potentialAction\":[{\"@type\":\"SearchAction\",\"target\":{\"@type\":\"EntryPoint\",\"urlTemplate\":\"https:\/\/fagas.ba\/en\/?s={search_term_string}\"},\"query-input\":\"required name=search_term_string\"}],\"inLanguage\":\"de\"}]}<\/script>\n<!-- \/ Yoast SEO plugin. -->","yoast_head_json":{"title":"Partnerprogramme - Dienstleistungen - FAGAS","robots":{"index":"index","follow":"follow","max-snippet":"max-snippet:-1","max-image-preview":"max-image-preview:large","max-video-preview":"max-video-preview:-1"},"canonical":"https:\/\/fagas.ba\/proizvodi\/partnerski-programi-usluge\/","og_locale":"de_DE","og_type":"article","og_title":"Partnerprogramme - Dienstleistungen - FAGAS","og_description":"Honeywell-ServicesDie Expertenbewertungen von Honeywell umfassen Audits zur Bewertung der Gesundheit, Zuverl\u00e4ssigkeit, Sicherheit und Leistung von Automatisierungsger\u00e4ten in Anlagen oder Werken. Diese Dienstleistungen umfassen installierte Basissysteme und Software, Prozesssteuerung und Systemleistung, Alarmvergleichspraktiken und -sicherheit, Standortsicherheit und Effizienz. Honeywell bietet auch Engineering-Studien an, die Kunden dabei helfen, Betriebs- und Gesch\u00e4ftsziele mit Projektzielen in Einklang zu bringen, um [&hellip;]","og_url":"https:\/\/fagas.ba\/proizvodi\/partnerski-programi-usluge\/","og_site_name":"FAGAS","article_modified_time":"2021-11-23T14:01:14+00:00","twitter_card":"summary_large_image","twitter_misc":{"Gesch\u00e4tzte Lesezeit":"7\u00a0Minuten"},"schema":{"@context":"https:\/\/schema.org","@graph":[{"@type":"WebPage","@id":"https:\/\/fagas.ba\/proizvodi\/partnerski-programi-usluge\/","url":"https:\/\/fagas.ba\/proizvodi\/partnerski-programi-usluge\/","name":"Partnerprogramme - Dienstleistungen - FAGAS","isPartOf":{"@id":"https:\/\/fagas.ba\/en\/#website"},"datePublished":"2021-11-23T14:00:47+00:00","dateModified":"2021-11-23T14:01:14+00:00","breadcrumb":{"@id":"https:\/\/fagas.ba\/proizvodi\/partnerski-programi-usluge\/#breadcrumb"},"inLanguage":"de","potentialAction":[{"@type":"ReadAction","target":["https:\/\/fagas.ba\/proizvodi\/partnerski-programi-usluge\/"]}]},{"@type":"BreadcrumbList","@id":"https:\/\/fagas.ba\/proizvodi\/partnerski-programi-usluge\/#breadcrumb","itemListElement":[{"@type":"ListItem","position":1,"name":"Home","item":"https:\/\/fagas.ba\/"},{"@type":"ListItem","position":2,"name":"Produkte","item":"https:\/\/fagas.ba\/proizvodi\/"},{"@type":"ListItem","position":3,"name":"Partnerprogramme &#8211; Dienstleistungen"}]},{"@type":"WebSite","@id":"https:\/\/fagas.ba\/en\/#website","url":"https:\/\/fagas.ba\/en\/","name":"FAGAS","description":"Projektovanje i proizvodnja gasne opreme","potentialAction":[{"@type":"SearchAction","target":{"@type":"EntryPoint","urlTemplate":"https:\/\/fagas.ba\/en\/?s={search_term_string}"},"query-input":"required name=search_term_string"}],"inLanguage":"de"}]}},"_links":{"self":[{"href":"https:\/\/fagas.ba\/de\/wp-json\/wp\/v2\/pages\/5035"}],"collection":[{"href":"https:\/\/fagas.ba\/de\/wp-json\/wp\/v2\/pages"}],"about":[{"href":"https:\/\/fagas.ba\/de\/wp-json\/wp\/v2\/types\/page"}],"author":[{"embeddable":true,"href":"https:\/\/fagas.ba\/de\/wp-json\/wp\/v2\/users\/1"}],"replies":[{"embeddable":true,"href":"https:\/\/fagas.ba\/de\/wp-json\/wp\/v2\/comments?post=5035"}],"version-history":[{"count":5,"href":"https:\/\/fagas.ba\/de\/wp-json\/wp\/v2\/pages\/5035\/revisions"}],"predecessor-version":[{"id":5040,"href":"https:\/\/fagas.ba\/de\/wp-json\/wp\/v2\/pages\/5035\/revisions\/5040"}],"up":[{"embeddable":true,"href":"https:\/\/fagas.ba\/de\/wp-json\/wp\/v2\/pages\/4978"}],"wp:attachment":[{"href":"https:\/\/fagas.ba\/de\/wp-json\/wp\/v2\/media?parent=5035"}],"curies":[{"name":"wp","href":"https:\/\/api.w.org\/{rel}","templated":true}]}}