{"id":4992,"date":"2021-11-23T08:51:48","date_gmt":"2021-11-23T08:51:48","guid":{"rendered":"https:\/\/fagas.ba\/produkte\/partnerprogramme-produkte\/"},"modified":"2021-11-23T08:52:02","modified_gmt":"2021-11-23T08:52:02","slug":"partnerprogramme-produkte","status":"publish","type":"page","link":"https:\/\/fagas.ba\/de\/produkte\/partnerprogramme-produkte\/","title":{"rendered":"Partnerprogramme &#8211; Produkte"},"content":{"rendered":"<p>[et_pb_section fb_built=&#8220;1&#8243; _builder_version=&#8220;4.7.4&#8243; _module_preset=&#8220;default&#8220; custom_margin=&#8220;||||false|false&#8220; custom_padding=&#8220;8%|30px||30px|false|true&#8220; hover_enabled=&#8220;0&#8243; sticky_enabled=&#8220;0&#8243; da_is_popup=&#8220;off&#8220; da_exit_intent=&#8220;off&#8220; da_has_close=&#8220;on&#8220; da_alt_close=&#8220;off&#8220; da_dark_close=&#8220;off&#8220; da_not_modal=&#8220;on&#8220; da_is_singular=&#8220;off&#8220; da_with_loader=&#8220;off&#8220; da_has_shadow=&#8220;on&#8220; da_disable_devices=&#8220;off|off|off&#8220;][et_pb_row _builder_version=&#8220;4.7.4&#8243; _module_preset=&#8220;default&#8220; width=&#8220;100%&#8220; max_width=&#8220;1280px&#8220;][et_pb_column type=&#8220;4_4&#8243; _builder_version=&#8220;4.7.4&#8243; _module_preset=&#8220;default&#8220;][et_pb_text _builder_version=&#8220;4.7.4&#8243; _module_preset=&#8220;default&#8220; header_text_align=&#8220;left&#8220; header_2_font=&#8220;|700||on|||||&#8220; header_2_text_align=&#8220;left&#8220; header_2_font_size=&#8220;40px&#8220; header_2_line_height=&#8220;1.2em&#8220; text_orientation=&#8220;center&#8220; width=&#8220;100%&#8220; max_width=&#8220;1280px&#8220; header_2_font_size_tablet=&#8220;&#8220; header_2_font_size_phone=&#8220;32px&#8220; header_2_font_size_last_edited=&#8220;on|phone&#8220;]<\/p>\n<h2>Honeywell-Produkte<\/h2>\n<p>[\/et_pb_text][\/et_pb_column][\/et_pb_row][et_pb_row _builder_version=&#8220;4.7.4&#8243; _module_preset=&#8220;default&#8220; width=&#8220;100%&#8220; max_width=&#8220;1280px&#8220;][et_pb_column type=&#8220;4_4&#8243; _builder_version=&#8220;4.7.4&#8243; _module_preset=&#8220;default&#8220;][et_pb_tabs module_class=&#8220;vertical-tabs2 tabs-menu-sp&#8220; _builder_version=&#8220;4.7.4&#8243; _module_preset=&#8220;default&#8220;][et_pb_tab title=&#8220;Erweiterte Software&#8220; _builder_version=&#8220;4.7.4&#8243; _module_preset=&#8220;default&#8220;]<\/p>\n<p>Honeywell ist der weltweit f\u00fchrende Anbieter fortschrittlicher Softwarel\u00f6sungen f\u00fcr die Prozessindustrie. Diese L\u00f6sungen l\u00f6sen komplexe Probleme durch einen einzigartigen ergebnisbasierten Beratungsansatz, der besseres Prozessdesign, Prozesshistorie und -analyse, Business Excellence, Produktionsmanagement und Unternehmenszusammenarbeit unterst\u00fctzt. Fortschrittliche Softwarel\u00f6sungen erm\u00f6glichen es Benutzern, schnellere und intelligentere Entscheidungen zu treffen, um Sicherheit, Zuverl\u00e4ssigkeit, Effizienz und Nachhaltigkeit zu verbessern.<\/p>\n<p><a href=\"https:\/\/www.honeywellprocess.com\/en-US\/explore\/products\/advanced-applications\/Pages\/default.aspx\" target=\"_blank\" rel=\"noopener noreferrer\">Klicken Sie hier, um alle fortschrittlichen Softwareprodukte anzuzeigen<\/a><\/p>\n<p>[\/et_pb_tab][et_pb_tab title=&#8220;Kontroll-, \u00dcberwachungs- und Sicherheitssysteme&#8220; _builder_version=&#8220;4.7.4&#8243; _module_preset=&#8220;default&#8220;]<\/p>\n<p>Honeywell transformiert die Prozesssteuerung \u00fcber die traditionelle Funktion eines verteilten Steuerungssystems (DCS) hinaus, indem Ressourcen, Prozesse und Mitarbeiter geb\u00fcndelt werden, um die gesch\u00e4ftliche Agilit\u00e4t zu verbessern. Die Steuerungs-, \u00dcberwachungs- und Sicherheitssysteme von Honeywell bieten integrierte Prozesssteuerung und erweiterte Sicherheit mit besserem Lebenszyklus-Support.<\/p>\n<p><a href=\"https:\/\/www.honeywellprocess.com\/en-US\/explore\/products\/control-monitoring-and-safety-systems\/pages\/default.aspx\" target=\"_blank\" rel=\"noopener noreferrer\">Alle Produkte f\u00fcr Management-, \u00dcberwachungs- und Sicherheitssysteme anzeigen<\/a><\/p>\n<p>[\/et_pb_tab][et_pb_tab title=&#8220;Gasmess- und Regell\u00f6sungen&#8220; _builder_version=&#8220;4.7.4&#8243; _module_preset=&#8220;default&#8220;]<\/p>\n<p>Honeywell bietet Versorgungsunternehmen und anderen Kunden auf der ganzen Welt branchenf\u00fchrende Gaskontroll-, Mess- und Analyseger\u00e4te. Es bietet Know-how entlang der gesamten Gasversorgungskette mit zuverl\u00e4ssigen Produkten und Systemen, die es den Kunden erm\u00f6glichen, ihre Regulierungs- und Messanforderungen vollst\u00e4ndig zu kontrollieren. Alle f\u00fchrenden Technologien sind enthalten, um Komplettl\u00f6sungen f\u00fcr die anspruchsvollsten Anwendungen bereitzustellen. Dies f\u00fchrt zu weniger Unsicherheit, gr\u00f6\u00dferer Zuverl\u00e4ssigkeit, minimalem Risiko und geringeren Wartungskosten.<\/p>\n<p><a href=\"https:\/\/www.honeywellprocess.com\/en-US\/explore\/products\/gas-measurement-and-regulation\/pages\/default.aspx\" target=\"_blank\" rel=\"noopener noreferrer\">Alle Produkte zur Gasmessung und -regelung anzeigen<\/a><\/p>\n<p>[\/et_pb_tab][et_pb_tab title=&#8220;Instrumentierung&#8220; _builder_version=&#8220;4.7.4&#8243; _module_preset=&#8220;default&#8220;]<\/p>\n<p>Das umfassende Portfolio an Mess- und Regelprodukten von Honeywell, einschlie\u00dflich eigenst\u00e4ndiger Instrumente, intelligenter Sensoren und integrierter Systeme, in Kombination mit Softwarel\u00f6sungen und offenen Datenzugriffsschnittstellen, erm\u00f6glicht es Benutzern, ihre Antriebe besser zu verwalten und ihre Produktivit\u00e4t zu optimieren. Autorisierte Honeywell-H\u00e4ndler und Systemintegratoren bieten lokalen Support, Fachwissen und Schulungen.<\/p>\n<p><a href=\"https:\/\/www.honeywellprocess.com\/en-US\/explore\/products\/instrumentation\/pages\/default.aspx\" target=\"_blank\" rel=\"noopener noreferrer\">Alle Instrumentierungsprodukte anzeigen<\/a><\/p>\n<p>[\/et_pb_tab][et_pb_tab title=&#8220;Marineprogramm&#8220; _builder_version=&#8220;4.7.4&#8243; _module_preset=&#8220;default&#8220;]<\/p>\n<p class=\"p1\">Honeywell ist ein bedeutender internationaler Anbieter f\u00fcr den Schifffahrtsmarkt. Es hat Ausr\u00fcstung f\u00fcr mehr als 7.000 Tanker und Schlepper geliefert. Vom einzelnen Sensor bis zum kompletten Automatisierungssystem bietet es die zuverl\u00e4ssigste Technologie f\u00fcr jede spezielle Anwendung. Seine Produkte sind von internationalen Verb\u00e4nden wie ABS, Bureau Veritas, DNV, GL, Lloyds und anderen zertifiziert. Honeywell-L\u00f6sungen integrieren Herstellung, Verarbeitung und Transport und verkn\u00fcpfen sie mit Sicherheits-, Handels-, Regulierungs- und Umweltfunktionen.<\/p>\n<p><a href=\"https:\/\/www.honeywellprocess.com\/en-US\/explore\/products\/marine\/Pages\/default.aspx\" target=\"_blank\" rel=\"noopener noreferrer\">Schau dir alles Marineprogramm produkte<\/a><\/p>\n<p>[\/et_pb_tab][et_pb_tab title=&#8220;Telekommunikation und industrielle Sicherheit&#8220; _builder_version=&#8220;4.7.4&#8243; _module_preset=&#8220;default&#8220;]<\/p>\n<p>Honeywell bietet einen integrierten mehrschichtigen Ansatz f\u00fcr die Arbeitssicherheit, der die Reaktionszeiten durch ein besseres Situationsbewusstsein verbessert. Es l\u00e4sst sich nahtlos in Sicherheitskontroll- und Automatisierungssysteme integrieren und bietet vollst\u00e4ndige Sicherheit au\u00dferhalb des Perimeters bis hin zur einrichtungsweiten \u00dcberwachung und Kontrolle und von der Netzwerksicherheit bis hin zu Management und Verwaltung. Benutzer profitieren von einem verringerten Risiko von Vorf\u00e4llen, die den normalen Gesch\u00e4ftsbetrieb st\u00f6ren k\u00f6nnten.<\/p>\n<p><a href=\"https:\/\/www.honeywellprocess.com\/en-US\/explore\/products\/industrial-security\/Pages\/default.aspx\" target=\"_blank\" rel=\"noopener noreferrer\">Alle Arbeitsschutzprodukte anzeigen<\/a>[\/et_pb_tab][et_pb_tab title=&#8220;Terminalbetrieb&#8220; _builder_version=&#8220;4.7.4&#8243; _module_preset=&#8220;default&#8220;]<\/p>\n<p>Honeywell Enraf \u200b\u200bbietet eine umfassende Palette von Produkten und Bestandsverwaltungssystemen und Tanklagerbetrieben und bietet offene Konnektivit\u00e4t, modulares Design und einen robusten Migrationspfad. Die L\u00f6sungen erm\u00f6glichen eine optimale Nutzung der Tanklagerkapazit\u00e4t, um die betriebliche Effizienz zu maximieren und den Umsatz zu steigern. Kunden profitieren von reduzierten Projektrisiken, p\u00fcnktlichen Produktionspl\u00e4nen und verbesserter Gesch\u00e4ftsleistung mit L\u00f6sungen, die Sicherheit und Zuverl\u00e4ssigkeit f\u00f6rdern.<\/p>\n<p><a href=\"https:\/\/www.honeywellprocess.com\/en-US\/explore\/products\/terminal-operations\/Pages\/default.aspx\" target=\"_blank\" rel=\"noopener noreferrer\">Alle Terminalbetriebsprodukte anzeigen<\/a>[\/et_pb_tab][et_pb_tab title=&#8220;Wireless&#8220; _builder_version=&#8220;4.7.4&#8243; _module_preset=&#8220;default&#8220;]<\/p>\n<p>OneWireless Solutions unterst\u00fctzt Websites bei der Bew\u00e4ltigung kritischer Branchenherausforderungen in den Bereichen Zuverl\u00e4ssigkeit, Sicherheit und Prozesseffizienz. Zu den L\u00f6sungen geh\u00f6ren das verteilte Managementsystem von Honeywell, drahtlose Feldinstrumente, mobile Computerger\u00e4te, drahtlose Netzwerke, fortschrittliche Anwendungen und Geb\u00e4udeverwaltungsanwendungen. Zu den L\u00f6sungen geh\u00f6ren auch die Engineering-Services von Honeywell wie Beratung, Design, Installation, Inbetriebnahme und Support, die eine Schl\u00fcsselrolle bei der Sicherstellung einer schl\u00fcsselfertigen Implementierung spielen, die die Investitionen der Benutzer in die Wireless-Technologie sch\u00fctzt. Wenn Benutzer ein Problem haben, hat Honeywell eine L\u00f6sung!<\/p>\n<p><a href=\"https:\/\/www.honeywellprocess.com\/en-US\/explore\/products\/wireless\/pages\/default.aspx\" target=\"_blank\" rel=\"noopener noreferrer\">Alle drahtlosen Produkte anzeigen<\/a>[\/et_pb_tab][\/et_pb_tabs][\/et_pb_column][\/et_pb_row][\/et_pb_section][et_pb_section fb_built=&#8220;1&#8243; admin_label=&#8220;Section&#8220; _builder_version=&#8220;4.7.4&#8243; _module_preset=&#8220;default&#8220; background_color=&#8220;#202020&#8243; custom_margin=&#8220;0px||0px||false|false&#8220; custom_padding=&#8220;20px|30px|0px|30px|false|true&#8220; global_module=&#8220;736&#8243; saved_tabs=&#8220;all&#8220; da_is_popup=&#8220;off&#8220; da_exit_intent=&#8220;off&#8220; da_has_close=&#8220;on&#8220; da_alt_close=&#8220;off&#8220; da_dark_close=&#8220;off&#8220; da_not_modal=&#8220;on&#8220; da_is_singular=&#8220;off&#8220; da_with_loader=&#8220;off&#8220; da_has_shadow=&#8220;on&#8220; da_disable_devices=&#8220;off|off|off&#8220;][et_pb_row column_structure=&#8220;1_3,1_3,1_3&#8243; use_custom_gutter=&#8220;on&#8220; gutter_width=&#8220;2&#8243; make_equal=&#8220;on&#8220; _builder_version=&#8220;4.7.4&#8243; _module_preset=&#8220;default&#8220; width=&#8220;100%&#8220; max_width=&#8220;1280px&#8220;][et_pb_column type=&#8220;1_3&#8243; _builder_version=&#8220;4.7.4&#8243; _module_preset=&#8220;default&#8220;][et_pb_image src=&#8220;https:\/\/fagas.ba\/fgs\/wp-content\/uploads\/2021\/01\/logo-unis-fagas.svg&#8220; title_text=&#8220;logo-unis-fagas&#8220; _builder_version=&#8220;4.7.4&#8243; _module_preset=&#8220;default&#8220; width=&#8220;100%&#8220; max_width=&#8220;280px&#8220; module_alignment=&#8220;left&#8220;][\/et_pb_image][et_pb_text _builder_version=&#8220;4.7.4&#8243; _module_preset=&#8220;default&#8220; text_font_size=&#8220;14px&#8220; background_layout=&#8220;dark&#8220;]UNIS FAGAS entwirft, produziert, montiert und nimmt verschiedene Rohrleitungen f\u00fcr alle Arten von Gasen, Dr\u00fccken und Abfl\u00fcssen in Betrieb.[\/et_pb_text][\/et_pb_column][et_pb_column type=&#8220;1_3&#8243; _builder_version=&#8220;4.7.4&#8243; _module_preset=&#8220;default&#8220; custom_css_main_element=&#8220;text-align:center;&#8220;][et_pb_menu menu_id=&#8220;116&#8243; module_class=&#8220;footer-menu-unis&#8220; _builder_version=&#8220;4.7.4&#8243; _module_preset=&#8220;default&#8220; menu_font=&#8220;|600|||||||&#8220; menu_text_color=&#8220;#ffffff&#8220; menu_font_size=&#8220;16px&#8220; background_color=&#8220;rgba(0,0,0,0)&#8220; background_layout=&#8220;dark&#8220; module_alignment=&#8220;center&#8220;][\/et_pb_menu][\/et_pb_column][et_pb_column type=&#8220;1_3&#8243; _builder_version=&#8220;4.7.4&#8243; _module_preset=&#8220;default&#8220;][et_pb_blurb title=&#8220;Rajlovacka BB, 71000, Sarajevo, BiH&#8220; image=&#8220;https:\/\/fagas.ba\/fgs\/wp-content\/uploads\/2020\/12\/Vector.svg&#8220; icon_placement=&#8220;left&#8220; image_max_width=&#8220;25px&#8220; content_max_width=&#8220;100%&#8220; _builder_version=&#8220;4.7.4&#8243; _module_preset=&#8220;default&#8220; background_layout=&#8220;dark&#8220; module_alignment=&#8220;left&#8220; custom_margin=&#8220;||10px||false|false&#8220;][\/et_pb_blurb][et_pb_blurb image=&#8220;https:\/\/fagas.ba\/fgs\/wp-content\/uploads\/2020\/12\/Vector-1.svg&#8220; icon_placement=&#8220;left&#8220; image_max_width=&#8220;25px&#8220; content_max_width=&#8220;100%&#8220; _builder_version=&#8220;4.7.4&#8243; _module_preset=&#8220;default&#8220; background_layout=&#8220;dark&#8220; module_alignment=&#8220;left&#8220; custom_margin=&#8220;||18px||false|false&#8220;]<\/p>\n<p>+387 33\u00ad 590 739<br \/>  +387 33 592 080<\/p>\n<p>[\/et_pb_blurb][et_pb_blurb image=&#8220;https:\/\/fagas.ba\/fgs\/wp-content\/uploads\/2020\/12\/Vector-2.svg&#8220; icon_placement=&#8220;left&#8220; image_max_width=&#8220;25px&#8220; content_max_width=&#8220;100%&#8220; _builder_version=&#8220;4.7.4&#8243; _module_preset=&#8220;default&#8220; background_layout=&#8220;dark&#8220;]<\/p>\n<p><span style=\"color: #ffffff;\"><a href=\"mailto:info@fagas.ba\" style=\"color: #ffffff;\">info@fagas.ba<\/a><\/span><\/p>\n<p>[\/et_pb_blurb][et_pb_image src=&#8220;https:\/\/fagas.ba\/fgs\/wp-content\/uploads\/2020\/12\/Group-52.svg&#8220; title_text=&#8220;Group 52&#8243; url=&#8220;#&#8220; disabled_on=&#8220;on|on|on&#8220; _builder_version=&#8220;4.7.4&#8243; _module_preset=&#8220;default&#8220; background_enable_color=&#8220;off&#8220; width=&#8220;100%&#8220; max_width=&#8220;35px&#8220; module_alignment=&#8220;left&#8220; custom_margin=&#8220;||||false|false&#8220; custom_css_main_element=&#8220;float:left;&#8220; disabled=&#8220;on&#8220;][\/et_pb_image][et_pb_image src=&#8220;https:\/\/fagas.ba\/fgs\/wp-content\/uploads\/2020\/12\/Subtract.svg&#8220; title_text=&#8220;Subtrahieren&#8220; url=&#8220;#&#8220; url_new_window=&#8220;on&#8220; disabled_on=&#8220;on|on|on&#8220; _builder_version=&#8220;4.7.4&#8243; _module_preset=&#8220;default&#8220; background_enable_color=&#8220;off&#8220; max_width=&#8220;25px&#8220; module_alignment=&#8220;left&#8220; custom_margin=&#8220;||||false|false&#8220; custom_padding=&#8220;||||false|false&#8220; custom_css_main_element=&#8220;float:left;&#8220; disabled=&#8220;on&#8220;][\/et_pb_image][\/et_pb_column][\/et_pb_row][\/et_pb_section]<\/p>\n","protected":false},"excerpt":{"rendered":"<p>Honeywell-ProdukteHoneywell ist der weltweit f\u00fchrende Anbieter fortschrittlicher Softwarel\u00f6sungen f\u00fcr die Prozessindustrie. Diese L\u00f6sungen l\u00f6sen komplexe Probleme durch einen einzigartigen ergebnisbasierten Beratungsansatz, der besseres Prozessdesign, Prozesshistorie und -analyse, Business Excellence, Produktionsmanagement und Unternehmenszusammenarbeit unterst\u00fctzt. Fortschrittliche Softwarel\u00f6sungen erm\u00f6glichen es Benutzern, schnellere und intelligentere Entscheidungen zu treffen, um Sicherheit, Zuverl\u00e4ssigkeit, Effizienz und Nachhaltigkeit zu verbessern. Klicken Sie hier, [&hellip;]<\/p>\n","protected":false},"author":1,"featured_media":0,"parent":4978,"menu_order":0,"comment_status":"closed","ping_status":"closed","template":"","meta":{"_et_pb_use_builder":"on","_et_pb_old_content":"","_et_gb_content_width":""},"yoast_head":"<!-- This site is optimized with the Yoast SEO plugin v20.12 - https:\/\/yoast.com\/wordpress\/plugins\/seo\/ -->\n<title>Partnerprogramme - Produkte - FAGAS<\/title>\n<meta name=\"robots\" content=\"index, follow, max-snippet:-1, max-image-preview:large, max-video-preview:-1\" \/>\n<link rel=\"canonical\" href=\"https:\/\/fagas.ba\/proizvodi\/partnerski-programi-proizvodi\/\" \/>\n<meta property=\"og:locale\" content=\"de_DE\" \/>\n<meta property=\"og:type\" content=\"article\" \/>\n<meta property=\"og:title\" content=\"Partnerprogramme - Produkte - FAGAS\" \/>\n<meta property=\"og:description\" content=\"Honeywell-ProdukteHoneywell ist der weltweit f\u00fchrende Anbieter fortschrittlicher Softwarel\u00f6sungen f\u00fcr die Prozessindustrie. Diese L\u00f6sungen l\u00f6sen komplexe Probleme durch einen einzigartigen ergebnisbasierten Beratungsansatz, der besseres Prozessdesign, Prozesshistorie und -analyse, Business Excellence, Produktionsmanagement und Unternehmenszusammenarbeit unterst\u00fctzt. Fortschrittliche Softwarel\u00f6sungen erm\u00f6glichen es Benutzern, schnellere und intelligentere Entscheidungen zu treffen, um Sicherheit, Zuverl\u00e4ssigkeit, Effizienz und Nachhaltigkeit zu verbessern. Klicken Sie hier, [&hellip;]\" \/>\n<meta property=\"og:url\" content=\"https:\/\/fagas.ba\/proizvodi\/partnerski-programi-proizvodi\/\" \/>\n<meta property=\"og:site_name\" content=\"FAGAS\" \/>\n<meta property=\"article:modified_time\" content=\"2021-11-23T08:52:02+00:00\" \/>\n<meta name=\"twitter:card\" content=\"summary_large_image\" \/>\n<meta name=\"twitter:label1\" content=\"Gesch\u00e4tzte Lesezeit\" \/>\n\t<meta name=\"twitter:data1\" content=\"7\u00a0Minuten\" \/>\n<script type=\"application\/ld+json\" class=\"yoast-schema-graph\">{\"@context\":\"https:\/\/schema.org\",\"@graph\":[{\"@type\":\"WebPage\",\"@id\":\"https:\/\/fagas.ba\/proizvodi\/partnerski-programi-proizvodi\/\",\"url\":\"https:\/\/fagas.ba\/proizvodi\/partnerski-programi-proizvodi\/\",\"name\":\"Partnerprogramme - Produkte - FAGAS\",\"isPartOf\":{\"@id\":\"https:\/\/fagas.ba\/en\/#website\"},\"datePublished\":\"2021-11-23T08:51:48+00:00\",\"dateModified\":\"2021-11-23T08:52:02+00:00\",\"breadcrumb\":{\"@id\":\"https:\/\/fagas.ba\/proizvodi\/partnerski-programi-proizvodi\/#breadcrumb\"},\"inLanguage\":\"de\",\"potentialAction\":[{\"@type\":\"ReadAction\",\"target\":[\"https:\/\/fagas.ba\/proizvodi\/partnerski-programi-proizvodi\/\"]}]},{\"@type\":\"BreadcrumbList\",\"@id\":\"https:\/\/fagas.ba\/proizvodi\/partnerski-programi-proizvodi\/#breadcrumb\",\"itemListElement\":[{\"@type\":\"ListItem\",\"position\":1,\"name\":\"Home\",\"item\":\"https:\/\/fagas.ba\/\"},{\"@type\":\"ListItem\",\"position\":2,\"name\":\"Produkte\",\"item\":\"https:\/\/fagas.ba\/proizvodi\/\"},{\"@type\":\"ListItem\",\"position\":3,\"name\":\"Partnerprogramme &#8211; Produkte\"}]},{\"@type\":\"WebSite\",\"@id\":\"https:\/\/fagas.ba\/en\/#website\",\"url\":\"https:\/\/fagas.ba\/en\/\",\"name\":\"FAGAS\",\"description\":\"Projektovanje i proizvodnja gasne opreme\",\"potentialAction\":[{\"@type\":\"SearchAction\",\"target\":{\"@type\":\"EntryPoint\",\"urlTemplate\":\"https:\/\/fagas.ba\/en\/?s={search_term_string}\"},\"query-input\":\"required name=search_term_string\"}],\"inLanguage\":\"de\"}]}<\/script>\n<!-- \/ Yoast SEO plugin. -->","yoast_head_json":{"title":"Partnerprogramme - Produkte - FAGAS","robots":{"index":"index","follow":"follow","max-snippet":"max-snippet:-1","max-image-preview":"max-image-preview:large","max-video-preview":"max-video-preview:-1"},"canonical":"https:\/\/fagas.ba\/proizvodi\/partnerski-programi-proizvodi\/","og_locale":"de_DE","og_type":"article","og_title":"Partnerprogramme - Produkte - FAGAS","og_description":"Honeywell-ProdukteHoneywell ist der weltweit f\u00fchrende Anbieter fortschrittlicher Softwarel\u00f6sungen f\u00fcr die Prozessindustrie. Diese L\u00f6sungen l\u00f6sen komplexe Probleme durch einen einzigartigen ergebnisbasierten Beratungsansatz, der besseres Prozessdesign, Prozesshistorie und -analyse, Business Excellence, Produktionsmanagement und Unternehmenszusammenarbeit unterst\u00fctzt. Fortschrittliche Softwarel\u00f6sungen erm\u00f6glichen es Benutzern, schnellere und intelligentere Entscheidungen zu treffen, um Sicherheit, Zuverl\u00e4ssigkeit, Effizienz und Nachhaltigkeit zu verbessern. Klicken Sie hier, [&hellip;]","og_url":"https:\/\/fagas.ba\/proizvodi\/partnerski-programi-proizvodi\/","og_site_name":"FAGAS","article_modified_time":"2021-11-23T08:52:02+00:00","twitter_card":"summary_large_image","twitter_misc":{"Gesch\u00e4tzte Lesezeit":"7\u00a0Minuten"},"schema":{"@context":"https:\/\/schema.org","@graph":[{"@type":"WebPage","@id":"https:\/\/fagas.ba\/proizvodi\/partnerski-programi-proizvodi\/","url":"https:\/\/fagas.ba\/proizvodi\/partnerski-programi-proizvodi\/","name":"Partnerprogramme - Produkte - FAGAS","isPartOf":{"@id":"https:\/\/fagas.ba\/en\/#website"},"datePublished":"2021-11-23T08:51:48+00:00","dateModified":"2021-11-23T08:52:02+00:00","breadcrumb":{"@id":"https:\/\/fagas.ba\/proizvodi\/partnerski-programi-proizvodi\/#breadcrumb"},"inLanguage":"de","potentialAction":[{"@type":"ReadAction","target":["https:\/\/fagas.ba\/proizvodi\/partnerski-programi-proizvodi\/"]}]},{"@type":"BreadcrumbList","@id":"https:\/\/fagas.ba\/proizvodi\/partnerski-programi-proizvodi\/#breadcrumb","itemListElement":[{"@type":"ListItem","position":1,"name":"Home","item":"https:\/\/fagas.ba\/"},{"@type":"ListItem","position":2,"name":"Produkte","item":"https:\/\/fagas.ba\/proizvodi\/"},{"@type":"ListItem","position":3,"name":"Partnerprogramme &#8211; Produkte"}]},{"@type":"WebSite","@id":"https:\/\/fagas.ba\/en\/#website","url":"https:\/\/fagas.ba\/en\/","name":"FAGAS","description":"Projektovanje i proizvodnja gasne opreme","potentialAction":[{"@type":"SearchAction","target":{"@type":"EntryPoint","urlTemplate":"https:\/\/fagas.ba\/en\/?s={search_term_string}"},"query-input":"required name=search_term_string"}],"inLanguage":"de"}]}},"_links":{"self":[{"href":"https:\/\/fagas.ba\/de\/wp-json\/wp\/v2\/pages\/4992"}],"collection":[{"href":"https:\/\/fagas.ba\/de\/wp-json\/wp\/v2\/pages"}],"about":[{"href":"https:\/\/fagas.ba\/de\/wp-json\/wp\/v2\/types\/page"}],"author":[{"embeddable":true,"href":"https:\/\/fagas.ba\/de\/wp-json\/wp\/v2\/users\/1"}],"replies":[{"embeddable":true,"href":"https:\/\/fagas.ba\/de\/wp-json\/wp\/v2\/comments?post=4992"}],"version-history":[{"count":5,"href":"https:\/\/fagas.ba\/de\/wp-json\/wp\/v2\/pages\/4992\/revisions"}],"predecessor-version":[{"id":4997,"href":"https:\/\/fagas.ba\/de\/wp-json\/wp\/v2\/pages\/4992\/revisions\/4997"}],"up":[{"embeddable":true,"href":"https:\/\/fagas.ba\/de\/wp-json\/wp\/v2\/pages\/4978"}],"wp:attachment":[{"href":"https:\/\/fagas.ba\/de\/wp-json\/wp\/v2\/media?parent=4992"}],"curies":[{"name":"wp","href":"https:\/\/api.w.org\/{rel}","templated":true}]}}