{"id":4965,"date":"2021-11-23T08:25:13","date_gmt":"2021-11-23T08:25:13","guid":{"rendered":"https:\/\/fagas.ba\/nachrichten\/"},"modified":"2021-11-23T08:25:18","modified_gmt":"2021-11-23T08:25:18","slug":"nachrichten","status":"publish","type":"page","link":"https:\/\/fagas.ba\/de\/nachrichten\/","title":{"rendered":"Nachrichten"},"content":{"rendered":"<p>[et_pb_section fb_built=&#8220;1&#8243; admin_label=&#8220;Kontakt&#8220; module_class=&#8220;kontakt&#8220; _builder_version=&#8220;4.7.4&#8243; _module_preset=&#8220;default&#8220; custom_margin=&#8220;||0px||false|false&#8220; custom_padding=&#8220;|30px|0px|30px|false|true&#8220; hover_enabled=&#8220;0&#8243; da_disable_devices=&#8220;off|off|off&#8220; sticky_enabled=&#8220;0&#8243; da_is_popup=&#8220;off&#8220; da_exit_intent=&#8220;off&#8220; da_has_close=&#8220;on&#8220; da_alt_close=&#8220;off&#8220; da_dark_close=&#8220;off&#8220; da_not_modal=&#8220;on&#8220; da_is_singular=&#8220;off&#8220; da_with_loader=&#8220;off&#8220; da_has_shadow=&#8220;on&#8220;][et_pb_row _builder_version=&#8220;4.7.4&#8243; _module_preset=&#8220;default&#8220; hover_enabled=&#8220;0&#8243; width=&#8220;100%&#8220; sticky_enabled=&#8220;0&#8243;][et_pb_column type=&#8220;4_4&#8243; _builder_version=&#8220;4.7.4&#8243; _module_preset=&#8220;default&#8220;][et_pb_text _builder_version=&#8220;4.7.4&#8243; _module_preset=&#8220;default&#8220; header_2_font=&#8220;|800|||||||&#8220; header_2_text_align=&#8220;left&#8220; header_2_text_color=&#8220;#ffffff&#8220; header_2_font_size=&#8220;100px&#8220; custom_margin=&#8220;||||false|false&#8220; hover_enabled=&#8220;0&#8243; header_2_font_size_last_edited=&#8220;on|phone&#8220; sticky_enabled=&#8220;0&#8243; header_2_font_size_tablet=&#8220;70px&#8220; header_2_font_size_phone=&#8220;50px&#8220;]<\/p>\n<h2>Nachrichten<\/h2>\n<p>[\/et_pb_text][\/et_pb_column][\/et_pb_row][\/et_pb_section][et_pb_section fb_built=&#8220;1&#8243; _builder_version=&#8220;4.7.4&#8243; _module_preset=&#8220;default&#8220; custom_margin=&#8220;0px||||false|false&#8220; custom_padding=&#8220;0px|30px||30px|false|true&#8220; hover_enabled=&#8220;0&#8243; da_disable_devices=&#8220;off|off|off&#8220; sticky_enabled=&#8220;0&#8243; da_is_popup=&#8220;off&#8220; da_exit_intent=&#8220;off&#8220; da_has_close=&#8220;on&#8220; da_alt_close=&#8220;off&#8220; da_dark_close=&#8220;off&#8220; da_not_modal=&#8220;on&#8220; da_is_singular=&#8220;off&#8220; da_with_loader=&#8220;off&#8220; da_has_shadow=&#8220;on&#8220;][et_pb_row _builder_version=&#8220;4.7.4&#8243; _module_preset=&#8220;default&#8220; custom_margin=&#8220;0px||||false|false&#8220; custom_padding=&#8220;0px||||false|false&#8220; hover_enabled=&#8220;0&#8243; width=&#8220;100%&#8220; make_equal=&#8220;on&#8220; sticky_enabled=&#8220;0&#8243;][et_pb_column type=&#8220;4_4&#8243; _builder_version=&#8220;4.7.4&#8243; _module_preset=&#8220;default&#8220;][et_pb_blog fullwidth=&#8220;off&#8220; posts_number=&#8220;12&#8243; include_categories=&#8220;all&#8220; excerpt_length=&#8220;100&#8243; show_author=&#8220;off&#8220; show_categories=&#8220;off&#8220; _builder_version=&#8220;4.7.4&#8243; _module_preset=&#8220;default&#8220;][\/et_pb_blog][\/et_pb_column][\/et_pb_row][\/et_pb_section][et_pb_section fb_built=&#8220;1&#8243; admin_label=&#8220;Section&#8220; _builder_version=&#8220;4.7.4&#8243; _module_preset=&#8220;default&#8220; background_color=&#8220;#034ea1&#8243; custom_margin=&#8220;0px||0px||false|false&#8220; custom_padding=&#8220;20px|30px|0px|30px|false|true&#8220; da_disable_devices=&#8220;off|off|off&#8220; global_module=&#8220;736&#8243; saved_tabs=&#8220;all&#8220; da_is_popup=&#8220;off&#8220; da_exit_intent=&#8220;off&#8220; da_has_close=&#8220;on&#8220; da_alt_close=&#8220;off&#8220; da_dark_close=&#8220;off&#8220; da_not_modal=&#8220;on&#8220; da_is_singular=&#8220;off&#8220; da_with_loader=&#8220;off&#8220; da_has_shadow=&#8220;on&#8220;][et_pb_row column_structure=&#8220;1_3,1_3,1_3&#8243; use_custom_gutter=&#8220;on&#8220; make_equal=&#8220;on&#8220; _builder_version=&#8220;4.7.4&#8243; _module_preset=&#8220;default&#8220; width=&#8220;100%&#8220;][et_pb_column type=&#8220;1_3&#8243; _builder_version=&#8220;4.7.4&#8243; _module_preset=&#8220;default&#8220;][et_pb_image src=&#8220;http:\/\/fagas.ba\/fgs\/wp-content\/uploads\/2021\/01\/logo-unis-fagas.svg&#8220; title_text=&#8220;logo-unis-fagas&#8220; _builder_version=&#8220;4.7.4&#8243; _module_preset=&#8220;default&#8220; width=&#8220;100%&#8220; max_width=&#8220;280px&#8220; module_alignment=&#8220;left&#8220;][\/et_pb_image][et_pb_text _builder_version=&#8220;4.7.4&#8243; _module_preset=&#8220;default&#8220; text_font_size=&#8220;14px&#8220; background_layout=&#8220;dark&#8220;]UNIS FAGAS entwirft, produziert, montiert und nimmt verschiedene Rohrleitungen f\u00fcr alle Arten von Gasen, Dr\u00fccken und Abfl\u00fcssen in Betrieb.[\/et_pb_text][\/et_pb_column][et_pb_column type=&#8220;1_3&#8243; _builder_version=&#8220;4.7.4&#8243; _module_preset=&#8220;default&#8220; custom_css_main_element=&#8220;text-align:center;&#8220;][et_pb_menu menu_id=&#8220;116&#8243; module_class=&#8220;footer-menu-unis&#8220; _builder_version=&#8220;4.7.4&#8243; _module_preset=&#8220;default&#8220; menu_font=&#8220;|600|||||||&#8220; menu_text_color=&#8220;#ffffff&#8220; menu_font_size=&#8220;16px&#8220; background_color=&#8220;rgba(0,0,0,0)&#8220; background_layout=&#8220;dark&#8220; module_alignment=&#8220;center&#8220;][\/et_pb_menu][\/et_pb_column][et_pb_column type=&#8220;1_3&#8243; _builder_version=&#8220;4.7.4&#8243; _module_preset=&#8220;default&#8220;][et_pb_blurb title=&#8220;Rajlovacka BB, 71000, Sarajevo, BiH&#8220; image=&#8220;http:\/\/fagas.ba\/fgs\/wp-content\/uploads\/2020\/12\/Vector.svg&#8220; icon_placement=&#8220;left&#8220; image_max_width=&#8220;25px&#8220; content_max_width=&#8220;100%&#8220; _builder_version=&#8220;4.7.4&#8243; _module_preset=&#8220;default&#8220; background_layout=&#8220;dark&#8220; module_alignment=&#8220;left&#8220; custom_margin=&#8220;||10px||false|false&#8220;][\/et_pb_blurb][et_pb_blurb image=&#8220;http:\/\/fagas.ba\/fgs\/wp-content\/uploads\/2020\/12\/Vector-1.svg&#8220; icon_placement=&#8220;left&#8220; image_max_width=&#8220;25px&#8220; content_max_width=&#8220;100%&#8220; _builder_version=&#8220;4.7.4&#8243; _module_preset=&#8220;default&#8220; background_layout=&#8220;dark&#8220; module_alignment=&#8220;left&#8220; custom_margin=&#8220;||18px||false|false&#8220;]<\/p>\n<p>+387 33\u00ad 590 739<br \/>  +387 33 592 080<\/p>\n<p>[\/et_pb_blurb][et_pb_blurb image=&#8220;http:\/\/fagas.ba\/fgs\/wp-content\/uploads\/2020\/12\/Vector-2.svg&#8220; icon_placement=&#8220;left&#8220; image_max_width=&#8220;25px&#8220; content_max_width=&#8220;100%&#8220; _builder_version=&#8220;4.7.4&#8243; _module_preset=&#8220;default&#8220; background_layout=&#8220;dark&#8220;]<\/p>\n<p><span style=\"color: #ffffff;\"><a href=\"mailto:info@fagas.ba\" style=\"color: #ffffff;\">info@fagas.ba<\/a><\/span><\/p>\n<p>[\/et_pb_blurb][et_pb_image src=&#8220;http:\/\/fagas.ba\/fgs\/wp-content\/uploads\/2020\/12\/Group-52.svg&#8220; title_text=&#8220;Group 52&#8243; url=&#8220;#&#8220; _builder_version=&#8220;4.7.4&#8243; _module_preset=&#8220;default&#8220; background_enable_color=&#8220;off&#8220; width=&#8220;100%&#8220; max_width=&#8220;35px&#8220; module_alignment=&#8220;left&#8220; custom_margin=&#8220;||||false|false&#8220; custom_css_main_element=&#8220;float:left;&#8220;][\/et_pb_image][et_pb_image src=&#8220;http:\/\/fagas.ba\/fgs\/wp-content\/uploads\/2020\/12\/Subtract.svg&#8220; title_text=&#8220;Subtrahieren&#8220; url=&#8220;#&#8220; url_new_window=&#8220;on&#8220; _builder_version=&#8220;4.7.4&#8243; _module_preset=&#8220;default&#8220; background_enable_color=&#8220;off&#8220; max_width=&#8220;25px&#8220; module_alignment=&#8220;left&#8220; custom_margin=&#8220;||||false|false&#8220; custom_padding=&#8220;||||false|false&#8220; custom_css_main_element=&#8220;float:left;&#8220;][\/et_pb_image][\/et_pb_column][\/et_pb_row][\/et_pb_section]<\/p>\n","protected":false},"excerpt":{"rendered":"<p>NachrichtenUNIS FAGAS entwirft, produziert, montiert und nimmt verschiedene Rohrleitungen f\u00fcr alle Arten von Gasen, Dr\u00fccken und Abfl\u00fcssen in Betrieb.+387 33\u00ad 590 739 +387 33 592 080info@fagas.ba<\/p>\n","protected":false},"author":1,"featured_media":0,"parent":0,"menu_order":0,"comment_status":"closed","ping_status":"closed","template":"","meta":{"_et_pb_use_builder":"on","_et_pb_old_content":"","_et_gb_content_width":""},"yoast_head":"<!-- This site is optimized with the Yoast SEO plugin v20.12 - https:\/\/yoast.com\/wordpress\/plugins\/seo\/ -->\n<title>Nachrichten - FAGAS<\/title>\n<meta name=\"robots\" content=\"index, follow, max-snippet:-1, max-image-preview:large, max-video-preview:-1\" \/>\n<link rel=\"canonical\" href=\"https:\/\/fagas.ba\/novosti\/\" \/>\n<meta property=\"og:locale\" content=\"de_DE\" \/>\n<meta property=\"og:type\" content=\"article\" \/>\n<meta property=\"og:title\" content=\"Nachrichten - FAGAS\" \/>\n<meta property=\"og:description\" content=\"NachrichtenUNIS FAGAS entwirft, produziert, montiert und nimmt verschiedene Rohrleitungen f\u00fcr alle Arten von Gasen, Dr\u00fccken und Abfl\u00fcssen in Betrieb.+387 33\u00ad 590 739 +387 33 592 080info@fagas.ba\" \/>\n<meta property=\"og:url\" content=\"https:\/\/fagas.ba\/novosti\/\" \/>\n<meta property=\"og:site_name\" content=\"FAGAS\" \/>\n<meta property=\"article:modified_time\" content=\"2021-11-23T08:25:18+00:00\" \/>\n<meta name=\"twitter:card\" content=\"summary_large_image\" \/>\n<meta name=\"twitter:label1\" content=\"Gesch\u00e4tzte Lesezeit\" \/>\n\t<meta name=\"twitter:data1\" content=\"4\u00a0Minuten\" \/>\n<script type=\"application\/ld+json\" class=\"yoast-schema-graph\">{\"@context\":\"https:\/\/schema.org\",\"@graph\":[{\"@type\":\"WebPage\",\"@id\":\"https:\/\/fagas.ba\/novosti\/\",\"url\":\"https:\/\/fagas.ba\/novosti\/\",\"name\":\"Nachrichten - FAGAS\",\"isPartOf\":{\"@id\":\"https:\/\/fagas.ba\/en\/#website\"},\"datePublished\":\"2021-11-23T08:25:13+00:00\",\"dateModified\":\"2021-11-23T08:25:18+00:00\",\"breadcrumb\":{\"@id\":\"https:\/\/fagas.ba\/novosti\/#breadcrumb\"},\"inLanguage\":\"de\",\"potentialAction\":[{\"@type\":\"ReadAction\",\"target\":[\"https:\/\/fagas.ba\/novosti\/\"]}]},{\"@type\":\"BreadcrumbList\",\"@id\":\"https:\/\/fagas.ba\/novosti\/#breadcrumb\",\"itemListElement\":[{\"@type\":\"ListItem\",\"position\":1,\"name\":\"Home\",\"item\":\"https:\/\/fagas.ba\/\"},{\"@type\":\"ListItem\",\"position\":2,\"name\":\"Nachrichten\"}]},{\"@type\":\"WebSite\",\"@id\":\"https:\/\/fagas.ba\/en\/#website\",\"url\":\"https:\/\/fagas.ba\/en\/\",\"name\":\"FAGAS\",\"description\":\"Projektovanje i proizvodnja gasne opreme\",\"potentialAction\":[{\"@type\":\"SearchAction\",\"target\":{\"@type\":\"EntryPoint\",\"urlTemplate\":\"https:\/\/fagas.ba\/en\/?s={search_term_string}\"},\"query-input\":\"required name=search_term_string\"}],\"inLanguage\":\"de\"}]}<\/script>\n<!-- \/ Yoast SEO plugin. -->","yoast_head_json":{"title":"Nachrichten - FAGAS","robots":{"index":"index","follow":"follow","max-snippet":"max-snippet:-1","max-image-preview":"max-image-preview:large","max-video-preview":"max-video-preview:-1"},"canonical":"https:\/\/fagas.ba\/novosti\/","og_locale":"de_DE","og_type":"article","og_title":"Nachrichten - FAGAS","og_description":"NachrichtenUNIS FAGAS entwirft, produziert, montiert und nimmt verschiedene Rohrleitungen f\u00fcr alle Arten von Gasen, Dr\u00fccken und Abfl\u00fcssen in Betrieb.+387 33\u00ad 590 739 +387 33 592 080info@fagas.ba","og_url":"https:\/\/fagas.ba\/novosti\/","og_site_name":"FAGAS","article_modified_time":"2021-11-23T08:25:18+00:00","twitter_card":"summary_large_image","twitter_misc":{"Gesch\u00e4tzte Lesezeit":"4\u00a0Minuten"},"schema":{"@context":"https:\/\/schema.org","@graph":[{"@type":"WebPage","@id":"https:\/\/fagas.ba\/novosti\/","url":"https:\/\/fagas.ba\/novosti\/","name":"Nachrichten - FAGAS","isPartOf":{"@id":"https:\/\/fagas.ba\/en\/#website"},"datePublished":"2021-11-23T08:25:13+00:00","dateModified":"2021-11-23T08:25:18+00:00","breadcrumb":{"@id":"https:\/\/fagas.ba\/novosti\/#breadcrumb"},"inLanguage":"de","potentialAction":[{"@type":"ReadAction","target":["https:\/\/fagas.ba\/novosti\/"]}]},{"@type":"BreadcrumbList","@id":"https:\/\/fagas.ba\/novosti\/#breadcrumb","itemListElement":[{"@type":"ListItem","position":1,"name":"Home","item":"https:\/\/fagas.ba\/"},{"@type":"ListItem","position":2,"name":"Nachrichten"}]},{"@type":"WebSite","@id":"https:\/\/fagas.ba\/en\/#website","url":"https:\/\/fagas.ba\/en\/","name":"FAGAS","description":"Projektovanje i proizvodnja gasne opreme","potentialAction":[{"@type":"SearchAction","target":{"@type":"EntryPoint","urlTemplate":"https:\/\/fagas.ba\/en\/?s={search_term_string}"},"query-input":"required name=search_term_string"}],"inLanguage":"de"}]}},"_links":{"self":[{"href":"https:\/\/fagas.ba\/de\/wp-json\/wp\/v2\/pages\/4965"}],"collection":[{"href":"https:\/\/fagas.ba\/de\/wp-json\/wp\/v2\/pages"}],"about":[{"href":"https:\/\/fagas.ba\/de\/wp-json\/wp\/v2\/types\/page"}],"author":[{"embeddable":true,"href":"https:\/\/fagas.ba\/de\/wp-json\/wp\/v2\/users\/1"}],"replies":[{"embeddable":true,"href":"https:\/\/fagas.ba\/de\/wp-json\/wp\/v2\/comments?post=4965"}],"version-history":[{"count":5,"href":"https:\/\/fagas.ba\/de\/wp-json\/wp\/v2\/pages\/4965\/revisions"}],"predecessor-version":[{"id":4973,"href":"https:\/\/fagas.ba\/de\/wp-json\/wp\/v2\/pages\/4965\/revisions\/4973"}],"wp:attachment":[{"href":"https:\/\/fagas.ba\/de\/wp-json\/wp\/v2\/media?parent=4965"}],"curies":[{"name":"wp","href":"https:\/\/api.w.org\/{rel}","templated":true}]}}